{"id":2255,"date":"2023-01-17T14:07:53","date_gmt":"2023-01-17T19:07:53","guid":{"rendered":"https:\/\/www.dentistinwoodland.com\/procedimientos\/odontologia-restauradora\/dentaduras-postizas\/"},"modified":"2025-05-14T09:34:34","modified_gmt":"2025-05-14T14:34:34","slug":"dentaduras-postizas","status":"publish","type":"page","link":"https:\/\/www.dentistinwoodland.com\/es\/procedimientos\/odontologia-restauradora\/dentaduras-postizas\/","title":{"rendered":"Dentaduras Postizas"},"content":{"rendered":"\n<p>La falta de varios dientes puede afectar su capacidad para comer, hablar y sonre\u00edr con confianza, pero las dentaduras postizas ofrecen una forma probada de restaurar su sonrisa y calidad de vida. En Woodland Family Dental, creamos dentaduras postizas completas y parciales personalizadas para pacientes en Woodland, CA y en todo West Sacramento. Ya sea que est\u00e9 reemplazando algunos dientes o una arcada completa, lo ayudaremos a encontrar una <a href=\"https:\/\/www.dentistinwoodland.com\/restorative-dentistry\/\">soluci\u00f3n c\u00f3moda y de aspecto natural<\/a>.  <\/p>\n\n    <div class=\"featured-testimonial-block bg-primary py-5 text-body\" id=\"featured-testimonial-block_043dd764815ad7a76524fd6cc53ee00a\">\n        <div class=\"container\">\n            <div class=\"row justify-content-center\">\n                <div class=\"col-md-10 py-4\">\n                    <blockquote class=\"testimonials-blockquote mb-0 bg-light p-3 p-md-4 p-lg-5 position-relative\" style=\"border-radius: 2rem\">\n                        <svg class=\"testimonials-icon\" width=\"69\" height=\"69\" viewBox=\"0 0 69 69\" fill=\"none\" xmlns=\"http:\/\/www.w3.org\/2000\/svg\">\n                            <g filter=\"url(#filter0_d_1402_180)\">\n                            <circle cx=\"34.2612\" cy=\"33\" r=\"33\" fill=\"var(--primary)\"\/>\n                            <\/g>\n                            <path d=\"M22.757 19C17.1184 19 12.5473 23.6201 12.5473 29.3195C12.5473 35.0169 17.1184 39.6369 22.757 39.6369V46.3726C28.8237 43.1504 32.9668 36.7277 32.9668 29.3195C32.9668 23.6201 28.3957 19 22.757 19Z\" fill=\"white\"\/>\n                            <path d=\"M45.7892 19C40.1517 19 35.5803 23.6201 35.5803 29.3195C35.5803 35.0169 40.1517 39.6369 45.7892 39.6369V46.3726C51.8561 43.1504 56 36.7277 56 29.3195C56 23.6201 51.4285 19 45.7892 19Z\" fill=\"white\"\/>\n                        <\/svg>\n                        <div class=\"content\">Excelente servicio, recomendar\u00eda este lugar 100% llevo viniendo de Yuba City y realmente voy bien a gusto, las chicas son encantadoras y el dr es bien amable 100%<\/div>\n\n                        <div class=\"center-us d-flex align-items-center mt-4\">\n                            <cite class=\"d-block h5 m-0 pr-3 text-black\">Nelida Burgara<\/cite>\n                            <div class=\"testimonials-stars \">\n\t<svg class=\"svg-inline--fa fa-star  fa-w-18\" aria-hidden=\"true\" data-prefix=\"fab\" data-icon=\"star\" role=\"img\" xmlns=\"http:\/\/www.w3.org\/2000\/svg\" viewBox=\"0 0 576 512\" data-fa-i2svg=\"\"><path fill=\"currentColor\" d=\"M259.3 17.8L194 150.2 47.9 171.5c-26.2 3.8-36.7 36.1-17.7 54.6l105.7 103-25 145.5c-4.5 26.3 23.2 46 46.4 33.7L288 439.6l130.7 68.7c23.2 12.2 50.9-7.4 46.4-33.7l-25-145.5 105.7-103c19-18.5 8.5-50.8-17.7-54.6L382 150.2 316.7 17.8c-11.7-23.6-45.6-23.9-57.4 0z\"><\/path><\/svg>\t<svg class=\"svg-inline--fa fa-star  fa-w-18\" aria-hidden=\"true\" data-prefix=\"fab\" data-icon=\"star\" role=\"img\" xmlns=\"http:\/\/www.w3.org\/2000\/svg\" viewBox=\"0 0 576 512\" data-fa-i2svg=\"\"><path fill=\"currentColor\" d=\"M259.3 17.8L194 150.2 47.9 171.5c-26.2 3.8-36.7 36.1-17.7 54.6l105.7 103-25 145.5c-4.5 26.3 23.2 46 46.4 33.7L288 439.6l130.7 68.7c23.2 12.2 50.9-7.4 46.4-33.7l-25-145.5 105.7-103c19-18.5 8.5-50.8-17.7-54.6L382 150.2 316.7 17.8c-11.7-23.6-45.6-23.9-57.4 0z\"><\/path><\/svg>\t<svg class=\"svg-inline--fa fa-star  fa-w-18\" aria-hidden=\"true\" data-prefix=\"fab\" data-icon=\"star\" role=\"img\" xmlns=\"http:\/\/www.w3.org\/2000\/svg\" viewBox=\"0 0 576 512\" data-fa-i2svg=\"\"><path fill=\"currentColor\" d=\"M259.3 17.8L194 150.2 47.9 171.5c-26.2 3.8-36.7 36.1-17.7 54.6l105.7 103-25 145.5c-4.5 26.3 23.2 46 46.4 33.7L288 439.6l130.7 68.7c23.2 12.2 50.9-7.4 46.4-33.7l-25-145.5 105.7-103c19-18.5 8.5-50.8-17.7-54.6L382 150.2 316.7 17.8c-11.7-23.6-45.6-23.9-57.4 0z\"><\/path><\/svg>\t<svg class=\"svg-inline--fa fa-star  fa-w-18\" aria-hidden=\"true\" data-prefix=\"fab\" data-icon=\"star\" role=\"img\" xmlns=\"http:\/\/www.w3.org\/2000\/svg\" viewBox=\"0 0 576 512\" data-fa-i2svg=\"\"><path fill=\"currentColor\" d=\"M259.3 17.8L194 150.2 47.9 171.5c-26.2 3.8-36.7 36.1-17.7 54.6l105.7 103-25 145.5c-4.5 26.3 23.2 46 46.4 33.7L288 439.6l130.7 68.7c23.2 12.2 50.9-7.4 46.4-33.7l-25-145.5 105.7-103c19-18.5 8.5-50.8-17.7-54.6L382 150.2 316.7 17.8c-11.7-23.6-45.6-23.9-57.4 0z\"><\/path><\/svg>\t<svg class=\"svg-inline--fa fa-star  fa-w-18\" aria-hidden=\"true\" data-prefix=\"fab\" data-icon=\"star\" role=\"img\" xmlns=\"http:\/\/www.w3.org\/2000\/svg\" viewBox=\"0 0 576 512\" data-fa-i2svg=\"\"><path fill=\"currentColor\" d=\"M259.3 17.8L194 150.2 47.9 171.5c-26.2 3.8-36.7 36.1-17.7 54.6l105.7 103-25 145.5c-4.5 26.3 23.2 46 46.4 33.7L288 439.6l130.7 68.7c23.2 12.2 50.9-7.4 46.4-33.7l-25-145.5 105.7-103c19-18.5 8.5-50.8-17.7-54.6L382 150.2 316.7 17.8c-11.7-23.6-45.6-23.9-57.4 0z\"><\/path><\/svg><\/div>                        <\/div>\n                    <\/blockquote>\n                <\/div>\n            <\/div>\n        <\/div>\n    <\/div>\n\n<div class=\"wp-block-media-text alignwide is-stacked-on-mobile\"><figure class=\"wp-block-media-text__media\"><img loading=\"lazy\" decoding=\"async\" width=\"960\" height=\"960\" src=\"https:\/\/www.dentistinwoodland.com\/wp-content\/uploads\/2025\/04\/bigstock-Portrait-of-happy-senior-woman-262820185-medium.jpg\" alt=\"Retrato de una mujer mayor feliz aislada contra un fondo gris con espacio para copiar. Primer plano del rostro de una empresaria segura sonriendo. Empresaria exitosa con una sonrisa amigable mirando a la c\u00e1mara.  \" class=\"wp-image-1200 size-full\" srcset=\"https:\/\/www.dentistinwoodland.com\/wp-content\/uploads\/2025\/04\/bigstock-Portrait-of-happy-senior-woman-262820185-medium.jpg 960w, https:\/\/www.dentistinwoodland.com\/wp-content\/uploads\/2025\/04\/bigstock-Portrait-of-happy-senior-woman-262820185-medium-300x300.jpg 300w, https:\/\/www.dentistinwoodland.com\/wp-content\/uploads\/2025\/04\/bigstock-Portrait-of-happy-senior-woman-262820185-medium-768x768.jpg 768w, https:\/\/www.dentistinwoodland.com\/wp-content\/uploads\/2025\/04\/bigstock-Portrait-of-happy-senior-woman-262820185-medium-192x192.jpg 192w, https:\/\/www.dentistinwoodland.com\/wp-content\/uploads\/2025\/04\/bigstock-Portrait-of-happy-senior-woman-262820185-medium-32x32.jpg 32w\" sizes=\"auto, (max-width: 960px) 100vw, 960px\" \/><\/figure><div class=\"wp-block-media-text__content\">\n<h2 class=\"wp-block-heading\">Dentaduras Postizas Completas: Un Nuevo Comienzo para Su Sonrisa<\/h2>\n\n\n\n<p>Las dentaduras postizas completas est\u00e1n dise\u00f1adas para reemplazar todos los dientes de la mand\u00edbula superior o inferior. Estas pr\u00f3tesis removibles tienen una forma cuidadosamente dise\u00f1ada para ajustarse a sus enc\u00edas y restaurar la funci\u00f3n despu\u00e9s de la p\u00e9rdida total de dientes. Las dentaduras postizas completas de hoy en d\u00eda son m\u00e1s avanzadas y c\u00f3modas que nunca, utilizando materiales livianos y de aspecto natural que imitan la apariencia de los dientes y las enc\u00edas reales.  <\/p>\n\n\n\n<p>Si tiene problemas con dentaduras postizas sueltas o inc\u00f3modas, tambi\u00e9n ofrecemos opciones soportadas por implantes como All-on-4 o dentaduras a presi\u00f3n para una mayor estabilidad.<\/p>\n\n\n\n<h2 class=\"wp-block-heading\">Dentaduras Postizas Parciales para el Reemplazo Selectivo de Dientes<\/h2>\n\n\n\n<p>Si a\u00fan tiene dientes naturales sanos, las dentaduras postizas parciales pueden ser la opci\u00f3n correcta. Estos aparatos personalizados llenan los espacios dejados por los dientes perdidos mientras preservan su sonrisa restante. Las dentaduras postizas parciales se anclan a los dientes vecinos mediante ganchos o aditamentos de precisi\u00f3n y son removibles para facilitar la limpieza.  <\/p>\n\n\n\n<p>Las dentaduras postizas parciales son una excelente opci\u00f3n para pacientes que:<\/p>\n\n\n\n<ul class=\"wp-block-list c3 lst-kix_j4vn50ccnwfm-0 start\">\n<li>Tienen varios dientes perdidos en diferentes \u00e1reas<\/li>\n\n\n\n<li>Quieren una soluci\u00f3n no quir\u00fargica<\/li>\n\n\n\n<li>Necesitan una alternativa econ\u00f3mica a los implantes<\/li>\n<\/ul>\n<\/div><\/div>\n\n<div class=\"wp-block-media-text alignwide has-media-on-the-right is-stacked-on-mobile\"><div class=\"wp-block-media-text__content\">\n<h2 class=\"wp-block-heading\">El Valor de las Dentaduras Postizas Modernas<\/h2>\n\n\n\n<ul class=\"wp-block-list c3 lst-kix_ll8ce1gfapcy-0 start\">\n<li>Mejora la capacidad de masticar y hablar<\/li>\n\n\n\n<li>Mayor soporte facial y apariencia<\/li>\n\n\n\n<li>Ajuste personalizado para mayor comodidad<\/li>\n\n\n\n<li>Est\u00e9tica natural con dientes y enc\u00edas realistas<\/li>\n<\/ul>\n\n\n\n<p>Seg\u00fan los CDC, 1 de cada 5 adultos mayores de 65 a\u00f1os usa dentaduras postizas completas o parciales, y un reemplazo adecuado puede mejorar significativamente la nutrici\u00f3n, la autoestima y la comodidad social.<\/p>\n\n\n\n<h2 class=\"wp-block-heading\">Qu\u00e9 Esperar en Woodland Family Dental<\/h2>\n\n\n\n<p>Nuestro proceso para crear dentaduras postizas est\u00e1 dise\u00f1ado para ser fluido, c\u00f3modo y totalmente personalizado. Comenzamos con una consulta detallada, que incluye escaneos digitales o impresiones para dise\u00f1ar el ajuste perfecto. Nuestro laboratorio utiliza materiales de alta calidad para garantizar que sus dentaduras postizas se vean y se sientan genial.  <\/p>\n\n\n\n<p>Tambi\u00e9n ofrecemos:<\/p>\n\n\n\n<ul class=\"wp-block-list c3 lst-kix_hy9jqx8rai9b-0 start\">\n<li>Ajustes y rebasados para mejorar el ajuste de las dentaduras existentes<\/li>\n\n\n\n<li>Reparaciones de dentaduras postizas por grietas, astillas o aflojamiento<\/li>\n\n\n\n<li>Atenci\u00f3n biling\u00fce en ingl\u00e9s y espa\u00f1ol<\/li>\n<\/ul>\n\n\n\n<h2 class=\"wp-block-heading\">Dentaduras Postizas Accesibles en West Sacramento<\/h2>\n\n\n\n<p>En Woodland Family Dental, nos enorgullece ofrecer soluciones de dentaduras postizas asequibles con horarios flexibles y atenci\u00f3n compasiva. Tambi\u00e9n aceptamos Dentical, el seguro dental estatal de California, lo que hace que el reemplazo dental de calidad est\u00e9 disponible para m\u00e1s familias en nuestra comunidad. <\/p>\n<\/div><figure class=\"wp-block-media-text__media\"><img loading=\"lazy\" decoding=\"async\" width=\"960\" height=\"960\" src=\"https:\/\/www.dentistinwoodland.com\/wp-content\/uploads\/2025\/04\/9.jpg\" alt=\"Un odont\u00f3logo con bata blanca observa un escaneo dental digital mostrado en un monitor que exhibe im\u00e1genes detalladas de los dientes.\" class=\"wp-image-2005 size-full\" srcset=\"https:\/\/www.dentistinwoodland.com\/wp-content\/uploads\/2025\/04\/9.jpg 960w, https:\/\/www.dentistinwoodland.com\/wp-content\/uploads\/2025\/04\/9-300x300.jpg 300w, https:\/\/www.dentistinwoodland.com\/wp-content\/uploads\/2025\/04\/9-768x768.jpg 768w, https:\/\/www.dentistinwoodland.com\/wp-content\/uploads\/2025\/04\/9-192x192.jpg 192w, https:\/\/www.dentistinwoodland.com\/wp-content\/uploads\/2025\/04\/9-32x32.jpg 32w\" sizes=\"auto, (max-width: 960px) 100vw, 960px\" \/><\/figure><\/div>\n\n<div class=\"bio bg-light flc-section-padding\">\n    <div class=\"container\">\n        <div class=\"row align-items-center\">\n                            <div class=\"col-md-6 mb-4 mb-md-0\">\n                    <img loading=\"lazy\" decoding=\"async\" width=\"960\" height=\"960\" src=\"https:\/\/www.dentistinwoodland.com\/wp-content\/uploads\/2025\/04\/2.jpg\" class=\"img-fluid\" alt=\"Dos mujeres sonrientes se sientan detr\u00e1s de un mostrador de recepci\u00f3n con revistas y carteles informativos, en una sala de espera de una oficina con un cartel en la pared que dice &quot;Nos reservamos el derecho de rechazar el servicio a cualquier persona&quot;.\" srcset=\"https:\/\/www.dentistinwoodland.com\/wp-content\/uploads\/2025\/04\/2.jpg 960w, https:\/\/www.dentistinwoodland.com\/wp-content\/uploads\/2025\/04\/2-300x300.jpg 300w, https:\/\/www.dentistinwoodland.com\/wp-content\/uploads\/2025\/04\/2-768x768.jpg 768w, https:\/\/www.dentistinwoodland.com\/wp-content\/uploads\/2025\/04\/2-192x192.jpg 192w, https:\/\/www.dentistinwoodland.com\/wp-content\/uploads\/2025\/04\/2-32x32.jpg 32w\" sizes=\"auto, (max-width: 960px) 100vw, 960px\" \/>                <\/div>\n                        <div class=\"col-md-6 pl-md-5\">\n                                    <h2>Atenci\u00f3n dental integral y familiar<\/h2>\n                \n                                    <p>En Woodland Family Dental, creemos que todo el mundo merece una experiencia dental positiva. Nuestro equipo se dedica a crear un ambiente acogedor para los pacientes de todas las edades, asegurando que cada visita es libre de estr\u00e9s y adaptado a sus necesidades \u00fanicas. Combinamos el estado de la t\u00e9cnica dental con un enfoque compasivo, por lo que la atenci\u00f3n dental de alta calidad accesible a las personas y familias a trav\u00e9s de Woodland y West Sacramento.<\/p>\n                \n                                    <a class=\"btn btn-outline-primary\" href=\"https:\/\/www.dentistinwoodland.com\/es\/acerca-de-nosotros\/\" target=\"_self\">\n                        Acerca de nosotros                    <\/a>\n                            <\/div>\n        <\/div>\n    <\/div>\n<\/div>\n<h2 class=\"wp-block-heading\">D\u00e9 el Primer Paso Hacia una Sonrisa Segura<\/h2>\n\n<p>No permita que la falta de dientes lo detenga. P\u00f3ngase en contacto con Woodland Family Dental hoy mismo para <a href=\"https:\/\/app.nexhealth.com\/appts\/ora-dentistry?lid=334187\" class=\"contact_anchor \"><span>programar su consulta<\/span><\/a> de dentaduras postizas. Lo ayudaremos a explorar sus opciones de dentaduras postizas completas o parciales y a encontrar la soluci\u00f3n que se adapte a su estilo de vida.  <\/p>\n","protected":false},"excerpt":{"rendered":"<p>La falta de varios dientes puede afectar su capacidad para comer, hablar y sonre\u00edr con confianza, pero las dentaduras postizas ofrecen una forma probada de restaurar su sonrisa y calidad de vida. En Woodland Family Dental, creamos dentaduras postizas completas y parciales personalizadas para pacientes en Woodland, CA y en todo West Sacramento. Ya sea&hellip; <a href=\"https:\/\/www.dentistinwoodland.com\/es\/procedimientos\/odontologia-restauradora\/dentaduras-postizas\/\" class=\"btn btn-outline-primary position-absolute more-link\"> Seguir leyendo <span class=\"sr-only\"> acerca de Dentaduras Postizas<\/span><\/a><\/p>\n","protected":false},"author":2,"featured_media":1198,"parent":2241,"menu_order":0,"comment_status":"closed","ping_status":"closed","template":"template-fullwidth.php","meta":{"_acf_changed":false,"footnotes":""},"class_list":["post-2255","page","type-page","status-publish","has-post-thumbnail"],"acf":[],"yoast_head":"<!-- This site is optimized with the Yoast SEO plugin v26.6 - https:\/\/yoast.com\/wordpress\/plugins\/seo\/ -->\n<title>Dentaduras Postizas | Woodland Family Dental<\/title>\n<meta name=\"description\" content=\"Explore las dentaduras postizas completas y parciales en Woodland Family Dental en Woodland, CA. Opciones asequibles y de aspecto natural. Atendemos en West Sacramento. Aceptamos Dentical. Equipo biling\u00fce disponible.\" \/>\n<meta name=\"robots\" content=\"index, follow, max-snippet:-1, max-image-preview:large, max-video-preview:-1\" \/>\n<link rel=\"canonical\" href=\"https:\/\/www.dentistinwoodland.com\/es\/procedimientos\/odontologia-restauradora\/dentaduras-postizas\/\" \/>\n<meta property=\"og:locale\" content=\"es_ES\" \/>\n<meta property=\"og:type\" content=\"article\" \/>\n<meta property=\"og:title\" content=\"Dentaduras Postizas | Woodland Family Dental\" \/>\n<meta property=\"og:description\" content=\"Explore las dentaduras postizas completas y parciales en Woodland Family Dental en Woodland, CA. Opciones asequibles y de aspecto natural. Atendemos en West Sacramento. Aceptamos Dentical. Equipo biling\u00fce disponible.\" \/>\n<meta property=\"og:url\" content=\"https:\/\/www.dentistinwoodland.com\/es\/procedimientos\/odontologia-restauradora\/dentaduras-postizas\/\" \/>\n<meta property=\"og:site_name\" content=\"Woodland Family Dental\" \/>\n<meta property=\"article:modified_time\" content=\"2025-05-14T14:34:34+00:00\" \/>\n<meta property=\"og:image\" content=\"https:\/\/www.dentistinwoodland.com\/wp-content\/uploads\/2025\/04\/bigstock-Successful-happy-retired-man-s-145768487-xxlarge.jpg\" \/><meta property=\"og:image\" content=\"https:\/\/www.dentistinwoodland.com\/wp-content\/uploads\/2025\/04\/bigstock-Summer-Portrait-67043866-xxlarge.jpg\" \/>\n\t<meta property=\"og:image:width\" content=\"1920\" \/>\n\t<meta property=\"og:image:height\" content=\"767\" \/>\n\t<meta property=\"og:image:type\" content=\"image\/jpeg\" \/>\n<meta name=\"twitter:card\" content=\"summary_large_image\" \/>\n<meta name=\"twitter:image\" content=\"https:\/\/www.dentistinwoodland.com\/wp-content\/uploads\/2025\/04\/bigstock-Successful-happy-retired-man-s-145768487-xxlarge.jpg\" \/>\n<meta name=\"twitter:label1\" content=\"Tiempo de lectura\" \/>\n\t<meta name=\"twitter:data1\" content=\"3 minutos\" \/>\n<!-- \/ Yoast SEO plugin. -->","yoast_head_json":{"title":"Dentaduras Postizas | Woodland Family Dental","description":"Explore las dentaduras postizas completas y parciales en Woodland Family Dental en Woodland, CA. Opciones asequibles y de aspecto natural. Atendemos en West Sacramento. Aceptamos Dentical. Equipo biling\u00fce disponible.","robots":{"index":"index","follow":"follow","max-snippet":"max-snippet:-1","max-image-preview":"max-image-preview:large","max-video-preview":"max-video-preview:-1"},"canonical":"https:\/\/www.dentistinwoodland.com\/es\/procedimientos\/odontologia-restauradora\/dentaduras-postizas\/","og_locale":"es_ES","og_type":"article","og_title":"Dentaduras Postizas | Woodland Family Dental","og_description":"Explore las dentaduras postizas completas y parciales en Woodland Family Dental en Woodland, CA. Opciones asequibles y de aspecto natural. Atendemos en West Sacramento. Aceptamos Dentical. Equipo biling\u00fce disponible.","og_url":"https:\/\/www.dentistinwoodland.com\/es\/procedimientos\/odontologia-restauradora\/dentaduras-postizas\/","og_site_name":"Woodland Family Dental","article_modified_time":"2025-05-14T14:34:34+00:00","og_image":[{"url":"https:\/\/www.dentistinwoodland.com\/wp-content\/uploads\/2025\/04\/bigstock-Successful-happy-retired-man-s-145768487-xxlarge.jpg","type":"","width":"","height":""},{"width":1920,"height":767,"url":"https:\/\/www.dentistinwoodland.com\/wp-content\/uploads\/2025\/04\/bigstock-Summer-Portrait-67043866-xxlarge.jpg","type":"image\/jpeg"}],"twitter_card":"summary_large_image","twitter_image":"https:\/\/www.dentistinwoodland.com\/wp-content\/uploads\/2025\/04\/bigstock-Successful-happy-retired-man-s-145768487-xxlarge.jpg","twitter_misc":{"Tiempo de lectura":"3 minutos"},"schema":{"@context":"https:\/\/schema.org","@graph":[{"@type":"WebPage","@id":"https:\/\/www.dentistinwoodland.com\/es\/procedimientos\/odontologia-restauradora\/dentaduras-postizas\/","url":"https:\/\/www.dentistinwoodland.com\/es\/procedimientos\/odontologia-restauradora\/dentaduras-postizas\/","name":"Dentaduras Postizas | Woodland Family Dental","isPartOf":{"@id":"https:\/\/www.dentistinwoodland.com\/es\/#website"},"primaryImageOfPage":{"@id":"https:\/\/www.dentistinwoodland.com\/es\/procedimientos\/odontologia-restauradora\/dentaduras-postizas\/#primaryimage"},"image":{"@id":"https:\/\/www.dentistinwoodland.com\/es\/procedimientos\/odontologia-restauradora\/dentaduras-postizas\/#primaryimage"},"thumbnailUrl":"https:\/\/www.dentistinwoodland.com\/wp-content\/uploads\/2025\/04\/bigstock-Summer-Portrait-67043866-xxlarge.jpg","datePublished":"2023-01-17T19:07:53+00:00","dateModified":"2025-05-14T14:34:34+00:00","description":"Explore las dentaduras postizas completas y parciales en Woodland Family Dental en Woodland, CA. Opciones asequibles y de aspecto natural. Atendemos en West Sacramento. Aceptamos Dentical. Equipo biling\u00fce disponible.","breadcrumb":{"@id":"https:\/\/www.dentistinwoodland.com\/es\/procedimientos\/odontologia-restauradora\/dentaduras-postizas\/#breadcrumb"},"inLanguage":"es","potentialAction":[{"@type":"ReadAction","target":["https:\/\/www.dentistinwoodland.com\/es\/procedimientos\/odontologia-restauradora\/dentaduras-postizas\/"]}]},{"@type":"ImageObject","inLanguage":"es","@id":"https:\/\/www.dentistinwoodland.com\/es\/procedimientos\/odontologia-restauradora\/dentaduras-postizas\/#primaryimage","url":"https:\/\/www.dentistinwoodland.com\/wp-content\/uploads\/2025\/04\/bigstock-Summer-Portrait-67043866-xxlarge.jpg","contentUrl":"https:\/\/www.dentistinwoodland.com\/wp-content\/uploads\/2025\/04\/bigstock-Summer-Portrait-67043866-xxlarge.jpg","width":1920,"height":767,"caption":"Una anciana de pelo canoso y gafas sonr\u00ede al aire libre, flanqueada de cerca por dos ni\u00f1os; todos llevan flores rojas en el pelo."},{"@type":"BreadcrumbList","@id":"https:\/\/www.dentistinwoodland.com\/es\/procedimientos\/odontologia-restauradora\/dentaduras-postizas\/#breadcrumb","itemListElement":[{"@type":"ListItem","position":1,"name":"Home","item":"https:\/\/www.dentistinwoodland.com\/es\/inicio\/"},{"@type":"ListItem","position":2,"name":"Procedimientos","item":"https:\/\/www.dentistinwoodland.com\/es\/procedimientos\/"},{"@type":"ListItem","position":3,"name":"Odontolog\u00eda restauradora","item":"https:\/\/www.dentistinwoodland.com\/es\/procedimientos\/odontologia-restauradora\/"},{"@type":"ListItem","position":4,"name":"Dentaduras Postizas"}]},{"@type":"WebSite","@id":"https:\/\/www.dentistinwoodland.com\/es\/#website","url":"https:\/\/www.dentistinwoodland.com\/es\/","name":"Woodland Family Dental","description":"","potentialAction":[{"@type":"SearchAction","target":{"@type":"EntryPoint","urlTemplate":"https:\/\/www.dentistinwoodland.com\/es\/?s={search_term_string}"},"query-input":{"@type":"PropertyValueSpecification","valueRequired":true,"valueName":"search_term_string"}}],"inLanguage":"es"}]}},"_links":{"self":[{"href":"https:\/\/www.dentistinwoodland.com\/es\/wp-json\/wp\/v2\/pages\/2255","targetHints":{"allow":["GET"]}}],"collection":[{"href":"https:\/\/www.dentistinwoodland.com\/es\/wp-json\/wp\/v2\/pages"}],"about":[{"href":"https:\/\/www.dentistinwoodland.com\/es\/wp-json\/wp\/v2\/types\/page"}],"author":[{"embeddable":true,"href":"https:\/\/www.dentistinwoodland.com\/es\/wp-json\/wp\/v2\/users\/2"}],"replies":[{"embeddable":true,"href":"https:\/\/www.dentistinwoodland.com\/es\/wp-json\/wp\/v2\/comments?post=2255"}],"version-history":[{"count":1,"href":"https:\/\/www.dentistinwoodland.com\/es\/wp-json\/wp\/v2\/pages\/2255\/revisions"}],"predecessor-version":[{"id":2256,"href":"https:\/\/www.dentistinwoodland.com\/es\/wp-json\/wp\/v2\/pages\/2255\/revisions\/2256"}],"up":[{"embeddable":true,"href":"https:\/\/www.dentistinwoodland.com\/es\/wp-json\/wp\/v2\/pages\/2241"}],"wp:featuredmedia":[{"embeddable":true,"href":"https:\/\/www.dentistinwoodland.com\/es\/wp-json\/wp\/v2\/media\/1198"}],"wp:attachment":[{"href":"https:\/\/www.dentistinwoodland.com\/es\/wp-json\/wp\/v2\/media?parent=2255"}],"curies":[{"name":"wp","href":"https:\/\/api.w.org\/{rel}","templated":true}]}}