{"id":2253,"date":"2023-01-17T14:07:53","date_gmt":"2023-01-17T19:07:53","guid":{"rendered":"https:\/\/www.dentistinwoodland.com\/procedimientos\/odontologia-restauradora\/restauraciones-de-implantes\/"},"modified":"2025-05-14T09:04:26","modified_gmt":"2025-05-14T14:04:26","slug":"restauraciones-de-implantes","status":"publish","type":"page","link":"https:\/\/www.dentistinwoodland.com\/es\/procedimientos\/odontologia-restauradora\/restauraciones-de-implantes\/","title":{"rendered":"Restauraciones de Implantes"},"content":{"rendered":"\n<p>Los implantes dentales han transformado la forma en que reemplazamos los dientes perdidos, ofreciendo una soluci\u00f3n permanente, segura y <a href=\"https:\/\/www.dentistinwoodland.com\/restorative-dentistry\/\">de aspecto natural<\/a>. En Woodland Family Dental, nos enorgullece ofrecer restauraciones de implantes personalizadas para pacientes en Woodland, CA y West Sacramento, ayudando a completar su tratamiento de implantes dentales con una restauraci\u00f3n que se ve y se siente como un diente natural. <\/p>\n\n    <div class=\"featured-testimonial-block bg-primary py-5 text-body\" id=\"featured-testimonial-block_abd9d59f1ae5c6131f8cbc0fb5929f3d\">\n        <div class=\"container\">\n            <div class=\"row justify-content-center\">\n                <div class=\"col-md-10 py-4\">\n                    <blockquote class=\"testimonials-blockquote mb-0 bg-light p-3 p-md-4 p-lg-5 position-relative\" style=\"border-radius: 2rem\">\n                        <svg class=\"testimonials-icon\" width=\"69\" height=\"69\" viewBox=\"0 0 69 69\" fill=\"none\" xmlns=\"http:\/\/www.w3.org\/2000\/svg\">\n                            <g filter=\"url(#filter0_d_1402_180)\">\n                            <circle cx=\"34.2612\" cy=\"33\" r=\"33\" fill=\"var(--primary)\"\/>\n                            <\/g>\n                            <path d=\"M22.757 19C17.1184 19 12.5473 23.6201 12.5473 29.3195C12.5473 35.0169 17.1184 39.6369 22.757 39.6369V46.3726C28.8237 43.1504 32.9668 36.7277 32.9668 29.3195C32.9668 23.6201 28.3957 19 22.757 19Z\" fill=\"white\"\/>\n                            <path d=\"M45.7892 19C40.1517 19 35.5803 23.6201 35.5803 29.3195C35.5803 35.0169 40.1517 39.6369 45.7892 39.6369V46.3726C51.8561 43.1504 56 36.7277 56 29.3195C56 23.6201 51.4285 19 45.7892 19Z\" fill=\"white\"\/>\n                        <\/svg>\n                        <div class=\"content\">Excelente servicio, recomendar\u00eda este lugar 100% llevo viniendo de Yuba City y realmente voy bien a gusto, las chicas son encantadoras y el dr es bien amable 100%<\/div>\n\n                        <div class=\"center-us d-flex align-items-center mt-4\">\n                            <cite class=\"d-block h5 m-0 pr-3 text-black\">Nelida Burgara<\/cite>\n                            <div class=\"testimonials-stars \">\n\t<svg class=\"svg-inline--fa fa-star  fa-w-18\" aria-hidden=\"true\" data-prefix=\"fab\" data-icon=\"star\" role=\"img\" xmlns=\"http:\/\/www.w3.org\/2000\/svg\" viewBox=\"0 0 576 512\" data-fa-i2svg=\"\"><path fill=\"currentColor\" d=\"M259.3 17.8L194 150.2 47.9 171.5c-26.2 3.8-36.7 36.1-17.7 54.6l105.7 103-25 145.5c-4.5 26.3 23.2 46 46.4 33.7L288 439.6l130.7 68.7c23.2 12.2 50.9-7.4 46.4-33.7l-25-145.5 105.7-103c19-18.5 8.5-50.8-17.7-54.6L382 150.2 316.7 17.8c-11.7-23.6-45.6-23.9-57.4 0z\"><\/path><\/svg>\t<svg class=\"svg-inline--fa fa-star  fa-w-18\" aria-hidden=\"true\" data-prefix=\"fab\" data-icon=\"star\" role=\"img\" xmlns=\"http:\/\/www.w3.org\/2000\/svg\" viewBox=\"0 0 576 512\" data-fa-i2svg=\"\"><path fill=\"currentColor\" d=\"M259.3 17.8L194 150.2 47.9 171.5c-26.2 3.8-36.7 36.1-17.7 54.6l105.7 103-25 145.5c-4.5 26.3 23.2 46 46.4 33.7L288 439.6l130.7 68.7c23.2 12.2 50.9-7.4 46.4-33.7l-25-145.5 105.7-103c19-18.5 8.5-50.8-17.7-54.6L382 150.2 316.7 17.8c-11.7-23.6-45.6-23.9-57.4 0z\"><\/path><\/svg>\t<svg class=\"svg-inline--fa fa-star  fa-w-18\" aria-hidden=\"true\" data-prefix=\"fab\" data-icon=\"star\" role=\"img\" xmlns=\"http:\/\/www.w3.org\/2000\/svg\" viewBox=\"0 0 576 512\" data-fa-i2svg=\"\"><path fill=\"currentColor\" d=\"M259.3 17.8L194 150.2 47.9 171.5c-26.2 3.8-36.7 36.1-17.7 54.6l105.7 103-25 145.5c-4.5 26.3 23.2 46 46.4 33.7L288 439.6l130.7 68.7c23.2 12.2 50.9-7.4 46.4-33.7l-25-145.5 105.7-103c19-18.5 8.5-50.8-17.7-54.6L382 150.2 316.7 17.8c-11.7-23.6-45.6-23.9-57.4 0z\"><\/path><\/svg>\t<svg class=\"svg-inline--fa fa-star  fa-w-18\" aria-hidden=\"true\" data-prefix=\"fab\" data-icon=\"star\" role=\"img\" xmlns=\"http:\/\/www.w3.org\/2000\/svg\" viewBox=\"0 0 576 512\" data-fa-i2svg=\"\"><path fill=\"currentColor\" d=\"M259.3 17.8L194 150.2 47.9 171.5c-26.2 3.8-36.7 36.1-17.7 54.6l105.7 103-25 145.5c-4.5 26.3 23.2 46 46.4 33.7L288 439.6l130.7 68.7c23.2 12.2 50.9-7.4 46.4-33.7l-25-145.5 105.7-103c19-18.5 8.5-50.8-17.7-54.6L382 150.2 316.7 17.8c-11.7-23.6-45.6-23.9-57.4 0z\"><\/path><\/svg>\t<svg class=\"svg-inline--fa fa-star  fa-w-18\" aria-hidden=\"true\" data-prefix=\"fab\" data-icon=\"star\" role=\"img\" xmlns=\"http:\/\/www.w3.org\/2000\/svg\" viewBox=\"0 0 576 512\" data-fa-i2svg=\"\"><path fill=\"currentColor\" d=\"M259.3 17.8L194 150.2 47.9 171.5c-26.2 3.8-36.7 36.1-17.7 54.6l105.7 103-25 145.5c-4.5 26.3 23.2 46 46.4 33.7L288 439.6l130.7 68.7c23.2 12.2 50.9-7.4 46.4-33.7l-25-145.5 105.7-103c19-18.5 8.5-50.8-17.7-54.6L382 150.2 316.7 17.8c-11.7-23.6-45.6-23.9-57.4 0z\"><\/path><\/svg><\/div>                        <\/div>\n                    <\/blockquote>\n                <\/div>\n            <\/div>\n        <\/div>\n    <\/div>\n\n<div class=\"wp-block-media-text alignwide is-stacked-on-mobile\"><figure class=\"wp-block-media-text__media\"><img loading=\"lazy\" decoding=\"async\" width=\"960\" height=\"960\" src=\"https:\/\/www.dentistinwoodland.com\/wp-content\/uploads\/2025\/04\/bigstock-A-Young-Beautiful-Woman-With-L-244356055-medium.jpg\" alt=\"Una joven hermosa con cabello largo y ojos marrones, hermoso maquillaje, labios carnosos rosados, dulce sonrisa, morena, pasando su tiempo al aire libre en verano en la ciudad, vestida con una camiseta blanca, posando a la luz del sol. Retrato de una joven feliz. \" class=\"wp-image-1208 size-full\" srcset=\"https:\/\/www.dentistinwoodland.com\/wp-content\/uploads\/2025\/04\/bigstock-A-Young-Beautiful-Woman-With-L-244356055-medium.jpg 960w, https:\/\/www.dentistinwoodland.com\/wp-content\/uploads\/2025\/04\/bigstock-A-Young-Beautiful-Woman-With-L-244356055-medium-300x300.jpg 300w, https:\/\/www.dentistinwoodland.com\/wp-content\/uploads\/2025\/04\/bigstock-A-Young-Beautiful-Woman-With-L-244356055-medium-768x768.jpg 768w, https:\/\/www.dentistinwoodland.com\/wp-content\/uploads\/2025\/04\/bigstock-A-Young-Beautiful-Woman-With-L-244356055-medium-192x192.jpg 192w, https:\/\/www.dentistinwoodland.com\/wp-content\/uploads\/2025\/04\/bigstock-A-Young-Beautiful-Woman-With-L-244356055-medium-32x32.jpg 32w\" sizes=\"auto, (max-width: 960px) 100vw, 960px\" \/><\/figure><div class=\"wp-block-media-text__content\">\n<h2 class=\"wp-block-heading\">Completando su Tratamiento de Implantes con Confianza<\/h2>\n\n\n\n<p>La restauraci\u00f3n del implante se refiere a la fase final del proceso del implante dental. Una vez que su poste de implante se fusiona de forma segura con su hueso maxilar, colocamos una corona, un puente o una dentadura postiza hecha a medida para restaurar la funci\u00f3n y la est\u00e9tica completas. <\/p>\n\n\n\n<p>Nuestras opciones de restauraci\u00f3n incluyen:<\/p>\n\n\n\n<ul class=\"wp-block-list c3 lst-kix_qew02uu6rmlh-0 start\">\n<li><strong>Coronas Soportadas por Implantes<\/strong> para reemplazar un solo diente perdido<\/li>\n\n\n\n<li><strong>Puentes Soportados por Implantes<\/strong> para restaurar m\u00faltiples dientes adyacentes<\/li>\n\n\n\n<li><strong>Dentaduras Retenidas por Implantes o Restauraciones All-on-4 <\/strong>para el reemplazo de arcada completa<\/li>\n<\/ul>\n\n\n\n<p>Cada restauraci\u00f3n est\u00e1 dise\u00f1ada utilizando escaneos digitales y materiales fresados con precisi\u00f3n para garantizar un ajuste impecable y una durabilidad duradera. Ya sea que haya recibido su implante en nuestra cl\u00ednica o en otro lugar, podemos completar la fase de restauraci\u00f3n con resultados excepcionales. <\/p>\n\n\n\n<h2 class=\"wp-block-heading\">Beneficios de las Restauraciones de Implantes de Alta Calidad<\/h2>\n\n\n\n<ul class=\"wp-block-list c3 lst-kix_wh532a1vy9j0-0 start\">\n<li>Apariencia natural con color y forma personalizados<\/li>\n\n\n\n<li>Fuerza y funcionalidad duraderas<\/li>\n\n\n\n<li>Mordida equilibrada y comodidad al masticar<\/li>\n\n\n\n<li>Preservaci\u00f3n del hueso maxilar y la estructura facial<\/li>\n<\/ul>\n\n\n\n<p>Nuestras restauraciones est\u00e1n hechas de materiales avanzados como zirconia y porcelana, dise\u00f1ados para imitar la translucidez y la durabilidad de los dientes reales. Seg\u00fan el Colegio Estadounidense de Prostodoncistas, m\u00e1s de 36 millones de estadounidenses no tienen dientes, y los implantes dentales con restauraciones de calidad suelen ser la soluci\u00f3n m\u00e1s confiable. <\/p>\n<\/div><\/div>\n\n<div class=\"wp-block-media-text alignwide has-media-on-the-right is-stacked-on-mobile\"><div class=\"wp-block-media-text__content\">\n<h2 class=\"wp-block-heading\">Reparaciones de Implantes y Reemplazos de Restauraciones<\/h2>\n\n\n\n<p>Aunque los implantes dentales cuentan con una alta tasa de \u00e9xito, las restauraciones visibles pueden desgastarse, agrietarse o moverse con el tiempo, especialmente si se exponen al bruxismo, traumatismos o una fuerza de mordida intensa. En Woodland Family Dental, ofrecemos servicios r\u00e1pidos de reparaci\u00f3n de implantes y reemplazo de restauraciones para mantener su sonrisa funcionando maravillosamente. <\/p>\n\n\n\n<p>Podemos ayudar con:<\/p>\n\n\n\n<ul class=\"wp-block-list c3 lst-kix_fu08z5selyem-0 start\">\n<li>Coronas o puentes de implantes sueltos o da\u00f1ados<\/li>\n\n\n\n<li>Desconchados, fracturas o desgaste en restauraciones existentes<\/li>\n\n\n\n<li>Ajustes para mejorar la mordida o la comodidad<\/li>\n\n\n\n<li>Reemplazo de dentaduras postizas soportadas por implantes m\u00e1s antiguas<\/li>\n<\/ul>\n\n\n\n<p>La mayor\u00eda de los problemas involucran la parte prot\u00e9sica, no el implante en s\u00ed. Nuestro equipo evaluar\u00e1 la restauraci\u00f3n y recomendar\u00e1 soluciones conservadoras siempre que sea posible. <\/p>\n\n\n\n<h2 class=\"wp-block-heading\">Sirviendo al Gran Sacramento con Excelencia Restauradora<\/h2>\n\n\n\n<p>Nuestra cl\u00ednica est\u00e1 equipada con esc\u00e1neres intraorales, radiograf\u00edas digitales y la experiencia para restaurar su implante con precisi\u00f3n y comodidad. Nos enorgullece ofrecer atenci\u00f3n tanto en ingl\u00e9s como en espa\u00f1ol con nuestro equipo biling\u00fce, y aceptamos Dentical para garantizar que la atenci\u00f3n de implantes de calidad sea accesible para m\u00e1s familias en nuestra comunidad. <\/p>\n<\/div><figure class=\"wp-block-media-text__media\"><img loading=\"lazy\" decoding=\"async\" width=\"960\" height=\"960\" src=\"https:\/\/www.dentistinwoodland.com\/wp-content\/uploads\/2025\/04\/4.jpg\" alt=\"Dos empleados de oficina sentados en escritorios con computadoras. Una mujer en primer plano, con gafas y uniforme m\u00e9dico, sonr\u00ede mientras trabaja en su computadora.\" class=\"wp-image-1999 size-full\" srcset=\"https:\/\/www.dentistinwoodland.com\/wp-content\/uploads\/2025\/04\/4.jpg 960w, https:\/\/www.dentistinwoodland.com\/wp-content\/uploads\/2025\/04\/4-300x300.jpg 300w, https:\/\/www.dentistinwoodland.com\/wp-content\/uploads\/2025\/04\/4-768x768.jpg 768w, https:\/\/www.dentistinwoodland.com\/wp-content\/uploads\/2025\/04\/4-192x192.jpg 192w, https:\/\/www.dentistinwoodland.com\/wp-content\/uploads\/2025\/04\/4-32x32.jpg 32w\" sizes=\"auto, (max-width: 960px) 100vw, 960px\" \/><\/figure><\/div>\n\n<div class=\"bio bg-light flc-section-padding\">\n    <div class=\"container\">\n        <div class=\"row align-items-center\">\n                            <div class=\"col-md-6 mb-4 mb-md-0\">\n                    <img loading=\"lazy\" decoding=\"async\" width=\"960\" height=\"960\" src=\"https:\/\/www.dentistinwoodland.com\/wp-content\/uploads\/2025\/04\/2.jpg\" class=\"img-fluid\" alt=\"Dos mujeres sonrientes se sientan detr\u00e1s de un mostrador de recepci\u00f3n con revistas y carteles informativos, en una sala de espera de una oficina con un cartel en la pared que dice &quot;Nos reservamos el derecho de rechazar el servicio a cualquier persona&quot;.\" srcset=\"https:\/\/www.dentistinwoodland.com\/wp-content\/uploads\/2025\/04\/2.jpg 960w, https:\/\/www.dentistinwoodland.com\/wp-content\/uploads\/2025\/04\/2-300x300.jpg 300w, https:\/\/www.dentistinwoodland.com\/wp-content\/uploads\/2025\/04\/2-768x768.jpg 768w, https:\/\/www.dentistinwoodland.com\/wp-content\/uploads\/2025\/04\/2-192x192.jpg 192w, https:\/\/www.dentistinwoodland.com\/wp-content\/uploads\/2025\/04\/2-32x32.jpg 32w\" sizes=\"auto, (max-width: 960px) 100vw, 960px\" \/>                <\/div>\n                        <div class=\"col-md-6 pl-md-5\">\n                                    <h2>Atenci\u00f3n dental integral y familiar<\/h2>\n                \n                                    <p>En Woodland Family Dental, creemos que todo el mundo merece una experiencia dental positiva. Nuestro equipo se dedica a crear un ambiente acogedor para los pacientes de todas las edades, asegurando que cada visita es libre de estr\u00e9s y adaptado a sus necesidades \u00fanicas. Combinamos el estado de la t\u00e9cnica dental con un enfoque compasivo, por lo que la atenci\u00f3n dental de alta calidad accesible a las personas y familias a trav\u00e9s de Woodland y West Sacramento.<\/p>\n                \n                                    <a class=\"btn btn-outline-primary\" href=\"https:\/\/www.dentistinwoodland.com\/es\/acerca-de-nosotros\/\" target=\"_self\">\n                        Acerca de nosotros                    <\/a>\n                            <\/div>\n        <\/div>\n    <\/div>\n<\/div>\n<h2 class=\"wp-block-heading\">Programe su Cita de Restauraci\u00f3n de Implantes<\/h2>\n\n<p>Ya sea que est\u00e9 completando su primer implante o necesite reparar uno existente, Woodland Family Dental est\u00e1 aqu\u00ed para ayudarlo. Cont\u00e1ctenos hoy mismo para <a href=\"https:\/\/app.nexhealth.com\/appts\/ora-dentistry?lid=334187\" class=\"contact_anchor \"><span>programar su consulta<\/span><\/a> y experimentar una atenci\u00f3n experta en Woodland, CA, sirviendo a West Sacramento y m\u00e1s all\u00e1. <\/p>\n","protected":false},"excerpt":{"rendered":"<p>Los implantes dentales han transformado la forma en que reemplazamos los dientes perdidos, ofreciendo una soluci\u00f3n permanente, segura y de aspecto natural. En Woodland Family Dental, nos enorgullece ofrecer restauraciones de implantes personalizadas para pacientes en Woodland, CA y West Sacramento, ayudando a completar su tratamiento de implantes dentales con una restauraci\u00f3n que se ve&hellip; <a href=\"https:\/\/www.dentistinwoodland.com\/es\/procedimientos\/odontologia-restauradora\/restauraciones-de-implantes\/\" class=\"btn btn-outline-primary position-absolute more-link\"> Seguir leyendo <span class=\"sr-only\"> acerca de Restauraciones de Implantes<\/span><\/a><\/p>\n","protected":false},"author":2,"featured_media":1207,"parent":2241,"menu_order":0,"comment_status":"closed","ping_status":"closed","template":"template-fullwidth.php","meta":{"_acf_changed":false,"footnotes":""},"class_list":["post-2253","page","type-page","status-publish","has-post-thumbnail"],"acf":[],"yoast_head":"<!-- This site is optimized with the Yoast SEO plugin v26.6 - https:\/\/yoast.com\/wordpress\/plugins\/seo\/ -->\n<title>Restauraciones de Implantes | Woodland Family Dental<\/title>\n<meta name=\"description\" content=\"Complete sus implantes dentales con restauraciones de implantes personalizadas en Woodland, CA. Woodland Family Dental atiende a West Sacramento. Aceptamos Dentical. Atenci\u00f3n biling\u00fce disponible.\" \/>\n<meta name=\"robots\" content=\"index, follow, max-snippet:-1, max-image-preview:large, max-video-preview:-1\" \/>\n<link rel=\"canonical\" href=\"https:\/\/www.dentistinwoodland.com\/es\/procedimientos\/odontologia-restauradora\/restauraciones-de-implantes\/\" \/>\n<meta property=\"og:locale\" content=\"es_ES\" \/>\n<meta property=\"og:type\" content=\"article\" \/>\n<meta property=\"og:title\" content=\"Restauraciones de Implantes | Woodland Family Dental\" \/>\n<meta property=\"og:description\" content=\"Complete sus implantes dentales con restauraciones de implantes personalizadas en Woodland, CA. Woodland Family Dental atiende a West Sacramento. Aceptamos Dentical. Atenci\u00f3n biling\u00fce disponible.\" \/>\n<meta property=\"og:url\" content=\"https:\/\/www.dentistinwoodland.com\/es\/procedimientos\/odontologia-restauradora\/restauraciones-de-implantes\/\" \/>\n<meta property=\"og:site_name\" content=\"Woodland Family Dental\" \/>\n<meta property=\"article:modified_time\" content=\"2025-05-14T14:04:26+00:00\" \/>\n<meta property=\"og:image\" content=\"https:\/\/www.dentistinwoodland.com\/wp-content\/uploads\/2025\/04\/bigstock-Successful-happy-retired-man-s-145768487-xxlarge.jpg\" \/><meta property=\"og:image\" content=\"https:\/\/www.dentistinwoodland.com\/wp-content\/uploads\/2025\/04\/bigstock-Cheerful-young-woman-wearing-p-247064599-xxlarge.jpg\" \/>\n\t<meta property=\"og:image:width\" content=\"1920\" \/>\n\t<meta property=\"og:image:height\" content=\"768\" \/>\n\t<meta property=\"og:image:type\" content=\"image\/jpeg\" \/>\n<meta name=\"twitter:card\" content=\"summary_large_image\" \/>\n<meta name=\"twitter:image\" content=\"https:\/\/www.dentistinwoodland.com\/wp-content\/uploads\/2025\/04\/bigstock-Successful-happy-retired-man-s-145768487-xxlarge.jpg\" \/>\n<meta name=\"twitter:label1\" content=\"Tiempo de lectura\" \/>\n\t<meta name=\"twitter:data1\" content=\"3 minutos\" \/>\n<!-- \/ Yoast SEO plugin. -->","yoast_head_json":{"title":"Restauraciones de Implantes | Woodland Family Dental","description":"Complete sus implantes dentales con restauraciones de implantes personalizadas en Woodland, CA. Woodland Family Dental atiende a West Sacramento. Aceptamos Dentical. Atenci\u00f3n biling\u00fce disponible.","robots":{"index":"index","follow":"follow","max-snippet":"max-snippet:-1","max-image-preview":"max-image-preview:large","max-video-preview":"max-video-preview:-1"},"canonical":"https:\/\/www.dentistinwoodland.com\/es\/procedimientos\/odontologia-restauradora\/restauraciones-de-implantes\/","og_locale":"es_ES","og_type":"article","og_title":"Restauraciones de Implantes | Woodland Family Dental","og_description":"Complete sus implantes dentales con restauraciones de implantes personalizadas en Woodland, CA. Woodland Family Dental atiende a West Sacramento. Aceptamos Dentical. Atenci\u00f3n biling\u00fce disponible.","og_url":"https:\/\/www.dentistinwoodland.com\/es\/procedimientos\/odontologia-restauradora\/restauraciones-de-implantes\/","og_site_name":"Woodland Family Dental","article_modified_time":"2025-05-14T14:04:26+00:00","og_image":[{"url":"https:\/\/www.dentistinwoodland.com\/wp-content\/uploads\/2025\/04\/bigstock-Successful-happy-retired-man-s-145768487-xxlarge.jpg","type":"","width":"","height":""},{"width":1920,"height":768,"url":"https:\/\/www.dentistinwoodland.com\/wp-content\/uploads\/2025\/04\/bigstock-Cheerful-young-woman-wearing-p-247064599-xxlarge.jpg","type":"image\/jpeg"}],"twitter_card":"summary_large_image","twitter_image":"https:\/\/www.dentistinwoodland.com\/wp-content\/uploads\/2025\/04\/bigstock-Successful-happy-retired-man-s-145768487-xxlarge.jpg","twitter_misc":{"Tiempo de lectura":"3 minutos"},"schema":{"@context":"https:\/\/schema.org","@graph":[{"@type":"WebPage","@id":"https:\/\/www.dentistinwoodland.com\/es\/procedimientos\/odontologia-restauradora\/restauraciones-de-implantes\/","url":"https:\/\/www.dentistinwoodland.com\/es\/procedimientos\/odontologia-restauradora\/restauraciones-de-implantes\/","name":"Restauraciones de Implantes | Woodland Family Dental","isPartOf":{"@id":"https:\/\/www.dentistinwoodland.com\/es\/#website"},"primaryImageOfPage":{"@id":"https:\/\/www.dentistinwoodland.com\/es\/procedimientos\/odontologia-restauradora\/restauraciones-de-implantes\/#primaryimage"},"image":{"@id":"https:\/\/www.dentistinwoodland.com\/es\/procedimientos\/odontologia-restauradora\/restauraciones-de-implantes\/#primaryimage"},"thumbnailUrl":"https:\/\/www.dentistinwoodland.com\/wp-content\/uploads\/2025\/04\/bigstock-Cheerful-young-woman-wearing-p-247064599-xxlarge.jpg","datePublished":"2023-01-17T19:07:53+00:00","dateModified":"2025-05-14T14:04:26+00:00","description":"Complete sus implantes dentales con restauraciones de implantes personalizadas en Woodland, CA. Woodland Family Dental atiende a West Sacramento. Aceptamos Dentical. Atenci\u00f3n biling\u00fce disponible.","breadcrumb":{"@id":"https:\/\/www.dentistinwoodland.com\/es\/procedimientos\/odontologia-restauradora\/restauraciones-de-implantes\/#breadcrumb"},"inLanguage":"es","potentialAction":[{"@type":"ReadAction","target":["https:\/\/www.dentistinwoodland.com\/es\/procedimientos\/odontologia-restauradora\/restauraciones-de-implantes\/"]}]},{"@type":"ImageObject","inLanguage":"es","@id":"https:\/\/www.dentistinwoodland.com\/es\/procedimientos\/odontologia-restauradora\/restauraciones-de-implantes\/#primaryimage","url":"https:\/\/www.dentistinwoodland.com\/wp-content\/uploads\/2025\/04\/bigstock-Cheerful-young-woman-wearing-p-247064599-xxlarge.jpg","contentUrl":"https:\/\/www.dentistinwoodland.com\/wp-content\/uploads\/2025\/04\/bigstock-Cheerful-young-woman-wearing-p-247064599-xxlarge.jpg","width":1920,"height":768,"caption":"Una mujer de pelo rizado sonr\u00ede mientras cuelga cuerdas de luces en el interior, rodeada de bombillas iluminadas."},{"@type":"BreadcrumbList","@id":"https:\/\/www.dentistinwoodland.com\/es\/procedimientos\/odontologia-restauradora\/restauraciones-de-implantes\/#breadcrumb","itemListElement":[{"@type":"ListItem","position":1,"name":"Home","item":"https:\/\/www.dentistinwoodland.com\/es\/inicio\/"},{"@type":"ListItem","position":2,"name":"Procedimientos","item":"https:\/\/www.dentistinwoodland.com\/es\/procedimientos\/"},{"@type":"ListItem","position":3,"name":"Odontolog\u00eda restauradora","item":"https:\/\/www.dentistinwoodland.com\/es\/procedimientos\/odontologia-restauradora\/"},{"@type":"ListItem","position":4,"name":"Restauraciones de Implantes"}]},{"@type":"WebSite","@id":"https:\/\/www.dentistinwoodland.com\/es\/#website","url":"https:\/\/www.dentistinwoodland.com\/es\/","name":"Woodland Family Dental","description":"","potentialAction":[{"@type":"SearchAction","target":{"@type":"EntryPoint","urlTemplate":"https:\/\/www.dentistinwoodland.com\/es\/?s={search_term_string}"},"query-input":{"@type":"PropertyValueSpecification","valueRequired":true,"valueName":"search_term_string"}}],"inLanguage":"es"}]}},"_links":{"self":[{"href":"https:\/\/www.dentistinwoodland.com\/es\/wp-json\/wp\/v2\/pages\/2253","targetHints":{"allow":["GET"]}}],"collection":[{"href":"https:\/\/www.dentistinwoodland.com\/es\/wp-json\/wp\/v2\/pages"}],"about":[{"href":"https:\/\/www.dentistinwoodland.com\/es\/wp-json\/wp\/v2\/types\/page"}],"author":[{"embeddable":true,"href":"https:\/\/www.dentistinwoodland.com\/es\/wp-json\/wp\/v2\/users\/2"}],"replies":[{"embeddable":true,"href":"https:\/\/www.dentistinwoodland.com\/es\/wp-json\/wp\/v2\/comments?post=2253"}],"version-history":[{"count":1,"href":"https:\/\/www.dentistinwoodland.com\/es\/wp-json\/wp\/v2\/pages\/2253\/revisions"}],"predecessor-version":[{"id":2254,"href":"https:\/\/www.dentistinwoodland.com\/es\/wp-json\/wp\/v2\/pages\/2253\/revisions\/2254"}],"up":[{"embeddable":true,"href":"https:\/\/www.dentistinwoodland.com\/es\/wp-json\/wp\/v2\/pages\/2241"}],"wp:featuredmedia":[{"embeddable":true,"href":"https:\/\/www.dentistinwoodland.com\/es\/wp-json\/wp\/v2\/media\/1207"}],"wp:attachment":[{"href":"https:\/\/www.dentistinwoodland.com\/es\/wp-json\/wp\/v2\/media?parent=2253"}],"curies":[{"name":"wp","href":"https:\/\/api.w.org\/{rel}","templated":true}]}}