{"id":2251,"date":"2023-01-17T14:07:53","date_gmt":"2023-01-17T19:07:53","guid":{"rendered":"https:\/\/www.dentistinwoodland.com\/procedimientos\/odontologia-restauradora\/implantes-dentales\/"},"modified":"2025-05-14T08:59:45","modified_gmt":"2025-05-14T13:59:45","slug":"implantes-dentales","status":"publish","type":"page","link":"https:\/\/www.dentistinwoodland.com\/es\/procedimientos\/odontologia-restauradora\/implantes-dentales\/","title":{"rendered":"Implantes Dentales"},"content":{"rendered":"\n<p>Cuando le faltan uno o m\u00e1s dientes, los implantes dentales ofrecen el reemplazo m\u00e1s duradero y de aspecto natural disponible en la odontolog\u00eda moderna. En Woodland Family Dental, nos enorgullece proporcionar implantes dentales a pacientes en Woodland, CA y el \u00e1rea circundante de West Sacramento. Ya sea que haya perdido un diente debido a una lesi\u00f3n, caries o enfermedad de las enc\u00edas, podemos ayudarlo a restaurar su sonrisa con una <a href=\"https:\/\/www.dentistinwoodland.com\/restorative-dentistry\/\">soluci\u00f3n<\/a> dise\u00f1ada para durar.  <\/p>\n\n    <div class=\"featured-testimonial-block bg-primary py-5 text-body\" id=\"featured-testimonial-block_7f77cc49d95ebe0005b8b6367c98b2e6\">\n        <div class=\"container\">\n            <div class=\"row justify-content-center\">\n                <div class=\"col-md-10 py-4\">\n                    <blockquote class=\"testimonials-blockquote mb-0 bg-light p-3 p-md-4 p-lg-5 position-relative\" style=\"border-radius: 2rem\">\n                        <svg class=\"testimonials-icon\" width=\"69\" height=\"69\" viewBox=\"0 0 69 69\" fill=\"none\" xmlns=\"http:\/\/www.w3.org\/2000\/svg\">\n                            <g filter=\"url(#filter0_d_1402_180)\">\n                            <circle cx=\"34.2612\" cy=\"33\" r=\"33\" fill=\"var(--primary)\"\/>\n                            <\/g>\n                            <path d=\"M22.757 19C17.1184 19 12.5473 23.6201 12.5473 29.3195C12.5473 35.0169 17.1184 39.6369 22.757 39.6369V46.3726C28.8237 43.1504 32.9668 36.7277 32.9668 29.3195C32.9668 23.6201 28.3957 19 22.757 19Z\" fill=\"white\"\/>\n                            <path d=\"M45.7892 19C40.1517 19 35.5803 23.6201 35.5803 29.3195C35.5803 35.0169 40.1517 39.6369 45.7892 39.6369V46.3726C51.8561 43.1504 56 36.7277 56 29.3195C56 23.6201 51.4285 19 45.7892 19Z\" fill=\"white\"\/>\n                        <\/svg>\n                        <div class=\"content\">Excelente servicio, recomendar\u00eda este lugar 100% llevo viniendo de Yuba City y realmente voy bien a gusto, las chicas son encantadoras y el dr es bien amable 100%<\/div>\n\n                        <div class=\"center-us d-flex align-items-center mt-4\">\n                            <cite class=\"d-block h5 m-0 pr-3 text-black\">Nelida Burgara<\/cite>\n                            <div class=\"testimonials-stars \">\n\t<svg class=\"svg-inline--fa fa-star  fa-w-18\" aria-hidden=\"true\" data-prefix=\"fab\" data-icon=\"star\" role=\"img\" xmlns=\"http:\/\/www.w3.org\/2000\/svg\" viewBox=\"0 0 576 512\" data-fa-i2svg=\"\"><path fill=\"currentColor\" d=\"M259.3 17.8L194 150.2 47.9 171.5c-26.2 3.8-36.7 36.1-17.7 54.6l105.7 103-25 145.5c-4.5 26.3 23.2 46 46.4 33.7L288 439.6l130.7 68.7c23.2 12.2 50.9-7.4 46.4-33.7l-25-145.5 105.7-103c19-18.5 8.5-50.8-17.7-54.6L382 150.2 316.7 17.8c-11.7-23.6-45.6-23.9-57.4 0z\"><\/path><\/svg>\t<svg class=\"svg-inline--fa fa-star  fa-w-18\" aria-hidden=\"true\" data-prefix=\"fab\" data-icon=\"star\" role=\"img\" xmlns=\"http:\/\/www.w3.org\/2000\/svg\" viewBox=\"0 0 576 512\" data-fa-i2svg=\"\"><path fill=\"currentColor\" d=\"M259.3 17.8L194 150.2 47.9 171.5c-26.2 3.8-36.7 36.1-17.7 54.6l105.7 103-25 145.5c-4.5 26.3 23.2 46 46.4 33.7L288 439.6l130.7 68.7c23.2 12.2 50.9-7.4 46.4-33.7l-25-145.5 105.7-103c19-18.5 8.5-50.8-17.7-54.6L382 150.2 316.7 17.8c-11.7-23.6-45.6-23.9-57.4 0z\"><\/path><\/svg>\t<svg class=\"svg-inline--fa fa-star  fa-w-18\" aria-hidden=\"true\" data-prefix=\"fab\" data-icon=\"star\" role=\"img\" xmlns=\"http:\/\/www.w3.org\/2000\/svg\" viewBox=\"0 0 576 512\" data-fa-i2svg=\"\"><path fill=\"currentColor\" d=\"M259.3 17.8L194 150.2 47.9 171.5c-26.2 3.8-36.7 36.1-17.7 54.6l105.7 103-25 145.5c-4.5 26.3 23.2 46 46.4 33.7L288 439.6l130.7 68.7c23.2 12.2 50.9-7.4 46.4-33.7l-25-145.5 105.7-103c19-18.5 8.5-50.8-17.7-54.6L382 150.2 316.7 17.8c-11.7-23.6-45.6-23.9-57.4 0z\"><\/path><\/svg>\t<svg class=\"svg-inline--fa fa-star  fa-w-18\" aria-hidden=\"true\" data-prefix=\"fab\" data-icon=\"star\" role=\"img\" xmlns=\"http:\/\/www.w3.org\/2000\/svg\" viewBox=\"0 0 576 512\" data-fa-i2svg=\"\"><path fill=\"currentColor\" d=\"M259.3 17.8L194 150.2 47.9 171.5c-26.2 3.8-36.7 36.1-17.7 54.6l105.7 103-25 145.5c-4.5 26.3 23.2 46 46.4 33.7L288 439.6l130.7 68.7c23.2 12.2 50.9-7.4 46.4-33.7l-25-145.5 105.7-103c19-18.5 8.5-50.8-17.7-54.6L382 150.2 316.7 17.8c-11.7-23.6-45.6-23.9-57.4 0z\"><\/path><\/svg>\t<svg class=\"svg-inline--fa fa-star  fa-w-18\" aria-hidden=\"true\" data-prefix=\"fab\" data-icon=\"star\" role=\"img\" xmlns=\"http:\/\/www.w3.org\/2000\/svg\" viewBox=\"0 0 576 512\" data-fa-i2svg=\"\"><path fill=\"currentColor\" d=\"M259.3 17.8L194 150.2 47.9 171.5c-26.2 3.8-36.7 36.1-17.7 54.6l105.7 103-25 145.5c-4.5 26.3 23.2 46 46.4 33.7L288 439.6l130.7 68.7c23.2 12.2 50.9-7.4 46.4-33.7l-25-145.5 105.7-103c19-18.5 8.5-50.8-17.7-54.6L382 150.2 316.7 17.8c-11.7-23.6-45.6-23.9-57.4 0z\"><\/path><\/svg><\/div>                        <\/div>\n                    <\/blockquote>\n                <\/div>\n            <\/div>\n        <\/div>\n    <\/div>\n\n<div class=\"wp-block-media-text alignwide is-stacked-on-mobile\"><figure class=\"wp-block-media-text__media\"><img loading=\"lazy\" decoding=\"async\" width=\"960\" height=\"960\" src=\"https:\/\/www.dentistinwoodland.com\/wp-content\/uploads\/2025\/04\/bigstock-Middle-aged-couple-relaxing-on-48855695-medium.jpg\" alt=\"Pareja de mediana edad relaj\u00e1ndose en el sof\u00e1 sonriendo a la c\u00e1mara en casa en la sala de estar.\" class=\"wp-image-1191 size-full\" srcset=\"https:\/\/www.dentistinwoodland.com\/wp-content\/uploads\/2025\/04\/bigstock-Middle-aged-couple-relaxing-on-48855695-medium.jpg 960w, https:\/\/www.dentistinwoodland.com\/wp-content\/uploads\/2025\/04\/bigstock-Middle-aged-couple-relaxing-on-48855695-medium-300x300.jpg 300w, https:\/\/www.dentistinwoodland.com\/wp-content\/uploads\/2025\/04\/bigstock-Middle-aged-couple-relaxing-on-48855695-medium-768x768.jpg 768w, https:\/\/www.dentistinwoodland.com\/wp-content\/uploads\/2025\/04\/bigstock-Middle-aged-couple-relaxing-on-48855695-medium-192x192.jpg 192w, https:\/\/www.dentistinwoodland.com\/wp-content\/uploads\/2025\/04\/bigstock-Middle-aged-couple-relaxing-on-48855695-medium-32x32.jpg 32w\" sizes=\"auto, (max-width: 960px) 100vw, 960px\" \/><\/figure><div class=\"wp-block-media-text__content\">\n<h2 class=\"wp-block-heading\">\u00bfQu\u00e9 son los Implantes Dentales?<\/h2>\n\n\n\n<p>Un implante dental es un poste de titanio que se coloca quir\u00fargicamente en el hueso maxilar, donde act\u00faa como la ra\u00edz de un diente artificial. Una vez que el implante se integra con su hueso a trav\u00e9s de un proceso llamado osteointegraci\u00f3n, se le coloca una corona, un puente o una dentadura postiza hecha a medida que se ve y funciona igual que un diente natural. <\/p>\n\n\n\n<p>Los implantes dentales se pueden utilizar para reemplazar:<\/p>\n\n\n\n<ul class=\"wp-block-list c3 lst-kix_xbvh1wyt6d9s-0 start\">\n<li>Un solo diente perdido<\/li>\n\n\n\n<li>M\u00faltiples dientes perdidos con puentes soportados por implantes<\/li>\n\n\n\n<li>Una arcada completa con dentaduras postizas soportadas por implantes o sistemas All-on-4<\/li>\n<\/ul>\n\n\n\n<h2 class=\"wp-block-heading\">Beneficios de los Implantes Dentales<\/h2>\n\n\n\n<p>A diferencia de los puentes tradicionales o las dentaduras postizas removibles, los implantes dentales:<\/p>\n\n\n\n<ul class=\"wp-block-list c3 lst-kix_6xjqde1nx64z-0 start\">\n<li>Previenen la p\u00e9rdida \u00f3sea y preservan la estructura facial<\/li>\n\n\n\n<li>Proporcionan un reemplazo dental permanente y fijo<\/li>\n\n\n\n<li>Le permiten comer, hablar y sonre\u00edr con confianza<\/li>\n\n\n\n<li>No requieren alterar los dientes adyacentes<\/li>\n\n\n\n<li>Tienen una tasa de \u00e9xito de m\u00e1s del 95%, seg\u00fan la Academia Estadounidense de Odontolog\u00eda de Implantes<\/li>\n<\/ul>\n\n\n\n<p>Con el cuidado adecuado, los implantes dentales pueden durar d\u00e9cadas, lo que los convierte en una de las mejores inversiones a largo plazo en su salud bucal.<\/p>\n<\/div><\/div>\n\n<div class=\"wp-block-media-text alignwide has-media-on-the-right is-stacked-on-mobile\"><div class=\"wp-block-media-text__content\">\n<h2 class=\"wp-block-heading\">Qu\u00e9 esperar durante el tratamiento con implantes<\/h2>\n\n\n\n<p>Su viaje hacia una sonrisa restaurada comienza con una consulta integral. Utilizamos im\u00e1genes digitales y escaneo intraoral para evaluar su densidad \u00f3sea, alineaci\u00f3n dental y salud bucal. El proceso de implante dental generalmente implica:  <\/p>\n\n\n\n<ol class=\"c3 lst-kix_kmek7mes1c8l-0 start wp-block-list\" start=\"1\"><li class=\"c1 c6 li-bullet-0\"><strong>Colocaci\u00f3n del implante<\/strong> El poste de titanio se coloca quir\u00fargicamente en el hueso maxilar.<\/li><li class=\"c1 c6 li-bullet-0\"><strong>Per\u00edodo de curaci\u00f3n<\/strong> El implante se integra con su hueso durante varios meses.<\/li><li class=\"c1 c6 li-bullet-0\"><strong>Pilar y restauraci\u00f3n<\/strong> Se coloca un conector (pilar), seguido de una corona dental, un puente o una dentadura postiza hecha a medida.<\/li><\/ol>\n\n\n\n<p>Para algunos pacientes, se pueden recomendar implantes el mismo d\u00eda o el m\u00e9todo ORA4X para acelerar los resultados y evitar m\u00faltiples cirug\u00edas.<\/p>\n\n\n\n<h2 class=\"wp-block-heading\">\u00bfQui\u00e9n es candidato para los implantes?<\/h2>\n\n\n\n<p>La mayor\u00eda de los adultos con buena salud bucal y general pueden calificar para los implantes dentales. Incluso si le han dicho que tiene p\u00e9rdida \u00f3sea, ofrecemos soluciones como injertos \u00f3seos u ORA4X para ayudarlo a calificar. Los implantes dentales son ideales para:  <\/p>\n\n\n\n<ul class=\"wp-block-list c3 lst-kix_niq166gmeny7-0 start\">\n<li>Reemplazo de dientes perdidos o extra\u00eddos<\/li>\n\n\n\n<li>Fijaci\u00f3n de dentaduras postizas sueltas<\/li>\n\n\n\n<li>Evitar los inconvenientes de las pr\u00f3tesis removibles<\/li>\n<\/ul>\n\n\n\n<h2 class=\"wp-block-heading\">Odontolog\u00eda de Implantes de Confianza en Woodland y West Sacramento<\/h2>\n\n\n\n<p>En Woodland Family Dental, ofrecemos atenci\u00f3n restauradora experta con apoyo biling\u00fce y un enfoque amigable y centrado en el paciente. Nuestro experimentado equipo lo guiar\u00e1 en cada paso de su viaje de implantes, respondiendo a sus preguntas y brind\u00e1ndole atenci\u00f3n compasiva en el camino. <\/p>\n\n\n\n<p>Tambi\u00e9n aceptamos Dentical, lo que hace que los implantes dentales de alta calidad sean m\u00e1s accesibles para nuestra comunidad.<\/p>\n<\/div><figure class=\"wp-block-media-text__media\"><img loading=\"lazy\" decoding=\"async\" width=\"960\" height=\"960\" src=\"https:\/\/www.dentistinwoodland.com\/wp-content\/uploads\/2025\/04\/7.jpg\" alt=\"Un dentista con gafas protectoras examina a un paciente en una silla dental, con equipo dental y un monitor visibles en la sala de tratamiento.\" class=\"wp-image-2001 size-full\" srcset=\"https:\/\/www.dentistinwoodland.com\/wp-content\/uploads\/2025\/04\/7.jpg 960w, https:\/\/www.dentistinwoodland.com\/wp-content\/uploads\/2025\/04\/7-300x300.jpg 300w, https:\/\/www.dentistinwoodland.com\/wp-content\/uploads\/2025\/04\/7-768x768.jpg 768w, https:\/\/www.dentistinwoodland.com\/wp-content\/uploads\/2025\/04\/7-192x192.jpg 192w, https:\/\/www.dentistinwoodland.com\/wp-content\/uploads\/2025\/04\/7-32x32.jpg 32w\" sizes=\"auto, (max-width: 960px) 100vw, 960px\" \/><\/figure><\/div>\n\n<div class=\"bio bg-light flc-section-padding\">\n    <div class=\"container\">\n        <div class=\"row align-items-center\">\n                            <div class=\"col-md-6 mb-4 mb-md-0\">\n                    <img loading=\"lazy\" decoding=\"async\" width=\"960\" height=\"960\" src=\"https:\/\/www.dentistinwoodland.com\/wp-content\/uploads\/2025\/04\/2.jpg\" class=\"img-fluid\" alt=\"Dos mujeres sonrientes se sientan detr\u00e1s de un mostrador de recepci\u00f3n con revistas y carteles informativos, en una sala de espera de una oficina con un cartel en la pared que dice &quot;Nos reservamos el derecho de rechazar el servicio a cualquier persona&quot;.\" srcset=\"https:\/\/www.dentistinwoodland.com\/wp-content\/uploads\/2025\/04\/2.jpg 960w, https:\/\/www.dentistinwoodland.com\/wp-content\/uploads\/2025\/04\/2-300x300.jpg 300w, https:\/\/www.dentistinwoodland.com\/wp-content\/uploads\/2025\/04\/2-768x768.jpg 768w, https:\/\/www.dentistinwoodland.com\/wp-content\/uploads\/2025\/04\/2-192x192.jpg 192w, https:\/\/www.dentistinwoodland.com\/wp-content\/uploads\/2025\/04\/2-32x32.jpg 32w\" sizes=\"auto, (max-width: 960px) 100vw, 960px\" \/>                <\/div>\n                        <div class=\"col-md-6 pl-md-5\">\n                                    <h2>Atenci\u00f3n dental integral y familiar<\/h2>\n                \n                                    <p>En Woodland Family Dental, creemos que todo el mundo merece una experiencia dental positiva. Nuestro equipo se dedica a crear un ambiente acogedor para los pacientes de todas las edades, asegurando que cada visita es libre de estr\u00e9s y adaptado a sus necesidades \u00fanicas. Combinamos el estado de la t\u00e9cnica dental con un enfoque compasivo, por lo que la atenci\u00f3n dental de alta calidad accesible a las personas y familias a trav\u00e9s de Woodland y West Sacramento.<\/p>\n                \n                                    <a class=\"btn btn-outline-primary\" href=\"https:\/\/www.dentistinwoodland.com\/es\/acerca-de-nosotros\/\" target=\"_self\">\n                        Acerca de nosotros                    <\/a>\n                            <\/div>\n        <\/div>\n    <\/div>\n<\/div>\n<h2 class=\"wp-block-heading\">Reconstruya Su Sonrisa con Implantes Dentales<\/h2>\n\n<p>No permita que la falta de dientes afecte su salud o confianza. P\u00f3ngase en contacto con Woodland Family Dental hoy mismo para<a href=\"https:\/\/app.nexhealth.com\/appts\/ora-dentistry?lid=334187\" class=\"contact_anchor \"><span> programar su consulta<\/span><\/a> de implantes. Estamos aqu\u00ed para ayudarlo a recuperar su sonrisa con resultados duraderos en los que puede confiar.  <\/p>\n","protected":false},"excerpt":{"rendered":"<p>Cuando le faltan uno o m\u00e1s dientes, los implantes dentales ofrecen el reemplazo m\u00e1s duradero y de aspecto natural disponible en la odontolog\u00eda moderna. En Woodland Family Dental, nos enorgullece proporcionar implantes dentales a pacientes en Woodland, CA y el \u00e1rea circundante de West Sacramento. Ya sea que haya perdido un diente debido a una&hellip; <a href=\"https:\/\/www.dentistinwoodland.com\/es\/procedimientos\/odontologia-restauradora\/implantes-dentales\/\" class=\"btn btn-outline-primary position-absolute more-link\"> Seguir leyendo <span class=\"sr-only\"> acerca de Implantes Dentales<\/span><\/a><\/p>\n","protected":false},"author":2,"featured_media":1190,"parent":2241,"menu_order":0,"comment_status":"closed","ping_status":"closed","template":"template-fullwidth.php","meta":{"_acf_changed":false,"footnotes":""},"class_list":["post-2251","page","type-page","status-publish","has-post-thumbnail"],"acf":[],"yoast_head":"<!-- This site is optimized with the Yoast SEO plugin v26.6 - https:\/\/yoast.com\/wordpress\/plugins\/seo\/ -->\n<title>Implantes Dentales | Woodland Family Dental<\/title>\n<meta name=\"description\" content=\"Reemplace los dientes perdidos con implantes dentales en Woodland, CA. Woodland Family Dental ofrece soluciones duraderas para pacientes de West Sacramento. Personal biling\u00fce. Aceptamos Dentical.\" \/>\n<meta name=\"robots\" content=\"index, follow, max-snippet:-1, max-image-preview:large, max-video-preview:-1\" \/>\n<link rel=\"canonical\" href=\"https:\/\/www.dentistinwoodland.com\/es\/procedimientos\/odontologia-restauradora\/implantes-dentales\/\" \/>\n<meta property=\"og:locale\" content=\"es_ES\" \/>\n<meta property=\"og:type\" content=\"article\" \/>\n<meta property=\"og:title\" content=\"Implantes Dentales | Woodland Family Dental\" \/>\n<meta property=\"og:description\" content=\"Reemplace los dientes perdidos con implantes dentales en Woodland, CA. Woodland Family Dental ofrece soluciones duraderas para pacientes de West Sacramento. Personal biling\u00fce. Aceptamos Dentical.\" \/>\n<meta property=\"og:url\" content=\"https:\/\/www.dentistinwoodland.com\/es\/procedimientos\/odontologia-restauradora\/implantes-dentales\/\" \/>\n<meta property=\"og:site_name\" content=\"Woodland Family Dental\" \/>\n<meta property=\"article:modified_time\" content=\"2025-05-14T13:59:45+00:00\" \/>\n<meta property=\"og:image\" content=\"https:\/\/www.dentistinwoodland.com\/wp-content\/uploads\/2025\/04\/bigstock-Successful-happy-retired-man-s-145768487-xxlarge.jpg\" \/><meta property=\"og:image\" content=\"https:\/\/www.dentistinwoodland.com\/wp-content\/uploads\/2025\/04\/bigstock-Middle-aged-couple-relaxing-in-89915636-xxlarge.jpg\" \/>\n\t<meta property=\"og:image:width\" content=\"1920\" \/>\n\t<meta property=\"og:image:height\" content=\"768\" \/>\n\t<meta property=\"og:image:type\" content=\"image\/jpeg\" \/>\n<meta name=\"twitter:card\" content=\"summary_large_image\" \/>\n<meta name=\"twitter:image\" content=\"https:\/\/www.dentistinwoodland.com\/wp-content\/uploads\/2025\/04\/bigstock-Successful-happy-retired-man-s-145768487-xxlarge.jpg\" \/>\n<meta name=\"twitter:label1\" content=\"Tiempo de lectura\" \/>\n\t<meta name=\"twitter:data1\" content=\"3 minutos\" \/>\n<!-- \/ Yoast SEO plugin. -->","yoast_head_json":{"title":"Implantes Dentales | Woodland Family Dental","description":"Reemplace los dientes perdidos con implantes dentales en Woodland, CA. Woodland Family Dental ofrece soluciones duraderas para pacientes de West Sacramento. Personal biling\u00fce. Aceptamos Dentical.","robots":{"index":"index","follow":"follow","max-snippet":"max-snippet:-1","max-image-preview":"max-image-preview:large","max-video-preview":"max-video-preview:-1"},"canonical":"https:\/\/www.dentistinwoodland.com\/es\/procedimientos\/odontologia-restauradora\/implantes-dentales\/","og_locale":"es_ES","og_type":"article","og_title":"Implantes Dentales | Woodland Family Dental","og_description":"Reemplace los dientes perdidos con implantes dentales en Woodland, CA. Woodland Family Dental ofrece soluciones duraderas para pacientes de West Sacramento. Personal biling\u00fce. Aceptamos Dentical.","og_url":"https:\/\/www.dentistinwoodland.com\/es\/procedimientos\/odontologia-restauradora\/implantes-dentales\/","og_site_name":"Woodland Family Dental","article_modified_time":"2025-05-14T13:59:45+00:00","og_image":[{"url":"https:\/\/www.dentistinwoodland.com\/wp-content\/uploads\/2025\/04\/bigstock-Successful-happy-retired-man-s-145768487-xxlarge.jpg","type":"","width":"","height":""},{"width":1920,"height":768,"url":"https:\/\/www.dentistinwoodland.com\/wp-content\/uploads\/2025\/04\/bigstock-Middle-aged-couple-relaxing-in-89915636-xxlarge.jpg","type":"image\/jpeg"}],"twitter_card":"summary_large_image","twitter_image":"https:\/\/www.dentistinwoodland.com\/wp-content\/uploads\/2025\/04\/bigstock-Successful-happy-retired-man-s-145768487-xxlarge.jpg","twitter_misc":{"Tiempo de lectura":"3 minutos"},"schema":{"@context":"https:\/\/schema.org","@graph":[{"@type":"WebPage","@id":"https:\/\/www.dentistinwoodland.com\/es\/procedimientos\/odontologia-restauradora\/implantes-dentales\/","url":"https:\/\/www.dentistinwoodland.com\/es\/procedimientos\/odontologia-restauradora\/implantes-dentales\/","name":"Implantes Dentales | Woodland Family Dental","isPartOf":{"@id":"https:\/\/www.dentistinwoodland.com\/es\/#website"},"primaryImageOfPage":{"@id":"https:\/\/www.dentistinwoodland.com\/es\/procedimientos\/odontologia-restauradora\/implantes-dentales\/#primaryimage"},"image":{"@id":"https:\/\/www.dentistinwoodland.com\/es\/procedimientos\/odontologia-restauradora\/implantes-dentales\/#primaryimage"},"thumbnailUrl":"https:\/\/www.dentistinwoodland.com\/wp-content\/uploads\/2025\/04\/bigstock-Middle-aged-couple-relaxing-in-89915636-xxlarge.jpg","datePublished":"2023-01-17T19:07:53+00:00","dateModified":"2025-05-14T13:59:45+00:00","description":"Reemplace los dientes perdidos con implantes dentales en Woodland, CA. Woodland Family Dental ofrece soluciones duraderas para pacientes de West Sacramento. Personal biling\u00fce. Aceptamos Dentical.","breadcrumb":{"@id":"https:\/\/www.dentistinwoodland.com\/es\/procedimientos\/odontologia-restauradora\/implantes-dentales\/#breadcrumb"},"inLanguage":"es","potentialAction":[{"@type":"ReadAction","target":["https:\/\/www.dentistinwoodland.com\/es\/procedimientos\/odontologia-restauradora\/implantes-dentales\/"]}]},{"@type":"ImageObject","inLanguage":"es","@id":"https:\/\/www.dentistinwoodland.com\/es\/procedimientos\/odontologia-restauradora\/implantes-dentales\/#primaryimage","url":"https:\/\/www.dentistinwoodland.com\/wp-content\/uploads\/2025\/04\/bigstock-Middle-aged-couple-relaxing-in-89915636-xxlarge.jpg","contentUrl":"https:\/\/www.dentistinwoodland.com\/wp-content\/uploads\/2025\/04\/bigstock-Middle-aged-couple-relaxing-in-89915636-xxlarge.jpg","width":1920,"height":768,"caption":"Un hombre y una mujer est\u00e1n sentados juntos en un interior, sonriendo a la c\u00e1mara, con luz natural que entra por una ventana al fondo."},{"@type":"BreadcrumbList","@id":"https:\/\/www.dentistinwoodland.com\/es\/procedimientos\/odontologia-restauradora\/implantes-dentales\/#breadcrumb","itemListElement":[{"@type":"ListItem","position":1,"name":"Home","item":"https:\/\/www.dentistinwoodland.com\/es\/inicio\/"},{"@type":"ListItem","position":2,"name":"Procedimientos","item":"https:\/\/www.dentistinwoodland.com\/es\/procedimientos\/"},{"@type":"ListItem","position":3,"name":"Odontolog\u00eda restauradora","item":"https:\/\/www.dentistinwoodland.com\/es\/procedimientos\/odontologia-restauradora\/"},{"@type":"ListItem","position":4,"name":"Implantes Dentales"}]},{"@type":"WebSite","@id":"https:\/\/www.dentistinwoodland.com\/es\/#website","url":"https:\/\/www.dentistinwoodland.com\/es\/","name":"Woodland Family Dental","description":"","potentialAction":[{"@type":"SearchAction","target":{"@type":"EntryPoint","urlTemplate":"https:\/\/www.dentistinwoodland.com\/es\/?s={search_term_string}"},"query-input":{"@type":"PropertyValueSpecification","valueRequired":true,"valueName":"search_term_string"}}],"inLanguage":"es"}]}},"_links":{"self":[{"href":"https:\/\/www.dentistinwoodland.com\/es\/wp-json\/wp\/v2\/pages\/2251","targetHints":{"allow":["GET"]}}],"collection":[{"href":"https:\/\/www.dentistinwoodland.com\/es\/wp-json\/wp\/v2\/pages"}],"about":[{"href":"https:\/\/www.dentistinwoodland.com\/es\/wp-json\/wp\/v2\/types\/page"}],"author":[{"embeddable":true,"href":"https:\/\/www.dentistinwoodland.com\/es\/wp-json\/wp\/v2\/users\/2"}],"replies":[{"embeddable":true,"href":"https:\/\/www.dentistinwoodland.com\/es\/wp-json\/wp\/v2\/comments?post=2251"}],"version-history":[{"count":1,"href":"https:\/\/www.dentistinwoodland.com\/es\/wp-json\/wp\/v2\/pages\/2251\/revisions"}],"predecessor-version":[{"id":2252,"href":"https:\/\/www.dentistinwoodland.com\/es\/wp-json\/wp\/v2\/pages\/2251\/revisions\/2252"}],"up":[{"embeddable":true,"href":"https:\/\/www.dentistinwoodland.com\/es\/wp-json\/wp\/v2\/pages\/2241"}],"wp:featuredmedia":[{"embeddable":true,"href":"https:\/\/www.dentistinwoodland.com\/es\/wp-json\/wp\/v2\/media\/1190"}],"wp:attachment":[{"href":"https:\/\/www.dentistinwoodland.com\/es\/wp-json\/wp\/v2\/media?parent=2251"}],"curies":[{"name":"wp","href":"https:\/\/api.w.org\/{rel}","templated":true}]}}