{"id":2249,"date":"2023-01-17T14:07:53","date_gmt":"2023-01-17T19:07:53","guid":{"rendered":"https:\/\/www.dentistinwoodland.com\/procedimientos\/odontologia-restauradora\/dentaduras-a-presion-snap-on\/"},"modified":"2025-05-14T08:52:42","modified_gmt":"2025-05-14T13:52:42","slug":"dentaduras-a-presion-snap-on","status":"publish","type":"page","link":"https:\/\/www.dentistinwoodland.com\/es\/procedimientos\/odontologia-restauradora\/dentaduras-a-presion-snap-on\/","title":{"rendered":"Dentaduras a Presi\u00f3n (Snap-on)"},"content":{"rendered":"\n<p>Si est\u00e1 cansado de lidiar con dentaduras postizas tradicionales que se mueven, las dentaduras a presi\u00f3n podr\u00edan ser la <a href=\"https:\/\/www.dentistinwoodland.com\/restorative-dentistry\/\">soluci\u00f3n segura <\/a>y c\u00f3moda que ha estado buscando. En Woodland Family Dental, ofrecemos dentaduras retenidas por implantes, com\u00fanmente llamadas dentaduras a presi\u00f3n, para pacientes en Woodland, CA y el \u00e1rea circundante de West Sacramento que desean la confianza de una sonrisa segura sin el costo de una restauraci\u00f3n de implantes de boca completa.<\/p>\n\n    <div class=\"featured-testimonial-block bg-primary py-5 text-body\" id=\"featured-testimonial-block_04457406414b75098c8da273d64b39e4\">\n        <div class=\"container\">\n            <div class=\"row justify-content-center\">\n                <div class=\"col-md-10 py-4\">\n                    <blockquote class=\"testimonials-blockquote mb-0 bg-light p-3 p-md-4 p-lg-5 position-relative\" style=\"border-radius: 2rem\">\n                        <svg class=\"testimonials-icon\" width=\"69\" height=\"69\" viewBox=\"0 0 69 69\" fill=\"none\" xmlns=\"http:\/\/www.w3.org\/2000\/svg\">\n                            <g filter=\"url(#filter0_d_1402_180)\">\n                            <circle cx=\"34.2612\" cy=\"33\" r=\"33\" fill=\"var(--primary)\"\/>\n                            <\/g>\n                            <path d=\"M22.757 19C17.1184 19 12.5473 23.6201 12.5473 29.3195C12.5473 35.0169 17.1184 39.6369 22.757 39.6369V46.3726C28.8237 43.1504 32.9668 36.7277 32.9668 29.3195C32.9668 23.6201 28.3957 19 22.757 19Z\" fill=\"white\"\/>\n                            <path d=\"M45.7892 19C40.1517 19 35.5803 23.6201 35.5803 29.3195C35.5803 35.0169 40.1517 39.6369 45.7892 39.6369V46.3726C51.8561 43.1504 56 36.7277 56 29.3195C56 23.6201 51.4285 19 45.7892 19Z\" fill=\"white\"\/>\n                        <\/svg>\n                        <div class=\"content\">Excelente servicio, recomendar\u00eda este lugar 100% llevo viniendo de Yuba City y realmente voy bien a gusto, las chicas son encantadoras y el dr es bien amable 100%<\/div>\n\n                        <div class=\"center-us d-flex align-items-center mt-4\">\n                            <cite class=\"d-block h5 m-0 pr-3 text-black\">Nelida Burgara<\/cite>\n                            <div class=\"testimonials-stars \">\n\t<svg class=\"svg-inline--fa fa-star  fa-w-18\" aria-hidden=\"true\" data-prefix=\"fab\" data-icon=\"star\" role=\"img\" xmlns=\"http:\/\/www.w3.org\/2000\/svg\" viewBox=\"0 0 576 512\" data-fa-i2svg=\"\"><path fill=\"currentColor\" d=\"M259.3 17.8L194 150.2 47.9 171.5c-26.2 3.8-36.7 36.1-17.7 54.6l105.7 103-25 145.5c-4.5 26.3 23.2 46 46.4 33.7L288 439.6l130.7 68.7c23.2 12.2 50.9-7.4 46.4-33.7l-25-145.5 105.7-103c19-18.5 8.5-50.8-17.7-54.6L382 150.2 316.7 17.8c-11.7-23.6-45.6-23.9-57.4 0z\"><\/path><\/svg>\t<svg class=\"svg-inline--fa fa-star  fa-w-18\" aria-hidden=\"true\" data-prefix=\"fab\" data-icon=\"star\" role=\"img\" xmlns=\"http:\/\/www.w3.org\/2000\/svg\" viewBox=\"0 0 576 512\" data-fa-i2svg=\"\"><path fill=\"currentColor\" d=\"M259.3 17.8L194 150.2 47.9 171.5c-26.2 3.8-36.7 36.1-17.7 54.6l105.7 103-25 145.5c-4.5 26.3 23.2 46 46.4 33.7L288 439.6l130.7 68.7c23.2 12.2 50.9-7.4 46.4-33.7l-25-145.5 105.7-103c19-18.5 8.5-50.8-17.7-54.6L382 150.2 316.7 17.8c-11.7-23.6-45.6-23.9-57.4 0z\"><\/path><\/svg>\t<svg class=\"svg-inline--fa fa-star  fa-w-18\" aria-hidden=\"true\" data-prefix=\"fab\" data-icon=\"star\" role=\"img\" xmlns=\"http:\/\/www.w3.org\/2000\/svg\" viewBox=\"0 0 576 512\" data-fa-i2svg=\"\"><path fill=\"currentColor\" d=\"M259.3 17.8L194 150.2 47.9 171.5c-26.2 3.8-36.7 36.1-17.7 54.6l105.7 103-25 145.5c-4.5 26.3 23.2 46 46.4 33.7L288 439.6l130.7 68.7c23.2 12.2 50.9-7.4 46.4-33.7l-25-145.5 105.7-103c19-18.5 8.5-50.8-17.7-54.6L382 150.2 316.7 17.8c-11.7-23.6-45.6-23.9-57.4 0z\"><\/path><\/svg>\t<svg class=\"svg-inline--fa fa-star  fa-w-18\" aria-hidden=\"true\" data-prefix=\"fab\" data-icon=\"star\" role=\"img\" xmlns=\"http:\/\/www.w3.org\/2000\/svg\" viewBox=\"0 0 576 512\" data-fa-i2svg=\"\"><path fill=\"currentColor\" d=\"M259.3 17.8L194 150.2 47.9 171.5c-26.2 3.8-36.7 36.1-17.7 54.6l105.7 103-25 145.5c-4.5 26.3 23.2 46 46.4 33.7L288 439.6l130.7 68.7c23.2 12.2 50.9-7.4 46.4-33.7l-25-145.5 105.7-103c19-18.5 8.5-50.8-17.7-54.6L382 150.2 316.7 17.8c-11.7-23.6-45.6-23.9-57.4 0z\"><\/path><\/svg>\t<svg class=\"svg-inline--fa fa-star  fa-w-18\" aria-hidden=\"true\" data-prefix=\"fab\" data-icon=\"star\" role=\"img\" xmlns=\"http:\/\/www.w3.org\/2000\/svg\" viewBox=\"0 0 576 512\" data-fa-i2svg=\"\"><path fill=\"currentColor\" d=\"M259.3 17.8L194 150.2 47.9 171.5c-26.2 3.8-36.7 36.1-17.7 54.6l105.7 103-25 145.5c-4.5 26.3 23.2 46 46.4 33.7L288 439.6l130.7 68.7c23.2 12.2 50.9-7.4 46.4-33.7l-25-145.5 105.7-103c19-18.5 8.5-50.8-17.7-54.6L382 150.2 316.7 17.8c-11.7-23.6-45.6-23.9-57.4 0z\"><\/path><\/svg><\/div>                        <\/div>\n                    <\/blockquote>\n                <\/div>\n            <\/div>\n        <\/div>\n    <\/div>\n\n<div class=\"wp-block-media-text alignwide is-stacked-on-mobile\"><figure class=\"wp-block-media-text__media\"><img loading=\"lazy\" decoding=\"async\" width=\"960\" height=\"960\" src=\"https:\/\/www.dentistinwoodland.com\/wp-content\/uploads\/2025\/04\/6.jpg\" alt=\"Un dentista con guantes y bata blanca se\u00f1ala una imagen dental en un monitor mientras examina a un paciente en una cl\u00ednica.\" class=\"wp-image-2009 size-full\" srcset=\"https:\/\/www.dentistinwoodland.com\/wp-content\/uploads\/2025\/04\/6.jpg 960w, https:\/\/www.dentistinwoodland.com\/wp-content\/uploads\/2025\/04\/6-300x300.jpg 300w, https:\/\/www.dentistinwoodland.com\/wp-content\/uploads\/2025\/04\/6-768x768.jpg 768w, https:\/\/www.dentistinwoodland.com\/wp-content\/uploads\/2025\/04\/6-192x192.jpg 192w, https:\/\/www.dentistinwoodland.com\/wp-content\/uploads\/2025\/04\/6-32x32.jpg 32w\" sizes=\"auto, (max-width: 960px) 100vw, 960px\" \/><\/figure><div class=\"wp-block-media-text__content\">\n<h2 class=\"wp-block-heading\">\u00bfQu\u00e9 son las Dentaduras a Presi\u00f3n?<\/h2>\n\n\n\n<p>Las dentaduras a presi\u00f3n son un tipo de dentadura soportada por implantes que se \u00abencaja\u00bb en su lugar utilizando de dos a cuatro implantes dentales por arcada. Estos implantes sirven como anclajes resistentes que mantienen su dentadura firmemente en su posici\u00f3n durante todo el d\u00eda. A diferencia de las dentaduras tradicionales que descansan sobre las enc\u00edas y dependen de adhesivos, las dentaduras a presi\u00f3n brindan mayor estabilidad, mejor capacidad de masticaci\u00f3n y una sensaci\u00f3n m\u00e1s natural.<\/p>\n\n\n\n<p>Las dentaduras a presi\u00f3n son removibles, lo que significa que se pueden quitar para facilitar la limpieza, pero una vez colocadas, permanecen en su lugar mucho mejor que las dentaduras est\u00e1ndar.<\/p>\n\n\n\n<h2 class=\"wp-block-heading\">\u00bfQui\u00e9n es un Buen Candidato para las Dentaduras a Presi\u00f3n?<\/h2>\n\n\n\n<p>Las dentaduras a presi\u00f3n son ideales para pacientes que:<\/p>\n\n\n\n<ul class=\"wp-block-list c3 lst-kix_d392dzr12q85-0 start\">\n<li>Les faltan todos o la mayor\u00eda de los dientes en la mand\u00edbula superior o inferior<\/li>\n\n\n\n<li>Luchan contra las dentaduras que se deslizan o se mueven<\/li>\n\n\n\n<li>Quieren una alternativa m\u00e1s asequible al All-on-4<\/li>\n\n\n\n<li>Tienen suficiente hueso para soportar de 2 a 4 implantes dentales (o est\u00e1n abiertos a un injerto \u00f3seo)<\/li>\n\n\n\n<li>Prefieren una dentadura removible con mayor estabilidad<\/li>\n<\/ul>\n\n\n\n<p>Durante su consulta en Woodland Family Dental, utilizaremos im\u00e1genes digitales y escaneo intraoral para evaluar la salud de su hueso maxilar y ayudar a determinar si usted es candidato para las dentaduras a presi\u00f3n.<\/p>\n\n\n\n<h2 class=\"wp-block-heading\">Beneficios de las Dentaduras a Presi\u00f3n<\/h2>\n\n\n\n<ul class=\"wp-block-list c3 lst-kix_zfoq9bronotl-0 start\">\n<li>Mayor seguridad y comodidad durante todo el d\u00eda<\/li>\n\n\n\n<li>No se requieren adhesivos desordenados<\/li>\n\n\n\n<li>Comer m\u00e1s f\u00e1cil y hablar m\u00e1s claro<\/li>\n\n\n\n<li>Ayuda a preservar el hueso maxilar al estimular el hueso con implantes<\/li>\n\n\n\n<li>M\u00e1s asequible que los puentes de implantes fijos completos<\/li>\n<\/ul>\n\n\n\n<p>Seg\u00fan estudios publicados en el Journal of Prosthodontics, los pacientes con <\/p>\n\n\n\n<p>Las dentaduras retenidas por implantes reportan una satisfacci\u00f3n significativamente mayor en t\u00e9rminos de capacidad de masticaci\u00f3n, confianza y comodidad general en comparaci\u00f3n con aquellos con dentaduras convencionales.<\/p>\n<\/div><\/div>\n\n<div class=\"wp-block-media-text alignwide has-media-on-the-right is-stacked-on-mobile\"><div class=\"wp-block-media-text__content\">\n<h2 class=\"wp-block-heading\">Qu\u00e9 esperar del tratamiento<\/h2>\n\n\n\n<p>El proceso t\u00edpicamente incluye:<\/p>\n\n\n\n<ol class=\"c3 lst-kix_97z0abiq799n-0 start wp-block-list\" start=\"1\"><li class=\"c1 c6 li-bullet-0\"><strong>Colocaci\u00f3n del implante <\/strong>Se colocan de dos a cuatro implantes en el hueso maxilar.<\/li><li class=\"c1 c6 li-bullet-0\"><strong>Per\u00edodo de curaci\u00f3n<\/strong> Los implantes se integran con su hueso durante unos meses.<\/li><li class=\"c1 c6 li-bullet-0\"><strong>Fijaci\u00f3n de la dentadura<\/strong> Su dentadura personalizada est\u00e1 dise\u00f1ada para \u00abencajarse\u00bb de forma segura a los pilares del implante.<\/li><\/ol>\n\n\n\n<p>Tambi\u00e9n ofrecemos reparaciones y rebasados de dentaduras a presi\u00f3n, y podemos ayudar a actualizar su dentadura actual a una versi\u00f3n retenida por implantes si corresponde.<\/p>\n\n\n\n<h2 class=\"wp-block-heading\">Dentaduras a Presi\u00f3n en Woodland con Opciones Asequibles<\/h2>\n\n\n\n<p>Con orgullo aceptamos Dentical, lo que hace que las dentaduras soportadas por implantes sean m\u00e1s accesibles para los pacientes en todo Woodland y West Sacramento. Nuestro equipo biling\u00fce est\u00e1 aqu\u00ed para ayudarlo en cada paso del camino, ya sea que est\u00e9 reemplazando su dentadura actual o explorando esta opci\u00f3n por primera vez.<\/p>\n<\/div><figure class=\"wp-block-media-text__media\"><img loading=\"lazy\" decoding=\"async\" width=\"960\" height=\"960\" src=\"https:\/\/www.dentistinwoodland.com\/wp-content\/uploads\/2025\/04\/bigstock-Cheerful-middle-aged-couple-si-171936446-medium.jpg\" alt=\"Alegre pareja de mediana edad sentada frente a una casa nueva.\" class=\"wp-image-1218 size-full\" srcset=\"https:\/\/www.dentistinwoodland.com\/wp-content\/uploads\/2025\/04\/bigstock-Cheerful-middle-aged-couple-si-171936446-medium.jpg 960w, https:\/\/www.dentistinwoodland.com\/wp-content\/uploads\/2025\/04\/bigstock-Cheerful-middle-aged-couple-si-171936446-medium-300x300.jpg 300w, https:\/\/www.dentistinwoodland.com\/wp-content\/uploads\/2025\/04\/bigstock-Cheerful-middle-aged-couple-si-171936446-medium-768x768.jpg 768w, https:\/\/www.dentistinwoodland.com\/wp-content\/uploads\/2025\/04\/bigstock-Cheerful-middle-aged-couple-si-171936446-medium-192x192.jpg 192w, https:\/\/www.dentistinwoodland.com\/wp-content\/uploads\/2025\/04\/bigstock-Cheerful-middle-aged-couple-si-171936446-medium-32x32.jpg 32w\" sizes=\"auto, (max-width: 960px) 100vw, 960px\" \/><\/figure><\/div>\n\n<div class=\"bio bg-light flc-section-padding\">\n    <div class=\"container\">\n        <div class=\"row align-items-center\">\n                            <div class=\"col-md-6 mb-4 mb-md-0\">\n                    <img loading=\"lazy\" decoding=\"async\" width=\"960\" height=\"960\" src=\"https:\/\/www.dentistinwoodland.com\/wp-content\/uploads\/2025\/04\/2.jpg\" class=\"img-fluid\" alt=\"Dos mujeres sonrientes se sientan detr\u00e1s de un mostrador de recepci\u00f3n con revistas y carteles informativos, en una sala de espera de una oficina con un cartel en la pared que dice &quot;Nos reservamos el derecho de rechazar el servicio a cualquier persona&quot;.\" srcset=\"https:\/\/www.dentistinwoodland.com\/wp-content\/uploads\/2025\/04\/2.jpg 960w, https:\/\/www.dentistinwoodland.com\/wp-content\/uploads\/2025\/04\/2-300x300.jpg 300w, https:\/\/www.dentistinwoodland.com\/wp-content\/uploads\/2025\/04\/2-768x768.jpg 768w, https:\/\/www.dentistinwoodland.com\/wp-content\/uploads\/2025\/04\/2-192x192.jpg 192w, https:\/\/www.dentistinwoodland.com\/wp-content\/uploads\/2025\/04\/2-32x32.jpg 32w\" sizes=\"auto, (max-width: 960px) 100vw, 960px\" \/>                <\/div>\n                        <div class=\"col-md-6 pl-md-5\">\n                                    <h2>Atenci\u00f3n dental integral y familiar<\/h2>\n                \n                                    <p>En Woodland Family Dental, creemos que todo el mundo merece una experiencia dental positiva. Nuestro equipo se dedica a crear un ambiente acogedor para los pacientes de todas las edades, asegurando que cada visita es libre de estr\u00e9s y adaptado a sus necesidades \u00fanicas. Combinamos el estado de la t\u00e9cnica dental con un enfoque compasivo, por lo que la atenci\u00f3n dental de alta calidad accesible a las personas y familias a trav\u00e9s de Woodland y West Sacramento.<\/p>\n                \n                                    <a class=\"btn btn-outline-primary\" href=\"https:\/\/www.dentistinwoodland.com\/es\/acerca-de-nosotros\/\" target=\"_self\">\n                        Acerca de nosotros                    <\/a>\n                            <\/div>\n        <\/div>\n    <\/div>\n<\/div>\n<h2 class=\"wp-block-heading\">Asegure Su Sonrisa con Dentaduras a Presi\u00f3n<\/h2>\n\n<p>No se conforme con dentaduras postizas sueltas o inc\u00f3modas. P\u00f3ngase en contacto con Woodland Family Dental hoy mismo para <a href=\"https:\/\/app.nexhealth.com\/appts\/ora-dentistry?lid=334187\" class=\"contact_anchor \"><span>programar su consulta<\/span><\/a> y conocer c\u00f3mo las dentaduras a presi\u00f3n pueden mejorar su calidad de vida.<\/p>\n","protected":false},"excerpt":{"rendered":"<p>Si est\u00e1 cansado de lidiar con dentaduras postizas tradicionales que se mueven, las dentaduras a presi\u00f3n podr\u00edan ser la soluci\u00f3n segura y c\u00f3moda que ha estado buscando. En Woodland Family Dental, ofrecemos dentaduras retenidas por implantes, com\u00fanmente llamadas dentaduras a presi\u00f3n, para pacientes en Woodland, CA y el \u00e1rea circundante de West Sacramento que desean&hellip; <a href=\"https:\/\/www.dentistinwoodland.com\/es\/procedimientos\/odontologia-restauradora\/dentaduras-a-presion-snap-on\/\" class=\"btn btn-outline-primary position-absolute more-link\"> Seguir leyendo <span class=\"sr-only\"> acerca de Dentaduras a Presi\u00f3n (Snap-on)<\/span><\/a><\/p>\n","protected":false},"author":2,"featured_media":1214,"parent":2241,"menu_order":0,"comment_status":"closed","ping_status":"closed","template":"template-fullwidth.php","meta":{"_acf_changed":false,"footnotes":""},"class_list":["post-2249","page","type-page","status-publish","has-post-thumbnail"],"acf":[],"yoast_head":"<!-- This site is optimized with the Yoast SEO plugin v26.6 - https:\/\/yoast.com\/wordpress\/plugins\/seo\/ -->\n<title>Dentaduras a Presi\u00f3n (Snap-on) | Woodland Family Dental<\/title>\n<meta name=\"description\" content=\"Las dentaduras a presi\u00f3n en Woodland, CA ofrecen un reemplazo dental seguro y c\u00f3modo. Woodland Family Dental atiende a pacientes de West Sacramento. Equipo biling\u00fce. Aceptamos Dentical.\" \/>\n<meta name=\"robots\" content=\"index, follow, max-snippet:-1, max-image-preview:large, max-video-preview:-1\" \/>\n<link rel=\"canonical\" href=\"https:\/\/www.dentistinwoodland.com\/es\/procedimientos\/odontologia-restauradora\/dentaduras-a-presion-snap-on\/\" \/>\n<meta property=\"og:locale\" content=\"es_ES\" \/>\n<meta property=\"og:type\" content=\"article\" \/>\n<meta property=\"og:title\" content=\"Dentaduras a Presi\u00f3n (Snap-on) | Woodland Family Dental\" \/>\n<meta property=\"og:description\" content=\"Las dentaduras a presi\u00f3n en Woodland, CA ofrecen un reemplazo dental seguro y c\u00f3modo. Woodland Family Dental atiende a pacientes de West Sacramento. Equipo biling\u00fce. Aceptamos Dentical.\" \/>\n<meta property=\"og:url\" content=\"https:\/\/www.dentistinwoodland.com\/es\/procedimientos\/odontologia-restauradora\/dentaduras-a-presion-snap-on\/\" \/>\n<meta property=\"og:site_name\" content=\"Woodland Family Dental\" \/>\n<meta property=\"article:modified_time\" content=\"2025-05-14T13:52:42+00:00\" \/>\n<meta property=\"og:image\" content=\"https:\/\/www.dentistinwoodland.com\/wp-content\/uploads\/2025\/04\/bigstock-Successful-happy-retired-man-s-145768487-xxlarge.jpg\" \/><meta property=\"og:image\" content=\"https:\/\/www.dentistinwoodland.com\/wp-content\/uploads\/2025\/04\/bigstock-Hispanic-Couple-Relaxing-At-Ho-91333598-xxlarge.jpg\" \/>\n\t<meta property=\"og:image:width\" content=\"1920\" \/>\n\t<meta property=\"og:image:height\" content=\"767\" \/>\n\t<meta property=\"og:image:type\" content=\"image\/jpeg\" \/>\n<meta name=\"twitter:card\" content=\"summary_large_image\" \/>\n<meta name=\"twitter:image\" content=\"https:\/\/www.dentistinwoodland.com\/wp-content\/uploads\/2025\/04\/bigstock-Successful-happy-retired-man-s-145768487-xxlarge.jpg\" \/>\n<meta name=\"twitter:label1\" content=\"Tiempo de lectura\" \/>\n\t<meta name=\"twitter:data1\" content=\"3 minutos\" \/>\n<!-- \/ Yoast SEO plugin. -->","yoast_head_json":{"title":"Dentaduras a Presi\u00f3n (Snap-on) | Woodland Family Dental","description":"Las dentaduras a presi\u00f3n en Woodland, CA ofrecen un reemplazo dental seguro y c\u00f3modo. Woodland Family Dental atiende a pacientes de West Sacramento. Equipo biling\u00fce. Aceptamos Dentical.","robots":{"index":"index","follow":"follow","max-snippet":"max-snippet:-1","max-image-preview":"max-image-preview:large","max-video-preview":"max-video-preview:-1"},"canonical":"https:\/\/www.dentistinwoodland.com\/es\/procedimientos\/odontologia-restauradora\/dentaduras-a-presion-snap-on\/","og_locale":"es_ES","og_type":"article","og_title":"Dentaduras a Presi\u00f3n (Snap-on) | Woodland Family Dental","og_description":"Las dentaduras a presi\u00f3n en Woodland, CA ofrecen un reemplazo dental seguro y c\u00f3modo. Woodland Family Dental atiende a pacientes de West Sacramento. Equipo biling\u00fce. Aceptamos Dentical.","og_url":"https:\/\/www.dentistinwoodland.com\/es\/procedimientos\/odontologia-restauradora\/dentaduras-a-presion-snap-on\/","og_site_name":"Woodland Family Dental","article_modified_time":"2025-05-14T13:52:42+00:00","og_image":[{"url":"https:\/\/www.dentistinwoodland.com\/wp-content\/uploads\/2025\/04\/bigstock-Successful-happy-retired-man-s-145768487-xxlarge.jpg","type":"","width":"","height":""},{"width":1920,"height":767,"url":"https:\/\/www.dentistinwoodland.com\/wp-content\/uploads\/2025\/04\/bigstock-Hispanic-Couple-Relaxing-At-Ho-91333598-xxlarge.jpg","type":"image\/jpeg"}],"twitter_card":"summary_large_image","twitter_image":"https:\/\/www.dentistinwoodland.com\/wp-content\/uploads\/2025\/04\/bigstock-Successful-happy-retired-man-s-145768487-xxlarge.jpg","twitter_misc":{"Tiempo de lectura":"3 minutos"},"schema":{"@context":"https:\/\/schema.org","@graph":[{"@type":"WebPage","@id":"https:\/\/www.dentistinwoodland.com\/es\/procedimientos\/odontologia-restauradora\/dentaduras-a-presion-snap-on\/","url":"https:\/\/www.dentistinwoodland.com\/es\/procedimientos\/odontologia-restauradora\/dentaduras-a-presion-snap-on\/","name":"Dentaduras a Presi\u00f3n (Snap-on) | Woodland Family Dental","isPartOf":{"@id":"https:\/\/www.dentistinwoodland.com\/es\/#website"},"primaryImageOfPage":{"@id":"https:\/\/www.dentistinwoodland.com\/es\/procedimientos\/odontologia-restauradora\/dentaduras-a-presion-snap-on\/#primaryimage"},"image":{"@id":"https:\/\/www.dentistinwoodland.com\/es\/procedimientos\/odontologia-restauradora\/dentaduras-a-presion-snap-on\/#primaryimage"},"thumbnailUrl":"https:\/\/www.dentistinwoodland.com\/wp-content\/uploads\/2025\/04\/bigstock-Hispanic-Couple-Relaxing-At-Ho-91333598-xxlarge.jpg","datePublished":"2023-01-17T19:07:53+00:00","dateModified":"2025-05-14T13:52:42+00:00","description":"Las dentaduras a presi\u00f3n en Woodland, CA ofrecen un reemplazo dental seguro y c\u00f3modo. Woodland Family Dental atiende a pacientes de West Sacramento. Equipo biling\u00fce. Aceptamos Dentical.","breadcrumb":{"@id":"https:\/\/www.dentistinwoodland.com\/es\/procedimientos\/odontologia-restauradora\/dentaduras-a-presion-snap-on\/#breadcrumb"},"inLanguage":"es","potentialAction":[{"@type":"ReadAction","target":["https:\/\/www.dentistinwoodland.com\/es\/procedimientos\/odontologia-restauradora\/dentaduras-a-presion-snap-on\/"]}]},{"@type":"ImageObject","inLanguage":"es","@id":"https:\/\/www.dentistinwoodland.com\/es\/procedimientos\/odontologia-restauradora\/dentaduras-a-presion-snap-on\/#primaryimage","url":"https:\/\/www.dentistinwoodland.com\/wp-content\/uploads\/2025\/04\/bigstock-Hispanic-Couple-Relaxing-At-Ho-91333598-xxlarge.jpg","contentUrl":"https:\/\/www.dentistinwoodland.com\/wp-content\/uploads\/2025\/04\/bigstock-Hispanic-Couple-Relaxing-At-Ho-91333598-xxlarge.jpg","width":1920,"height":767,"caption":"Una mujer y un hombre se sientan juntos, sonr\u00eden a la c\u00e1mara con los brazos cruzados sobre una mesa frente a ellos."},{"@type":"BreadcrumbList","@id":"https:\/\/www.dentistinwoodland.com\/es\/procedimientos\/odontologia-restauradora\/dentaduras-a-presion-snap-on\/#breadcrumb","itemListElement":[{"@type":"ListItem","position":1,"name":"Home","item":"https:\/\/www.dentistinwoodland.com\/es\/inicio\/"},{"@type":"ListItem","position":2,"name":"Procedimientos","item":"https:\/\/www.dentistinwoodland.com\/es\/procedimientos\/"},{"@type":"ListItem","position":3,"name":"Odontolog\u00eda restauradora","item":"https:\/\/www.dentistinwoodland.com\/es\/procedimientos\/odontologia-restauradora\/"},{"@type":"ListItem","position":4,"name":"Dentaduras a Presi\u00f3n (Snap-on)"}]},{"@type":"WebSite","@id":"https:\/\/www.dentistinwoodland.com\/es\/#website","url":"https:\/\/www.dentistinwoodland.com\/es\/","name":"Woodland Family Dental","description":"","potentialAction":[{"@type":"SearchAction","target":{"@type":"EntryPoint","urlTemplate":"https:\/\/www.dentistinwoodland.com\/es\/?s={search_term_string}"},"query-input":{"@type":"PropertyValueSpecification","valueRequired":true,"valueName":"search_term_string"}}],"inLanguage":"es"}]}},"_links":{"self":[{"href":"https:\/\/www.dentistinwoodland.com\/es\/wp-json\/wp\/v2\/pages\/2249","targetHints":{"allow":["GET"]}}],"collection":[{"href":"https:\/\/www.dentistinwoodland.com\/es\/wp-json\/wp\/v2\/pages"}],"about":[{"href":"https:\/\/www.dentistinwoodland.com\/es\/wp-json\/wp\/v2\/types\/page"}],"author":[{"embeddable":true,"href":"https:\/\/www.dentistinwoodland.com\/es\/wp-json\/wp\/v2\/users\/2"}],"replies":[{"embeddable":true,"href":"https:\/\/www.dentistinwoodland.com\/es\/wp-json\/wp\/v2\/comments?post=2249"}],"version-history":[{"count":1,"href":"https:\/\/www.dentistinwoodland.com\/es\/wp-json\/wp\/v2\/pages\/2249\/revisions"}],"predecessor-version":[{"id":2250,"href":"https:\/\/www.dentistinwoodland.com\/es\/wp-json\/wp\/v2\/pages\/2249\/revisions\/2250"}],"up":[{"embeddable":true,"href":"https:\/\/www.dentistinwoodland.com\/es\/wp-json\/wp\/v2\/pages\/2241"}],"wp:featuredmedia":[{"embeddable":true,"href":"https:\/\/www.dentistinwoodland.com\/es\/wp-json\/wp\/v2\/media\/1214"}],"wp:attachment":[{"href":"https:\/\/www.dentistinwoodland.com\/es\/wp-json\/wp\/v2\/media?parent=2249"}],"curies":[{"name":"wp","href":"https:\/\/api.w.org\/{rel}","templated":true}]}}