{"id":2245,"date":"2023-01-17T14:07:53","date_gmt":"2023-01-17T19:07:53","guid":{"rendered":"https:\/\/www.dentistinwoodland.com\/procedimientos\/odontologia-restauradora\/implantes-dentales-all-on-4\/"},"modified":"2025-05-29T15:31:20","modified_gmt":"2025-05-29T20:31:20","slug":"implantes-dentales-all-on-4","status":"publish","type":"page","link":"https:\/\/www.dentistinwoodland.com\/es\/procedimientos\/odontologia-restauradora\/implantes-dentales-all-on-4\/","title":{"rendered":"Implantes Dentales All-on-4"},"content":{"rendered":"\n<p>Si le faltan la mayor\u00eda o todos sus dientes, no tiene que vivir con dentaduras postizas tradicionales o una sonrisa incompleta. En Woodland Family Dental, nos enorgullece ofrecer implantes dentales All-on-4, una soluci\u00f3n permanente y estable para el r<a href=\"https:\/\/www.dentistinwoodland.com\/restorative-dentistry\/\">eemplazo de todos<\/a> los dientes. Pacientes de todo Woodland, CA y West Sacramento nos eligen por nuestra odontolog\u00eda de implantes avanzada que combina comodidad, funci\u00f3n y resultados duraderos.  <\/p>\n\n    <div class=\"featured-testimonial-block bg-primary py-5 text-body\" id=\"featured-testimonial-block_9cf043cae045634d05125a9ed889654e\">\n        <div class=\"container\">\n            <div class=\"row justify-content-center\">\n                <div class=\"col-md-10 py-4\">\n                    <blockquote class=\"testimonials-blockquote mb-0 bg-light p-3 p-md-4 p-lg-5 position-relative\" style=\"border-radius: 2rem\">\n                        <svg class=\"testimonials-icon\" width=\"69\" height=\"69\" viewBox=\"0 0 69 69\" fill=\"none\" xmlns=\"http:\/\/www.w3.org\/2000\/svg\">\n                            <g filter=\"url(#filter0_d_1402_180)\">\n                            <circle cx=\"34.2612\" cy=\"33\" r=\"33\" fill=\"var(--primary)\"\/>\n                            <\/g>\n                            <path d=\"M22.757 19C17.1184 19 12.5473 23.6201 12.5473 29.3195C12.5473 35.0169 17.1184 39.6369 22.757 39.6369V46.3726C28.8237 43.1504 32.9668 36.7277 32.9668 29.3195C32.9668 23.6201 28.3957 19 22.757 19Z\" fill=\"white\"\/>\n                            <path d=\"M45.7892 19C40.1517 19 35.5803 23.6201 35.5803 29.3195C35.5803 35.0169 40.1517 39.6369 45.7892 39.6369V46.3726C51.8561 43.1504 56 36.7277 56 29.3195C56 23.6201 51.4285 19 45.7892 19Z\" fill=\"white\"\/>\n                        <\/svg>\n                        <div class=\"content\">Excelente servicio, recomendar\u00eda este lugar 100% llevo viniendo de Yuba City y realmente voy bien a gusto, las chicas son encantadoras y el dr es bien amable 100%<\/div>\n\n                        <div class=\"center-us d-flex align-items-center mt-4\">\n                            <cite class=\"d-block h5 m-0 pr-3 text-black\">Nelida Burgara<\/cite>\n                            <div class=\"testimonials-stars \">\n\t<svg class=\"svg-inline--fa fa-star  fa-w-18\" aria-hidden=\"true\" data-prefix=\"fab\" data-icon=\"star\" role=\"img\" xmlns=\"http:\/\/www.w3.org\/2000\/svg\" viewBox=\"0 0 576 512\" data-fa-i2svg=\"\"><path fill=\"currentColor\" d=\"M259.3 17.8L194 150.2 47.9 171.5c-26.2 3.8-36.7 36.1-17.7 54.6l105.7 103-25 145.5c-4.5 26.3 23.2 46 46.4 33.7L288 439.6l130.7 68.7c23.2 12.2 50.9-7.4 46.4-33.7l-25-145.5 105.7-103c19-18.5 8.5-50.8-17.7-54.6L382 150.2 316.7 17.8c-11.7-23.6-45.6-23.9-57.4 0z\"><\/path><\/svg>\t<svg class=\"svg-inline--fa fa-star  fa-w-18\" aria-hidden=\"true\" data-prefix=\"fab\" data-icon=\"star\" role=\"img\" xmlns=\"http:\/\/www.w3.org\/2000\/svg\" viewBox=\"0 0 576 512\" data-fa-i2svg=\"\"><path fill=\"currentColor\" d=\"M259.3 17.8L194 150.2 47.9 171.5c-26.2 3.8-36.7 36.1-17.7 54.6l105.7 103-25 145.5c-4.5 26.3 23.2 46 46.4 33.7L288 439.6l130.7 68.7c23.2 12.2 50.9-7.4 46.4-33.7l-25-145.5 105.7-103c19-18.5 8.5-50.8-17.7-54.6L382 150.2 316.7 17.8c-11.7-23.6-45.6-23.9-57.4 0z\"><\/path><\/svg>\t<svg class=\"svg-inline--fa fa-star  fa-w-18\" aria-hidden=\"true\" data-prefix=\"fab\" data-icon=\"star\" role=\"img\" xmlns=\"http:\/\/www.w3.org\/2000\/svg\" viewBox=\"0 0 576 512\" data-fa-i2svg=\"\"><path fill=\"currentColor\" d=\"M259.3 17.8L194 150.2 47.9 171.5c-26.2 3.8-36.7 36.1-17.7 54.6l105.7 103-25 145.5c-4.5 26.3 23.2 46 46.4 33.7L288 439.6l130.7 68.7c23.2 12.2 50.9-7.4 46.4-33.7l-25-145.5 105.7-103c19-18.5 8.5-50.8-17.7-54.6L382 150.2 316.7 17.8c-11.7-23.6-45.6-23.9-57.4 0z\"><\/path><\/svg>\t<svg class=\"svg-inline--fa fa-star  fa-w-18\" aria-hidden=\"true\" data-prefix=\"fab\" data-icon=\"star\" role=\"img\" xmlns=\"http:\/\/www.w3.org\/2000\/svg\" viewBox=\"0 0 576 512\" data-fa-i2svg=\"\"><path fill=\"currentColor\" d=\"M259.3 17.8L194 150.2 47.9 171.5c-26.2 3.8-36.7 36.1-17.7 54.6l105.7 103-25 145.5c-4.5 26.3 23.2 46 46.4 33.7L288 439.6l130.7 68.7c23.2 12.2 50.9-7.4 46.4-33.7l-25-145.5 105.7-103c19-18.5 8.5-50.8-17.7-54.6L382 150.2 316.7 17.8c-11.7-23.6-45.6-23.9-57.4 0z\"><\/path><\/svg>\t<svg class=\"svg-inline--fa fa-star  fa-w-18\" aria-hidden=\"true\" data-prefix=\"fab\" data-icon=\"star\" role=\"img\" xmlns=\"http:\/\/www.w3.org\/2000\/svg\" viewBox=\"0 0 576 512\" data-fa-i2svg=\"\"><path fill=\"currentColor\" d=\"M259.3 17.8L194 150.2 47.9 171.5c-26.2 3.8-36.7 36.1-17.7 54.6l105.7 103-25 145.5c-4.5 26.3 23.2 46 46.4 33.7L288 439.6l130.7 68.7c23.2 12.2 50.9-7.4 46.4-33.7l-25-145.5 105.7-103c19-18.5 8.5-50.8-17.7-54.6L382 150.2 316.7 17.8c-11.7-23.6-45.6-23.9-57.4 0z\"><\/path><\/svg><\/div>                        <\/div>\n                    <\/blockquote>\n                <\/div>\n            <\/div>\n        <\/div>\n    <\/div>\n\n<div class=\"wp-block-media-text alignwide is-stacked-on-mobile\"><figure class=\"wp-block-media-text__media\"><img loading=\"lazy\" decoding=\"async\" width=\"960\" height=\"960\" src=\"https:\/\/www.dentistinwoodland.com\/wp-content\/uploads\/2025\/04\/bigstock-Funny-Couple-Laughing-With-A-W-72444880-medium.jpg\" alt=\"Pareja divertida riendo con una sonrisa blanca perfecta y mir\u00e1ndose al aire libre con fondo desenfocado.\" class=\"wp-image-1184 size-full\" srcset=\"https:\/\/www.dentistinwoodland.com\/wp-content\/uploads\/2025\/04\/bigstock-Funny-Couple-Laughing-With-A-W-72444880-medium.jpg 960w, https:\/\/www.dentistinwoodland.com\/wp-content\/uploads\/2025\/04\/bigstock-Funny-Couple-Laughing-With-A-W-72444880-medium-300x300.jpg 300w, https:\/\/www.dentistinwoodland.com\/wp-content\/uploads\/2025\/04\/bigstock-Funny-Couple-Laughing-With-A-W-72444880-medium-768x768.jpg 768w, https:\/\/www.dentistinwoodland.com\/wp-content\/uploads\/2025\/04\/bigstock-Funny-Couple-Laughing-With-A-W-72444880-medium-192x192.jpg 192w, https:\/\/www.dentistinwoodland.com\/wp-content\/uploads\/2025\/04\/bigstock-Funny-Couple-Laughing-With-A-W-72444880-medium-32x32.jpg 32w\" sizes=\"auto, (max-width: 960px) 100vw, 960px\" \/><\/figure><div class=\"wp-block-media-text__content\">\n<h2 class=\"wp-block-heading\">Implantes de Boca Completa Sin Esperar<\/h2>\n\n\n\n<p>All-on-4 es una t\u00e9cnica revolucionaria que nos permite reemplazar una arcada completa de dientes perdidos utilizando solo cuatro implantes dentales colocados estrat\u00e9gicamente. En muchos casos, se puede colocar un juego completo de dientes fijos el mismo d\u00eda de la cirug\u00eda, lo que significa que usted sale con una nueva sonrisa en una sola visita. <\/p>\n\n\n\n<p>El m\u00e9todo All-on-4 es ideal para pacientes que:<\/p>\n\n\n\n<ul class=\"wp-block-list c3 lst-kix_ptnp9z24398f-0 start\">\n<li>Les faltan la mayor\u00eda o todos sus dientes<\/li>\n\n\n\n<li>Est\u00e1n cansados de dentaduras postizas sueltas o inc\u00f3modas<\/li>\n\n\n\n<li>Tienen p\u00e9rdida \u00f3sea y desean evitar un injerto \u00f3seo<\/li>\n\n\n\n<li>Desean una soluci\u00f3n de arcada completa m\u00e1s r\u00e1pida y asequible<\/li>\n<\/ul>\n\n\n\n<p>Este enfoque optimizado reduce el tiempo de recuperaci\u00f3n, los procedimientos quir\u00fargicos y el costo general en comparaci\u00f3n con los m\u00e9todos de implantes tradicionales.<\/p>\n\n\n\n<h2 class=\"wp-block-heading\">\u00bfEn qu\u00e9 consiste el proceso de tratamiento ORA4\u00ae?<\/h2>\n\n\n\n<p>En Woodland Family Dental, utilizamos el m\u00e9todo ORA4 \u00ae &#8211; un estado de la t\u00e9cnica All-on-X sistema dise\u00f1ado para la durabilidad y precisi\u00f3n. Este proceso \u00fanico incluye: <\/p>\n\n\n\n<ul class=\"wp-block-list c3 lst-kix_s6aj6f2ldne-0 start\">\n<li>Planificaci\u00f3n digital detallada con im\u00e1genes 3D<\/li>\n\n\n\n<li>Colocaci\u00f3n estrat\u00e9gica de cuatro (o m\u00e1s) implantes por arcada<\/li>\n\n\n\n<li>Dientes fijos temporales colocados el mismo d\u00eda de la cirug\u00eda<\/li>\n\n\n\n<li>Dientes finales, hechos a medida, colocados despu\u00e9s de la curaci\u00f3n para un ajuste y est\u00e9tica \u00f3ptimos<\/li>\n<\/ul>\n\n\n\n<p>Con ORA4X, los pacientes disfrutan de mayor comodidad, funci\u00f3n m\u00e1s r\u00e1pida y una sonrisa hermosa y completamente funcional que se ve y se siente como dientes naturales.<\/p>\n<\/div><\/div>\n\n<div class=\"wp-block-media-text alignwide has-media-on-the-right is-stacked-on-mobile\"><div class=\"wp-block-media-text__content\">\n<h2 class=\"wp-block-heading\">Beneficios de los Implantes Dentales All-on-4<\/h2>\n\n\n\n<ul class=\"wp-block-list c3 lst-kix_4bsqfing26gx-0 start\">\n<li>Sin deslizamientos ni chasquidos como las dentaduras postizas tradicionales<\/li>\n\n\n\n<li>Coma los alimentos que ama con confianza<\/li>\n\n\n\n<li>Previene la p\u00e9rdida de hueso maxilar y el colapso facial<\/li>\n\n\n\n<li>Limpieza y mantenimiento m\u00e1s f\u00e1ciles que los implantes individuales<\/li>\n\n\n\n<li>Resultados duraderos con el cuidado adecuado<\/li>\n<\/ul>\n\n\n\n<p>Seg\u00fan el Journal of Clinical Implant Dentistry and Related Research, los implantes All-on-4 tienen una tasa de \u00e9xito de m\u00e1s del 95%, lo que los convierte en una de las opciones de reemplazo de boca completa m\u00e1s confiables.<\/p>\n<\/div><figure class=\"wp-block-media-text__media\"><img loading=\"lazy\" decoding=\"async\" width=\"960\" height=\"960\" src=\"https:\/\/www.dentistinwoodland.com\/wp-content\/uploads\/2025\/04\/5.jpg\" alt=\"Un hombre con gafas de sol y bata blanca est\u00e1 sentado y sonr\u00ede en un consultorio dental.\" class=\"wp-image-2007 size-full\" srcset=\"https:\/\/www.dentistinwoodland.com\/wp-content\/uploads\/2025\/04\/5.jpg 960w, https:\/\/www.dentistinwoodland.com\/wp-content\/uploads\/2025\/04\/5-300x300.jpg 300w, https:\/\/www.dentistinwoodland.com\/wp-content\/uploads\/2025\/04\/5-768x768.jpg 768w, https:\/\/www.dentistinwoodland.com\/wp-content\/uploads\/2025\/04\/5-192x192.jpg 192w, https:\/\/www.dentistinwoodland.com\/wp-content\/uploads\/2025\/04\/5-32x32.jpg 32w\" sizes=\"auto, (max-width: 960px) 100vw, 960px\" \/><\/figure><\/div>\n\n<div class=\"bio bg-light flc-section-padding\">\n    <div class=\"container\">\n        <div class=\"row align-items-center\">\n                            <div class=\"col-md-6 mb-4 mb-md-0\">\n                    <img loading=\"lazy\" decoding=\"async\" width=\"960\" height=\"960\" src=\"https:\/\/www.dentistinwoodland.com\/wp-content\/uploads\/2025\/04\/2.jpg\" class=\"img-fluid\" alt=\"Dos mujeres sonrientes se sientan detr\u00e1s de un mostrador de recepci\u00f3n con revistas y carteles informativos, en una sala de espera de una oficina con un cartel en la pared que dice &quot;Nos reservamos el derecho de rechazar el servicio a cualquier persona&quot;.\" srcset=\"https:\/\/www.dentistinwoodland.com\/wp-content\/uploads\/2025\/04\/2.jpg 960w, https:\/\/www.dentistinwoodland.com\/wp-content\/uploads\/2025\/04\/2-300x300.jpg 300w, https:\/\/www.dentistinwoodland.com\/wp-content\/uploads\/2025\/04\/2-768x768.jpg 768w, https:\/\/www.dentistinwoodland.com\/wp-content\/uploads\/2025\/04\/2-192x192.jpg 192w, https:\/\/www.dentistinwoodland.com\/wp-content\/uploads\/2025\/04\/2-32x32.jpg 32w\" sizes=\"auto, (max-width: 960px) 100vw, 960px\" \/>                <\/div>\n                        <div class=\"col-md-6 pl-md-5\">\n                                    <h2>Atenci\u00f3n dental integral y familiar<\/h2>\n                \n                                    <p>En Woodland Family Dental, creemos que todo el mundo merece una experiencia dental positiva. Nuestro equipo se dedica a crear un ambiente acogedor para los pacientes de todas las edades, asegurando que cada visita es libre de estr\u00e9s y adaptado a sus necesidades \u00fanicas. Combinamos el estado de la t\u00e9cnica dental con un enfoque compasivo, por lo que la atenci\u00f3n dental de alta calidad accesible a las personas y familias a trav\u00e9s de Woodland y West Sacramento.<\/p>\n                \n                                    <a class=\"btn btn-outline-primary\" href=\"https:\/\/www.dentistinwoodland.com\/es\/acerca-de-nosotros\/\" target=\"_self\">\n                        Acerca de nosotros                    <\/a>\n                            <\/div>\n        <\/div>\n    <\/div>\n<\/div>\n<h2 class=\"wp-block-heading\">Programe su Consulta de Odontolog\u00eda de Implantes en Woodland<\/h2>\n\n<p>En Woodland Family Dental, creemos que cada paciente merece acceso a una atenci\u00f3n dental de primer nivel. Nuestro personal biling\u00fce est\u00e1 aqu\u00ed para guiarlo en cada paso del proceso en ingl\u00e9s o espa\u00f1ol, y aceptamos Dentical, el seguro dental Medicaid de California. <\/p>\n\n<p>\u00bfListo para una soluci\u00f3n de sonrisa permanente? P\u00f3ngase en contacto con Woodland Family Dental en Woodland hoy mismo para <a href=\"https:\/\/app.nexhealth.com\/appts\/ora-dentistry?lid=334187\" class=\"contact_anchor \"><span>programar su consulta<\/span><\/a> y descubrir si los implantes dentales All-on-4 son adecuados para usted. <\/p>\n","protected":false},"excerpt":{"rendered":"<p>Si le faltan la mayor\u00eda o todos sus dientes, no tiene que vivir con dentaduras postizas tradicionales o una sonrisa incompleta. En Woodland Family Dental, nos enorgullece ofrecer implantes dentales All-on-4, una soluci\u00f3n permanente y estable para el reemplazo de todos los dientes. Pacientes de todo Woodland, CA y West Sacramento nos eligen por nuestra&hellip; <a href=\"https:\/\/www.dentistinwoodland.com\/es\/procedimientos\/odontologia-restauradora\/implantes-dentales-all-on-4\/\" class=\"btn btn-outline-primary position-absolute more-link\"> Seguir leyendo <span class=\"sr-only\"> acerca de Implantes Dentales All-on-4<\/span><\/a><\/p>\n","protected":false},"author":2,"featured_media":1182,"parent":2241,"menu_order":0,"comment_status":"closed","ping_status":"closed","template":"template-fullwidth.php","meta":{"_acf_changed":false,"footnotes":""},"class_list":["post-2245","page","type-page","status-publish","has-post-thumbnail"],"acf":[],"yoast_head":"<!-- This site is optimized with the Yoast SEO plugin v26.6 - https:\/\/yoast.com\/wordpress\/plugins\/seo\/ -->\n<title>Implantes Dentales All-on-4 | Woodland Family Dental<\/title>\n<meta name=\"description\" content=\"Obtenga implantes de boca completa con All-on-4 en Woodland Family Dental en Woodland, CA. Con tecnolog\u00eda ORA4X. Atendemos en West Sacramento. Atenci\u00f3n biling\u00fce. Aceptamos Dentical.\" \/>\n<meta name=\"robots\" content=\"index, follow, max-snippet:-1, max-image-preview:large, max-video-preview:-1\" \/>\n<link rel=\"canonical\" href=\"https:\/\/www.dentistinwoodland.com\/es\/procedimientos\/odontologia-restauradora\/implantes-dentales-all-on-4\/\" \/>\n<meta property=\"og:locale\" content=\"es_ES\" \/>\n<meta property=\"og:type\" content=\"article\" \/>\n<meta property=\"og:title\" content=\"Implantes Dentales All-on-4 | Woodland Family Dental\" \/>\n<meta property=\"og:description\" content=\"Obtenga implantes de boca completa con All-on-4 en Woodland Family Dental en Woodland, CA. Con tecnolog\u00eda ORA4X. Atendemos en West Sacramento. Atenci\u00f3n biling\u00fce. Aceptamos Dentical.\" \/>\n<meta property=\"og:url\" content=\"https:\/\/www.dentistinwoodland.com\/es\/procedimientos\/odontologia-restauradora\/implantes-dentales-all-on-4\/\" \/>\n<meta property=\"og:site_name\" content=\"Woodland Family Dental\" \/>\n<meta property=\"article:modified_time\" content=\"2025-05-29T20:31:20+00:00\" \/>\n<meta property=\"og:image\" content=\"https:\/\/www.dentistinwoodland.com\/wp-content\/uploads\/2025\/04\/bigstock-Successful-happy-retired-man-s-145768487-xxlarge.jpg\" \/><meta property=\"og:image\" content=\"https:\/\/www.dentistinwoodland.com\/wp-content\/uploads\/2025\/04\/bigstock-179155525-xxlarge.jpg\" \/>\n\t<meta property=\"og:image:width\" content=\"1920\" \/>\n\t<meta property=\"og:image:height\" content=\"767\" \/>\n\t<meta property=\"og:image:type\" content=\"image\/jpeg\" \/>\n<meta name=\"twitter:card\" content=\"summary_large_image\" \/>\n<meta name=\"twitter:image\" content=\"https:\/\/www.dentistinwoodland.com\/wp-content\/uploads\/2025\/04\/bigstock-Successful-happy-retired-man-s-145768487-xxlarge.jpg\" \/>\n<meta name=\"twitter:label1\" content=\"Tiempo de lectura\" \/>\n\t<meta name=\"twitter:data1\" content=\"3 minutos\" \/>\n<!-- \/ Yoast SEO plugin. -->","yoast_head_json":{"title":"Implantes Dentales All-on-4 | Woodland Family Dental","description":"Obtenga implantes de boca completa con All-on-4 en Woodland Family Dental en Woodland, CA. Con tecnolog\u00eda ORA4X. Atendemos en West Sacramento. Atenci\u00f3n biling\u00fce. Aceptamos Dentical.","robots":{"index":"index","follow":"follow","max-snippet":"max-snippet:-1","max-image-preview":"max-image-preview:large","max-video-preview":"max-video-preview:-1"},"canonical":"https:\/\/www.dentistinwoodland.com\/es\/procedimientos\/odontologia-restauradora\/implantes-dentales-all-on-4\/","og_locale":"es_ES","og_type":"article","og_title":"Implantes Dentales All-on-4 | Woodland Family Dental","og_description":"Obtenga implantes de boca completa con All-on-4 en Woodland Family Dental en Woodland, CA. Con tecnolog\u00eda ORA4X. Atendemos en West Sacramento. Atenci\u00f3n biling\u00fce. Aceptamos Dentical.","og_url":"https:\/\/www.dentistinwoodland.com\/es\/procedimientos\/odontologia-restauradora\/implantes-dentales-all-on-4\/","og_site_name":"Woodland Family Dental","article_modified_time":"2025-05-29T20:31:20+00:00","og_image":[{"url":"https:\/\/www.dentistinwoodland.com\/wp-content\/uploads\/2025\/04\/bigstock-Successful-happy-retired-man-s-145768487-xxlarge.jpg","type":"","width":"","height":""},{"width":1920,"height":767,"url":"https:\/\/www.dentistinwoodland.com\/wp-content\/uploads\/2025\/04\/bigstock-179155525-xxlarge.jpg","type":"image\/jpeg"}],"twitter_card":"summary_large_image","twitter_image":"https:\/\/www.dentistinwoodland.com\/wp-content\/uploads\/2025\/04\/bigstock-Successful-happy-retired-man-s-145768487-xxlarge.jpg","twitter_misc":{"Tiempo de lectura":"3 minutos"},"schema":{"@context":"https:\/\/schema.org","@graph":[{"@type":"WebPage","@id":"https:\/\/www.dentistinwoodland.com\/es\/procedimientos\/odontologia-restauradora\/implantes-dentales-all-on-4\/","url":"https:\/\/www.dentistinwoodland.com\/es\/procedimientos\/odontologia-restauradora\/implantes-dentales-all-on-4\/","name":"Implantes Dentales All-on-4 | Woodland Family Dental","isPartOf":{"@id":"https:\/\/www.dentistinwoodland.com\/es\/#website"},"primaryImageOfPage":{"@id":"https:\/\/www.dentistinwoodland.com\/es\/procedimientos\/odontologia-restauradora\/implantes-dentales-all-on-4\/#primaryimage"},"image":{"@id":"https:\/\/www.dentistinwoodland.com\/es\/procedimientos\/odontologia-restauradora\/implantes-dentales-all-on-4\/#primaryimage"},"thumbnailUrl":"https:\/\/www.dentistinwoodland.com\/wp-content\/uploads\/2025\/04\/bigstock-179155525-xxlarge.jpg","datePublished":"2023-01-17T19:07:53+00:00","dateModified":"2025-05-29T20:31:20+00:00","description":"Obtenga implantes de boca completa con All-on-4 en Woodland Family Dental en Woodland, CA. Con tecnolog\u00eda ORA4X. Atendemos en West Sacramento. Atenci\u00f3n biling\u00fce. Aceptamos Dentical.","breadcrumb":{"@id":"https:\/\/www.dentistinwoodland.com\/es\/procedimientos\/odontologia-restauradora\/implantes-dentales-all-on-4\/#breadcrumb"},"inLanguage":"es","potentialAction":[{"@type":"ReadAction","target":["https:\/\/www.dentistinwoodland.com\/es\/procedimientos\/odontologia-restauradora\/implantes-dentales-all-on-4\/"]}]},{"@type":"ImageObject","inLanguage":"es","@id":"https:\/\/www.dentistinwoodland.com\/es\/procedimientos\/odontologia-restauradora\/implantes-dentales-all-on-4\/#primaryimage","url":"https:\/\/www.dentistinwoodland.com\/wp-content\/uploads\/2025\/04\/bigstock-179155525-xxlarge.jpg","contentUrl":"https:\/\/www.dentistinwoodland.com\/wp-content\/uploads\/2025\/04\/bigstock-179155525-xxlarge.jpg","width":1920,"height":767,"caption":"Una mujer con sombrero marr\u00f3n y chaqueta negra sonr\u00ede al aire libre en un entorno urbano con edificios difuminados al fondo."},{"@type":"BreadcrumbList","@id":"https:\/\/www.dentistinwoodland.com\/es\/procedimientos\/odontologia-restauradora\/implantes-dentales-all-on-4\/#breadcrumb","itemListElement":[{"@type":"ListItem","position":1,"name":"Home","item":"https:\/\/www.dentistinwoodland.com\/es\/inicio\/"},{"@type":"ListItem","position":2,"name":"Procedimientos","item":"https:\/\/www.dentistinwoodland.com\/es\/procedimientos\/"},{"@type":"ListItem","position":3,"name":"Odontolog\u00eda restauradora","item":"https:\/\/www.dentistinwoodland.com\/es\/procedimientos\/odontologia-restauradora\/"},{"@type":"ListItem","position":4,"name":"Implantes Dentales All-on-4"}]},{"@type":"WebSite","@id":"https:\/\/www.dentistinwoodland.com\/es\/#website","url":"https:\/\/www.dentistinwoodland.com\/es\/","name":"Woodland Family Dental","description":"","potentialAction":[{"@type":"SearchAction","target":{"@type":"EntryPoint","urlTemplate":"https:\/\/www.dentistinwoodland.com\/es\/?s={search_term_string}"},"query-input":{"@type":"PropertyValueSpecification","valueRequired":true,"valueName":"search_term_string"}}],"inLanguage":"es"}]}},"_links":{"self":[{"href":"https:\/\/www.dentistinwoodland.com\/es\/wp-json\/wp\/v2\/pages\/2245","targetHints":{"allow":["GET"]}}],"collection":[{"href":"https:\/\/www.dentistinwoodland.com\/es\/wp-json\/wp\/v2\/pages"}],"about":[{"href":"https:\/\/www.dentistinwoodland.com\/es\/wp-json\/wp\/v2\/types\/page"}],"author":[{"embeddable":true,"href":"https:\/\/www.dentistinwoodland.com\/es\/wp-json\/wp\/v2\/users\/2"}],"replies":[{"embeddable":true,"href":"https:\/\/www.dentistinwoodland.com\/es\/wp-json\/wp\/v2\/comments?post=2245"}],"version-history":[{"count":2,"href":"https:\/\/www.dentistinwoodland.com\/es\/wp-json\/wp\/v2\/pages\/2245\/revisions"}],"predecessor-version":[{"id":2690,"href":"https:\/\/www.dentistinwoodland.com\/es\/wp-json\/wp\/v2\/pages\/2245\/revisions\/2690"}],"up":[{"embeddable":true,"href":"https:\/\/www.dentistinwoodland.com\/es\/wp-json\/wp\/v2\/pages\/2241"}],"wp:featuredmedia":[{"embeddable":true,"href":"https:\/\/www.dentistinwoodland.com\/es\/wp-json\/wp\/v2\/media\/1182"}],"wp:attachment":[{"href":"https:\/\/www.dentistinwoodland.com\/es\/wp-json\/wp\/v2\/media?parent=2245"}],"curies":[{"name":"wp","href":"https:\/\/api.w.org\/{rel}","templated":true}]}}