{"id":2241,"date":"2023-01-17T14:07:53","date_gmt":"2023-01-17T19:07:53","guid":{"rendered":"https:\/\/www.dentistinwoodland.com\/procedimientos\/odontologia-restauradora\/"},"modified":"2025-05-20T18:47:42","modified_gmt":"2025-05-20T23:47:42","slug":"odontologia-restauradora","status":"publish","type":"page","link":"https:\/\/www.dentistinwoodland.com\/es\/procedimientos\/odontologia-restauradora\/","title":{"rendered":"Odontolog\u00eda restauradora"},"content":{"rendered":"\n<p>Cuando faltan dientes, est\u00e1n da\u00f1ados o severamente cariados, no solo afecta su sonrisa, sino que tambi\u00e9n puede impactar su capacidad para masticar, hablar y sentirse seguro. En Woodland Family Dental, nos especializamos en odontolog\u00eda restauradora para pacientes en Woodland, CA y la gran \u00e1rea de West Sacramento. Nuestro objetivo es reconstruir sonrisas fuertes, funcionales y hermosas a trav\u00e9s de <a href=\"https:\/\/www.dentistinwoodland.com\/procedures\/\">una atenci\u00f3n personalizada<\/a> que se ajuste a sus necesidades y presupuesto.  <\/p>\n\n    <div class=\"featured-testimonial-block bg-primary py-5 text-body\" id=\"featured-testimonial-block_bacf5ee3daad5a55b7aea359eff4596e\">\n        <div class=\"container\">\n            <div class=\"row justify-content-center\">\n                <div class=\"col-md-10 py-4\">\n                    <blockquote class=\"testimonials-blockquote mb-0 bg-light p-3 p-md-4 p-lg-5 position-relative\" style=\"border-radius: 2rem\">\n                        <svg class=\"testimonials-icon\" width=\"69\" height=\"69\" viewBox=\"0 0 69 69\" fill=\"none\" xmlns=\"http:\/\/www.w3.org\/2000\/svg\">\n                            <g filter=\"url(#filter0_d_1402_180)\">\n                            <circle cx=\"34.2612\" cy=\"33\" r=\"33\" fill=\"var(--primary)\"\/>\n                            <\/g>\n                            <path d=\"M22.757 19C17.1184 19 12.5473 23.6201 12.5473 29.3195C12.5473 35.0169 17.1184 39.6369 22.757 39.6369V46.3726C28.8237 43.1504 32.9668 36.7277 32.9668 29.3195C32.9668 23.6201 28.3957 19 22.757 19Z\" fill=\"white\"\/>\n                            <path d=\"M45.7892 19C40.1517 19 35.5803 23.6201 35.5803 29.3195C35.5803 35.0169 40.1517 39.6369 45.7892 39.6369V46.3726C51.8561 43.1504 56 36.7277 56 29.3195C56 23.6201 51.4285 19 45.7892 19Z\" fill=\"white\"\/>\n                        <\/svg>\n                        <div class=\"content\">Excelente servicio, recomendar\u00eda este lugar 100% llevo viniendo de Yuba City y realmente voy bien a gusto, las chicas son encantadoras y el dr es bien amable 100%<\/div>\n\n                        <div class=\"center-us d-flex align-items-center mt-4\">\n                            <cite class=\"d-block h5 m-0 pr-3 text-black\">Nelida Burgara<\/cite>\n                            <div class=\"testimonials-stars \">\n\t<svg class=\"svg-inline--fa fa-star  fa-w-18\" aria-hidden=\"true\" data-prefix=\"fab\" data-icon=\"star\" role=\"img\" xmlns=\"http:\/\/www.w3.org\/2000\/svg\" viewBox=\"0 0 576 512\" data-fa-i2svg=\"\"><path fill=\"currentColor\" d=\"M259.3 17.8L194 150.2 47.9 171.5c-26.2 3.8-36.7 36.1-17.7 54.6l105.7 103-25 145.5c-4.5 26.3 23.2 46 46.4 33.7L288 439.6l130.7 68.7c23.2 12.2 50.9-7.4 46.4-33.7l-25-145.5 105.7-103c19-18.5 8.5-50.8-17.7-54.6L382 150.2 316.7 17.8c-11.7-23.6-45.6-23.9-57.4 0z\"><\/path><\/svg>\t<svg class=\"svg-inline--fa fa-star  fa-w-18\" aria-hidden=\"true\" data-prefix=\"fab\" data-icon=\"star\" role=\"img\" xmlns=\"http:\/\/www.w3.org\/2000\/svg\" viewBox=\"0 0 576 512\" data-fa-i2svg=\"\"><path fill=\"currentColor\" d=\"M259.3 17.8L194 150.2 47.9 171.5c-26.2 3.8-36.7 36.1-17.7 54.6l105.7 103-25 145.5c-4.5 26.3 23.2 46 46.4 33.7L288 439.6l130.7 68.7c23.2 12.2 50.9-7.4 46.4-33.7l-25-145.5 105.7-103c19-18.5 8.5-50.8-17.7-54.6L382 150.2 316.7 17.8c-11.7-23.6-45.6-23.9-57.4 0z\"><\/path><\/svg>\t<svg class=\"svg-inline--fa fa-star  fa-w-18\" aria-hidden=\"true\" data-prefix=\"fab\" data-icon=\"star\" role=\"img\" xmlns=\"http:\/\/www.w3.org\/2000\/svg\" viewBox=\"0 0 576 512\" data-fa-i2svg=\"\"><path fill=\"currentColor\" d=\"M259.3 17.8L194 150.2 47.9 171.5c-26.2 3.8-36.7 36.1-17.7 54.6l105.7 103-25 145.5c-4.5 26.3 23.2 46 46.4 33.7L288 439.6l130.7 68.7c23.2 12.2 50.9-7.4 46.4-33.7l-25-145.5 105.7-103c19-18.5 8.5-50.8-17.7-54.6L382 150.2 316.7 17.8c-11.7-23.6-45.6-23.9-57.4 0z\"><\/path><\/svg>\t<svg class=\"svg-inline--fa fa-star  fa-w-18\" aria-hidden=\"true\" data-prefix=\"fab\" data-icon=\"star\" role=\"img\" xmlns=\"http:\/\/www.w3.org\/2000\/svg\" viewBox=\"0 0 576 512\" data-fa-i2svg=\"\"><path fill=\"currentColor\" d=\"M259.3 17.8L194 150.2 47.9 171.5c-26.2 3.8-36.7 36.1-17.7 54.6l105.7 103-25 145.5c-4.5 26.3 23.2 46 46.4 33.7L288 439.6l130.7 68.7c23.2 12.2 50.9-7.4 46.4-33.7l-25-145.5 105.7-103c19-18.5 8.5-50.8-17.7-54.6L382 150.2 316.7 17.8c-11.7-23.6-45.6-23.9-57.4 0z\"><\/path><\/svg>\t<svg class=\"svg-inline--fa fa-star  fa-w-18\" aria-hidden=\"true\" data-prefix=\"fab\" data-icon=\"star\" role=\"img\" xmlns=\"http:\/\/www.w3.org\/2000\/svg\" viewBox=\"0 0 576 512\" data-fa-i2svg=\"\"><path fill=\"currentColor\" d=\"M259.3 17.8L194 150.2 47.9 171.5c-26.2 3.8-36.7 36.1-17.7 54.6l105.7 103-25 145.5c-4.5 26.3 23.2 46 46.4 33.7L288 439.6l130.7 68.7c23.2 12.2 50.9-7.4 46.4-33.7l-25-145.5 105.7-103c19-18.5 8.5-50.8-17.7-54.6L382 150.2 316.7 17.8c-11.7-23.6-45.6-23.9-57.4 0z\"><\/path><\/svg><\/div>                        <\/div>\n                    <\/blockquote>\n                <\/div>\n            <\/div>\n        <\/div>\n    <\/div>\n\n<div class=\"wp-block-media-text alignwide is-stacked-on-mobile\"><figure class=\"wp-block-media-text__media\"><img loading=\"lazy\" decoding=\"async\" width=\"960\" height=\"960\" src=\"https:\/\/www.dentistinwoodland.com\/wp-content\/uploads\/2025\/04\/bigstock-Waist-up-Shot-Of-Wise-And-Plea-270140563-medium.jpg\" alt=\"Toma de medio cuerpo de una abuela sabia y complacida, despreocupada y amable, con gafas y cabello blanco, sosteniendo la mano en la barbilla en una pose pensativa y encantada, sonriendo ampliamente con satisfacci\u00f3n y alegr\u00eda sobre una pared gris.\" class=\"wp-image-1012 size-full\" srcset=\"https:\/\/www.dentistinwoodland.com\/wp-content\/uploads\/2025\/04\/bigstock-Waist-up-Shot-Of-Wise-And-Plea-270140563-medium.jpg 960w, https:\/\/www.dentistinwoodland.com\/wp-content\/uploads\/2025\/04\/bigstock-Waist-up-Shot-Of-Wise-And-Plea-270140563-medium-300x300.jpg 300w, https:\/\/www.dentistinwoodland.com\/wp-content\/uploads\/2025\/04\/bigstock-Waist-up-Shot-Of-Wise-And-Plea-270140563-medium-768x768.jpg 768w, https:\/\/www.dentistinwoodland.com\/wp-content\/uploads\/2025\/04\/bigstock-Waist-up-Shot-Of-Wise-And-Plea-270140563-medium-192x192.jpg 192w, https:\/\/www.dentistinwoodland.com\/wp-content\/uploads\/2025\/04\/bigstock-Waist-up-Shot-Of-Wise-And-Plea-270140563-medium-32x32.jpg 32w\" sizes=\"auto, (max-width: 960px) 100vw, 960px\" \/><\/figure><div class=\"wp-block-media-text__content\">\n<h2 class=\"wp-block-heading\">Nuestros Servicios de Odontolog\u00eda Restauradora en Woodland<\/h2>\n\n\n\n<nav class=\"flc-menu  columns-2\"><ul><li class=\"page_item page-item-2249\"><a href=\"https:\/\/www.dentistinwoodland.com\/es\/procedimientos\/odontologia-restauradora\/dentaduras-a-presion-snap-on\/\">Dentaduras a Presi\u00f3n (Snap-on)<\/a><\/li>\n<li class=\"page_item page-item-2255\"><a href=\"https:\/\/www.dentistinwoodland.com\/es\/procedimientos\/odontologia-restauradora\/dentaduras-postizas\/\">Dentaduras Postizas<\/a><\/li>\n<li class=\"page_item page-item-2251\"><a href=\"https:\/\/www.dentistinwoodland.com\/es\/procedimientos\/odontologia-restauradora\/implantes-dentales\/\">Implantes Dentales<\/a><\/li>\n<li class=\"page_item page-item-2245\"><a href=\"https:\/\/www.dentistinwoodland.com\/es\/procedimientos\/odontologia-restauradora\/implantes-dentales-all-on-4\/\">Implantes Dentales All-on-4<\/a><\/li>\n<li class=\"page_item page-item-2253\"><a href=\"https:\/\/www.dentistinwoodland.com\/es\/procedimientos\/odontologia-restauradora\/restauraciones-de-implantes\/\">Restauraciones de Implantes<\/a><\/li>\n<\/ul><\/nav>\n\n\n\n<p>Ya sea que le falte un diente o necesite una restauraci\u00f3n de arcada completa, ofrecemos t\u00e9cnicas y materiales de vanguardia para restaurar tanto la forma como la funci\u00f3n. Nuestro equipo utiliza escaneo intraoral, im\u00e1genes digitales y t\u00e9cnicas suaves para garantizar una experiencia fluida de principio a fin. <\/p>\n<\/div><\/div>\n\n<div class=\"wp-block-media-text alignwide has-media-on-the-right is-stacked-on-mobile\"><div class=\"wp-block-media-text__content\">\n<h2 class=\"wp-block-heading\">La Importancia de Restaurar Su Sonrisa<\/h2>\n\n\n\n<p>Seg\u00fan los CDC, 1 de cada 6 adultos mayores de 65 a\u00f1os ha perdido todos sus dientes, y la p\u00e9rdida de dientes no tratada puede provocar p\u00e9rdida \u00f3sea, desplazamiento de los dientes restantes y cambios en la estructura facial. La odontolog\u00eda restauradora le ayuda a: <\/p>\n\n\n\n<ul class=\"wp-block-list c3 lst-kix_li1q9ol7oq3k-0 start\">\n<li>Masticar y hablar con facilidad<\/li>\n\n\n\n<li>Mantener una correcta alineaci\u00f3n de la mordida<\/li>\n\n\n\n<li>Prevenir problemas dentales futuros<\/li>\n\n\n\n<li>Mejorar la apariencia y la confianza<\/li>\n<\/ul>\n\n\n\n<p>Incluso si ha esperado a\u00f1os para abordar la falta de dientes o los dientes da\u00f1ados, nunca es demasiado tarde para recuperar su sonrisa.<\/p>\n\n\n\n<h2 class=\"wp-block-heading\">Opciones Personalizadas para Cada Paciente<\/h2>\n\n\n\n<p>Cada sonrisa es diferente, por lo que personalizamos su plan de tratamiento para que coincida con sus objetivos y salud bucal. Desde dentaduras postizas con implantes hasta coronas y puentes de aspecto natural, le guiaremos a trav\u00e9s de cada opci\u00f3n para que pueda tomar la decisi\u00f3n m\u00e1s informada. <\/p>\n<\/div><figure class=\"wp-block-media-text__media\"><img loading=\"lazy\" decoding=\"async\" width=\"960\" height=\"960\" src=\"https:\/\/www.dentistinwoodland.com\/wp-content\/uploads\/2025\/04\/13.jpg\" alt=\"Un dentista muestra a un paciente im\u00e1genes de dientes en una tableta mientras una radiograf\u00eda dental se exhibe en una pantalla en la sala de examen.\" class=\"wp-image-2017 size-full\" srcset=\"https:\/\/www.dentistinwoodland.com\/wp-content\/uploads\/2025\/04\/13.jpg 960w, https:\/\/www.dentistinwoodland.com\/wp-content\/uploads\/2025\/04\/13-300x300.jpg 300w, https:\/\/www.dentistinwoodland.com\/wp-content\/uploads\/2025\/04\/13-768x768.jpg 768w, https:\/\/www.dentistinwoodland.com\/wp-content\/uploads\/2025\/04\/13-192x192.jpg 192w, https:\/\/www.dentistinwoodland.com\/wp-content\/uploads\/2025\/04\/13-32x32.jpg 32w\" sizes=\"auto, (max-width: 960px) 100vw, 960px\" \/><\/figure><\/div>\n\n<div class=\"bio bg-light flc-section-padding\">\n    <div class=\"container\">\n        <div class=\"row align-items-center\">\n                            <div class=\"col-md-6 mb-4 mb-md-0\">\n                    <img loading=\"lazy\" decoding=\"async\" width=\"960\" height=\"960\" src=\"https:\/\/www.dentistinwoodland.com\/wp-content\/uploads\/2025\/04\/2.jpg\" class=\"img-fluid\" alt=\"Dos mujeres sonrientes se sientan detr\u00e1s de un mostrador de recepci\u00f3n con revistas y carteles informativos, en una sala de espera de una oficina con un cartel en la pared que dice &quot;Nos reservamos el derecho de rechazar el servicio a cualquier persona&quot;.\" srcset=\"https:\/\/www.dentistinwoodland.com\/wp-content\/uploads\/2025\/04\/2.jpg 960w, https:\/\/www.dentistinwoodland.com\/wp-content\/uploads\/2025\/04\/2-300x300.jpg 300w, https:\/\/www.dentistinwoodland.com\/wp-content\/uploads\/2025\/04\/2-768x768.jpg 768w, https:\/\/www.dentistinwoodland.com\/wp-content\/uploads\/2025\/04\/2-192x192.jpg 192w, https:\/\/www.dentistinwoodland.com\/wp-content\/uploads\/2025\/04\/2-32x32.jpg 32w\" sizes=\"auto, (max-width: 960px) 100vw, 960px\" \/>                <\/div>\n                        <div class=\"col-md-6 pl-md-5\">\n                                    <h2>Atenci\u00f3n dental integral y familiar<\/h2>\n                \n                                    <p>En Woodland Family Dental, creemos que todo el mundo merece una experiencia dental positiva. Nuestro equipo se dedica a crear un ambiente acogedor para los pacientes de todas las edades, asegurando que cada visita es libre de estr\u00e9s y adaptado a sus necesidades \u00fanicas. Combinamos el estado de la t\u00e9cnica dental con un enfoque compasivo, por lo que la atenci\u00f3n dental de alta calidad accesible a las personas y familias a trav\u00e9s de Woodland y West Sacramento.<\/p>\n                \n                                    <a class=\"btn btn-outline-primary\" href=\"https:\/\/www.dentistinwoodland.com\/es\/acerca-de-nosotros\/\" target=\"_self\">\n                        Acerca de nosotros                    <\/a>\n                            <\/div>\n        <\/div>\n    <\/div>\n<\/div>\n<h2 class=\"wp-block-heading\">Restaurando Sonrisas en Woodland y West Sacramento<\/h2>\n\n<p>Woodland Family Dental se enorgullece de servir a nuestra comunidad con personal biling\u00fce y un enfoque compasivo hacia la atenci\u00f3n dental. Tambi\u00e9n aceptamos Dentical, el seguro dental estatal de California, y ofrecemos opciones de financiaci\u00f3n flexibles para que el tratamiento sea accesible para todos. <\/p>\n\n<p>\u00bfListo para restaurar su sonrisa? P\u00f3ngase en contacto con Woodland Family Dental hoy mismo para <a href=\"https:\/\/app.nexhealth.com\/appts\/ora-dentistry?lid=334187\" class=\"contact_anchor \"><span>programar una consulta<\/span><\/a> y explorar su plan de tratamiento restaurador personalizado. <\/p>\n","protected":false},"excerpt":{"rendered":"<p>Cuando faltan dientes, est\u00e1n da\u00f1ados o severamente cariados, no solo afecta su sonrisa, sino que tambi\u00e9n puede impactar su capacidad para masticar, hablar y sentirse seguro. En Woodland Family Dental, nos especializamos en odontolog\u00eda restauradora para pacientes en Woodland, CA y la gran \u00e1rea de West Sacramento. Nuestro objetivo es reconstruir sonrisas fuertes, funcionales y&hellip; <a href=\"https:\/\/www.dentistinwoodland.com\/es\/procedimientos\/odontologia-restauradora\/\" class=\"btn btn-outline-primary position-absolute more-link\"> Seguir leyendo <span class=\"sr-only\"> acerca de Odontolog\u00eda restauradora<\/span><\/a><\/p>\n","protected":false},"author":2,"featured_media":1010,"parent":2177,"menu_order":0,"comment_status":"closed","ping_status":"closed","template":"template-fullwidth.php","meta":{"_acf_changed":false,"footnotes":""},"class_list":["post-2241","page","type-page","status-publish","has-post-thumbnail"],"acf":[],"yoast_head":"<!-- This site is optimized with the Yoast SEO plugin v26.6 - https:\/\/yoast.com\/wordpress\/plugins\/seo\/ -->\n<title>Odontolog\u00eda restauradora | Woodland Family Dental<\/title>\n<meta name=\"description\" content=\"Restaure su sonrisa en Woodland Family Dental en Woodland, CA. Explore implantes, dentaduras postizas y soluciones personalizadas. Atendemos en West Sacramento. Aceptamos Dentical. Personal biling\u00fce.\" \/>\n<meta name=\"robots\" content=\"index, follow, max-snippet:-1, max-image-preview:large, max-video-preview:-1\" \/>\n<link rel=\"canonical\" href=\"https:\/\/www.dentistinwoodland.com\/es\/procedimientos\/odontologia-restauradora\/\" \/>\n<meta property=\"og:locale\" content=\"es_ES\" \/>\n<meta property=\"og:type\" content=\"article\" \/>\n<meta property=\"og:title\" content=\"Odontolog\u00eda restauradora | Woodland Family Dental\" \/>\n<meta property=\"og:description\" content=\"Restaure su sonrisa en Woodland Family Dental en Woodland, CA. Explore implantes, dentaduras postizas y soluciones personalizadas. Atendemos en West Sacramento. Aceptamos Dentical. Personal biling\u00fce.\" \/>\n<meta property=\"og:url\" content=\"https:\/\/www.dentistinwoodland.com\/es\/procedimientos\/odontologia-restauradora\/\" \/>\n<meta property=\"og:site_name\" content=\"Woodland Family Dental\" \/>\n<meta property=\"article:modified_time\" content=\"2025-05-20T23:47:42+00:00\" \/>\n<meta property=\"og:image\" content=\"https:\/\/www.dentistinwoodland.com\/wp-content\/uploads\/2025\/04\/bigstock-True-Love-Beautiful-Latino-Mu-196091884-xxlarge-2.jpg\" \/><meta property=\"og:image\" content=\"https:\/\/www.dentistinwoodland.com\/wp-content\/uploads\/2025\/04\/bigstock-Successful-happy-retired-man-s-145768487-xxlarge.jpg\" \/>\n\t<meta property=\"og:image:width\" content=\"1920\" \/>\n\t<meta property=\"og:image:height\" content=\"767\" \/>\n\t<meta property=\"og:image:type\" content=\"image\/jpeg\" \/>\n<meta name=\"twitter:card\" content=\"summary_large_image\" \/>\n<meta name=\"twitter:image\" content=\"https:\/\/www.dentistinwoodland.com\/wp-content\/uploads\/2025\/04\/bigstock-True-Love-Beautiful-Latino-Mu-196091884-xxlarge-2.jpg\" \/>\n<meta name=\"twitter:label1\" content=\"Tiempo de lectura\" \/>\n\t<meta name=\"twitter:data1\" content=\"2 minutos\" \/>\n<!-- \/ Yoast SEO plugin. -->","yoast_head_json":{"title":"Odontolog\u00eda restauradora | Woodland Family Dental","description":"Restaure su sonrisa en Woodland Family Dental en Woodland, CA. Explore implantes, dentaduras postizas y soluciones personalizadas. Atendemos en West Sacramento. Aceptamos Dentical. Personal biling\u00fce.","robots":{"index":"index","follow":"follow","max-snippet":"max-snippet:-1","max-image-preview":"max-image-preview:large","max-video-preview":"max-video-preview:-1"},"canonical":"https:\/\/www.dentistinwoodland.com\/es\/procedimientos\/odontologia-restauradora\/","og_locale":"es_ES","og_type":"article","og_title":"Odontolog\u00eda restauradora | Woodland Family Dental","og_description":"Restaure su sonrisa en Woodland Family Dental en Woodland, CA. Explore implantes, dentaduras postizas y soluciones personalizadas. Atendemos en West Sacramento. Aceptamos Dentical. Personal biling\u00fce.","og_url":"https:\/\/www.dentistinwoodland.com\/es\/procedimientos\/odontologia-restauradora\/","og_site_name":"Woodland Family Dental","article_modified_time":"2025-05-20T23:47:42+00:00","og_image":[{"url":"https:\/\/www.dentistinwoodland.com\/wp-content\/uploads\/2025\/04\/bigstock-True-Love-Beautiful-Latino-Mu-196091884-xxlarge-2.jpg","type":"","width":"","height":""},{"width":1920,"height":767,"url":"https:\/\/www.dentistinwoodland.com\/wp-content\/uploads\/2025\/04\/bigstock-Successful-happy-retired-man-s-145768487-xxlarge.jpg","type":"image\/jpeg"}],"twitter_card":"summary_large_image","twitter_image":"https:\/\/www.dentistinwoodland.com\/wp-content\/uploads\/2025\/04\/bigstock-True-Love-Beautiful-Latino-Mu-196091884-xxlarge-2.jpg","twitter_misc":{"Tiempo de lectura":"2 minutos"},"schema":{"@context":"https:\/\/schema.org","@graph":[{"@type":"WebPage","@id":"https:\/\/www.dentistinwoodland.com\/es\/procedimientos\/odontologia-restauradora\/","url":"https:\/\/www.dentistinwoodland.com\/es\/procedimientos\/odontologia-restauradora\/","name":"Odontolog\u00eda restauradora | Woodland Family Dental","isPartOf":{"@id":"https:\/\/www.dentistinwoodland.com\/es\/#website"},"primaryImageOfPage":{"@id":"https:\/\/www.dentistinwoodland.com\/es\/procedimientos\/odontologia-restauradora\/#primaryimage"},"image":{"@id":"https:\/\/www.dentistinwoodland.com\/es\/procedimientos\/odontologia-restauradora\/#primaryimage"},"thumbnailUrl":"https:\/\/www.dentistinwoodland.com\/wp-content\/uploads\/2025\/04\/bigstock-Successful-happy-retired-man-s-145768487-xxlarge.jpg","datePublished":"2023-01-17T19:07:53+00:00","dateModified":"2025-05-20T23:47:42+00:00","description":"Restaure su sonrisa en Woodland Family Dental en Woodland, CA. Explore implantes, dentaduras postizas y soluciones personalizadas. Atendemos en West Sacramento. Aceptamos Dentical. Personal biling\u00fce.","breadcrumb":{"@id":"https:\/\/www.dentistinwoodland.com\/es\/procedimientos\/odontologia-restauradora\/#breadcrumb"},"inLanguage":"es","potentialAction":[{"@type":"ReadAction","target":["https:\/\/www.dentistinwoodland.com\/es\/procedimientos\/odontologia-restauradora\/"]}]},{"@type":"ImageObject","inLanguage":"es","@id":"https:\/\/www.dentistinwoodland.com\/es\/procedimientos\/odontologia-restauradora\/#primaryimage","url":"https:\/\/www.dentistinwoodland.com\/wp-content\/uploads\/2025\/04\/bigstock-Successful-happy-retired-man-s-145768487-xxlarge.jpg","contentUrl":"https:\/\/www.dentistinwoodland.com\/wp-content\/uploads\/2025\/04\/bigstock-Successful-happy-retired-man-s-145768487-xxlarge.jpg","width":1920,"height":767,"caption":"Un hombre de mediana edad con el pelo canoso y camisa azul claro est\u00e1 de pie delante de una casa, mirando hacia un lado y sonriendo."},{"@type":"BreadcrumbList","@id":"https:\/\/www.dentistinwoodland.com\/es\/procedimientos\/odontologia-restauradora\/#breadcrumb","itemListElement":[{"@type":"ListItem","position":1,"name":"Home","item":"https:\/\/www.dentistinwoodland.com\/es\/inicio\/"},{"@type":"ListItem","position":2,"name":"Procedimientos","item":"https:\/\/www.dentistinwoodland.com\/es\/procedimientos\/"},{"@type":"ListItem","position":3,"name":"Odontolog\u00eda restauradora"}]},{"@type":"WebSite","@id":"https:\/\/www.dentistinwoodland.com\/es\/#website","url":"https:\/\/www.dentistinwoodland.com\/es\/","name":"Woodland Family Dental","description":"","potentialAction":[{"@type":"SearchAction","target":{"@type":"EntryPoint","urlTemplate":"https:\/\/www.dentistinwoodland.com\/es\/?s={search_term_string}"},"query-input":{"@type":"PropertyValueSpecification","valueRequired":true,"valueName":"search_term_string"}}],"inLanguage":"es"}]}},"_links":{"self":[{"href":"https:\/\/www.dentistinwoodland.com\/es\/wp-json\/wp\/v2\/pages\/2241","targetHints":{"allow":["GET"]}}],"collection":[{"href":"https:\/\/www.dentistinwoodland.com\/es\/wp-json\/wp\/v2\/pages"}],"about":[{"href":"https:\/\/www.dentistinwoodland.com\/es\/wp-json\/wp\/v2\/types\/page"}],"author":[{"embeddable":true,"href":"https:\/\/www.dentistinwoodland.com\/es\/wp-json\/wp\/v2\/users\/2"}],"replies":[{"embeddable":true,"href":"https:\/\/www.dentistinwoodland.com\/es\/wp-json\/wp\/v2\/comments?post=2241"}],"version-history":[{"count":3,"href":"https:\/\/www.dentistinwoodland.com\/es\/wp-json\/wp\/v2\/pages\/2241\/revisions"}],"predecessor-version":[{"id":2284,"href":"https:\/\/www.dentistinwoodland.com\/es\/wp-json\/wp\/v2\/pages\/2241\/revisions\/2284"}],"up":[{"embeddable":true,"href":"https:\/\/www.dentistinwoodland.com\/es\/wp-json\/wp\/v2\/pages\/2177"}],"wp:featuredmedia":[{"embeddable":true,"href":"https:\/\/www.dentistinwoodland.com\/es\/wp-json\/wp\/v2\/media\/1010"}],"wp:attachment":[{"href":"https:\/\/www.dentistinwoodland.com\/es\/wp-json\/wp\/v2\/media?parent=2241"}],"curies":[{"name":"wp","href":"https:\/\/api.w.org\/{rel}","templated":true}]}}