{"id":2240,"date":"2025-10-30T11:05:19","date_gmt":"2025-10-30T16:05:19","guid":{"rendered":"https:\/\/www.dentistinwoodland.com\/politica-de-accesibilidad\/"},"modified":"2011-11-11T11:11:27","modified_gmt":"2011-11-11T16:11:27","slug":"politica-de-accesibilidad","status":"publish","type":"page","link":"https:\/\/www.dentistinwoodland.com\/es\/politica-de-accesibilidad\/","title":{"rendered":"Pol\u00edtica de Accesibilidad"},"content":{"rendered":"<p>Woodland Family Dental se compromete a garantizar que nuestro sitio web sea accesible para personas con discapacidades. Buscamos asegurar que nuestro sitio web cumpla con los criterios de \u00e9xito de Nivel AA de las Directrices de Accesibilidad para el Contenido Web 2.1 (WCAG 2.1) de la Iniciativa de Accesibilidad Web (WAI) del Consorcio World Wide Web (W3C). Estas  son el punto de referencia reconocido internacionalmente para la construcci\u00f3n de sitios web accesibles. El sitio web ha sido desarrollado utilizando c\u00f3digo compatible con los est\u00e1ndares W3C para mostrarse adecuadamente en los navegadores de uso com\u00fan y para ser compatible con los lectores de pantalla de uso com\u00fan.   <\/p>\n<p>Las p\u00e1ginas de nuestro sitio web est\u00e1n siendo revisadas peri\u00f3dicamente por nuestro personal capacitado y autom\u00e1ticamente con la ayuda del software axe: the Accessibility Engine, para evaluar el cumplimiento de las directrices de accesibilidad. Este es un proceso continuo para mejorar la accesibilidad del contenido de nuestro sitio web y los problemas que puedan surgir est\u00e1n siendo atendidos. <\/p>\n<h2>Cont\u00e1ctenos<\/h2>\n<p>Si tiene alguna dificultad para acceder al contenido de este sitio o tiene inquietudes sobre la accesibilidad, comun\u00edquese con nosotros utilizando <a href=\"https:\/\/app.nexhealth.com\/appts\/ora-dentistry?lid=334187\" class=\"contact_anchor \"><span>este formulario<\/span><\/a> o si prefiere no usar el formulario, puede enviarnos un correo electr\u00f3nico a <a href=\"mailto:woodlandfamilydentalca@gmail.com\" class=\"email_anchor\"><span>woodlandfamilydentalca@gmail.com<\/span><\/a>.<\/p>\n<h2>Caracter\u00edsticas de accesibilidad de este sitio web<\/h2>\n<h3>Selector de estilos<\/h3>\n<p>Si encuentra que el texto es demasiado dif\u00edcil de leer debido a su color, utilice el bot\u00f3n de selector de estilos disponible en la parte superior izquierda de cada p\u00e1gina. Cambiar\u00e1 los textos de nuestro sitio web y su fondo para que puedan ser le\u00eddos por personas con visi\u00f3n moderadamente baja. <\/p>\n<h3>Tama\u00f1o del texto<\/h3>\n<p>Si encuentra que el texto en este sitio es demasiado peque\u00f1o, puede cambiarlo f\u00e1cilmente con una funci\u00f3n de zoom incorporada disponible en todos los navegadores modernos. Para hacer esto, seleccione la opci\u00f3n apropiada del men\u00fa del navegador web o use la siguiente combinaci\u00f3n de teclas <\/p>\n<ul>\n<li>Acercar: Ctrl +<\/li>\n<li>Alejar: Ctrl &#8211;<\/li>\n<\/ul>\n<h3>Controles de movimiento<\/h3>\n<p>Todos los elementos en movimiento, parpadeantes, de desplazamiento y de actualizaci\u00f3n autom\u00e1tica en nuestro sitio web tienen una opci\u00f3n para detenerlos justo al lado.<\/p>\n<h3>Control de volumen<\/h3>\n<p>Cada archivo de video y audio en nuestro sitio web tiene su propio control de volumen disponible en la parte inferior derecha del reproductor multimedia.<\/p>\n","protected":false},"excerpt":{"rendered":"<p>se compromete a garantizar que nuestro sitio web sea accesible para personas con discapacidades. Buscamos asegurar que nuestro sitio web cumpla con los criterios de \u00e9xito de Nivel AA de las Directrices de Accesibilidad para el Contenido Web 2.1 (WCAG 2.1) de la Iniciativa de Accesibilidad Web (WAI) del Consorcio World Wide Web (W3C). Estas&hellip; <a href=\"https:\/\/www.dentistinwoodland.com\/es\/politica-de-accesibilidad\/\" class=\"btn btn-outline-primary position-absolute more-link\"> Seguir leyendo <span class=\"sr-only\"> acerca de Pol\u00edtica de Accesibilidad<\/span><\/a><\/p>\n","protected":false},"author":1,"featured_media":0,"parent":0,"menu_order":0,"comment_status":"closed","ping_status":"closed","template":"","meta":{"_acf_changed":false,"footnotes":""},"class_list":["post-2240","page","type-page","status-publish"],"acf":[],"yoast_head":"<!-- This site is optimized with the Yoast SEO plugin v26.6 - https:\/\/yoast.com\/wordpress\/plugins\/seo\/ -->\n<title>Pol\u00edtica de Accesibilidad | Woodland Family Dental<\/title>\n<meta name=\"robots\" content=\"index, follow, max-snippet:-1, max-image-preview:large, max-video-preview:-1\" \/>\n<link rel=\"canonical\" href=\"https:\/\/www.dentistinwoodland.com\/es\/politica-de-accesibilidad\/\" \/>\n<meta property=\"og:locale\" content=\"es_ES\" \/>\n<meta property=\"og:type\" content=\"article\" \/>\n<meta property=\"og:title\" content=\"Pol\u00edtica de Accesibilidad | Woodland Family Dental\" \/>\n<meta property=\"og:description\" content=\"se compromete a garantizar que nuestro sitio web sea accesible para personas con discapacidades. Buscamos asegurar que nuestro sitio web cumpla con los criterios de \u00e9xito de Nivel AA de las Directrices de Accesibilidad para el Contenido Web 2.1 (WCAG 2.1) de la Iniciativa de Accesibilidad Web (WAI) del Consorcio World Wide Web (W3C). Estas&hellip; Seguir leyendo acerca de Pol\u00edtica de Accesibilidad\" \/>\n<meta property=\"og:url\" content=\"https:\/\/www.dentistinwoodland.com\/es\/politica-de-accesibilidad\/\" \/>\n<meta property=\"og:site_name\" content=\"Woodland Family Dental\" \/>\n<meta property=\"og:image\" content=\"https:\/\/www.dentistinwoodland.com\/wp-content\/uploads\/2025\/04\/header-license-confirmed.jpg\" \/>\n<meta name=\"twitter:card\" content=\"summary_large_image\" \/>\n<meta name=\"twitter:image\" content=\"https:\/\/www.dentistinwoodland.com\/wp-content\/uploads\/2025\/04\/header-license-confirmed.jpg\" \/>\n<meta name=\"twitter:label1\" content=\"Tiempo de lectura\" \/>\n\t<meta name=\"twitter:data1\" content=\"2 minutos\" \/>\n<!-- \/ Yoast SEO plugin. -->","yoast_head_json":{"title":"Pol\u00edtica de Accesibilidad | Woodland Family Dental","robots":{"index":"index","follow":"follow","max-snippet":"max-snippet:-1","max-image-preview":"max-image-preview:large","max-video-preview":"max-video-preview:-1"},"canonical":"https:\/\/www.dentistinwoodland.com\/es\/politica-de-accesibilidad\/","og_locale":"es_ES","og_type":"article","og_title":"Pol\u00edtica de Accesibilidad | Woodland Family Dental","og_description":"se compromete a garantizar que nuestro sitio web sea accesible para personas con discapacidades. Buscamos asegurar que nuestro sitio web cumpla con los criterios de \u00e9xito de Nivel AA de las Directrices de Accesibilidad para el Contenido Web 2.1 (WCAG 2.1) de la Iniciativa de Accesibilidad Web (WAI) del Consorcio World Wide Web (W3C). Estas&hellip; Seguir leyendo acerca de Pol\u00edtica de Accesibilidad","og_url":"https:\/\/www.dentistinwoodland.com\/es\/politica-de-accesibilidad\/","og_site_name":"Woodland Family Dental","og_image":[{"url":"https:\/\/www.dentistinwoodland.com\/wp-content\/uploads\/2025\/04\/header-license-confirmed.jpg","type":"","width":"","height":""}],"twitter_card":"summary_large_image","twitter_image":"https:\/\/www.dentistinwoodland.com\/wp-content\/uploads\/2025\/04\/header-license-confirmed.jpg","twitter_misc":{"Tiempo de lectura":"2 minutos"},"schema":{"@context":"https:\/\/schema.org","@graph":[{"@type":"WebPage","@id":"https:\/\/www.dentistinwoodland.com\/es\/politica-de-accesibilidad\/","url":"https:\/\/www.dentistinwoodland.com\/es\/politica-de-accesibilidad\/","name":"Pol\u00edtica de Accesibilidad | Woodland Family Dental","isPartOf":{"@id":"https:\/\/www.dentistinwoodland.com\/es\/#website"},"datePublished":"2025-10-30T16:05:19+00:00","breadcrumb":{"@id":"https:\/\/www.dentistinwoodland.com\/es\/politica-de-accesibilidad\/#breadcrumb"},"inLanguage":"es","potentialAction":[{"@type":"ReadAction","target":["https:\/\/www.dentistinwoodland.com\/es\/politica-de-accesibilidad\/"]}]},{"@type":"BreadcrumbList","@id":"https:\/\/www.dentistinwoodland.com\/es\/politica-de-accesibilidad\/#breadcrumb","itemListElement":[{"@type":"ListItem","position":1,"name":"Home","item":"https:\/\/www.dentistinwoodland.com\/es\/inicio\/"},{"@type":"ListItem","position":2,"name":"Pol\u00edtica de Accesibilidad"}]},{"@type":"WebSite","@id":"https:\/\/www.dentistinwoodland.com\/es\/#website","url":"https:\/\/www.dentistinwoodland.com\/es\/","name":"Woodland Family Dental","description":"","potentialAction":[{"@type":"SearchAction","target":{"@type":"EntryPoint","urlTemplate":"https:\/\/www.dentistinwoodland.com\/es\/?s={search_term_string}"},"query-input":{"@type":"PropertyValueSpecification","valueRequired":true,"valueName":"search_term_string"}}],"inLanguage":"es"}]}},"_links":{"self":[{"href":"https:\/\/www.dentistinwoodland.com\/es\/wp-json\/wp\/v2\/pages\/2240","targetHints":{"allow":["GET"]}}],"collection":[{"href":"https:\/\/www.dentistinwoodland.com\/es\/wp-json\/wp\/v2\/pages"}],"about":[{"href":"https:\/\/www.dentistinwoodland.com\/es\/wp-json\/wp\/v2\/types\/page"}],"author":[{"embeddable":true,"href":"https:\/\/www.dentistinwoodland.com\/es\/wp-json\/wp\/v2\/users\/1"}],"replies":[{"embeddable":true,"href":"https:\/\/www.dentistinwoodland.com\/es\/wp-json\/wp\/v2\/comments?post=2240"}],"version-history":[{"count":1,"href":"https:\/\/www.dentistinwoodland.com\/es\/wp-json\/wp\/v2\/pages\/2240\/revisions"}],"predecessor-version":[{"id":2986,"href":"https:\/\/www.dentistinwoodland.com\/es\/wp-json\/wp\/v2\/pages\/2240\/revisions\/2986"}],"wp:attachment":[{"href":"https:\/\/www.dentistinwoodland.com\/es\/wp-json\/wp\/v2\/media?parent=2240"}],"curies":[{"name":"wp","href":"https:\/\/api.w.org\/{rel}","templated":true}]}}