{"id":2238,"date":"2023-01-17T14:07:53","date_gmt":"2023-01-17T19:07:53","guid":{"rendered":"https:\/\/www.dentistinwoodland.com\/procedimientos\/pacientes-con-necesidades-especiales\/fobia-dental\/"},"modified":"2025-05-20T18:46:03","modified_gmt":"2025-05-20T23:46:03","slug":"fobia-dental","status":"publish","type":"page","link":"https:\/\/www.dentistinwoodland.com\/es\/procedimientos\/pacientes-con-necesidades-especiales\/fobia-dental\/","title":{"rendered":"Fobia Dental"},"content":{"rendered":"\n<p>\u00bfLa idea de ir al dentista hace que su coraz\u00f3n se acelere o le impide programar la atenci\u00f3n que necesita? No est\u00e1 solo. En Woodland Family Dental, ayudamos a los pacientes a superar la fobia dental todos los d\u00edas con una atenci\u00f3n compasiva y sin prejuicios. Si ha estado evitando al dentista debido al miedo o la ansiedad, nuestro equipo en Woodland, CA, que atiende con orgullo a West Sacramento, est\u00e1 aqu\u00ed para <a href=\"https:\/\/www.dentistinwoodland.com\/special-needs-patients\/\">cambiar esa experiencia para mejor<\/a>.   <\/p>\n\n    <div class=\"featured-testimonial-block bg-primary py-5 text-body\" id=\"featured-testimonial-block_4592ea7eeaf2a71bf4bbdf4b3a3bc179\">\n        <div class=\"container\">\n            <div class=\"row justify-content-center\">\n                <div class=\"col-md-10 py-4\">\n                    <blockquote class=\"testimonials-blockquote mb-0 bg-light p-3 p-md-4 p-lg-5 position-relative\" style=\"border-radius: 2rem\">\n                        <svg class=\"testimonials-icon\" width=\"69\" height=\"69\" viewBox=\"0 0 69 69\" fill=\"none\" xmlns=\"http:\/\/www.w3.org\/2000\/svg\">\n                            <g filter=\"url(#filter0_d_1402_180)\">\n                            <circle cx=\"34.2612\" cy=\"33\" r=\"33\" fill=\"var(--primary)\"\/>\n                            <\/g>\n                            <path d=\"M22.757 19C17.1184 19 12.5473 23.6201 12.5473 29.3195C12.5473 35.0169 17.1184 39.6369 22.757 39.6369V46.3726C28.8237 43.1504 32.9668 36.7277 32.9668 29.3195C32.9668 23.6201 28.3957 19 22.757 19Z\" fill=\"white\"\/>\n                            <path d=\"M45.7892 19C40.1517 19 35.5803 23.6201 35.5803 29.3195C35.5803 35.0169 40.1517 39.6369 45.7892 39.6369V46.3726C51.8561 43.1504 56 36.7277 56 29.3195C56 23.6201 51.4285 19 45.7892 19Z\" fill=\"white\"\/>\n                        <\/svg>\n                        <div class=\"content\">Excelente servicio, recomendar\u00eda este lugar 100% llevo viniendo de Yuba City y realmente voy bien a gusto, las chicas son encantadoras y el dr es bien amable 100%<\/div>\n\n                        <div class=\"center-us d-flex align-items-center mt-4\">\n                            <cite class=\"d-block h5 m-0 pr-3 text-black\">Nelida Burgara<\/cite>\n                            <div class=\"testimonials-stars \">\n\t<svg class=\"svg-inline--fa fa-star  fa-w-18\" aria-hidden=\"true\" data-prefix=\"fab\" data-icon=\"star\" role=\"img\" xmlns=\"http:\/\/www.w3.org\/2000\/svg\" viewBox=\"0 0 576 512\" data-fa-i2svg=\"\"><path fill=\"currentColor\" d=\"M259.3 17.8L194 150.2 47.9 171.5c-26.2 3.8-36.7 36.1-17.7 54.6l105.7 103-25 145.5c-4.5 26.3 23.2 46 46.4 33.7L288 439.6l130.7 68.7c23.2 12.2 50.9-7.4 46.4-33.7l-25-145.5 105.7-103c19-18.5 8.5-50.8-17.7-54.6L382 150.2 316.7 17.8c-11.7-23.6-45.6-23.9-57.4 0z\"><\/path><\/svg>\t<svg class=\"svg-inline--fa fa-star  fa-w-18\" aria-hidden=\"true\" data-prefix=\"fab\" data-icon=\"star\" role=\"img\" xmlns=\"http:\/\/www.w3.org\/2000\/svg\" viewBox=\"0 0 576 512\" data-fa-i2svg=\"\"><path fill=\"currentColor\" d=\"M259.3 17.8L194 150.2 47.9 171.5c-26.2 3.8-36.7 36.1-17.7 54.6l105.7 103-25 145.5c-4.5 26.3 23.2 46 46.4 33.7L288 439.6l130.7 68.7c23.2 12.2 50.9-7.4 46.4-33.7l-25-145.5 105.7-103c19-18.5 8.5-50.8-17.7-54.6L382 150.2 316.7 17.8c-11.7-23.6-45.6-23.9-57.4 0z\"><\/path><\/svg>\t<svg class=\"svg-inline--fa fa-star  fa-w-18\" aria-hidden=\"true\" data-prefix=\"fab\" data-icon=\"star\" role=\"img\" xmlns=\"http:\/\/www.w3.org\/2000\/svg\" viewBox=\"0 0 576 512\" data-fa-i2svg=\"\"><path fill=\"currentColor\" d=\"M259.3 17.8L194 150.2 47.9 171.5c-26.2 3.8-36.7 36.1-17.7 54.6l105.7 103-25 145.5c-4.5 26.3 23.2 46 46.4 33.7L288 439.6l130.7 68.7c23.2 12.2 50.9-7.4 46.4-33.7l-25-145.5 105.7-103c19-18.5 8.5-50.8-17.7-54.6L382 150.2 316.7 17.8c-11.7-23.6-45.6-23.9-57.4 0z\"><\/path><\/svg>\t<svg class=\"svg-inline--fa fa-star  fa-w-18\" aria-hidden=\"true\" data-prefix=\"fab\" data-icon=\"star\" role=\"img\" xmlns=\"http:\/\/www.w3.org\/2000\/svg\" viewBox=\"0 0 576 512\" data-fa-i2svg=\"\"><path fill=\"currentColor\" d=\"M259.3 17.8L194 150.2 47.9 171.5c-26.2 3.8-36.7 36.1-17.7 54.6l105.7 103-25 145.5c-4.5 26.3 23.2 46 46.4 33.7L288 439.6l130.7 68.7c23.2 12.2 50.9-7.4 46.4-33.7l-25-145.5 105.7-103c19-18.5 8.5-50.8-17.7-54.6L382 150.2 316.7 17.8c-11.7-23.6-45.6-23.9-57.4 0z\"><\/path><\/svg>\t<svg class=\"svg-inline--fa fa-star  fa-w-18\" aria-hidden=\"true\" data-prefix=\"fab\" data-icon=\"star\" role=\"img\" xmlns=\"http:\/\/www.w3.org\/2000\/svg\" viewBox=\"0 0 576 512\" data-fa-i2svg=\"\"><path fill=\"currentColor\" d=\"M259.3 17.8L194 150.2 47.9 171.5c-26.2 3.8-36.7 36.1-17.7 54.6l105.7 103-25 145.5c-4.5 26.3 23.2 46 46.4 33.7L288 439.6l130.7 68.7c23.2 12.2 50.9-7.4 46.4-33.7l-25-145.5 105.7-103c19-18.5 8.5-50.8-17.7-54.6L382 150.2 316.7 17.8c-11.7-23.6-45.6-23.9-57.4 0z\"><\/path><\/svg><\/div>                        <\/div>\n                    <\/blockquote>\n                <\/div>\n            <\/div>\n        <\/div>\n    <\/div>\n\n<div class=\"wp-block-media-text alignwide is-stacked-on-mobile\"><figure class=\"wp-block-media-text__media\"><img loading=\"lazy\" decoding=\"async\" width=\"960\" height=\"960\" src=\"https:\/\/www.dentistinwoodland.com\/wp-content\/uploads\/2025\/04\/bigstock-169352954-medium.jpg\" alt=\"Primer plano de un retrato de perfil de una joven en una revisi\u00f3n dental. Chica acostada con los ojos cerrados con equipo al fondo.\" class=\"wp-image-1226 size-full\" srcset=\"https:\/\/www.dentistinwoodland.com\/wp-content\/uploads\/2025\/04\/bigstock-169352954-medium.jpg 960w, https:\/\/www.dentistinwoodland.com\/wp-content\/uploads\/2025\/04\/bigstock-169352954-medium-300x300.jpg 300w, https:\/\/www.dentistinwoodland.com\/wp-content\/uploads\/2025\/04\/bigstock-169352954-medium-768x768.jpg 768w, https:\/\/www.dentistinwoodland.com\/wp-content\/uploads\/2025\/04\/bigstock-169352954-medium-192x192.jpg 192w, https:\/\/www.dentistinwoodland.com\/wp-content\/uploads\/2025\/04\/bigstock-169352954-medium-32x32.jpg 32w\" sizes=\"auto, (max-width: 960px) 100vw, 960px\" \/><\/figure><div class=\"wp-block-media-text__content\">\n<h2 class=\"wp-block-heading\">La Odontolog\u00eda sin Miedo Comienza con la Confianza<\/h2>\n\n\n\n<p>El miedo dental puede provenir de muchas fuentes: traumas pasados, miedo al dolor, verg\u00fcenza o incluso los sonidos y olores de un consultorio dental. No importa la causa, nunca juzgamos. En cambio, comenzamos escuchando sus preocupaciones y asegur\u00e1ndonos de que se sienta completamente en control de su visita.  <\/p>\n\n\n\n<p>Nuestra cl\u00ednica est\u00e1 dise\u00f1ada pensando en la comodidad, y nuestro equipo est\u00e1 especialmente capacitado para atender a pacientes ansiosos de todas las edades. Desde el momento en que cruza nuestras puertas, su comodidad se convierte en nuestra prioridad. <\/p>\n\n\n\n<h2 class=\"wp-block-heading\">Soluciones Personalizadas para la Ansiedad Dental<\/h2>\n\n\n\n<p>Cada persona experimenta la fobia dental de manera diferente, por lo que adoptamos un enfoque personalizado para cada cita. Para ayudar a calmar sus nervios, ofrecemos: <\/p>\n\n\n\n<ul class=\"wp-block-list c3 lst-kix_4161aahdm5x5-0 start\">\n<li><strong>\u00d3xido nitroso (gas de la risa) <\/strong>para ayudarlo a relajarse sin efectos secundarios persistentes<\/li>\n\n\n\n<li><strong>Sedaci\u00f3n oral<\/strong> para una sensaci\u00f3n de calma m\u00e1s profunda durante procedimientos m\u00e1s largos<\/li>\n\n\n\n<li><strong>Un estilo de comunicaci\u00f3n suave<\/strong> y centrado en el paciente para reducir sorpresas y estr\u00e9s<\/li>\n\n\n\n<li><strong>Salas de tratamiento<\/strong> tranquilas y tiempo adicional para ayudarlo a sentirse a gusto<\/li>\n<\/ul>\n\n\n\n<p>Ya sea que est\u00e9 aqu\u00ed para una limpieza simple o un procedimiento complejo, nos moveremos a su ritmo y nos aseguraremos de que nunca se sienta apurado.<\/p>\n<\/div><\/div>\n\n<div class=\"wp-block-media-text alignwide has-media-on-the-right is-stacked-on-mobile\"><div class=\"wp-block-media-text__content\">\n<h2 class=\"wp-block-heading\">Por Qu\u00e9 es Importante Superar el Miedo Dental<\/h2>\n\n\n\n<p>Evitar al dentista puede provocar problemas graves de salud bucal, como enfermedades de las enc\u00edas, infecciones o p\u00e9rdida de dientes, que podr\u00edan haberse prevenido con una atenci\u00f3n de rutina. Seg\u00fan la Cl\u00ednica Cleveland, aproximadamente el 36% de las personas experimentan ansiedad dental, y hasta el 12% evitan al dentista por completo debido al miedo. Usted no tiene que ser parte de esa estad\u00edstica.  <\/p>\n\n\n\n<p>Perm\u00edtanos ayudarlo a dar el primer paso hacia una mejor salud bucal de una manera que se sienta segura y con apoyo.<\/p>\n\n\n\n<h2 class=\"wp-block-heading\">Apoyo Biling\u00fce y Atenci\u00f3n Accesible<\/h2>\n\n\n\n<p>En Woodland Family Dental, ofrecemos atenci\u00f3n en ingl\u00e9s y espa\u00f1ol para que la comunicaci\u00f3n sea f\u00e1cil y efectiva para todos los pacientes. Tambi\u00e9n aceptamos Dentical, el plan dental Medicaid de California, para garantizar que las preocupaciones financieras no se interpongan en el camino de recibir la atenci\u00f3n suave que se merece. <\/p>\n<\/div><figure class=\"wp-block-media-text__media\"><img loading=\"lazy\" decoding=\"async\" width=\"960\" height=\"960\" src=\"https:\/\/www.dentistinwoodland.com\/wp-content\/uploads\/2025\/04\/5.jpg\" alt=\"Un hombre con gafas de sol y bata blanca est\u00e1 sentado y sonr\u00ede en un consultorio dental.\" class=\"wp-image-2007 size-full\" srcset=\"https:\/\/www.dentistinwoodland.com\/wp-content\/uploads\/2025\/04\/5.jpg 960w, https:\/\/www.dentistinwoodland.com\/wp-content\/uploads\/2025\/04\/5-300x300.jpg 300w, https:\/\/www.dentistinwoodland.com\/wp-content\/uploads\/2025\/04\/5-768x768.jpg 768w, https:\/\/www.dentistinwoodland.com\/wp-content\/uploads\/2025\/04\/5-192x192.jpg 192w, https:\/\/www.dentistinwoodland.com\/wp-content\/uploads\/2025\/04\/5-32x32.jpg 32w\" sizes=\"auto, (max-width: 960px) 100vw, 960px\" \/><\/figure><\/div>\n\n<div class=\"bio bg-light flc-section-padding\">\n    <div class=\"container\">\n        <div class=\"row align-items-center\">\n                            <div class=\"col-md-6 mb-4 mb-md-0\">\n                    <img loading=\"lazy\" decoding=\"async\" width=\"960\" height=\"960\" src=\"https:\/\/www.dentistinwoodland.com\/wp-content\/uploads\/2025\/04\/2.jpg\" class=\"img-fluid\" alt=\"Dos mujeres sonrientes se sientan detr\u00e1s de un mostrador de recepci\u00f3n con revistas y carteles informativos, en una sala de espera de una oficina con un cartel en la pared que dice &quot;Nos reservamos el derecho de rechazar el servicio a cualquier persona&quot;.\" srcset=\"https:\/\/www.dentistinwoodland.com\/wp-content\/uploads\/2025\/04\/2.jpg 960w, https:\/\/www.dentistinwoodland.com\/wp-content\/uploads\/2025\/04\/2-300x300.jpg 300w, https:\/\/www.dentistinwoodland.com\/wp-content\/uploads\/2025\/04\/2-768x768.jpg 768w, https:\/\/www.dentistinwoodland.com\/wp-content\/uploads\/2025\/04\/2-192x192.jpg 192w, https:\/\/www.dentistinwoodland.com\/wp-content\/uploads\/2025\/04\/2-32x32.jpg 32w\" sizes=\"auto, (max-width: 960px) 100vw, 960px\" \/>                <\/div>\n                        <div class=\"col-md-6 pl-md-5\">\n                                    <h2>Atenci\u00f3n dental integral y familiar<\/h2>\n                \n                                    <p>En Woodland Family Dental, creemos que todo el mundo merece una experiencia dental positiva. Nuestro equipo se dedica a crear un ambiente acogedor para los pacientes de todas las edades, asegurando que cada visita es libre de estr\u00e9s y adaptado a sus necesidades \u00fanicas. Combinamos el estado de la t\u00e9cnica dental con un enfoque compasivo, por lo que la atenci\u00f3n dental de alta calidad accesible a las personas y familias a trav\u00e9s de Woodland y West Sacramento.<\/p>\n                \n                                    <a class=\"btn btn-outline-primary\" href=\"https:\/\/www.dentistinwoodland.com\/es\/acerca-de-nosotros\/\" target=\"_self\">\n                        Acerca de nosotros                    <\/a>\n                            <\/div>\n        <\/div>\n    <\/div>\n<\/div>\n<h2 class=\"wp-block-heading\">D\u00e9 el Primer Paso Hacia una Odontolog\u00eda sin Miedo<\/h2>\n\n<p>Si la fobia dental lo ha mantenido alejado del dentista, p\u00f3ngase en <a href=\"https:\/\/app.nexhealth.com\/appts\/ora-dentistry?lid=334187\" class=\"contact_anchor \"><span>contacto con Woodland Family Dental hoy<\/span><\/a> mismo. Trabajaremos con usted para construir confianza, aliviar sus miedos y restaurar su sonrisa en sus propios t\u00e9rminos. <\/p>\n","protected":false},"excerpt":{"rendered":"<p>\u00bfLa idea de ir al dentista hace que su coraz\u00f3n se acelere o le impide programar la atenci\u00f3n que necesita? No est\u00e1 solo. En Woodland Family Dental, ayudamos a los pacientes a superar la fobia dental todos los d\u00edas con una atenci\u00f3n compasiva y sin prejuicios. Si ha estado evitando al dentista debido al miedo&hellip; <a href=\"https:\/\/www.dentistinwoodland.com\/es\/procedimientos\/pacientes-con-necesidades-especiales\/fobia-dental\/\" class=\"btn btn-outline-primary position-absolute more-link\"> Seguir leyendo <span class=\"sr-only\"> acerca de Fobia Dental<\/span><\/a><\/p>\n","protected":false},"author":2,"featured_media":1225,"parent":2187,"menu_order":0,"comment_status":"closed","ping_status":"closed","template":"template-fullwidth.php","meta":{"_acf_changed":false,"footnotes":""},"class_list":["post-2238","page","type-page","status-publish","has-post-thumbnail"],"acf":[],"yoast_head":"<!-- This site is optimized with the Yoast SEO plugin v26.6 - https:\/\/yoast.com\/wordpress\/plugins\/seo\/ -->\n<title>Fobia Dental | Woodland Family Dental<\/title>\n<meta name=\"description\" content=\"Supere la fobia dental en Woodland Family Dental en Woodland, CA. Atenci\u00f3n suave y sin miedo para pacientes de West Sacramento. Sedaci\u00f3n disponible. Equipo biling\u00fce. Aceptamos Dentical.\" \/>\n<meta name=\"robots\" content=\"index, follow, max-snippet:-1, max-image-preview:large, max-video-preview:-1\" \/>\n<link rel=\"canonical\" href=\"https:\/\/www.dentistinwoodland.com\/es\/procedimientos\/pacientes-con-necesidades-especiales\/fobia-dental\/\" \/>\n<meta property=\"og:locale\" content=\"es_ES\" \/>\n<meta property=\"og:type\" content=\"article\" \/>\n<meta property=\"og:title\" content=\"Fobia Dental | Woodland Family Dental\" \/>\n<meta property=\"og:description\" content=\"Supere la fobia dental en Woodland Family Dental en Woodland, CA. Atenci\u00f3n suave y sin miedo para pacientes de West Sacramento. Sedaci\u00f3n disponible. Equipo biling\u00fce. Aceptamos Dentical.\" \/>\n<meta property=\"og:url\" content=\"https:\/\/www.dentistinwoodland.com\/es\/procedimientos\/pacientes-con-necesidades-especiales\/fobia-dental\/\" \/>\n<meta property=\"og:site_name\" content=\"Woodland Family Dental\" \/>\n<meta property=\"article:modified_time\" content=\"2025-05-20T23:46:03+00:00\" \/>\n<meta property=\"og:image\" content=\"https:\/\/www.dentistinwoodland.com\/wp-content\/uploads\/2025\/04\/shutterstock_2500605583.jpg\" \/><meta property=\"og:image\" content=\"https:\/\/www.dentistinwoodland.com\/wp-content\/uploads\/2025\/04\/bigstock-people-medicine-stomatology-132583739-xxlarge.jpg\" \/>\n\t<meta property=\"og:image:width\" content=\"1920\" \/>\n\t<meta property=\"og:image:height\" content=\"767\" \/>\n\t<meta property=\"og:image:type\" content=\"image\/jpeg\" \/>\n<meta name=\"twitter:card\" content=\"summary_large_image\" \/>\n<meta name=\"twitter:image\" content=\"https:\/\/www.dentistinwoodland.com\/wp-content\/uploads\/2025\/04\/shutterstock_2500605583.jpg\" \/>\n<meta name=\"twitter:label1\" content=\"Tiempo de lectura\" \/>\n\t<meta name=\"twitter:data1\" content=\"3 minutos\" \/>\n<!-- \/ Yoast SEO plugin. -->","yoast_head_json":{"title":"Fobia Dental | Woodland Family Dental","description":"Supere la fobia dental en Woodland Family Dental en Woodland, CA. Atenci\u00f3n suave y sin miedo para pacientes de West Sacramento. Sedaci\u00f3n disponible. Equipo biling\u00fce. Aceptamos Dentical.","robots":{"index":"index","follow":"follow","max-snippet":"max-snippet:-1","max-image-preview":"max-image-preview:large","max-video-preview":"max-video-preview:-1"},"canonical":"https:\/\/www.dentistinwoodland.com\/es\/procedimientos\/pacientes-con-necesidades-especiales\/fobia-dental\/","og_locale":"es_ES","og_type":"article","og_title":"Fobia Dental | Woodland Family Dental","og_description":"Supere la fobia dental en Woodland Family Dental en Woodland, CA. Atenci\u00f3n suave y sin miedo para pacientes de West Sacramento. Sedaci\u00f3n disponible. Equipo biling\u00fce. Aceptamos Dentical.","og_url":"https:\/\/www.dentistinwoodland.com\/es\/procedimientos\/pacientes-con-necesidades-especiales\/fobia-dental\/","og_site_name":"Woodland Family Dental","article_modified_time":"2025-05-20T23:46:03+00:00","og_image":[{"url":"https:\/\/www.dentistinwoodland.com\/wp-content\/uploads\/2025\/04\/shutterstock_2500605583.jpg","type":"","width":"","height":""},{"width":1920,"height":767,"url":"https:\/\/www.dentistinwoodland.com\/wp-content\/uploads\/2025\/04\/bigstock-people-medicine-stomatology-132583739-xxlarge.jpg","type":"image\/jpeg"}],"twitter_card":"summary_large_image","twitter_image":"https:\/\/www.dentistinwoodland.com\/wp-content\/uploads\/2025\/04\/shutterstock_2500605583.jpg","twitter_misc":{"Tiempo de lectura":"3 minutos"},"schema":{"@context":"https:\/\/schema.org","@graph":[{"@type":"WebPage","@id":"https:\/\/www.dentistinwoodland.com\/es\/procedimientos\/pacientes-con-necesidades-especiales\/fobia-dental\/","url":"https:\/\/www.dentistinwoodland.com\/es\/procedimientos\/pacientes-con-necesidades-especiales\/fobia-dental\/","name":"Fobia Dental | Woodland Family Dental","isPartOf":{"@id":"https:\/\/www.dentistinwoodland.com\/es\/#website"},"primaryImageOfPage":{"@id":"https:\/\/www.dentistinwoodland.com\/es\/procedimientos\/pacientes-con-necesidades-especiales\/fobia-dental\/#primaryimage"},"image":{"@id":"https:\/\/www.dentistinwoodland.com\/es\/procedimientos\/pacientes-con-necesidades-especiales\/fobia-dental\/#primaryimage"},"thumbnailUrl":"https:\/\/www.dentistinwoodland.com\/wp-content\/uploads\/2025\/04\/bigstock-people-medicine-stomatology-132583739-xxlarge.jpg","datePublished":"2023-01-17T19:07:53+00:00","dateModified":"2025-05-20T23:46:03+00:00","description":"Supere la fobia dental en Woodland Family Dental en Woodland, CA. Atenci\u00f3n suave y sin miedo para pacientes de West Sacramento. Sedaci\u00f3n disponible. Equipo biling\u00fce. Aceptamos Dentical.","breadcrumb":{"@id":"https:\/\/www.dentistinwoodland.com\/es\/procedimientos\/pacientes-con-necesidades-especiales\/fobia-dental\/#breadcrumb"},"inLanguage":"es","potentialAction":[{"@type":"ReadAction","target":["https:\/\/www.dentistinwoodland.com\/es\/procedimientos\/pacientes-con-necesidades-especiales\/fobia-dental\/"]}]},{"@type":"ImageObject","inLanguage":"es","@id":"https:\/\/www.dentistinwoodland.com\/es\/procedimientos\/pacientes-con-necesidades-especiales\/fobia-dental\/#primaryimage","url":"https:\/\/www.dentistinwoodland.com\/wp-content\/uploads\/2025\/04\/bigstock-people-medicine-stomatology-132583739-xxlarge.jpg","contentUrl":"https:\/\/www.dentistinwoodland.com\/wp-content\/uploads\/2025\/04\/bigstock-people-medicine-stomatology-132583739-xxlarge.jpg","width":1920,"height":767,"caption":"Una mujer joven se sienta en un sill\u00f3n dental, con cara de ansiedad y sujet\u00e1ndose las mejillas con ambas manos."},{"@type":"BreadcrumbList","@id":"https:\/\/www.dentistinwoodland.com\/es\/procedimientos\/pacientes-con-necesidades-especiales\/fobia-dental\/#breadcrumb","itemListElement":[{"@type":"ListItem","position":1,"name":"Home","item":"https:\/\/www.dentistinwoodland.com\/es\/inicio\/"},{"@type":"ListItem","position":2,"name":"Procedimientos","item":"https:\/\/www.dentistinwoodland.com\/es\/procedimientos\/"},{"@type":"ListItem","position":3,"name":"Pacientes con Necesidades Especiales","item":"https:\/\/www.dentistinwoodland.com\/es\/procedimientos\/pacientes-con-necesidades-especiales\/"},{"@type":"ListItem","position":4,"name":"Fobia Dental"}]},{"@type":"WebSite","@id":"https:\/\/www.dentistinwoodland.com\/es\/#website","url":"https:\/\/www.dentistinwoodland.com\/es\/","name":"Woodland Family Dental","description":"","potentialAction":[{"@type":"SearchAction","target":{"@type":"EntryPoint","urlTemplate":"https:\/\/www.dentistinwoodland.com\/es\/?s={search_term_string}"},"query-input":{"@type":"PropertyValueSpecification","valueRequired":true,"valueName":"search_term_string"}}],"inLanguage":"es"}]}},"_links":{"self":[{"href":"https:\/\/www.dentistinwoodland.com\/es\/wp-json\/wp\/v2\/pages\/2238","targetHints":{"allow":["GET"]}}],"collection":[{"href":"https:\/\/www.dentistinwoodland.com\/es\/wp-json\/wp\/v2\/pages"}],"about":[{"href":"https:\/\/www.dentistinwoodland.com\/es\/wp-json\/wp\/v2\/types\/page"}],"author":[{"embeddable":true,"href":"https:\/\/www.dentistinwoodland.com\/es\/wp-json\/wp\/v2\/users\/2"}],"replies":[{"embeddable":true,"href":"https:\/\/www.dentistinwoodland.com\/es\/wp-json\/wp\/v2\/comments?post=2238"}],"version-history":[{"count":7,"href":"https:\/\/www.dentistinwoodland.com\/es\/wp-json\/wp\/v2\/pages\/2238\/revisions"}],"predecessor-version":[{"id":2282,"href":"https:\/\/www.dentistinwoodland.com\/es\/wp-json\/wp\/v2\/pages\/2238\/revisions\/2282"}],"up":[{"embeddable":true,"href":"https:\/\/www.dentistinwoodland.com\/es\/wp-json\/wp\/v2\/pages\/2187"}],"wp:featuredmedia":[{"embeddable":true,"href":"https:\/\/www.dentistinwoodland.com\/es\/wp-json\/wp\/v2\/media\/1225"}],"wp:attachment":[{"href":"https:\/\/www.dentistinwoodland.com\/es\/wp-json\/wp\/v2\/media?parent=2238"}],"curies":[{"name":"wp","href":"https:\/\/api.w.org\/{rel}","templated":true}]}}