{"id":2236,"date":"2023-01-17T14:07:53","date_gmt":"2023-01-17T19:07:53","guid":{"rendered":"https:\/\/www.dentistinwoodland.com\/procedimientos\/pacientes-con-necesidades-especiales\/pacientes-con-discapacidades\/"},"modified":"2025-05-14T08:16:31","modified_gmt":"2025-05-14T13:16:31","slug":"pacientes-con-discapacidades","status":"publish","type":"page","link":"https:\/\/www.dentistinwoodland.com\/es\/procedimientos\/pacientes-con-necesidades-especiales\/pacientes-con-discapacidades\/","title":{"rendered":"Pacientes con Discapacidades"},"content":{"rendered":"\n<p>En Woodland Family Dental, creemos que cada paciente merece acceso a una atenci\u00f3n dental compasiva y de alta calidad, independientemente de los desaf\u00edos f\u00edsicos, del desarrollo, cognitivos o sensoriales. Con orgullo damos la bienvenida a pacientes con discapacidades de Woodland, CA, y el \u00e1rea circundante de West Sacramento. Nuestro experimentado equipo est\u00e1 comprometido a proporcionar un entorno seguro, <a href=\"https:\/\/www.dentistinwoodland.com\/special-needs-patients\/\">respetuoso e inclusivo <\/a>para todas las personas y sus familias.  <\/p>\n\n    <div class=\"featured-testimonial-block bg-primary py-5 text-body\" id=\"featured-testimonial-block_f6f9422fbfa35525eda878861e01a07e\">\n        <div class=\"container\">\n            <div class=\"row justify-content-center\">\n                <div class=\"col-md-10 py-4\">\n                    <blockquote class=\"testimonials-blockquote mb-0 bg-light p-3 p-md-4 p-lg-5 position-relative\" style=\"border-radius: 2rem\">\n                        <svg class=\"testimonials-icon\" width=\"69\" height=\"69\" viewBox=\"0 0 69 69\" fill=\"none\" xmlns=\"http:\/\/www.w3.org\/2000\/svg\">\n                            <g filter=\"url(#filter0_d_1402_180)\">\n                            <circle cx=\"34.2612\" cy=\"33\" r=\"33\" fill=\"var(--primary)\"\/>\n                            <\/g>\n                            <path d=\"M22.757 19C17.1184 19 12.5473 23.6201 12.5473 29.3195C12.5473 35.0169 17.1184 39.6369 22.757 39.6369V46.3726C28.8237 43.1504 32.9668 36.7277 32.9668 29.3195C32.9668 23.6201 28.3957 19 22.757 19Z\" fill=\"white\"\/>\n                            <path d=\"M45.7892 19C40.1517 19 35.5803 23.6201 35.5803 29.3195C35.5803 35.0169 40.1517 39.6369 45.7892 39.6369V46.3726C51.8561 43.1504 56 36.7277 56 29.3195C56 23.6201 51.4285 19 45.7892 19Z\" fill=\"white\"\/>\n                        <\/svg>\n                        <div class=\"content\">Excelente servicio, recomendar\u00eda este lugar 100% llevo viniendo de Yuba City y realmente voy bien a gusto, las chicas son encantadoras y el dr es bien amable 100%<\/div>\n\n                        <div class=\"center-us d-flex align-items-center mt-4\">\n                            <cite class=\"d-block h5 m-0 pr-3 text-black\">Nelida Burgara<\/cite>\n                            <div class=\"testimonials-stars \">\n\t<svg class=\"svg-inline--fa fa-star  fa-w-18\" aria-hidden=\"true\" data-prefix=\"fab\" data-icon=\"star\" role=\"img\" xmlns=\"http:\/\/www.w3.org\/2000\/svg\" viewBox=\"0 0 576 512\" data-fa-i2svg=\"\"><path fill=\"currentColor\" d=\"M259.3 17.8L194 150.2 47.9 171.5c-26.2 3.8-36.7 36.1-17.7 54.6l105.7 103-25 145.5c-4.5 26.3 23.2 46 46.4 33.7L288 439.6l130.7 68.7c23.2 12.2 50.9-7.4 46.4-33.7l-25-145.5 105.7-103c19-18.5 8.5-50.8-17.7-54.6L382 150.2 316.7 17.8c-11.7-23.6-45.6-23.9-57.4 0z\"><\/path><\/svg>\t<svg class=\"svg-inline--fa fa-star  fa-w-18\" aria-hidden=\"true\" data-prefix=\"fab\" data-icon=\"star\" role=\"img\" xmlns=\"http:\/\/www.w3.org\/2000\/svg\" viewBox=\"0 0 576 512\" data-fa-i2svg=\"\"><path fill=\"currentColor\" d=\"M259.3 17.8L194 150.2 47.9 171.5c-26.2 3.8-36.7 36.1-17.7 54.6l105.7 103-25 145.5c-4.5 26.3 23.2 46 46.4 33.7L288 439.6l130.7 68.7c23.2 12.2 50.9-7.4 46.4-33.7l-25-145.5 105.7-103c19-18.5 8.5-50.8-17.7-54.6L382 150.2 316.7 17.8c-11.7-23.6-45.6-23.9-57.4 0z\"><\/path><\/svg>\t<svg class=\"svg-inline--fa fa-star  fa-w-18\" aria-hidden=\"true\" data-prefix=\"fab\" data-icon=\"star\" role=\"img\" xmlns=\"http:\/\/www.w3.org\/2000\/svg\" viewBox=\"0 0 576 512\" data-fa-i2svg=\"\"><path fill=\"currentColor\" d=\"M259.3 17.8L194 150.2 47.9 171.5c-26.2 3.8-36.7 36.1-17.7 54.6l105.7 103-25 145.5c-4.5 26.3 23.2 46 46.4 33.7L288 439.6l130.7 68.7c23.2 12.2 50.9-7.4 46.4-33.7l-25-145.5 105.7-103c19-18.5 8.5-50.8-17.7-54.6L382 150.2 316.7 17.8c-11.7-23.6-45.6-23.9-57.4 0z\"><\/path><\/svg>\t<svg class=\"svg-inline--fa fa-star  fa-w-18\" aria-hidden=\"true\" data-prefix=\"fab\" data-icon=\"star\" role=\"img\" xmlns=\"http:\/\/www.w3.org\/2000\/svg\" viewBox=\"0 0 576 512\" data-fa-i2svg=\"\"><path fill=\"currentColor\" d=\"M259.3 17.8L194 150.2 47.9 171.5c-26.2 3.8-36.7 36.1-17.7 54.6l105.7 103-25 145.5c-4.5 26.3 23.2 46 46.4 33.7L288 439.6l130.7 68.7c23.2 12.2 50.9-7.4 46.4-33.7l-25-145.5 105.7-103c19-18.5 8.5-50.8-17.7-54.6L382 150.2 316.7 17.8c-11.7-23.6-45.6-23.9-57.4 0z\"><\/path><\/svg>\t<svg class=\"svg-inline--fa fa-star  fa-w-18\" aria-hidden=\"true\" data-prefix=\"fab\" data-icon=\"star\" role=\"img\" xmlns=\"http:\/\/www.w3.org\/2000\/svg\" viewBox=\"0 0 576 512\" data-fa-i2svg=\"\"><path fill=\"currentColor\" d=\"M259.3 17.8L194 150.2 47.9 171.5c-26.2 3.8-36.7 36.1-17.7 54.6l105.7 103-25 145.5c-4.5 26.3 23.2 46 46.4 33.7L288 439.6l130.7 68.7c23.2 12.2 50.9-7.4 46.4-33.7l-25-145.5 105.7-103c19-18.5 8.5-50.8-17.7-54.6L382 150.2 316.7 17.8c-11.7-23.6-45.6-23.9-57.4 0z\"><\/path><\/svg><\/div>                        <\/div>\n                    <\/blockquote>\n                <\/div>\n            <\/div>\n        <\/div>\n    <\/div>\n\n<div class=\"wp-block-media-text alignwide is-stacked-on-mobile\"><figure class=\"wp-block-media-text__media\"><img loading=\"lazy\" decoding=\"async\" width=\"960\" height=\"960\" src=\"https:\/\/www.dentistinwoodland.com\/wp-content\/uploads\/2025\/04\/bigstock-Beautiful-Young-Female-Patient-191775727-medium.jpg\" alt=\"Hermosa paciente joven con dientes blancos perfectos sentada en un sill\u00f3n dental mir\u00e1ndose en el espejo y revis\u00e1ndose los dientes despu\u00e9s del tratamiento en una cl\u00ednica dental moderna. Concepto de odontolog\u00eda y atenci\u00f3n m\u00e9dica. \" class=\"wp-image-1231 size-full\" srcset=\"https:\/\/www.dentistinwoodland.com\/wp-content\/uploads\/2025\/04\/bigstock-Beautiful-Young-Female-Patient-191775727-medium.jpg 960w, https:\/\/www.dentistinwoodland.com\/wp-content\/uploads\/2025\/04\/bigstock-Beautiful-Young-Female-Patient-191775727-medium-300x300.jpg 300w, https:\/\/www.dentistinwoodland.com\/wp-content\/uploads\/2025\/04\/bigstock-Beautiful-Young-Female-Patient-191775727-medium-768x768.jpg 768w, https:\/\/www.dentistinwoodland.com\/wp-content\/uploads\/2025\/04\/bigstock-Beautiful-Young-Female-Patient-191775727-medium-192x192.jpg 192w, https:\/\/www.dentistinwoodland.com\/wp-content\/uploads\/2025\/04\/bigstock-Beautiful-Young-Female-Patient-191775727-medium-32x32.jpg 32w\" sizes=\"auto, (max-width: 960px) 100vw, 960px\" \/><\/figure><div class=\"wp-block-media-text__content\">\n<h2 class=\"wp-block-heading\">Atenci\u00f3n Dental Personalizada para Limitaciones Mentales y F\u00edsicas<\/h2>\n\n\n\n<p>Entendemos que los pacientes con discapacidades pueden requerir adaptaciones especializadas para sentirse c\u00f3modos durante sus visitas dentales. Es por eso que adoptamos un enfoque personalizado para cada paciente, trabajando en estrecha colaboraci\u00f3n con los cuidadores para comprender las necesidades y preferencias individuales. <\/p>\n\n\n\n<p>Ofrecemos:<\/p>\n\n\n\n<ul class=\"wp-block-list c3 lst-kix_5jvrz9okaqx0-0 start\">\n<li>Tiempos de cita extendidos o modificados<\/li>\n\n\n\n<li>Salas de tratamiento tranquilas con ambientes de baja estimulaci\u00f3n<\/li>\n\n\n\n<li>T\u00e9cnicas de comunicaci\u00f3n suave y desensibilizaci\u00f3n<\/li>\n\n\n\n<li>Instalaciones y equipos accesibles para sillas de ruedas<\/li>\n\n\n\n<li>Opciones de sedaci\u00f3n como \u00f3xido nitroso o sedaci\u00f3n consciente oral<\/li>\n<\/ul>\n\n\n\n<p>Ya sea que su ser querido tenga autismo, s\u00edndrome de Down, limitaciones de movilidad u otras preocupaciones de salud, nuestro equipo est\u00e1 capacitado para brindar una atenci\u00f3n considerada y centrada en el paciente.<\/p>\n<\/div><\/div>\n\n<div class=\"wp-block-media-text alignwide has-media-on-the-right is-stacked-on-mobile\"><div class=\"wp-block-media-text__content\">\n<h2 class=\"wp-block-heading\">Un Equipo que Entiende y se Preocupa<\/h2>\n\n\n\n<p>Nuestro objetivo es construir confianza en cada visita. Creemos que la odontolog\u00eda no es una soluci\u00f3n \u00fanica para todos, y estamos comprometidos a adaptar nuestro enfoque para garantizar la mejor experiencia posible para cada paciente. <\/p>\n\n\n\n<p>Animamos a las familias a programar una visita o consulta previa, para que los pacientes puedan familiarizarse con nuestro personal, las salas de tratamiento y los equipos antes de su cita. Este simple paso a menudo ayuda a reducir la ansiedad y generar comodidad. <\/p>\n\n\n\n<h2 class=\"wp-block-heading\">Dentical y Apoyo Biling\u00fce<\/h2>\n\n\n\n<p>Para que nuestra atenci\u00f3n sea accesible, con orgullo aceptamos Dentical, el plan dental Medicaid de California. Tambi\u00e9n ofrecemos servicios tanto en ingl\u00e9s como en espa\u00f1ol para garantizar una comunicaci\u00f3n clara con los pacientes y sus cuidadores. <\/p>\n<\/div><figure class=\"wp-block-media-text__media\"><img loading=\"lazy\" decoding=\"async\" width=\"960\" height=\"960\" src=\"https:\/\/www.dentistinwoodland.com\/wp-content\/uploads\/2025\/04\/1.jpg\" alt=\"Una persona con bata de laboratorio y guantes sostiene una tableta en una sala m\u00e9dica con una imagen de rayos X en el monitor y un cartel de advertencia de radiaci\u00f3n en la pared.\" class=\"wp-image-1993 size-full\" srcset=\"https:\/\/www.dentistinwoodland.com\/wp-content\/uploads\/2025\/04\/1.jpg 960w, https:\/\/www.dentistinwoodland.com\/wp-content\/uploads\/2025\/04\/1-300x300.jpg 300w, https:\/\/www.dentistinwoodland.com\/wp-content\/uploads\/2025\/04\/1-768x768.jpg 768w, https:\/\/www.dentistinwoodland.com\/wp-content\/uploads\/2025\/04\/1-192x192.jpg 192w, https:\/\/www.dentistinwoodland.com\/wp-content\/uploads\/2025\/04\/1-32x32.jpg 32w\" sizes=\"auto, (max-width: 960px) 100vw, 960px\" \/><\/figure><\/div>\n\n<div class=\"bio bg-light flc-section-padding\">\n    <div class=\"container\">\n        <div class=\"row align-items-center\">\n                            <div class=\"col-md-6 mb-4 mb-md-0\">\n                    <img loading=\"lazy\" decoding=\"async\" width=\"960\" height=\"960\" src=\"https:\/\/www.dentistinwoodland.com\/wp-content\/uploads\/2025\/04\/2.jpg\" class=\"img-fluid\" alt=\"Dos mujeres sonrientes se sientan detr\u00e1s de un mostrador de recepci\u00f3n con revistas y carteles informativos, en una sala de espera de una oficina con un cartel en la pared que dice &quot;Nos reservamos el derecho de rechazar el servicio a cualquier persona&quot;.\" srcset=\"https:\/\/www.dentistinwoodland.com\/wp-content\/uploads\/2025\/04\/2.jpg 960w, https:\/\/www.dentistinwoodland.com\/wp-content\/uploads\/2025\/04\/2-300x300.jpg 300w, https:\/\/www.dentistinwoodland.com\/wp-content\/uploads\/2025\/04\/2-768x768.jpg 768w, https:\/\/www.dentistinwoodland.com\/wp-content\/uploads\/2025\/04\/2-192x192.jpg 192w, https:\/\/www.dentistinwoodland.com\/wp-content\/uploads\/2025\/04\/2-32x32.jpg 32w\" sizes=\"auto, (max-width: 960px) 100vw, 960px\" \/>                <\/div>\n                        <div class=\"col-md-6 pl-md-5\">\n                                    <h2>Atenci\u00f3n dental integral y familiar<\/h2>\n                \n                                    <p>En Woodland Family Dental, creemos que todo el mundo merece una experiencia dental positiva. Nuestro equipo se dedica a crear un ambiente acogedor para los pacientes de todas las edades, asegurando que cada visita es libre de estr\u00e9s y adaptado a sus necesidades \u00fanicas. Combinamos el estado de la t\u00e9cnica dental con un enfoque compasivo, por lo que la atenci\u00f3n dental de alta calidad accesible a las personas y familias a trav\u00e9s de Woodland y West Sacramento.<\/p>\n                \n                                    <a class=\"btn btn-outline-primary\" href=\"https:\/\/www.dentistinwoodland.com\/es\/acerca-de-nosotros\/\" target=\"_self\">\n                        Acerca de nosotros                    <\/a>\n                            <\/div>\n        <\/div>\n    <\/div>\n<\/div>\n<h2 class=\"wp-block-heading\">Creando una Experiencia Dental Positiva en Woodland y West Sacramento<\/h2>\n\n<p>En Woodland Family Dental, nos sentimos honrados de atender a pacientes de todas las capacidades con compasi\u00f3n y respeto. Nos esforzamos por eliminar las barreras a la atenci\u00f3n y hacer de cada visita dental un paso positivo hacia una sonrisa m\u00e1s saludable. <\/p>\n\n<p>Si usted o un ser querido tiene una discapacidad y necesita atenci\u00f3n dental compasiva, p\u00f3ngase en <a href=\"https:\/\/app.nexhealth.com\/appts\/ora-dentistry?lid=334187\" class=\"contact_anchor \"><span>contacto con Woodland Family Dental hoy<\/span><\/a> mismo. Estamos aqu\u00ed para apoyar su sonrisa en cada paso del camino. <\/p>\n","protected":false},"excerpt":{"rendered":"<p>En Woodland Family Dental, creemos que cada paciente merece acceso a una atenci\u00f3n dental compasiva y de alta calidad, independientemente de los desaf\u00edos f\u00edsicos, del desarrollo, cognitivos o sensoriales. Con orgullo damos la bienvenida a pacientes con discapacidades de Woodland, CA, y el \u00e1rea circundante de West Sacramento. Nuestro experimentado equipo est\u00e1 comprometido a proporcionar&hellip; <a href=\"https:\/\/www.dentistinwoodland.com\/es\/procedimientos\/pacientes-con-necesidades-especiales\/pacientes-con-discapacidades\/\" class=\"btn btn-outline-primary position-absolute more-link\"> Seguir leyendo <span class=\"sr-only\"> acerca de Pacientes con Discapacidades<\/span><\/a><\/p>\n","protected":false},"author":2,"featured_media":1230,"parent":2187,"menu_order":0,"comment_status":"closed","ping_status":"closed","template":"template-fullwidth.php","meta":{"_acf_changed":false,"footnotes":""},"class_list":["post-2236","page","type-page","status-publish","has-post-thumbnail"],"acf":[],"yoast_head":"<!-- This site is optimized with the Yoast SEO plugin v26.6 - https:\/\/yoast.com\/wordpress\/plugins\/seo\/ -->\n<title>Pacientes con Discapacidades | Woodland Family Dental<\/title>\n<meta name=\"description\" content=\"Atenci\u00f3n dental inclusiva para pacientes con discapacidades en Woodland, CA. Atendemos en West Sacramento. Equipo biling\u00fce. Aceptamos Dentical. Tratamiento suave y personalizado en un entorno seguro.\" \/>\n<meta name=\"robots\" content=\"index, follow, max-snippet:-1, max-image-preview:large, max-video-preview:-1\" \/>\n<link rel=\"canonical\" href=\"https:\/\/www.dentistinwoodland.com\/es\/procedimientos\/pacientes-con-necesidades-especiales\/pacientes-con-discapacidades\/\" \/>\n<meta property=\"og:locale\" content=\"es_ES\" \/>\n<meta property=\"og:type\" content=\"article\" \/>\n<meta property=\"og:title\" content=\"Pacientes con Discapacidades | Woodland Family Dental\" \/>\n<meta property=\"og:description\" content=\"Atenci\u00f3n dental inclusiva para pacientes con discapacidades en Woodland, CA. Atendemos en West Sacramento. Equipo biling\u00fce. Aceptamos Dentical. Tratamiento suave y personalizado en un entorno seguro.\" \/>\n<meta property=\"og:url\" content=\"https:\/\/www.dentistinwoodland.com\/es\/procedimientos\/pacientes-con-necesidades-especiales\/pacientes-con-discapacidades\/\" \/>\n<meta property=\"og:site_name\" content=\"Woodland Family Dental\" \/>\n<meta property=\"article:modified_time\" content=\"2025-05-14T13:16:31+00:00\" \/>\n<meta property=\"og:image\" content=\"https:\/\/www.dentistinwoodland.com\/wp-content\/uploads\/2025\/04\/shutterstock_2500605583.jpg\" \/><meta property=\"og:image\" content=\"https:\/\/www.dentistinwoodland.com\/wp-content\/uploads\/2025\/04\/bigstock-Closeup-shot-of-young-man-wear-106935005-xxlarge.jpg\" \/>\n\t<meta property=\"og:image:width\" content=\"1920\" \/>\n\t<meta property=\"og:image:height\" content=\"768\" \/>\n\t<meta property=\"og:image:type\" content=\"image\/jpeg\" \/>\n<meta name=\"twitter:card\" content=\"summary_large_image\" \/>\n<meta name=\"twitter:image\" content=\"https:\/\/www.dentistinwoodland.com\/wp-content\/uploads\/2025\/04\/shutterstock_2500605583.jpg\" \/>\n<meta name=\"twitter:label1\" content=\"Tiempo de lectura\" \/>\n\t<meta name=\"twitter:data1\" content=\"2 minutos\" \/>\n<!-- \/ Yoast SEO plugin. -->","yoast_head_json":{"title":"Pacientes con Discapacidades | Woodland Family Dental","description":"Atenci\u00f3n dental inclusiva para pacientes con discapacidades en Woodland, CA. Atendemos en West Sacramento. Equipo biling\u00fce. Aceptamos Dentical. Tratamiento suave y personalizado en un entorno seguro.","robots":{"index":"index","follow":"follow","max-snippet":"max-snippet:-1","max-image-preview":"max-image-preview:large","max-video-preview":"max-video-preview:-1"},"canonical":"https:\/\/www.dentistinwoodland.com\/es\/procedimientos\/pacientes-con-necesidades-especiales\/pacientes-con-discapacidades\/","og_locale":"es_ES","og_type":"article","og_title":"Pacientes con Discapacidades | Woodland Family Dental","og_description":"Atenci\u00f3n dental inclusiva para pacientes con discapacidades en Woodland, CA. Atendemos en West Sacramento. Equipo biling\u00fce. Aceptamos Dentical. Tratamiento suave y personalizado en un entorno seguro.","og_url":"https:\/\/www.dentistinwoodland.com\/es\/procedimientos\/pacientes-con-necesidades-especiales\/pacientes-con-discapacidades\/","og_site_name":"Woodland Family Dental","article_modified_time":"2025-05-14T13:16:31+00:00","og_image":[{"url":"https:\/\/www.dentistinwoodland.com\/wp-content\/uploads\/2025\/04\/shutterstock_2500605583.jpg","type":"","width":"","height":""},{"width":1920,"height":768,"url":"https:\/\/www.dentistinwoodland.com\/wp-content\/uploads\/2025\/04\/bigstock-Closeup-shot-of-young-man-wear-106935005-xxlarge.jpg","type":"image\/jpeg"}],"twitter_card":"summary_large_image","twitter_image":"https:\/\/www.dentistinwoodland.com\/wp-content\/uploads\/2025\/04\/shutterstock_2500605583.jpg","twitter_misc":{"Tiempo de lectura":"2 minutos"},"schema":{"@context":"https:\/\/schema.org","@graph":[{"@type":"WebPage","@id":"https:\/\/www.dentistinwoodland.com\/es\/procedimientos\/pacientes-con-necesidades-especiales\/pacientes-con-discapacidades\/","url":"https:\/\/www.dentistinwoodland.com\/es\/procedimientos\/pacientes-con-necesidades-especiales\/pacientes-con-discapacidades\/","name":"Pacientes con Discapacidades | Woodland Family Dental","isPartOf":{"@id":"https:\/\/www.dentistinwoodland.com\/es\/#website"},"primaryImageOfPage":{"@id":"https:\/\/www.dentistinwoodland.com\/es\/procedimientos\/pacientes-con-necesidades-especiales\/pacientes-con-discapacidades\/#primaryimage"},"image":{"@id":"https:\/\/www.dentistinwoodland.com\/es\/procedimientos\/pacientes-con-necesidades-especiales\/pacientes-con-discapacidades\/#primaryimage"},"thumbnailUrl":"https:\/\/www.dentistinwoodland.com\/wp-content\/uploads\/2025\/04\/bigstock-Closeup-shot-of-young-man-wear-106935005-xxlarge.jpg","datePublished":"2023-01-17T19:07:53+00:00","dateModified":"2025-05-14T13:16:31+00:00","description":"Atenci\u00f3n dental inclusiva para pacientes con discapacidades en Woodland, CA. Atendemos en West Sacramento. Equipo biling\u00fce. Aceptamos Dentical. Tratamiento suave y personalizado en un entorno seguro.","breadcrumb":{"@id":"https:\/\/www.dentistinwoodland.com\/es\/procedimientos\/pacientes-con-necesidades-especiales\/pacientes-con-discapacidades\/#breadcrumb"},"inLanguage":"es","potentialAction":[{"@type":"ReadAction","target":["https:\/\/www.dentistinwoodland.com\/es\/procedimientos\/pacientes-con-necesidades-especiales\/pacientes-con-discapacidades\/"]}]},{"@type":"ImageObject","inLanguage":"es","@id":"https:\/\/www.dentistinwoodland.com\/es\/procedimientos\/pacientes-con-necesidades-especiales\/pacientes-con-discapacidades\/#primaryimage","url":"https:\/\/www.dentistinwoodland.com\/wp-content\/uploads\/2025\/04\/bigstock-Closeup-shot-of-young-man-wear-106935005-xxlarge.jpg","contentUrl":"https:\/\/www.dentistinwoodland.com\/wp-content\/uploads\/2025\/04\/bigstock-Closeup-shot-of-young-man-wear-106935005-xxlarge.jpg","width":1920,"height":768,"caption":"Un joven con gafas y camisa azul claro sonr\u00ede a la c\u00e1mara sentado en un interior con las manos entrelazadas."},{"@type":"BreadcrumbList","@id":"https:\/\/www.dentistinwoodland.com\/es\/procedimientos\/pacientes-con-necesidades-especiales\/pacientes-con-discapacidades\/#breadcrumb","itemListElement":[{"@type":"ListItem","position":1,"name":"Home","item":"https:\/\/www.dentistinwoodland.com\/es\/inicio\/"},{"@type":"ListItem","position":2,"name":"Procedimientos","item":"https:\/\/www.dentistinwoodland.com\/es\/procedimientos\/"},{"@type":"ListItem","position":3,"name":"Pacientes con Necesidades Especiales","item":"https:\/\/www.dentistinwoodland.com\/es\/procedimientos\/pacientes-con-necesidades-especiales\/"},{"@type":"ListItem","position":4,"name":"Pacientes con Discapacidades"}]},{"@type":"WebSite","@id":"https:\/\/www.dentistinwoodland.com\/es\/#website","url":"https:\/\/www.dentistinwoodland.com\/es\/","name":"Woodland Family Dental","description":"","potentialAction":[{"@type":"SearchAction","target":{"@type":"EntryPoint","urlTemplate":"https:\/\/www.dentistinwoodland.com\/es\/?s={search_term_string}"},"query-input":{"@type":"PropertyValueSpecification","valueRequired":true,"valueName":"search_term_string"}}],"inLanguage":"es"}]}},"_links":{"self":[{"href":"https:\/\/www.dentistinwoodland.com\/es\/wp-json\/wp\/v2\/pages\/2236","targetHints":{"allow":["GET"]}}],"collection":[{"href":"https:\/\/www.dentistinwoodland.com\/es\/wp-json\/wp\/v2\/pages"}],"about":[{"href":"https:\/\/www.dentistinwoodland.com\/es\/wp-json\/wp\/v2\/types\/page"}],"author":[{"embeddable":true,"href":"https:\/\/www.dentistinwoodland.com\/es\/wp-json\/wp\/v2\/users\/2"}],"replies":[{"embeddable":true,"href":"https:\/\/www.dentistinwoodland.com\/es\/wp-json\/wp\/v2\/comments?post=2236"}],"version-history":[{"count":1,"href":"https:\/\/www.dentistinwoodland.com\/es\/wp-json\/wp\/v2\/pages\/2236\/revisions"}],"predecessor-version":[{"id":2237,"href":"https:\/\/www.dentistinwoodland.com\/es\/wp-json\/wp\/v2\/pages\/2236\/revisions\/2237"}],"up":[{"embeddable":true,"href":"https:\/\/www.dentistinwoodland.com\/es\/wp-json\/wp\/v2\/pages\/2187"}],"wp:featuredmedia":[{"embeddable":true,"href":"https:\/\/www.dentistinwoodland.com\/es\/wp-json\/wp\/v2\/media\/1230"}],"wp:attachment":[{"href":"https:\/\/www.dentistinwoodland.com\/es\/wp-json\/wp\/v2\/media?parent=2236"}],"curies":[{"name":"wp","href":"https:\/\/api.w.org\/{rel}","templated":true}]}}