{"id":2234,"date":"2023-01-17T14:07:53","date_gmt":"2023-01-17T19:07:53","guid":{"rendered":"https:\/\/www.dentistinwoodland.com\/procedimientos\/ortodoncia\/invisalign\/"},"modified":"2025-05-29T15:30:31","modified_gmt":"2025-05-29T20:30:31","slug":"invisalign","status":"publish","type":"page","link":"https:\/\/www.dentistinwoodland.com\/es\/procedimientos\/ortodoncia\/invisalign\/","title":{"rendered":"Invisalign"},"content":{"rendered":"\n<p>Enderezar los dientes no tiene por qu\u00e9 significar el uso de aparatos met\u00e1licos. En Woodland Family Dental, estamos orgullosos de ofrecer Invisalign\u00ae terapia de alineadores transparentes a los adolescentes y adultos que buscan una manera discreta y c\u00f3moda para mejorar sus sonrisas. Como un proveedor de confianza Invisalign en Woodland, CA, servimos a los pacientes en todo el oeste de Sacramento y sus alrededores con una <a href=\"https:\/\/www.dentistinwoodland.com\/orthodontics\/\">soluci\u00f3n moderna<\/a> que se adapte a su estilo de vida.  <\/p>\n\n    <div class=\"featured-testimonial-block bg-primary py-5 text-body\" id=\"featured-testimonial-block_a2e1b1930ea5727135937aac45269164\">\n        <div class=\"container\">\n            <div class=\"row justify-content-center\">\n                <div class=\"col-md-10 py-4\">\n                    <blockquote class=\"testimonials-blockquote mb-0 bg-light p-3 p-md-4 p-lg-5 position-relative\" style=\"border-radius: 2rem\">\n                        <svg class=\"testimonials-icon\" width=\"69\" height=\"69\" viewBox=\"0 0 69 69\" fill=\"none\" xmlns=\"http:\/\/www.w3.org\/2000\/svg\">\n                            <g filter=\"url(#filter0_d_1402_180)\">\n                            <circle cx=\"34.2612\" cy=\"33\" r=\"33\" fill=\"var(--primary)\"\/>\n                            <\/g>\n                            <path d=\"M22.757 19C17.1184 19 12.5473 23.6201 12.5473 29.3195C12.5473 35.0169 17.1184 39.6369 22.757 39.6369V46.3726C28.8237 43.1504 32.9668 36.7277 32.9668 29.3195C32.9668 23.6201 28.3957 19 22.757 19Z\" fill=\"white\"\/>\n                            <path d=\"M45.7892 19C40.1517 19 35.5803 23.6201 35.5803 29.3195C35.5803 35.0169 40.1517 39.6369 45.7892 39.6369V46.3726C51.8561 43.1504 56 36.7277 56 29.3195C56 23.6201 51.4285 19 45.7892 19Z\" fill=\"white\"\/>\n                        <\/svg>\n                        <div class=\"content\">Excelente servicio, recomendar\u00eda este lugar 100% llevo viniendo de Yuba City y realmente voy bien a gusto, las chicas son encantadoras y el dr es bien amable 100%<\/div>\n\n                        <div class=\"center-us d-flex align-items-center mt-4\">\n                            <cite class=\"d-block h5 m-0 pr-3 text-black\">Nelida Burgara<\/cite>\n                            <div class=\"testimonials-stars \">\n\t<svg class=\"svg-inline--fa fa-star  fa-w-18\" aria-hidden=\"true\" data-prefix=\"fab\" data-icon=\"star\" role=\"img\" xmlns=\"http:\/\/www.w3.org\/2000\/svg\" viewBox=\"0 0 576 512\" data-fa-i2svg=\"\"><path fill=\"currentColor\" d=\"M259.3 17.8L194 150.2 47.9 171.5c-26.2 3.8-36.7 36.1-17.7 54.6l105.7 103-25 145.5c-4.5 26.3 23.2 46 46.4 33.7L288 439.6l130.7 68.7c23.2 12.2 50.9-7.4 46.4-33.7l-25-145.5 105.7-103c19-18.5 8.5-50.8-17.7-54.6L382 150.2 316.7 17.8c-11.7-23.6-45.6-23.9-57.4 0z\"><\/path><\/svg>\t<svg class=\"svg-inline--fa fa-star  fa-w-18\" aria-hidden=\"true\" data-prefix=\"fab\" data-icon=\"star\" role=\"img\" xmlns=\"http:\/\/www.w3.org\/2000\/svg\" viewBox=\"0 0 576 512\" data-fa-i2svg=\"\"><path fill=\"currentColor\" d=\"M259.3 17.8L194 150.2 47.9 171.5c-26.2 3.8-36.7 36.1-17.7 54.6l105.7 103-25 145.5c-4.5 26.3 23.2 46 46.4 33.7L288 439.6l130.7 68.7c23.2 12.2 50.9-7.4 46.4-33.7l-25-145.5 105.7-103c19-18.5 8.5-50.8-17.7-54.6L382 150.2 316.7 17.8c-11.7-23.6-45.6-23.9-57.4 0z\"><\/path><\/svg>\t<svg class=\"svg-inline--fa fa-star  fa-w-18\" aria-hidden=\"true\" data-prefix=\"fab\" data-icon=\"star\" role=\"img\" xmlns=\"http:\/\/www.w3.org\/2000\/svg\" viewBox=\"0 0 576 512\" data-fa-i2svg=\"\"><path fill=\"currentColor\" d=\"M259.3 17.8L194 150.2 47.9 171.5c-26.2 3.8-36.7 36.1-17.7 54.6l105.7 103-25 145.5c-4.5 26.3 23.2 46 46.4 33.7L288 439.6l130.7 68.7c23.2 12.2 50.9-7.4 46.4-33.7l-25-145.5 105.7-103c19-18.5 8.5-50.8-17.7-54.6L382 150.2 316.7 17.8c-11.7-23.6-45.6-23.9-57.4 0z\"><\/path><\/svg>\t<svg class=\"svg-inline--fa fa-star  fa-w-18\" aria-hidden=\"true\" data-prefix=\"fab\" data-icon=\"star\" role=\"img\" xmlns=\"http:\/\/www.w3.org\/2000\/svg\" viewBox=\"0 0 576 512\" data-fa-i2svg=\"\"><path fill=\"currentColor\" d=\"M259.3 17.8L194 150.2 47.9 171.5c-26.2 3.8-36.7 36.1-17.7 54.6l105.7 103-25 145.5c-4.5 26.3 23.2 46 46.4 33.7L288 439.6l130.7 68.7c23.2 12.2 50.9-7.4 46.4-33.7l-25-145.5 105.7-103c19-18.5 8.5-50.8-17.7-54.6L382 150.2 316.7 17.8c-11.7-23.6-45.6-23.9-57.4 0z\"><\/path><\/svg>\t<svg class=\"svg-inline--fa fa-star  fa-w-18\" aria-hidden=\"true\" data-prefix=\"fab\" data-icon=\"star\" role=\"img\" xmlns=\"http:\/\/www.w3.org\/2000\/svg\" viewBox=\"0 0 576 512\" data-fa-i2svg=\"\"><path fill=\"currentColor\" d=\"M259.3 17.8L194 150.2 47.9 171.5c-26.2 3.8-36.7 36.1-17.7 54.6l105.7 103-25 145.5c-4.5 26.3 23.2 46 46.4 33.7L288 439.6l130.7 68.7c23.2 12.2 50.9-7.4 46.4-33.7l-25-145.5 105.7-103c19-18.5 8.5-50.8-17.7-54.6L382 150.2 316.7 17.8c-11.7-23.6-45.6-23.9-57.4 0z\"><\/path><\/svg><\/div>                        <\/div>\n                    <\/blockquote>\n                <\/div>\n            <\/div>\n        <\/div>\n    <\/div>\n\n<div class=\"wp-block-media-text alignwide is-stacked-on-mobile\"><figure class=\"wp-block-media-text__media\"><img loading=\"lazy\" decoding=\"async\" width=\"960\" height=\"960\" src=\"https:\/\/www.dentistinwoodland.com\/wp-content\/uploads\/2025\/04\/bigstock-Young-Smiling-Woman-Holding-In-465283713-medium.jpg\" alt=\"Una joven sonriente sosteniendo brackets Invisalign sobre fondo blanco de estudio, concepto de cuidado dental y ortodoncia.\" class=\"wp-image-1176 size-full\" srcset=\"https:\/\/www.dentistinwoodland.com\/wp-content\/uploads\/2025\/04\/bigstock-Young-Smiling-Woman-Holding-In-465283713-medium.jpg 960w, https:\/\/www.dentistinwoodland.com\/wp-content\/uploads\/2025\/04\/bigstock-Young-Smiling-Woman-Holding-In-465283713-medium-300x300.jpg 300w, https:\/\/www.dentistinwoodland.com\/wp-content\/uploads\/2025\/04\/bigstock-Young-Smiling-Woman-Holding-In-465283713-medium-768x768.jpg 768w, https:\/\/www.dentistinwoodland.com\/wp-content\/uploads\/2025\/04\/bigstock-Young-Smiling-Woman-Holding-In-465283713-medium-192x192.jpg 192w, https:\/\/www.dentistinwoodland.com\/wp-content\/uploads\/2025\/04\/bigstock-Young-Smiling-Woman-Holding-In-465283713-medium-32x32.jpg 32w\" sizes=\"auto, (max-width: 960px) 100vw, 960px\" \/><\/figure><div class=\"wp-block-media-text__content\">\n<h2 class=\"wp-block-heading\">\u00bfPor qu\u00e9 elegir Invisalign?<\/h2>\n\n\n\n<p>Invisalign utiliza una serie de alineadores de pl\u00e1stico transparente hechos a medida para mover suavemente sus dientes a una alineaci\u00f3n ideal. A diferencia de los brackets tradicionales, no hay brackets ni alambres met\u00e1licos. Los alineadores son pr\u00e1cticamente invisibles y se pueden quitar para comer, cepillarse y en ocasiones especiales, lo que lo convierte en una de las opciones de ortodoncia m\u00e1s convenientes disponibles en la actualidad.  <\/p>\n\n\n\n<h2 class=\"wp-block-heading\">Brackets transparentes para adultos y adolescentes<\/h2>\n\n\n\n<p>El cuidado de ortodoncia no es solo para ni\u00f1os. De hecho, casi 1 de cada 4 pacientes de ortodoncia es adulto, seg\u00fan la Asociaci\u00f3n Estadounidense de Ortodoncistas. Invisalign es una excelente opci\u00f3n para:  <\/p>\n\n\n\n<ul class=\"wp-block-list c3 lst-kix_sghoehj9b5pk-0 start\">\n<li>Profesionales en activo<\/li>\n\n\n\n<li>Estudiantes universitarios<\/li>\n\n\n\n<li>Padres con horarios ocupados<\/li>\n\n\n\n<li>Adolescentes que buscan una sonrisa con m\u00e1s confianza<\/li>\n<\/ul>\n\n\n\n<p>Si ha estado postergando enderezar sus dientes porque no quer\u00eda usar brackets, Invisalign puede ser la soluci\u00f3n perfecta.<\/p>\n\n\n\n<h2 class=\"wp-block-heading\">Qu\u00e9 puede corregir Invisalign<\/h2>\n\n\n\n<p>Invisalign puede tratar una amplia gama de problemas de alineaci\u00f3n, que incluyen:<\/p>\n\n\n\n<ul class=\"wp-block-list c3 lst-kix_xzxai0fpsug0-0 start\">\n<li>Dientes torcidos o api\u00f1ados<\/li>\n\n\n\n<li>Espacios entre los dientes<\/li>\n\n\n\n<li>Sobremordida, submordida y mordida cruzada<\/li>\n\n\n\n<li>Irregularidades de mordida leves a moderadas<\/li>\n<\/ul>\n\n\n\n<p>Invisalign funciona mejor para los pacientes que usan sus alineadores seg\u00fan las indicaciones (generalmente de 20 a 22 horas por d\u00eda) y realizan controles dentales peri\u00f3dicos.<\/p>\n<\/div><\/div>\n\n<div class=\"wp-block-media-text alignwide has-media-on-the-right is-stacked-on-mobile\"><div class=\"wp-block-media-text__content\">\n<h2 class=\"wp-block-heading\">Qu\u00e9 esperar del tratamiento con alineadores transparentes<\/h2>\n\n\n\n<ol class=\"c3 lst-kix_gzzp88ms2qs5-0 start wp-block-list\" start=\"1\"><li class=\"c1 c6 li-bullet-0\"><strong>Escaneo digital y consulta<\/strong> Utilizamos im\u00e1genes digitales avanzadas y escaneo intraoral para capturar un modelo preciso de sus dientes.<\/li><li class=\"c1 c6 li-bullet-0\"><strong>Plan de tratamiento<\/strong> personalizado Sus alineadores se crear\u00e1n utilizando la tecnolog\u00eda avanzada de Invisalign para mover sus dientes en etapas.<\/li><li class=\"c1 c6 li-bullet-0\"><strong>Uso de sus alineadores<\/strong> Cada juego se usa durante aproximadamente 1 o 2 semanas antes de cambiar al siguiente. Nos visitar\u00e1 peri\u00f3dicamente para controlar su progreso. <\/li><li class=\"c1 c6 li-bullet-0\"><strong>Mantenga sus resultados<\/strong> Una vez que se complete su tratamiento, le proporcionaremos un retenedor para mantener su sonrisa recta a largo plazo.<\/li><\/ol>\n\n\n\n<p>El tiempo de tratamiento var\u00eda seg\u00fan el caso, pero generalmente oscila entre 6 y 18 meses. \u00bfLo mejor? La mayor\u00eda de la gente ni siquiera notar\u00e1 que lleva alineadores.  <\/p>\n\n\n\n<h2 class=\"wp-block-heading\">Beneficios de Invisalign para enderezar los dientes<\/h2>\n\n\n\n<ul class=\"wp-block-list c3 lst-kix_72ctpdali8cs-0 start\">\n<li>Casi invisible<\/li>\n\n\n\n<li>Removible para comidas e higiene<\/li>\n\n\n\n<li>Sin restricciones de alimentos<\/li>\n\n\n\n<li>Menos irritaci\u00f3n que los brackets met\u00e1licos<\/li>\n\n\n\n<li>Menos visitas al consultorio<\/li>\n<\/ul>\n\n\n\n<p>Muchos pacientes informan una mayor confianza y satisfacci\u00f3n durante todo su proceso de tratamiento. Invisalign facilita disfrutar de su rutina diaria mientras transforma su sonrisa. <\/p>\n\n\n\n<h2 class=\"wp-block-heading\">Invisalign en Woodland con soporte biling\u00fce<\/h2>\n\n\n\n<p>Woodland Family Dental ofrece atenci\u00f3n biling\u00fce para pacientes que hablan ingl\u00e9s y espa\u00f1ol. Nos esforzamos por hacer que cada paso de su viaje con Invisalign sea fluido, transparente y de apoyo. Nuestro equipo est\u00e1 aqu\u00ed para responder a sus preguntas y ayudarlo a lograr la sonrisa que siempre ha deseado.  <\/p>\n\n\n\n<p>Tambi\u00e9n aceptamos Dentical, el seguro dental Medicaid de California, y trabajaremos con usted para explorar todas las opciones de financiaci\u00f3n.<\/p>\n\n\n\n<p>\u00bfListo para comenzar? P\u00f3ngase en contacto con Woodland Family Dental hoy mismo para<a href=\"https:\/\/app.nexhealth.com\/appts\/ora-dentistry?lid=334187\" class=\"contact_anchor \"><span> programar su consulta de Invisalign<\/span><\/a> y dar el primer paso hacia una sonrisa m\u00e1s recta y saludable. <\/p>\n<\/div><figure class=\"wp-block-media-text__media\"><img loading=\"lazy\" decoding=\"async\" width=\"960\" height=\"960\" src=\"https:\/\/www.dentistinwoodland.com\/wp-content\/uploads\/2025\/04\/4.jpg\" alt=\"Dos empleados de oficina sentados en escritorios con computadoras. Una mujer en primer plano, con gafas y uniforme m\u00e9dico, sonr\u00ede mientras trabaja en su computadora.\" class=\"wp-image-1999 size-full\" srcset=\"https:\/\/www.dentistinwoodland.com\/wp-content\/uploads\/2025\/04\/4.jpg 960w, https:\/\/www.dentistinwoodland.com\/wp-content\/uploads\/2025\/04\/4-300x300.jpg 300w, https:\/\/www.dentistinwoodland.com\/wp-content\/uploads\/2025\/04\/4-768x768.jpg 768w, https:\/\/www.dentistinwoodland.com\/wp-content\/uploads\/2025\/04\/4-192x192.jpg 192w, https:\/\/www.dentistinwoodland.com\/wp-content\/uploads\/2025\/04\/4-32x32.jpg 32w\" sizes=\"auto, (max-width: 960px) 100vw, 960px\" \/><\/figure><\/div>\n\n<div class=\"bio bg-light flc-section-padding\">\n    <div class=\"container\">\n        <div class=\"row align-items-center\">\n                            <div class=\"col-md-6 mb-4 mb-md-0\">\n                    <img loading=\"lazy\" decoding=\"async\" width=\"960\" height=\"960\" src=\"https:\/\/www.dentistinwoodland.com\/wp-content\/uploads\/2025\/04\/2.jpg\" class=\"img-fluid\" alt=\"Dos mujeres sonrientes se sientan detr\u00e1s de un mostrador de recepci\u00f3n con revistas y carteles informativos, en una sala de espera de una oficina con un cartel en la pared que dice &quot;Nos reservamos el derecho de rechazar el servicio a cualquier persona&quot;.\" srcset=\"https:\/\/www.dentistinwoodland.com\/wp-content\/uploads\/2025\/04\/2.jpg 960w, https:\/\/www.dentistinwoodland.com\/wp-content\/uploads\/2025\/04\/2-300x300.jpg 300w, https:\/\/www.dentistinwoodland.com\/wp-content\/uploads\/2025\/04\/2-768x768.jpg 768w, https:\/\/www.dentistinwoodland.com\/wp-content\/uploads\/2025\/04\/2-192x192.jpg 192w, https:\/\/www.dentistinwoodland.com\/wp-content\/uploads\/2025\/04\/2-32x32.jpg 32w\" sizes=\"auto, (max-width: 960px) 100vw, 960px\" \/>                <\/div>\n                        <div class=\"col-md-6 pl-md-5\">\n                                    <h2>Atenci\u00f3n dental integral y familiar<\/h2>\n                \n                                    <p>En Woodland Family Dental, creemos que todo el mundo merece una experiencia dental positiva. Nuestro equipo se dedica a crear un ambiente acogedor para los pacientes de todas las edades, asegurando que cada visita es libre de estr\u00e9s y adaptado a sus necesidades \u00fanicas. Combinamos el estado de la t\u00e9cnica dental con un enfoque compasivo, por lo que la atenci\u00f3n dental de alta calidad accesible a las personas y familias a trav\u00e9s de Woodland y West Sacramento.<\/p>\n                \n                                    <a class=\"btn btn-outline-primary\" href=\"https:\/\/www.dentistinwoodland.com\/es\/acerca-de-nosotros\/\" target=\"_self\">\n                        Acerca de nosotros                    <\/a>\n                            <\/div>\n        <\/div>\n    <\/div>\n<\/div>\n<h2 class=\"wp-block-heading\"><\/h2>\n","protected":false},"excerpt":{"rendered":"<p>Enderezar los dientes no tiene por qu\u00e9 significar el uso de aparatos met\u00e1licos. En Woodland Family Dental, estamos orgullosos de ofrecer Invisalign\u00ae terapia de alineadores transparentes a los adolescentes y adultos que buscan una manera discreta y c\u00f3moda para mejorar sus sonrisas. Como un proveedor de confianza Invisalign en Woodland, CA, servimos a los pacientes&hellip; <a href=\"https:\/\/www.dentistinwoodland.com\/es\/procedimientos\/ortodoncia\/invisalign\/\" class=\"btn btn-outline-primary position-absolute more-link\"> Seguir leyendo <span class=\"sr-only\"> acerca de Invisalign<\/span><\/a><\/p>\n","protected":false},"author":2,"featured_media":1174,"parent":2232,"menu_order":0,"comment_status":"closed","ping_status":"closed","template":"template-fullwidth.php","meta":{"_acf_changed":false,"footnotes":""},"class_list":["post-2234","page","type-page","status-publish","has-post-thumbnail"],"acf":[],"yoast_head":"<!-- This site is optimized with the Yoast SEO plugin v26.6 - https:\/\/yoast.com\/wordpress\/plugins\/seo\/ -->\n<title>Invisalign | Woodland Family Dental<\/title>\n<meta name=\"description\" content=\"Enderece sus dientes con Invisalign en Woodland, CA. Brackets transparentes para adultos y adolescentes. Atendemos en West Sacramento. Proveedor de confianza. Equipo biling\u00fce. Aceptamos Dentical.\" \/>\n<meta name=\"robots\" content=\"index, follow, max-snippet:-1, max-image-preview:large, max-video-preview:-1\" \/>\n<link rel=\"canonical\" href=\"https:\/\/www.dentistinwoodland.com\/es\/procedimientos\/ortodoncia\/invisalign\/\" \/>\n<meta property=\"og:locale\" content=\"es_ES\" \/>\n<meta property=\"og:type\" content=\"article\" \/>\n<meta property=\"og:title\" content=\"Invisalign | Woodland Family Dental\" \/>\n<meta property=\"og:description\" content=\"Enderece sus dientes con Invisalign en Woodland, CA. Brackets transparentes para adultos y adolescentes. Atendemos en West Sacramento. Proveedor de confianza. Equipo biling\u00fce. Aceptamos Dentical.\" \/>\n<meta property=\"og:url\" content=\"https:\/\/www.dentistinwoodland.com\/es\/procedimientos\/ortodoncia\/invisalign\/\" \/>\n<meta property=\"og:site_name\" content=\"Woodland Family Dental\" \/>\n<meta property=\"article:modified_time\" content=\"2025-05-29T20:30:31+00:00\" \/>\n<meta property=\"og:image\" content=\"https:\/\/www.dentistinwoodland.com\/wp-content\/uploads\/2025\/04\/bigstock-Woman-Wearing-Orthodontic-Sili-111518951-xxlarge.jpg\" \/><meta property=\"og:image\" content=\"https:\/\/www.dentistinwoodland.com\/wp-content\/uploads\/2025\/04\/bigstock-Portrait-Of-Beautiful-Patient-247114372-xxlarge.jpg\" \/>\n\t<meta property=\"og:image:width\" content=\"1920\" \/>\n\t<meta property=\"og:image:height\" content=\"768\" \/>\n\t<meta property=\"og:image:type\" content=\"image\/jpeg\" \/>\n<meta name=\"twitter:card\" content=\"summary_large_image\" \/>\n<meta name=\"twitter:image\" content=\"https:\/\/www.dentistinwoodland.com\/wp-content\/uploads\/2025\/04\/bigstock-Woman-Wearing-Orthodontic-Sili-111518951-xxlarge.jpg\" \/>\n<meta name=\"twitter:label1\" content=\"Tiempo de lectura\" \/>\n\t<meta name=\"twitter:data1\" content=\"3 minutos\" \/>\n<!-- \/ Yoast SEO plugin. -->","yoast_head_json":{"title":"Invisalign | Woodland Family Dental","description":"Enderece sus dientes con Invisalign en Woodland, CA. Brackets transparentes para adultos y adolescentes. Atendemos en West Sacramento. Proveedor de confianza. Equipo biling\u00fce. Aceptamos Dentical.","robots":{"index":"index","follow":"follow","max-snippet":"max-snippet:-1","max-image-preview":"max-image-preview:large","max-video-preview":"max-video-preview:-1"},"canonical":"https:\/\/www.dentistinwoodland.com\/es\/procedimientos\/ortodoncia\/invisalign\/","og_locale":"es_ES","og_type":"article","og_title":"Invisalign | Woodland Family Dental","og_description":"Enderece sus dientes con Invisalign en Woodland, CA. Brackets transparentes para adultos y adolescentes. Atendemos en West Sacramento. Proveedor de confianza. Equipo biling\u00fce. Aceptamos Dentical.","og_url":"https:\/\/www.dentistinwoodland.com\/es\/procedimientos\/ortodoncia\/invisalign\/","og_site_name":"Woodland Family Dental","article_modified_time":"2025-05-29T20:30:31+00:00","og_image":[{"url":"https:\/\/www.dentistinwoodland.com\/wp-content\/uploads\/2025\/04\/bigstock-Woman-Wearing-Orthodontic-Sili-111518951-xxlarge.jpg","type":"","width":"","height":""},{"width":1920,"height":768,"url":"https:\/\/www.dentistinwoodland.com\/wp-content\/uploads\/2025\/04\/bigstock-Portrait-Of-Beautiful-Patient-247114372-xxlarge.jpg","type":"image\/jpeg"}],"twitter_card":"summary_large_image","twitter_image":"https:\/\/www.dentistinwoodland.com\/wp-content\/uploads\/2025\/04\/bigstock-Woman-Wearing-Orthodontic-Sili-111518951-xxlarge.jpg","twitter_misc":{"Tiempo de lectura":"3 minutos"},"schema":{"@context":"https:\/\/schema.org","@graph":[{"@type":"WebPage","@id":"https:\/\/www.dentistinwoodland.com\/es\/procedimientos\/ortodoncia\/invisalign\/","url":"https:\/\/www.dentistinwoodland.com\/es\/procedimientos\/ortodoncia\/invisalign\/","name":"Invisalign | Woodland Family Dental","isPartOf":{"@id":"https:\/\/www.dentistinwoodland.com\/es\/#website"},"primaryImageOfPage":{"@id":"https:\/\/www.dentistinwoodland.com\/es\/procedimientos\/ortodoncia\/invisalign\/#primaryimage"},"image":{"@id":"https:\/\/www.dentistinwoodland.com\/es\/procedimientos\/ortodoncia\/invisalign\/#primaryimage"},"thumbnailUrl":"https:\/\/www.dentistinwoodland.com\/wp-content\/uploads\/2025\/04\/bigstock-Portrait-Of-Beautiful-Patient-247114372-xxlarge.jpg","datePublished":"2023-01-17T19:07:53+00:00","dateModified":"2025-05-29T20:30:31+00:00","description":"Enderece sus dientes con Invisalign en Woodland, CA. Brackets transparentes para adultos y adolescentes. Atendemos en West Sacramento. Proveedor de confianza. Equipo biling\u00fce. Aceptamos Dentical.","breadcrumb":{"@id":"https:\/\/www.dentistinwoodland.com\/es\/procedimientos\/ortodoncia\/invisalign\/#breadcrumb"},"inLanguage":"es","potentialAction":[{"@type":"ReadAction","target":["https:\/\/www.dentistinwoodland.com\/es\/procedimientos\/ortodoncia\/invisalign\/"]}]},{"@type":"ImageObject","inLanguage":"es","@id":"https:\/\/www.dentistinwoodland.com\/es\/procedimientos\/ortodoncia\/invisalign\/#primaryimage","url":"https:\/\/www.dentistinwoodland.com\/wp-content\/uploads\/2025\/04\/bigstock-Portrait-Of-Beautiful-Patient-247114372-xxlarge.jpg","contentUrl":"https:\/\/www.dentistinwoodland.com\/wp-content\/uploads\/2025\/04\/bigstock-Portrait-Of-Beautiful-Patient-247114372-xxlarge.jpg","width":1920,"height":768,"caption":"Una mujer con el pelo rizado sonr\u00ede mientras sostiene un alineador dental transparente cerca de sus dientes en una habitaci\u00f3n luminosa."},{"@type":"BreadcrumbList","@id":"https:\/\/www.dentistinwoodland.com\/es\/procedimientos\/ortodoncia\/invisalign\/#breadcrumb","itemListElement":[{"@type":"ListItem","position":1,"name":"Home","item":"https:\/\/www.dentistinwoodland.com\/es\/inicio\/"},{"@type":"ListItem","position":2,"name":"Procedimientos","item":"https:\/\/www.dentistinwoodland.com\/es\/procedimientos\/"},{"@type":"ListItem","position":3,"name":"Ortodoncia","item":"https:\/\/www.dentistinwoodland.com\/es\/procedimientos\/ortodoncia\/"},{"@type":"ListItem","position":4,"name":"Invisalign"}]},{"@type":"WebSite","@id":"https:\/\/www.dentistinwoodland.com\/es\/#website","url":"https:\/\/www.dentistinwoodland.com\/es\/","name":"Woodland Family Dental","description":"","potentialAction":[{"@type":"SearchAction","target":{"@type":"EntryPoint","urlTemplate":"https:\/\/www.dentistinwoodland.com\/es\/?s={search_term_string}"},"query-input":{"@type":"PropertyValueSpecification","valueRequired":true,"valueName":"search_term_string"}}],"inLanguage":"es"}]}},"_links":{"self":[{"href":"https:\/\/www.dentistinwoodland.com\/es\/wp-json\/wp\/v2\/pages\/2234","targetHints":{"allow":["GET"]}}],"collection":[{"href":"https:\/\/www.dentistinwoodland.com\/es\/wp-json\/wp\/v2\/pages"}],"about":[{"href":"https:\/\/www.dentistinwoodland.com\/es\/wp-json\/wp\/v2\/types\/page"}],"author":[{"embeddable":true,"href":"https:\/\/www.dentistinwoodland.com\/es\/wp-json\/wp\/v2\/users\/2"}],"replies":[{"embeddable":true,"href":"https:\/\/www.dentistinwoodland.com\/es\/wp-json\/wp\/v2\/comments?post=2234"}],"version-history":[{"count":2,"href":"https:\/\/www.dentistinwoodland.com\/es\/wp-json\/wp\/v2\/pages\/2234\/revisions"}],"predecessor-version":[{"id":2689,"href":"https:\/\/www.dentistinwoodland.com\/es\/wp-json\/wp\/v2\/pages\/2234\/revisions\/2689"}],"up":[{"embeddable":true,"href":"https:\/\/www.dentistinwoodland.com\/es\/wp-json\/wp\/v2\/pages\/2232"}],"wp:featuredmedia":[{"embeddable":true,"href":"https:\/\/www.dentistinwoodland.com\/es\/wp-json\/wp\/v2\/media\/1174"}],"wp:attachment":[{"href":"https:\/\/www.dentistinwoodland.com\/es\/wp-json\/wp\/v2\/media?parent=2234"}],"curies":[{"name":"wp","href":"https:\/\/api.w.org\/{rel}","templated":true}]}}