{"id":2230,"date":"2023-01-17T14:07:53","date_gmt":"2023-01-17T19:07:53","guid":{"rendered":"https:\/\/www.dentistinwoodland.com\/procedimientos\/odontologia-general\/extraccion-de-las-muelas-del-juicio\/"},"modified":"2025-10-06T05:43:51","modified_gmt":"2025-10-06T10:43:51","slug":"extraccion-de-las-muelas-del-juicio","status":"publish","type":"page","link":"https:\/\/www.dentistinwoodland.com\/es\/procedimientos\/odontologia-general\/extraccion-de-las-muelas-del-juicio\/","title":{"rendered":"Extracci\u00f3n de las muelas del juicio"},"content":{"rendered":"\n<p>Las muelas del juicio, tambi\u00e9n conocidas como terceros molares, son los \u00faltimos dientes en erupcionar, y suelen aparecer entre los 17 y los 25 a\u00f1os. Para muchos pacientes, estos dientes pueden causar m\u00e1s da\u00f1o que bien. En Woodland Family Dental, realizamos extracciones suaves de las muelas del juicio para pacientes en Woodland, CA y el \u00e1rea circundante de West Sacramento, ayudando a <a href=\"https:\/\/www.dentistinwoodland.com\/general-dentistry\/\">prevenir molestias<\/a>, infecciones y complicaciones dentales a largo plazo.  <\/p>\n\n    <div class=\"featured-testimonial-block bg-primary py-5 text-body\" id=\"featured-testimonial-block_3b6155eb558aa162b9433a1ff344ab73\">\n        <div class=\"container\">\n            <div class=\"row justify-content-center\">\n                <div class=\"col-md-10 py-4\">\n                    <blockquote class=\"testimonials-blockquote mb-0 bg-light p-3 p-md-4 p-lg-5 position-relative\" style=\"border-radius: 2rem\">\n                        <svg class=\"testimonials-icon\" width=\"69\" height=\"69\" viewBox=\"0 0 69 69\" fill=\"none\" xmlns=\"http:\/\/www.w3.org\/2000\/svg\">\n                            <g filter=\"url(#filter0_d_1402_180)\">\n                            <circle cx=\"34.2612\" cy=\"33\" r=\"33\" fill=\"var(--primary)\"\/>\n                            <\/g>\n                            <path d=\"M22.757 19C17.1184 19 12.5473 23.6201 12.5473 29.3195C12.5473 35.0169 17.1184 39.6369 22.757 39.6369V46.3726C28.8237 43.1504 32.9668 36.7277 32.9668 29.3195C32.9668 23.6201 28.3957 19 22.757 19Z\" fill=\"white\"\/>\n                            <path d=\"M45.7892 19C40.1517 19 35.5803 23.6201 35.5803 29.3195C35.5803 35.0169 40.1517 39.6369 45.7892 39.6369V46.3726C51.8561 43.1504 56 36.7277 56 29.3195C56 23.6201 51.4285 19 45.7892 19Z\" fill=\"white\"\/>\n                        <\/svg>\n                        <div class=\"content\">Excelente servicio, recomendar\u00eda este lugar 100% llevo viniendo de Yuba City y realmente voy bien a gusto, las chicas son encantadoras y el dr es bien amable 100%<\/div>\n\n                        <div class=\"center-us d-flex align-items-center mt-4\">\n                            <cite class=\"d-block h5 m-0 pr-3 text-black\">Nelida Burgara<\/cite>\n                            <div class=\"testimonials-stars \">\n\t<svg class=\"svg-inline--fa fa-star  fa-w-18\" aria-hidden=\"true\" data-prefix=\"fab\" data-icon=\"star\" role=\"img\" xmlns=\"http:\/\/www.w3.org\/2000\/svg\" viewBox=\"0 0 576 512\" data-fa-i2svg=\"\"><path fill=\"currentColor\" d=\"M259.3 17.8L194 150.2 47.9 171.5c-26.2 3.8-36.7 36.1-17.7 54.6l105.7 103-25 145.5c-4.5 26.3 23.2 46 46.4 33.7L288 439.6l130.7 68.7c23.2 12.2 50.9-7.4 46.4-33.7l-25-145.5 105.7-103c19-18.5 8.5-50.8-17.7-54.6L382 150.2 316.7 17.8c-11.7-23.6-45.6-23.9-57.4 0z\"><\/path><\/svg>\t<svg class=\"svg-inline--fa fa-star  fa-w-18\" aria-hidden=\"true\" data-prefix=\"fab\" data-icon=\"star\" role=\"img\" xmlns=\"http:\/\/www.w3.org\/2000\/svg\" viewBox=\"0 0 576 512\" data-fa-i2svg=\"\"><path fill=\"currentColor\" d=\"M259.3 17.8L194 150.2 47.9 171.5c-26.2 3.8-36.7 36.1-17.7 54.6l105.7 103-25 145.5c-4.5 26.3 23.2 46 46.4 33.7L288 439.6l130.7 68.7c23.2 12.2 50.9-7.4 46.4-33.7l-25-145.5 105.7-103c19-18.5 8.5-50.8-17.7-54.6L382 150.2 316.7 17.8c-11.7-23.6-45.6-23.9-57.4 0z\"><\/path><\/svg>\t<svg class=\"svg-inline--fa fa-star  fa-w-18\" aria-hidden=\"true\" data-prefix=\"fab\" data-icon=\"star\" role=\"img\" xmlns=\"http:\/\/www.w3.org\/2000\/svg\" viewBox=\"0 0 576 512\" data-fa-i2svg=\"\"><path fill=\"currentColor\" d=\"M259.3 17.8L194 150.2 47.9 171.5c-26.2 3.8-36.7 36.1-17.7 54.6l105.7 103-25 145.5c-4.5 26.3 23.2 46 46.4 33.7L288 439.6l130.7 68.7c23.2 12.2 50.9-7.4 46.4-33.7l-25-145.5 105.7-103c19-18.5 8.5-50.8-17.7-54.6L382 150.2 316.7 17.8c-11.7-23.6-45.6-23.9-57.4 0z\"><\/path><\/svg>\t<svg class=\"svg-inline--fa fa-star  fa-w-18\" aria-hidden=\"true\" data-prefix=\"fab\" data-icon=\"star\" role=\"img\" xmlns=\"http:\/\/www.w3.org\/2000\/svg\" viewBox=\"0 0 576 512\" data-fa-i2svg=\"\"><path fill=\"currentColor\" d=\"M259.3 17.8L194 150.2 47.9 171.5c-26.2 3.8-36.7 36.1-17.7 54.6l105.7 103-25 145.5c-4.5 26.3 23.2 46 46.4 33.7L288 439.6l130.7 68.7c23.2 12.2 50.9-7.4 46.4-33.7l-25-145.5 105.7-103c19-18.5 8.5-50.8-17.7-54.6L382 150.2 316.7 17.8c-11.7-23.6-45.6-23.9-57.4 0z\"><\/path><\/svg>\t<svg class=\"svg-inline--fa fa-star  fa-w-18\" aria-hidden=\"true\" data-prefix=\"fab\" data-icon=\"star\" role=\"img\" xmlns=\"http:\/\/www.w3.org\/2000\/svg\" viewBox=\"0 0 576 512\" data-fa-i2svg=\"\"><path fill=\"currentColor\" d=\"M259.3 17.8L194 150.2 47.9 171.5c-26.2 3.8-36.7 36.1-17.7 54.6l105.7 103-25 145.5c-4.5 26.3 23.2 46 46.4 33.7L288 439.6l130.7 68.7c23.2 12.2 50.9-7.4 46.4-33.7l-25-145.5 105.7-103c19-18.5 8.5-50.8-17.7-54.6L382 150.2 316.7 17.8c-11.7-23.6-45.6-23.9-57.4 0z\"><\/path><\/svg><\/div>                        <\/div>\n                    <\/blockquote>\n                <\/div>\n            <\/div>\n        <\/div>\n    <\/div>\n\n<div class=\"wp-block-media-text alignwide is-stacked-on-mobile\"><figure class=\"wp-block-media-text__media\"><img loading=\"lazy\" decoding=\"async\" width=\"960\" height=\"960\" src=\"https:\/\/www.dentistinwoodland.com\/wp-content\/uploads\/2025\/04\/bigstock-Young-woman-suffering-from-too-69426262-medium-1.jpg\" alt=\"Retrato de una mujer joven sufriendo dolor de muelas\" class=\"wp-image-1168 size-full\" srcset=\"https:\/\/www.dentistinwoodland.com\/wp-content\/uploads\/2025\/04\/bigstock-Young-woman-suffering-from-too-69426262-medium-1.jpg 960w, https:\/\/www.dentistinwoodland.com\/wp-content\/uploads\/2025\/04\/bigstock-Young-woman-suffering-from-too-69426262-medium-1-300x300.jpg 300w, https:\/\/www.dentistinwoodland.com\/wp-content\/uploads\/2025\/04\/bigstock-Young-woman-suffering-from-too-69426262-medium-1-768x768.jpg 768w, https:\/\/www.dentistinwoodland.com\/wp-content\/uploads\/2025\/04\/bigstock-Young-woman-suffering-from-too-69426262-medium-1-192x192.jpg 192w, https:\/\/www.dentistinwoodland.com\/wp-content\/uploads\/2025\/04\/bigstock-Young-woman-suffering-from-too-69426262-medium-1-32x32.jpg 32w\" sizes=\"auto, (max-width: 960px) 100vw, 960px\" \/><\/figure><div class=\"wp-block-media-text__content\">\n<h2 class=\"wp-block-heading\">Por qu\u00e9 es posible que sea necesario extraer las muelas del juicio<\/h2>\n\n\n\n<p>Si bien algunas personas tienen suficiente espacio en la boca para que las muelas del juicio salgan correctamente, la mayor\u00eda no lo tiene. Como resultado, estos molares pueden: <\/p>\n\n\n\n<ul class=\"wp-block-list c3 lst-kix_v6a9xv390apo-0 start\">\n<li>Quedar impactadas (atrapadas debajo de la l\u00ednea de las enc\u00edas o en el hueso de la mand\u00edbula)<\/li>\n\n\n\n<li>Erupcionar en \u00e1ngulo y empujar contra los dientes vecinos<\/li>\n\n\n\n<li>Causar api\u00f1amiento o problemas de alineaci\u00f3n<\/li>\n\n\n\n<li>Provocar infecciones repetidas o inflamaci\u00f3n de las enc\u00edas<\/li>\n\n\n\n<li>Formar quistes o da\u00f1ar el hueso y las estructuras circundantes<\/li>\n<\/ul>\n\n\n\n<p>La Asociaci\u00f3n Estadounidense de Cirujanos Orales y Maxilofaciales se\u00f1ala que hasta el 85% de las muelas del juicio eventualmente necesitar\u00e1n ser extra\u00eddas. La extracci\u00f3n proactiva a menudo previene problemas mayores en el futuro. <\/p>\n\n\n\n<h2 class=\"wp-block-heading\">Signos de que puede necesitar la extracci\u00f3n de las muelas del juicio<\/h2>\n\n\n\n<ul class=\"wp-block-list c3 lst-kix_7d2rnfng030n-0 start\">\n<li>Dolor o rigidez en la mand\u00edbula<\/li>\n\n\n\n<li>Enc\u00edas hinchadas, rojas o sensibles en la parte posterior de la boca<\/li>\n\n\n\n<li>Dolores de cabeza o presi\u00f3n cerca de la oreja o la mand\u00edbula<\/li>\n\n\n\n<li>Dificultad para abrir la boca por completo<\/li>\n\n\n\n<li>Infecciones repetidas o mal aliento<\/li>\n<\/ul>\n\n\n\n<p>Nuestro equipo utiliza radiograf\u00edas digitales e im\u00e1genes intraorales para evaluar la posici\u00f3n de sus muelas del juicio y determinar si la extracci\u00f3n es la opci\u00f3n correcta para su salud bucal.<\/p>\n<\/div><\/div>\n\n<div class=\"wp-block-media-text alignwide has-media-on-the-right is-stacked-on-mobile\"><div class=\"wp-block-media-text__content\">\n<h2 class=\"wp-block-heading\">Qu\u00e9 esperar durante su procedimiento<\/h2>\n\n\n\n<p>En Woodland Family Dental, priorizamos su comodidad en cada paso del procedimiento:<\/p>\n\n\n\n<ol class=\"c3 lst-kix_gl98syrv5d8-0 start wp-block-list\" start=\"1\"><li class=\"c1 c6 li-bullet-0\"><strong>Consulta e im\u00e1genes<\/strong> Revisaremos sus radiograf\u00edas dentales y le explicaremos el plan de tratamiento.<\/li><li class=\"c1 c6 li-bullet-0\"><strong>Opciones de sedaci\u00f3n<\/strong> Ofrecemos anestesia local, \u00f3xido nitroso o sedaci\u00f3n oral seg\u00fan su nivel de comodidad y la complejidad del procedimiento.<\/li><li class=\"c1 c6 li-bullet-0\"><strong>Extracci\u00f3n dental<\/strong> Nuestro equipo extrae suavemente las muelas del juicio utilizando t\u00e9cnicas avanzadas para minimizar el traumatismo y acelerar la recuperaci\u00f3n.<\/li><li class=\"c1 c6 li-bullet-0\"><strong>Gu\u00eda para despu\u00e9s<\/strong> del cuidado Recibir\u00e1 instrucciones detalladas para garantizar un proceso de curaci\u00f3n sin problemas, incluidos consejos para controlar la hinchaz\u00f3n y comer c\u00f3modamente.<\/li><\/ol>\n<\/div><figure class=\"wp-block-media-text__media\"><img loading=\"lazy\" decoding=\"async\" width=\"960\" height=\"960\" src=\"https:\/\/www.dentistinwoodland.com\/wp-content\/uploads\/2025\/04\/6.jpg\" alt=\"Un dentista con guantes y bata blanca se\u00f1ala una imagen dental en un monitor mientras examina a un paciente en una cl\u00ednica.\" class=\"wp-image-2009 size-full\" srcset=\"https:\/\/www.dentistinwoodland.com\/wp-content\/uploads\/2025\/04\/6.jpg 960w, https:\/\/www.dentistinwoodland.com\/wp-content\/uploads\/2025\/04\/6-300x300.jpg 300w, https:\/\/www.dentistinwoodland.com\/wp-content\/uploads\/2025\/04\/6-768x768.jpg 768w, https:\/\/www.dentistinwoodland.com\/wp-content\/uploads\/2025\/04\/6-192x192.jpg 192w, https:\/\/www.dentistinwoodland.com\/wp-content\/uploads\/2025\/04\/6-32x32.jpg 32w\" sizes=\"auto, (max-width: 960px) 100vw, 960px\" \/><\/figure><\/div>\n\n<div class=\"bio bg-light flc-section-padding\">\n    <div class=\"container\">\n        <div class=\"row align-items-center\">\n                            <div class=\"col-md-6 mb-4 mb-md-0\">\n                    <img loading=\"lazy\" decoding=\"async\" width=\"960\" height=\"960\" src=\"https:\/\/www.dentistinwoodland.com\/wp-content\/uploads\/2025\/04\/2.jpg\" class=\"img-fluid\" alt=\"Dos mujeres sonrientes se sientan detr\u00e1s de un mostrador de recepci\u00f3n con revistas y carteles informativos, en una sala de espera de una oficina con un cartel en la pared que dice &quot;Nos reservamos el derecho de rechazar el servicio a cualquier persona&quot;.\" srcset=\"https:\/\/www.dentistinwoodland.com\/wp-content\/uploads\/2025\/04\/2.jpg 960w, https:\/\/www.dentistinwoodland.com\/wp-content\/uploads\/2025\/04\/2-300x300.jpg 300w, https:\/\/www.dentistinwoodland.com\/wp-content\/uploads\/2025\/04\/2-768x768.jpg 768w, https:\/\/www.dentistinwoodland.com\/wp-content\/uploads\/2025\/04\/2-192x192.jpg 192w, https:\/\/www.dentistinwoodland.com\/wp-content\/uploads\/2025\/04\/2-32x32.jpg 32w\" sizes=\"auto, (max-width: 960px) 100vw, 960px\" \/>                <\/div>\n                        <div class=\"col-md-6 pl-md-5\">\n                                    <h2>Atenci\u00f3n dental integral y familiar<\/h2>\n                \n                                    <p>En Woodland Family Dental, creemos que todo el mundo merece una experiencia dental positiva. Nuestro equipo se dedica a crear un ambiente acogedor para los pacientes de todas las edades, asegurando que cada visita es libre de estr\u00e9s y adaptado a sus necesidades \u00fanicas. Combinamos el estado de la t\u00e9cnica dental con un enfoque compasivo, por lo que la atenci\u00f3n dental de alta calidad accesible a las personas y familias a trav\u00e9s de Woodland y West Sacramento.<\/p>\n                \n                                    <a class=\"btn btn-outline-primary\" href=\"https:\/\/www.dentistinwoodland.com\/es\/acerca-de-nosotros\/\" target=\"_self\">\n                        Acerca de nosotros                    <\/a>\n                            <\/div>\n        <\/div>\n    <\/div>\n<\/div>\n<h2 class=\"wp-block-heading\">Sirviendo a Woodland y West Sacramento con atenci\u00f3n compasiva<\/h2>\n\n<p>Ya sea adolescente o adulto, hacemos que la extracci\u00f3n de las muelas del juicio sea lo m\u00e1s libre de estr\u00e9s posible. Nuestro equipo biling\u00fce habla ingl\u00e9s y espa\u00f1ol para garantizar que cada paciente se sienta comprendido y seguro en su atenci\u00f3n. <\/p>\n\n<p>Tambi\u00e9n aceptamos Dentical, el seguro dental Medicaid de California, para que pueda acceder a la atenci\u00f3n que necesita sin tensiones econ\u00f3micas. Evite complicaciones futuras: p\u00f3ngase en contacto con Woodland Family Dental hoy <a href=\"https:\/\/app.nexhealth.com\/appts\/ora-dentistry?lid=334187\" class=\"contact_anchor \"><span>mismo para programar su evaluaci\u00f3n<\/span><\/a> de las muelas del juicio y dar el siguiente paso hacia una sonrisa m\u00e1s saludable.<\/p>\n","protected":false},"excerpt":{"rendered":"<p>Las muelas del juicio, tambi\u00e9n conocidas como terceros molares, son los \u00faltimos dientes en erupcionar, y suelen aparecer entre los 17 y los 25 a\u00f1os. Para muchos pacientes, estos dientes pueden causar m\u00e1s da\u00f1o que bien. En Woodland Family Dental, realizamos extracciones suaves de las muelas del juicio para pacientes en Woodland, CA y el&hellip; <a href=\"https:\/\/www.dentistinwoodland.com\/es\/procedimientos\/odontologia-general\/extraccion-de-las-muelas-del-juicio\/\" class=\"btn btn-outline-primary position-absolute more-link\"> Seguir leyendo <span class=\"sr-only\"> acerca de Extracci\u00f3n de las muelas del juicio<\/span><\/a><\/p>\n","protected":false},"author":2,"featured_media":1166,"parent":2195,"menu_order":0,"comment_status":"closed","ping_status":"closed","template":"template-fullwidth.php","meta":{"_acf_changed":false,"footnotes":""},"class_list":["post-2230","page","type-page","status-publish","has-post-thumbnail"],"acf":[],"yoast_head":"<!-- This site is optimized with the Yoast SEO plugin v26.6 - https:\/\/yoast.com\/wordpress\/plugins\/seo\/ -->\n<title>Extracci\u00f3n de las muelas del juicio | Woodland Family Dental<\/title>\n<meta name=\"description\" content=\"Extracci\u00f3n suave de las muelas del juicio en Woodland, CA. Woodland Family Dental atiende a pacientes de West Sacramento con atenci\u00f3n experta, opciones de sedaci\u00f3n y cobertura de Dentical. Equipo biling\u00fce disponible.\" \/>\n<meta name=\"robots\" content=\"index, follow, max-snippet:-1, max-image-preview:large, max-video-preview:-1\" \/>\n<link rel=\"canonical\" href=\"https:\/\/www.dentistinwoodland.com\/es\/procedimientos\/odontologia-general\/extraccion-de-las-muelas-del-juicio\/\" \/>\n<meta property=\"og:locale\" content=\"es_ES\" \/>\n<meta property=\"og:type\" content=\"article\" \/>\n<meta property=\"og:title\" content=\"Extracci\u00f3n de las muelas del juicio | Woodland Family Dental\" \/>\n<meta property=\"og:description\" content=\"Extracci\u00f3n suave de las muelas del juicio en Woodland, CA. Woodland Family Dental atiende a pacientes de West Sacramento con atenci\u00f3n experta, opciones de sedaci\u00f3n y cobertura de Dentical. Equipo biling\u00fce disponible.\" \/>\n<meta property=\"og:url\" content=\"https:\/\/www.dentistinwoodland.com\/es\/procedimientos\/odontologia-general\/extraccion-de-las-muelas-del-juicio\/\" \/>\n<meta property=\"og:site_name\" content=\"Woodland Family Dental\" \/>\n<meta property=\"article:modified_time\" content=\"2025-10-06T10:43:51+00:00\" \/>\n<meta property=\"og:image\" content=\"https:\/\/www.dentistinwoodland.com\/wp-content\/uploads\/2025\/04\/shutterstock_2483122371.jpg\" \/><meta property=\"og:image\" content=\"https:\/\/www.dentistinwoodland.com\/wp-content\/uploads\/2025\/04\/bigstock-Young-Woman-Suffers-From-Tooth-267466336-xxlarge.jpg\" \/>\n\t<meta property=\"og:image:width\" content=\"1920\" \/>\n\t<meta property=\"og:image:height\" content=\"768\" \/>\n\t<meta property=\"og:image:type\" content=\"image\/jpeg\" \/>\n<meta name=\"twitter:card\" content=\"summary_large_image\" \/>\n<meta name=\"twitter:image\" content=\"https:\/\/www.dentistinwoodland.com\/wp-content\/uploads\/2025\/04\/shutterstock_2483122371.jpg\" \/>\n<meta name=\"twitter:label1\" content=\"Tiempo de lectura\" \/>\n\t<meta name=\"twitter:data1\" content=\"3 minutos\" \/>\n<!-- \/ Yoast SEO plugin. -->","yoast_head_json":{"title":"Extracci\u00f3n de las muelas del juicio | Woodland Family Dental","description":"Extracci\u00f3n suave de las muelas del juicio en Woodland, CA. Woodland Family Dental atiende a pacientes de West Sacramento con atenci\u00f3n experta, opciones de sedaci\u00f3n y cobertura de Dentical. Equipo biling\u00fce disponible.","robots":{"index":"index","follow":"follow","max-snippet":"max-snippet:-1","max-image-preview":"max-image-preview:large","max-video-preview":"max-video-preview:-1"},"canonical":"https:\/\/www.dentistinwoodland.com\/es\/procedimientos\/odontologia-general\/extraccion-de-las-muelas-del-juicio\/","og_locale":"es_ES","og_type":"article","og_title":"Extracci\u00f3n de las muelas del juicio | Woodland Family Dental","og_description":"Extracci\u00f3n suave de las muelas del juicio en Woodland, CA. Woodland Family Dental atiende a pacientes de West Sacramento con atenci\u00f3n experta, opciones de sedaci\u00f3n y cobertura de Dentical. Equipo biling\u00fce disponible.","og_url":"https:\/\/www.dentistinwoodland.com\/es\/procedimientos\/odontologia-general\/extraccion-de-las-muelas-del-juicio\/","og_site_name":"Woodland Family Dental","article_modified_time":"2025-10-06T10:43:51+00:00","og_image":[{"url":"https:\/\/www.dentistinwoodland.com\/wp-content\/uploads\/2025\/04\/shutterstock_2483122371.jpg","type":"","width":"","height":""},{"width":1920,"height":768,"url":"https:\/\/www.dentistinwoodland.com\/wp-content\/uploads\/2025\/04\/bigstock-Young-Woman-Suffers-From-Tooth-267466336-xxlarge.jpg","type":"image\/jpeg"}],"twitter_card":"summary_large_image","twitter_image":"https:\/\/www.dentistinwoodland.com\/wp-content\/uploads\/2025\/04\/shutterstock_2483122371.jpg","twitter_misc":{"Tiempo de lectura":"3 minutos"},"schema":{"@context":"https:\/\/schema.org","@graph":[{"@type":"WebPage","@id":"https:\/\/www.dentistinwoodland.com\/es\/procedimientos\/odontologia-general\/extraccion-de-las-muelas-del-juicio\/","url":"https:\/\/www.dentistinwoodland.com\/es\/procedimientos\/odontologia-general\/extraccion-de-las-muelas-del-juicio\/","name":"Extracci\u00f3n de las muelas del juicio | Woodland Family Dental","isPartOf":{"@id":"https:\/\/www.dentistinwoodland.com\/es\/#website"},"primaryImageOfPage":{"@id":"https:\/\/www.dentistinwoodland.com\/es\/procedimientos\/odontologia-general\/extraccion-de-las-muelas-del-juicio\/#primaryimage"},"image":{"@id":"https:\/\/www.dentistinwoodland.com\/es\/procedimientos\/odontologia-general\/extraccion-de-las-muelas-del-juicio\/#primaryimage"},"thumbnailUrl":"https:\/\/www.dentistinwoodland.com\/wp-content\/uploads\/2025\/04\/bigstock-Young-Woman-Suffers-From-Tooth-267466336-xxlarge.jpg","datePublished":"2023-01-17T19:07:53+00:00","dateModified":"2025-10-06T10:43:51+00:00","description":"Extracci\u00f3n suave de las muelas del juicio en Woodland, CA. Woodland Family Dental atiende a pacientes de West Sacramento con atenci\u00f3n experta, opciones de sedaci\u00f3n y cobertura de Dentical. Equipo biling\u00fce disponible.","breadcrumb":{"@id":"https:\/\/www.dentistinwoodland.com\/es\/procedimientos\/odontologia-general\/extraccion-de-las-muelas-del-juicio\/#breadcrumb"},"inLanguage":"es","potentialAction":[{"@type":"ReadAction","target":["https:\/\/www.dentistinwoodland.com\/es\/procedimientos\/odontologia-general\/extraccion-de-las-muelas-del-juicio\/"]}]},{"@type":"ImageObject","inLanguage":"es","@id":"https:\/\/www.dentistinwoodland.com\/es\/procedimientos\/odontologia-general\/extraccion-de-las-muelas-del-juicio\/#primaryimage","url":"https:\/\/www.dentistinwoodland.com\/wp-content\/uploads\/2025\/04\/bigstock-Young-Woman-Suffers-From-Tooth-267466336-xxlarge.jpg","contentUrl":"https:\/\/www.dentistinwoodland.com\/wp-content\/uploads\/2025\/04\/bigstock-Young-Woman-Suffers-From-Tooth-267466336-xxlarge.jpg","width":1920,"height":768,"caption":"Una joven sentada en una cama con los ojos cerrados y las manos pegadas a la cara, parece alterada o angustiada."},{"@type":"BreadcrumbList","@id":"https:\/\/www.dentistinwoodland.com\/es\/procedimientos\/odontologia-general\/extraccion-de-las-muelas-del-juicio\/#breadcrumb","itemListElement":[{"@type":"ListItem","position":1,"name":"Home","item":"https:\/\/www.dentistinwoodland.com\/es\/inicio\/"},{"@type":"ListItem","position":2,"name":"Procedimientos","item":"https:\/\/www.dentistinwoodland.com\/es\/procedimientos\/"},{"@type":"ListItem","position":3,"name":"Odontolog\u00eda general","item":"https:\/\/www.dentistinwoodland.com\/es\/procedimientos\/odontologia-general\/"},{"@type":"ListItem","position":4,"name":"Extracci\u00f3n de las muelas del juicio"}]},{"@type":"WebSite","@id":"https:\/\/www.dentistinwoodland.com\/es\/#website","url":"https:\/\/www.dentistinwoodland.com\/es\/","name":"Woodland Family Dental","description":"","potentialAction":[{"@type":"SearchAction","target":{"@type":"EntryPoint","urlTemplate":"https:\/\/www.dentistinwoodland.com\/es\/?s={search_term_string}"},"query-input":{"@type":"PropertyValueSpecification","valueRequired":true,"valueName":"search_term_string"}}],"inLanguage":"es"}]}},"_links":{"self":[{"href":"https:\/\/www.dentistinwoodland.com\/es\/wp-json\/wp\/v2\/pages\/2230","targetHints":{"allow":["GET"]}}],"collection":[{"href":"https:\/\/www.dentistinwoodland.com\/es\/wp-json\/wp\/v2\/pages"}],"about":[{"href":"https:\/\/www.dentistinwoodland.com\/es\/wp-json\/wp\/v2\/types\/page"}],"author":[{"embeddable":true,"href":"https:\/\/www.dentistinwoodland.com\/es\/wp-json\/wp\/v2\/users\/2"}],"replies":[{"embeddable":true,"href":"https:\/\/www.dentistinwoodland.com\/es\/wp-json\/wp\/v2\/comments?post=2230"}],"version-history":[{"count":2,"href":"https:\/\/www.dentistinwoodland.com\/es\/wp-json\/wp\/v2\/pages\/2230\/revisions"}],"predecessor-version":[{"id":2973,"href":"https:\/\/www.dentistinwoodland.com\/es\/wp-json\/wp\/v2\/pages\/2230\/revisions\/2973"}],"up":[{"embeddable":true,"href":"https:\/\/www.dentistinwoodland.com\/es\/wp-json\/wp\/v2\/pages\/2195"}],"wp:featuredmedia":[{"embeddable":true,"href":"https:\/\/www.dentistinwoodland.com\/es\/wp-json\/wp\/v2\/media\/1166"}],"wp:attachment":[{"href":"https:\/\/www.dentistinwoodland.com\/es\/wp-json\/wp\/v2\/media?parent=2230"}],"curies":[{"name":"wp","href":"https:\/\/api.w.org\/{rel}","templated":true}]}}