{"id":2228,"date":"2023-01-17T14:07:53","date_gmt":"2023-01-17T19:07:53","guid":{"rendered":"https:\/\/www.dentistinwoodland.com\/procedimientos\/odontologia-general\/dolor-de-muelas-dolor-de-mandibula\/"},"modified":"2025-05-14T07:52:47","modified_gmt":"2025-05-14T12:52:47","slug":"dolor-de-muelas-dolor-de-mandibula","status":"publish","type":"page","link":"https:\/\/www.dentistinwoodland.com\/es\/procedimientos\/odontologia-general\/dolor-de-muelas-dolor-de-mandibula\/","title":{"rendered":"Dolor de muelas, dolor de mand\u00edbula"},"content":{"rendered":"\n<p>El dolor continuo de dientes o mand\u00edbula es la forma en que su cuerpo se\u00f1ala que algo no est\u00e1 bien. En Woodland Family Dental, ofrecemos atenci\u00f3n r\u00e1pida y compasiva para diagnosticar y tratar la causa de su malestar. Si experimenta dolor de dientes o dolor de mand\u00edbula en Woodland, CA, o en el \u00e1rea de West Sacramento, no espere; el <a href=\"https:\/\/www.dentistinwoodland.com\/general-dentistry\/\">tratamiento <\/a>temprano puede salvar su diente y prevenir complicaciones m\u00e1s graves.  <\/p>\n\n    <div class=\"featured-testimonial-block bg-primary py-5 text-body\" id=\"featured-testimonial-block_384d66fbbab62fd0c3d358c650e41523\">\n        <div class=\"container\">\n            <div class=\"row justify-content-center\">\n                <div class=\"col-md-10 py-4\">\n                    <blockquote class=\"testimonials-blockquote mb-0 bg-light p-3 p-md-4 p-lg-5 position-relative\" style=\"border-radius: 2rem\">\n                        <svg class=\"testimonials-icon\" width=\"69\" height=\"69\" viewBox=\"0 0 69 69\" fill=\"none\" xmlns=\"http:\/\/www.w3.org\/2000\/svg\">\n                            <g filter=\"url(#filter0_d_1402_180)\">\n                            <circle cx=\"34.2612\" cy=\"33\" r=\"33\" fill=\"var(--primary)\"\/>\n                            <\/g>\n                            <path d=\"M22.757 19C17.1184 19 12.5473 23.6201 12.5473 29.3195C12.5473 35.0169 17.1184 39.6369 22.757 39.6369V46.3726C28.8237 43.1504 32.9668 36.7277 32.9668 29.3195C32.9668 23.6201 28.3957 19 22.757 19Z\" fill=\"white\"\/>\n                            <path d=\"M45.7892 19C40.1517 19 35.5803 23.6201 35.5803 29.3195C35.5803 35.0169 40.1517 39.6369 45.7892 39.6369V46.3726C51.8561 43.1504 56 36.7277 56 29.3195C56 23.6201 51.4285 19 45.7892 19Z\" fill=\"white\"\/>\n                        <\/svg>\n                        <div class=\"content\">Excelente servicio, recomendar\u00eda este lugar 100% llevo viniendo de Yuba City y realmente voy bien a gusto, las chicas son encantadoras y el dr es bien amable 100%<\/div>\n\n                        <div class=\"center-us d-flex align-items-center mt-4\">\n                            <cite class=\"d-block h5 m-0 pr-3 text-black\">Nelida Burgara<\/cite>\n                            <div class=\"testimonials-stars \">\n\t<svg class=\"svg-inline--fa fa-star  fa-w-18\" aria-hidden=\"true\" data-prefix=\"fab\" data-icon=\"star\" role=\"img\" xmlns=\"http:\/\/www.w3.org\/2000\/svg\" viewBox=\"0 0 576 512\" data-fa-i2svg=\"\"><path fill=\"currentColor\" d=\"M259.3 17.8L194 150.2 47.9 171.5c-26.2 3.8-36.7 36.1-17.7 54.6l105.7 103-25 145.5c-4.5 26.3 23.2 46 46.4 33.7L288 439.6l130.7 68.7c23.2 12.2 50.9-7.4 46.4-33.7l-25-145.5 105.7-103c19-18.5 8.5-50.8-17.7-54.6L382 150.2 316.7 17.8c-11.7-23.6-45.6-23.9-57.4 0z\"><\/path><\/svg>\t<svg class=\"svg-inline--fa fa-star  fa-w-18\" aria-hidden=\"true\" data-prefix=\"fab\" data-icon=\"star\" role=\"img\" xmlns=\"http:\/\/www.w3.org\/2000\/svg\" viewBox=\"0 0 576 512\" data-fa-i2svg=\"\"><path fill=\"currentColor\" d=\"M259.3 17.8L194 150.2 47.9 171.5c-26.2 3.8-36.7 36.1-17.7 54.6l105.7 103-25 145.5c-4.5 26.3 23.2 46 46.4 33.7L288 439.6l130.7 68.7c23.2 12.2 50.9-7.4 46.4-33.7l-25-145.5 105.7-103c19-18.5 8.5-50.8-17.7-54.6L382 150.2 316.7 17.8c-11.7-23.6-45.6-23.9-57.4 0z\"><\/path><\/svg>\t<svg class=\"svg-inline--fa fa-star  fa-w-18\" aria-hidden=\"true\" data-prefix=\"fab\" data-icon=\"star\" role=\"img\" xmlns=\"http:\/\/www.w3.org\/2000\/svg\" viewBox=\"0 0 576 512\" data-fa-i2svg=\"\"><path fill=\"currentColor\" d=\"M259.3 17.8L194 150.2 47.9 171.5c-26.2 3.8-36.7 36.1-17.7 54.6l105.7 103-25 145.5c-4.5 26.3 23.2 46 46.4 33.7L288 439.6l130.7 68.7c23.2 12.2 50.9-7.4 46.4-33.7l-25-145.5 105.7-103c19-18.5 8.5-50.8-17.7-54.6L382 150.2 316.7 17.8c-11.7-23.6-45.6-23.9-57.4 0z\"><\/path><\/svg>\t<svg class=\"svg-inline--fa fa-star  fa-w-18\" aria-hidden=\"true\" data-prefix=\"fab\" data-icon=\"star\" role=\"img\" xmlns=\"http:\/\/www.w3.org\/2000\/svg\" viewBox=\"0 0 576 512\" data-fa-i2svg=\"\"><path fill=\"currentColor\" d=\"M259.3 17.8L194 150.2 47.9 171.5c-26.2 3.8-36.7 36.1-17.7 54.6l105.7 103-25 145.5c-4.5 26.3 23.2 46 46.4 33.7L288 439.6l130.7 68.7c23.2 12.2 50.9-7.4 46.4-33.7l-25-145.5 105.7-103c19-18.5 8.5-50.8-17.7-54.6L382 150.2 316.7 17.8c-11.7-23.6-45.6-23.9-57.4 0z\"><\/path><\/svg>\t<svg class=\"svg-inline--fa fa-star  fa-w-18\" aria-hidden=\"true\" data-prefix=\"fab\" data-icon=\"star\" role=\"img\" xmlns=\"http:\/\/www.w3.org\/2000\/svg\" viewBox=\"0 0 576 512\" data-fa-i2svg=\"\"><path fill=\"currentColor\" d=\"M259.3 17.8L194 150.2 47.9 171.5c-26.2 3.8-36.7 36.1-17.7 54.6l105.7 103-25 145.5c-4.5 26.3 23.2 46 46.4 33.7L288 439.6l130.7 68.7c23.2 12.2 50.9-7.4 46.4-33.7l-25-145.5 105.7-103c19-18.5 8.5-50.8-17.7-54.6L382 150.2 316.7 17.8c-11.7-23.6-45.6-23.9-57.4 0z\"><\/path><\/svg><\/div>                        <\/div>\n                    <\/blockquote>\n                <\/div>\n            <\/div>\n        <\/div>\n    <\/div>\n\n<div class=\"wp-block-media-text alignwide is-stacked-on-mobile\"><figure class=\"wp-block-media-text__media\"><img loading=\"lazy\" decoding=\"async\" width=\"960\" height=\"960\" src=\"https:\/\/www.dentistinwoodland.com\/wp-content\/uploads\/2025\/04\/14.jpg\" alt=\"Un odont\u00f3logo con guantes explica radiograf\u00edas dentales en un monitor a un paciente mientras sostiene una tableta que muestra im\u00e1genes de dientes.\" class=\"wp-image-2019 size-full\" srcset=\"https:\/\/www.dentistinwoodland.com\/wp-content\/uploads\/2025\/04\/14.jpg 960w, https:\/\/www.dentistinwoodland.com\/wp-content\/uploads\/2025\/04\/14-300x300.jpg 300w, https:\/\/www.dentistinwoodland.com\/wp-content\/uploads\/2025\/04\/14-768x768.jpg 768w, https:\/\/www.dentistinwoodland.com\/wp-content\/uploads\/2025\/04\/14-192x192.jpg 192w, https:\/\/www.dentistinwoodland.com\/wp-content\/uploads\/2025\/04\/14-32x32.jpg 32w\" sizes=\"auto, (max-width: 960px) 100vw, 960px\" \/><\/figure><div class=\"wp-block-media-text__content\">\n<h2 class=\"wp-block-heading\">\u00bfQu\u00e9 causa el dolor de muelas?<\/h2>\n\n\n\n<p>Los dolores de muelas pueden variar desde un dolor sordo y persistente hasta un dolor agudo provocado por la masticaci\u00f3n o los cambios de temperatura. Las causas comunes incluyen: <\/p>\n\n\n\n<ul class=\"wp-block-list c3 lst-kix_m7v5n1y3klf3-0 start\">\n<li>Caries dental profunda<\/li>\n\n\n\n<li>Diente infectado o con absceso<\/li>\n\n\n\n<li>Diente agrietado o astillado<\/li>\n\n\n\n<li>Enfermedad de las enc\u00edas<\/li>\n\n\n\n<li>Empastes desgastados o flojos<\/li>\n\n\n\n<li>Sensibilidad dental debido a la erosi\u00f3n del esmalte o la recesi\u00f3n de las enc\u00edas<\/li>\n<\/ul>\n\n\n\n<p>Si su dolor de muelas es intenso, dura m\u00e1s de 1 o 2 d\u00edas o est\u00e1 acompa\u00f1ado de hinchaz\u00f3n o fiebre, cont\u00e1ctenos de inmediato. Retrasar la atenci\u00f3n puede provocar la propagaci\u00f3n de la infecci\u00f3n o da\u00f1os irreversibles. <\/p>\n\n\n\n<h2 class=\"wp-block-heading\">Fuentes comunes de dolor de mand\u00edbula<\/h2>\n\n\n\n<p>El dolor de mand\u00edbula a menudo se superpone con otros problemas dentales y puede deberse a:<\/p>\n\n\n\n<ul class=\"wp-block-list c3 lst-kix_i4eqhf9m00j-0 start\">\n<li>Trastorno de la articulaci\u00f3n temporomandibular (ATM)<\/li>\n\n\n\n<li>Bruxismo (rechinar o apretar los dientes)<\/li>\n\n\n\n<li>Mordida desalineada<\/li>\n\n\n\n<li>Muelas del juicio impactadas<\/li>\n\n\n\n<li>Infecci\u00f3n dental que se irradia a la mand\u00edbula<\/li>\n<\/ul>\n\n\n\n<p>Adoptamos un enfoque integral para diagnosticar el dolor de mand\u00edbula, utilizando im\u00e1genes digitales, an\u00e1lisis de la mordida y una evaluaci\u00f3n cl\u00ednica suave para identificar el problema y recomendar un plan de tratamiento personalizado.<\/p>\n<\/div><\/div>\n\n<div class=\"wp-block-media-text alignwide has-media-on-the-right is-stacked-on-mobile\"><div class=\"wp-block-media-text__content\">\n<h2 class=\"wp-block-heading\">C\u00f3mo Woodland Family Dental restaura el confort dental<\/h2>\n\n\n<div class=\"column-content-block\" id=\"column-content-block_ed3eaa9095b96c4daa5c3ef35498321e\">\n            <div class=\"row\">\n                            <div class=\"col-md-6\">\n                    <div class=\"column-content\" id=\"column-content-block_ed3eaa9095b96c4daa5c3ef35498321e-column-0\">\n                                                    <h3 class=\"h4\">Citas para el mismo d\u00eda<\/h3>\n                                                <div class=\"column-wysiwyg\">\n                            <p>Ofrecemos horarios flexibles y visitas de emergencia para pacientes en Woodland y West Sacramento.<\/p>\n                        <\/div>\n                    <\/div>\n                <\/div>\n                            <div class=\"col-md-6\">\n                    <div class=\"column-content\" id=\"column-content-block_ed3eaa9095b96c4daa5c3ef35498321e-column-1\">\n                                                    <h3 class=\"h4\">Terapia de conducto radicular<\/h3>\n                                                <div class=\"column-wysiwyg\">\n                            <p>Si su dolor es causado por un diente infectado, el tratamiento de conducto puede aliviar los s\u00edntomas y salvar el diente.<\/p>\n                        <\/div>\n                    <\/div>\n                <\/div>\n                            <div class=\"col-md-6\">\n                    <div class=\"column-content\" id=\"column-content-block_ed3eaa9095b96c4daa5c3ef35498321e-column-2\">\n                                                    <h3 class=\"h4\">Tratamiento de ATM\/TMD<\/h3>\n                                                <div class=\"column-wysiwyg\">\n                            <p>Las f\u00e9rulas nocturnas personalizadas, los ajustes oclusales y la terapia de la mand\u00edbula pueden aliviar el malestar cr\u00f3nico de la mand\u00edbula.<\/p>\n                        <\/div>\n                    <\/div>\n                <\/div>\n                            <div class=\"col-md-6\">\n                    <div class=\"column-content\" id=\"column-content-block_ed3eaa9095b96c4daa5c3ef35498321e-column-3\">\n                                                    <h3 class=\"h4\">Extracciones dentales<\/h3>\n                                                <div class=\"column-wysiwyg\">\n                            <p>Si no se puede salvar un diente, ofrecemos una extracci\u00f3n suave y conservadora con opciones de sedaci\u00f3n.<\/p>\n                        <\/div>\n                    <\/div>\n                <\/div>\n                    <\/div>\n    <\/div>\n\n\n<p>Nuestro equipo tiene experiencia en el manejo del dolor dental urgente con un toque de cari\u00f1o. Le explicaremos cada paso, para que nunca se sienta apurado o desinformado sobre su tratamiento. <\/p>\n<\/div><figure class=\"wp-block-media-text__media\"><img loading=\"lazy\" decoding=\"async\" width=\"960\" height=\"960\" src=\"https:\/\/www.dentistinwoodland.com\/wp-content\/uploads\/2025\/04\/bigstock-Cheerful-young-woman-wearing-b-298599448-medium.jpg\" alt=\"Joven alegre con sombrero negro en la calle de la ciudad escribiendo un mensaje. Chica hispana a la moda navegando por internet en el tel\u00e9fono al aire libre. Chica elegante feliz usando un tel\u00e9fono inteligente mientras viaja por la ciudad.  \" class=\"wp-image-1162 size-full\" srcset=\"https:\/\/www.dentistinwoodland.com\/wp-content\/uploads\/2025\/04\/bigstock-Cheerful-young-woman-wearing-b-298599448-medium.jpg 960w, https:\/\/www.dentistinwoodland.com\/wp-content\/uploads\/2025\/04\/bigstock-Cheerful-young-woman-wearing-b-298599448-medium-300x300.jpg 300w, https:\/\/www.dentistinwoodland.com\/wp-content\/uploads\/2025\/04\/bigstock-Cheerful-young-woman-wearing-b-298599448-medium-768x768.jpg 768w, https:\/\/www.dentistinwoodland.com\/wp-content\/uploads\/2025\/04\/bigstock-Cheerful-young-woman-wearing-b-298599448-medium-192x192.jpg 192w, https:\/\/www.dentistinwoodland.com\/wp-content\/uploads\/2025\/04\/bigstock-Cheerful-young-woman-wearing-b-298599448-medium-32x32.jpg 32w\" sizes=\"auto, (max-width: 960px) 100vw, 960px\" \/><\/figure><\/div>\n\n<div class=\"bio bg-light flc-section-padding\">\n    <div class=\"container\">\n        <div class=\"row align-items-center\">\n                            <div class=\"col-md-6 mb-4 mb-md-0\">\n                    <img loading=\"lazy\" decoding=\"async\" width=\"960\" height=\"960\" src=\"https:\/\/www.dentistinwoodland.com\/wp-content\/uploads\/2025\/04\/2.jpg\" class=\"img-fluid\" alt=\"Dos mujeres sonrientes se sientan detr\u00e1s de un mostrador de recepci\u00f3n con revistas y carteles informativos, en una sala de espera de una oficina con un cartel en la pared que dice &quot;Nos reservamos el derecho de rechazar el servicio a cualquier persona&quot;.\" srcset=\"https:\/\/www.dentistinwoodland.com\/wp-content\/uploads\/2025\/04\/2.jpg 960w, https:\/\/www.dentistinwoodland.com\/wp-content\/uploads\/2025\/04\/2-300x300.jpg 300w, https:\/\/www.dentistinwoodland.com\/wp-content\/uploads\/2025\/04\/2-768x768.jpg 768w, https:\/\/www.dentistinwoodland.com\/wp-content\/uploads\/2025\/04\/2-192x192.jpg 192w, https:\/\/www.dentistinwoodland.com\/wp-content\/uploads\/2025\/04\/2-32x32.jpg 32w\" sizes=\"auto, (max-width: 960px) 100vw, 960px\" \/>                <\/div>\n                        <div class=\"col-md-6 pl-md-5\">\n                                    <h2>Atenci\u00f3n dental integral y familiar<\/h2>\n                \n                                    <p>En Woodland Family Dental, creemos que todo el mundo merece una experiencia dental positiva. Nuestro equipo se dedica a crear un ambiente acogedor para los pacientes de todas las edades, asegurando que cada visita es libre de estr\u00e9s y adaptado a sus necesidades \u00fanicas. Combinamos el estado de la t\u00e9cnica dental con un enfoque compasivo, por lo que la atenci\u00f3n dental de alta calidad accesible a las personas y familias a trav\u00e9s de Woodland y West Sacramento.<\/p>\n                \n                                    <a class=\"btn btn-outline-primary\" href=\"https:\/\/www.dentistinwoodland.com\/es\/acerca-de-nosotros\/\" target=\"_self\">\n                        Acerca de nosotros                    <\/a>\n                            <\/div>\n        <\/div>\n    <\/div>\n<\/div>\n<h2 class=\"wp-block-heading\">Encuentre alivio duradero del dolor de dientes y mand\u00edbula hoy mismo<\/h2>\n\n<p>El dolor no deber\u00eda impedirle obtener la ayuda que necesita. Nuestro equipo biling\u00fce est\u00e1 aqu\u00ed para facilitar la comunicaci\u00f3n y hacer que su visita sea libre de estr\u00e9s. Tambi\u00e9n aceptamos Dentical, el programa dental Medicaid de California, para garantizar que la atenci\u00f3n de calidad est\u00e9 disponible para todas las familias de nuestra comunidad.  <\/p>\n\n<p>Deje de vivir con dolor, <a href=\"https:\/\/app.nexhealth.com\/appts\/ora-dentistry?lid=334187\" class=\"contact_anchor \"><span>llame a Woodland Family Dental hoy<\/span><\/a> mismo. Estamos listos para ayudarle a encontrar un alivio r\u00e1pido y duradero del malestar de dientes y mand\u00edbula. <\/p>\n","protected":false},"excerpt":{"rendered":"<p>El dolor continuo de dientes o mand\u00edbula es la forma en que su cuerpo se\u00f1ala que algo no est\u00e1 bien. En Woodland Family Dental, ofrecemos atenci\u00f3n r\u00e1pida y compasiva para diagnosticar y tratar la causa de su malestar. Si experimenta dolor de dientes o dolor de mand\u00edbula en Woodland, CA, o en el \u00e1rea de&hellip; <a href=\"https:\/\/www.dentistinwoodland.com\/es\/procedimientos\/odontologia-general\/dolor-de-muelas-dolor-de-mandibula\/\" class=\"btn btn-outline-primary position-absolute more-link\"> Seguir leyendo <span class=\"sr-only\"> acerca de Dolor de muelas, dolor de mand\u00edbula<\/span><\/a><\/p>\n","protected":false},"author":2,"featured_media":1158,"parent":2195,"menu_order":0,"comment_status":"closed","ping_status":"closed","template":"template-fullwidth.php","meta":{"_acf_changed":false,"footnotes":""},"class_list":["post-2228","page","type-page","status-publish","has-post-thumbnail"],"acf":[],"yoast_head":"<!-- This site is optimized with the Yoast SEO plugin v26.6 - https:\/\/yoast.com\/wordpress\/plugins\/seo\/ -->\n<title>Dolor de muelas, dolor de mand\u00edbula | Woodland Family Dental<\/title>\n<meta name=\"description\" content=\"\u00bfSufre de dolor de dientes o mand\u00edbula? Woodland Family Dental ofrece un alivio r\u00e1pido y suave en Woodland, CA. Citas para el mismo d\u00eda. Atendemos en West Sacramento. Aceptamos Dentical.\" \/>\n<meta name=\"robots\" content=\"index, follow, max-snippet:-1, max-image-preview:large, max-video-preview:-1\" \/>\n<link rel=\"canonical\" href=\"https:\/\/www.dentistinwoodland.com\/es\/procedimientos\/odontologia-general\/dolor-de-muelas-dolor-de-mandibula\/\" \/>\n<meta property=\"og:locale\" content=\"es_ES\" \/>\n<meta property=\"og:type\" content=\"article\" \/>\n<meta property=\"og:title\" content=\"Dolor de muelas, dolor de mand\u00edbula | Woodland Family Dental\" \/>\n<meta property=\"og:description\" content=\"\u00bfSufre de dolor de dientes o mand\u00edbula? Woodland Family Dental ofrece un alivio r\u00e1pido y suave en Woodland, CA. Citas para el mismo d\u00eda. Atendemos en West Sacramento. Aceptamos Dentical.\" \/>\n<meta property=\"og:url\" content=\"https:\/\/www.dentistinwoodland.com\/es\/procedimientos\/odontologia-general\/dolor-de-muelas-dolor-de-mandibula\/\" \/>\n<meta property=\"og:site_name\" content=\"Woodland Family Dental\" \/>\n<meta property=\"article:modified_time\" content=\"2025-05-14T12:52:47+00:00\" \/>\n<meta property=\"og:image\" content=\"https:\/\/www.dentistinwoodland.com\/wp-content\/uploads\/2025\/04\/shutterstock_2483122371.jpg\" \/><meta property=\"og:image\" content=\"https:\/\/www.dentistinwoodland.com\/wp-content\/uploads\/2025\/04\/bigstock-Man-Confident-In-His-Antipersp-244766302-xxlarge.jpg\" \/>\n\t<meta property=\"og:image:width\" content=\"1920\" \/>\n\t<meta property=\"og:image:height\" content=\"767\" \/>\n\t<meta property=\"og:image:type\" content=\"image\/jpeg\" \/>\n<meta name=\"twitter:card\" content=\"summary_large_image\" \/>\n<meta name=\"twitter:image\" content=\"https:\/\/www.dentistinwoodland.com\/wp-content\/uploads\/2025\/04\/shutterstock_2483122371.jpg\" \/>\n<meta name=\"twitter:label1\" content=\"Tiempo de lectura\" \/>\n\t<meta name=\"twitter:data1\" content=\"2 minutos\" \/>\n<!-- \/ Yoast SEO plugin. -->","yoast_head_json":{"title":"Dolor de muelas, dolor de mand\u00edbula | Woodland Family Dental","description":"\u00bfSufre de dolor de dientes o mand\u00edbula? Woodland Family Dental ofrece un alivio r\u00e1pido y suave en Woodland, CA. Citas para el mismo d\u00eda. Atendemos en West Sacramento. Aceptamos Dentical.","robots":{"index":"index","follow":"follow","max-snippet":"max-snippet:-1","max-image-preview":"max-image-preview:large","max-video-preview":"max-video-preview:-1"},"canonical":"https:\/\/www.dentistinwoodland.com\/es\/procedimientos\/odontologia-general\/dolor-de-muelas-dolor-de-mandibula\/","og_locale":"es_ES","og_type":"article","og_title":"Dolor de muelas, dolor de mand\u00edbula | Woodland Family Dental","og_description":"\u00bfSufre de dolor de dientes o mand\u00edbula? Woodland Family Dental ofrece un alivio r\u00e1pido y suave en Woodland, CA. Citas para el mismo d\u00eda. Atendemos en West Sacramento. Aceptamos Dentical.","og_url":"https:\/\/www.dentistinwoodland.com\/es\/procedimientos\/odontologia-general\/dolor-de-muelas-dolor-de-mandibula\/","og_site_name":"Woodland Family Dental","article_modified_time":"2025-05-14T12:52:47+00:00","og_image":[{"url":"https:\/\/www.dentistinwoodland.com\/wp-content\/uploads\/2025\/04\/shutterstock_2483122371.jpg","type":"","width":"","height":""},{"width":1920,"height":767,"url":"https:\/\/www.dentistinwoodland.com\/wp-content\/uploads\/2025\/04\/bigstock-Man-Confident-In-His-Antipersp-244766302-xxlarge.jpg","type":"image\/jpeg"}],"twitter_card":"summary_large_image","twitter_image":"https:\/\/www.dentistinwoodland.com\/wp-content\/uploads\/2025\/04\/shutterstock_2483122371.jpg","twitter_misc":{"Tiempo de lectura":"2 minutos"},"schema":{"@context":"https:\/\/schema.org","@graph":[{"@type":"WebPage","@id":"https:\/\/www.dentistinwoodland.com\/es\/procedimientos\/odontologia-general\/dolor-de-muelas-dolor-de-mandibula\/","url":"https:\/\/www.dentistinwoodland.com\/es\/procedimientos\/odontologia-general\/dolor-de-muelas-dolor-de-mandibula\/","name":"Dolor de muelas, dolor de mand\u00edbula | Woodland Family Dental","isPartOf":{"@id":"https:\/\/www.dentistinwoodland.com\/es\/#website"},"primaryImageOfPage":{"@id":"https:\/\/www.dentistinwoodland.com\/es\/procedimientos\/odontologia-general\/dolor-de-muelas-dolor-de-mandibula\/#primaryimage"},"image":{"@id":"https:\/\/www.dentistinwoodland.com\/es\/procedimientos\/odontologia-general\/dolor-de-muelas-dolor-de-mandibula\/#primaryimage"},"thumbnailUrl":"https:\/\/www.dentistinwoodland.com\/wp-content\/uploads\/2025\/04\/bigstock-Man-Confident-In-His-Antipersp-244766302-xxlarge.jpg","datePublished":"2023-01-17T19:07:53+00:00","dateModified":"2025-05-14T12:52:47+00:00","description":"\u00bfSufre de dolor de dientes o mand\u00edbula? Woodland Family Dental ofrece un alivio r\u00e1pido y suave en Woodland, CA. Citas para el mismo d\u00eda. Atendemos en West Sacramento. Aceptamos Dentical.","breadcrumb":{"@id":"https:\/\/www.dentistinwoodland.com\/es\/procedimientos\/odontologia-general\/dolor-de-muelas-dolor-de-mandibula\/#breadcrumb"},"inLanguage":"es","potentialAction":[{"@type":"ReadAction","target":["https:\/\/www.dentistinwoodland.com\/es\/procedimientos\/odontologia-general\/dolor-de-muelas-dolor-de-mandibula\/"]}]},{"@type":"ImageObject","inLanguage":"es","@id":"https:\/\/www.dentistinwoodland.com\/es\/procedimientos\/odontologia-general\/dolor-de-muelas-dolor-de-mandibula\/#primaryimage","url":"https:\/\/www.dentistinwoodland.com\/wp-content\/uploads\/2025\/04\/bigstock-Man-Confident-In-His-Antipersp-244766302-xxlarge.jpg","contentUrl":"https:\/\/www.dentistinwoodland.com\/wp-content\/uploads\/2025\/04\/bigstock-Man-Confident-In-His-Antipersp-244766302-xxlarge.jpg","width":1920,"height":767,"caption":"Un hombre con barba y pelo casta\u00f1o claro sonr\u00ede mientras apoya la mano detr\u00e1s de la cabeza, vestido con una sudadera con capucha gris claro."},{"@type":"BreadcrumbList","@id":"https:\/\/www.dentistinwoodland.com\/es\/procedimientos\/odontologia-general\/dolor-de-muelas-dolor-de-mandibula\/#breadcrumb","itemListElement":[{"@type":"ListItem","position":1,"name":"Home","item":"https:\/\/www.dentistinwoodland.com\/es\/inicio\/"},{"@type":"ListItem","position":2,"name":"Procedimientos","item":"https:\/\/www.dentistinwoodland.com\/es\/procedimientos\/"},{"@type":"ListItem","position":3,"name":"Odontolog\u00eda general","item":"https:\/\/www.dentistinwoodland.com\/es\/procedimientos\/odontologia-general\/"},{"@type":"ListItem","position":4,"name":"Dolor de muelas, dolor de mand\u00edbula"}]},{"@type":"WebSite","@id":"https:\/\/www.dentistinwoodland.com\/es\/#website","url":"https:\/\/www.dentistinwoodland.com\/es\/","name":"Woodland Family Dental","description":"","potentialAction":[{"@type":"SearchAction","target":{"@type":"EntryPoint","urlTemplate":"https:\/\/www.dentistinwoodland.com\/es\/?s={search_term_string}"},"query-input":{"@type":"PropertyValueSpecification","valueRequired":true,"valueName":"search_term_string"}}],"inLanguage":"es"}]}},"_links":{"self":[{"href":"https:\/\/www.dentistinwoodland.com\/es\/wp-json\/wp\/v2\/pages\/2228","targetHints":{"allow":["GET"]}}],"collection":[{"href":"https:\/\/www.dentistinwoodland.com\/es\/wp-json\/wp\/v2\/pages"}],"about":[{"href":"https:\/\/www.dentistinwoodland.com\/es\/wp-json\/wp\/v2\/types\/page"}],"author":[{"embeddable":true,"href":"https:\/\/www.dentistinwoodland.com\/es\/wp-json\/wp\/v2\/users\/2"}],"replies":[{"embeddable":true,"href":"https:\/\/www.dentistinwoodland.com\/es\/wp-json\/wp\/v2\/comments?post=2228"}],"version-history":[{"count":1,"href":"https:\/\/www.dentistinwoodland.com\/es\/wp-json\/wp\/v2\/pages\/2228\/revisions"}],"predecessor-version":[{"id":2229,"href":"https:\/\/www.dentistinwoodland.com\/es\/wp-json\/wp\/v2\/pages\/2228\/revisions\/2229"}],"up":[{"embeddable":true,"href":"https:\/\/www.dentistinwoodland.com\/es\/wp-json\/wp\/v2\/pages\/2195"}],"wp:featuredmedia":[{"embeddable":true,"href":"https:\/\/www.dentistinwoodland.com\/es\/wp-json\/wp\/v2\/media\/1158"}],"wp:attachment":[{"href":"https:\/\/www.dentistinwoodland.com\/es\/wp-json\/wp\/v2\/media?parent=2228"}],"curies":[{"name":"wp","href":"https:\/\/api.w.org\/{rel}","templated":true}]}}