{"id":2226,"date":"2023-01-17T14:07:53","date_gmt":"2023-01-17T19:07:53","guid":{"rendered":"https:\/\/www.dentistinwoodland.com\/procedimientos\/odontologia-general\/coronas-dentales\/"},"modified":"2025-05-14T07:31:41","modified_gmt":"2025-05-14T12:31:41","slug":"coronas-dentales","status":"publish","type":"page","link":"https:\/\/www.dentistinwoodland.com\/es\/procedimientos\/odontologia-general\/coronas-dentales\/","title":{"rendered":"Coronas Dentales"},"content":{"rendered":"\n<p>Una corona dental es una de las restauraciones m\u00e1s vers\u00e1tiles y ampliamente utilizadas en odontolog\u00eda. En Woodland Family Dental, utilizamos coronas dentales personalizadas <a href=\"https:\/\/www.dentistinwoodland.com\/general-dentistry\/\">para restaurar la fuerza, proteger los dientes da\u00f1ados<\/a> y mejorar la est\u00e9tica, todo ello manteniendo la apariencia natural de su sonrisa. Los pacientes en Woodland, CA, y la gran \u00e1rea de West Sacramento conf\u00edan en nuestro equipo para restauraciones de coronas expertas que son duraderas, c\u00f3modas y bellamente elaboradas.  <\/p>\n\n    <div class=\"featured-testimonial-block bg-primary py-5 text-body\" id=\"featured-testimonial-block_ad135c70e29591d57738dd7bc11f2bba\">\n        <div class=\"container\">\n            <div class=\"row justify-content-center\">\n                <div class=\"col-md-10 py-4\">\n                    <blockquote class=\"testimonials-blockquote mb-0 bg-light p-3 p-md-4 p-lg-5 position-relative\" style=\"border-radius: 2rem\">\n                        <svg class=\"testimonials-icon\" width=\"69\" height=\"69\" viewBox=\"0 0 69 69\" fill=\"none\" xmlns=\"http:\/\/www.w3.org\/2000\/svg\">\n                            <g filter=\"url(#filter0_d_1402_180)\">\n                            <circle cx=\"34.2612\" cy=\"33\" r=\"33\" fill=\"var(--primary)\"\/>\n                            <\/g>\n                            <path d=\"M22.757 19C17.1184 19 12.5473 23.6201 12.5473 29.3195C12.5473 35.0169 17.1184 39.6369 22.757 39.6369V46.3726C28.8237 43.1504 32.9668 36.7277 32.9668 29.3195C32.9668 23.6201 28.3957 19 22.757 19Z\" fill=\"white\"\/>\n                            <path d=\"M45.7892 19C40.1517 19 35.5803 23.6201 35.5803 29.3195C35.5803 35.0169 40.1517 39.6369 45.7892 39.6369V46.3726C51.8561 43.1504 56 36.7277 56 29.3195C56 23.6201 51.4285 19 45.7892 19Z\" fill=\"white\"\/>\n                        <\/svg>\n                        <div class=\"content\">Excelente servicio, recomendar\u00eda este lugar 100% llevo viniendo de Yuba City y realmente voy bien a gusto, las chicas son encantadoras y el dr es bien amable 100%<\/div>\n\n                        <div class=\"center-us d-flex align-items-center mt-4\">\n                            <cite class=\"d-block h5 m-0 pr-3 text-black\">Nelida Burgara<\/cite>\n                            <div class=\"testimonials-stars \">\n\t<svg class=\"svg-inline--fa fa-star  fa-w-18\" aria-hidden=\"true\" data-prefix=\"fab\" data-icon=\"star\" role=\"img\" xmlns=\"http:\/\/www.w3.org\/2000\/svg\" viewBox=\"0 0 576 512\" data-fa-i2svg=\"\"><path fill=\"currentColor\" d=\"M259.3 17.8L194 150.2 47.9 171.5c-26.2 3.8-36.7 36.1-17.7 54.6l105.7 103-25 145.5c-4.5 26.3 23.2 46 46.4 33.7L288 439.6l130.7 68.7c23.2 12.2 50.9-7.4 46.4-33.7l-25-145.5 105.7-103c19-18.5 8.5-50.8-17.7-54.6L382 150.2 316.7 17.8c-11.7-23.6-45.6-23.9-57.4 0z\"><\/path><\/svg>\t<svg class=\"svg-inline--fa fa-star  fa-w-18\" aria-hidden=\"true\" data-prefix=\"fab\" data-icon=\"star\" role=\"img\" xmlns=\"http:\/\/www.w3.org\/2000\/svg\" viewBox=\"0 0 576 512\" data-fa-i2svg=\"\"><path fill=\"currentColor\" d=\"M259.3 17.8L194 150.2 47.9 171.5c-26.2 3.8-36.7 36.1-17.7 54.6l105.7 103-25 145.5c-4.5 26.3 23.2 46 46.4 33.7L288 439.6l130.7 68.7c23.2 12.2 50.9-7.4 46.4-33.7l-25-145.5 105.7-103c19-18.5 8.5-50.8-17.7-54.6L382 150.2 316.7 17.8c-11.7-23.6-45.6-23.9-57.4 0z\"><\/path><\/svg>\t<svg class=\"svg-inline--fa fa-star  fa-w-18\" aria-hidden=\"true\" data-prefix=\"fab\" data-icon=\"star\" role=\"img\" xmlns=\"http:\/\/www.w3.org\/2000\/svg\" viewBox=\"0 0 576 512\" data-fa-i2svg=\"\"><path fill=\"currentColor\" d=\"M259.3 17.8L194 150.2 47.9 171.5c-26.2 3.8-36.7 36.1-17.7 54.6l105.7 103-25 145.5c-4.5 26.3 23.2 46 46.4 33.7L288 439.6l130.7 68.7c23.2 12.2 50.9-7.4 46.4-33.7l-25-145.5 105.7-103c19-18.5 8.5-50.8-17.7-54.6L382 150.2 316.7 17.8c-11.7-23.6-45.6-23.9-57.4 0z\"><\/path><\/svg>\t<svg class=\"svg-inline--fa fa-star  fa-w-18\" aria-hidden=\"true\" data-prefix=\"fab\" data-icon=\"star\" role=\"img\" xmlns=\"http:\/\/www.w3.org\/2000\/svg\" viewBox=\"0 0 576 512\" data-fa-i2svg=\"\"><path fill=\"currentColor\" d=\"M259.3 17.8L194 150.2 47.9 171.5c-26.2 3.8-36.7 36.1-17.7 54.6l105.7 103-25 145.5c-4.5 26.3 23.2 46 46.4 33.7L288 439.6l130.7 68.7c23.2 12.2 50.9-7.4 46.4-33.7l-25-145.5 105.7-103c19-18.5 8.5-50.8-17.7-54.6L382 150.2 316.7 17.8c-11.7-23.6-45.6-23.9-57.4 0z\"><\/path><\/svg>\t<svg class=\"svg-inline--fa fa-star  fa-w-18\" aria-hidden=\"true\" data-prefix=\"fab\" data-icon=\"star\" role=\"img\" xmlns=\"http:\/\/www.w3.org\/2000\/svg\" viewBox=\"0 0 576 512\" data-fa-i2svg=\"\"><path fill=\"currentColor\" d=\"M259.3 17.8L194 150.2 47.9 171.5c-26.2 3.8-36.7 36.1-17.7 54.6l105.7 103-25 145.5c-4.5 26.3 23.2 46 46.4 33.7L288 439.6l130.7 68.7c23.2 12.2 50.9-7.4 46.4-33.7l-25-145.5 105.7-103c19-18.5 8.5-50.8-17.7-54.6L382 150.2 316.7 17.8c-11.7-23.6-45.6-23.9-57.4 0z\"><\/path><\/svg><\/div>                        <\/div>\n                    <\/blockquote>\n                <\/div>\n            <\/div>\n        <\/div>\n    <\/div>\n\n<div class=\"wp-block-media-text alignwide is-stacked-on-mobile\"><figure class=\"wp-block-media-text__media\"><img loading=\"lazy\" decoding=\"async\" width=\"960\" height=\"960\" src=\"https:\/\/www.dentistinwoodland.com\/wp-content\/uploads\/2025\/04\/bigstock-Happy-therapist-talking-with-a-61815314-medium-1.jpg\" alt=\"Una terapeuta feliz hablando con un grupo de rehabilitaci\u00f3n en una sesi\u00f3n de terapia.\" class=\"wp-image-1080 size-full\" srcset=\"https:\/\/www.dentistinwoodland.com\/wp-content\/uploads\/2025\/04\/bigstock-Happy-therapist-talking-with-a-61815314-medium-1.jpg 960w, https:\/\/www.dentistinwoodland.com\/wp-content\/uploads\/2025\/04\/bigstock-Happy-therapist-talking-with-a-61815314-medium-1-300x300.jpg 300w, https:\/\/www.dentistinwoodland.com\/wp-content\/uploads\/2025\/04\/bigstock-Happy-therapist-talking-with-a-61815314-medium-1-768x768.jpg 768w, https:\/\/www.dentistinwoodland.com\/wp-content\/uploads\/2025\/04\/bigstock-Happy-therapist-talking-with-a-61815314-medium-1-192x192.jpg 192w, https:\/\/www.dentistinwoodland.com\/wp-content\/uploads\/2025\/04\/bigstock-Happy-therapist-talking-with-a-61815314-medium-1-32x32.jpg 32w\" sizes=\"auto, (max-width: 960px) 100vw, 960px\" \/><\/figure><div class=\"wp-block-media-text__content\">\n<h2 class=\"wp-block-heading\">\u00bfQu\u00e9 es una corona dental?<\/h2>\n\n\n\n<p>Una corona dental es una \u00abfunda\u00bb hecha a medida que cubre toda la porci\u00f3n visible de un diente. Se utiliza para restaurar la forma, el tama\u00f1o y la fuerza de un diente que ha sido da\u00f1ado, debilitado o comprometido est\u00e9ticamente. Las coronas a menudo se recomiendan para:  <\/p>\n\n\n\n<ul class=\"wp-block-list c3 lst-kix_b40kytxh8fqa-0 start\">\n<li>Dientes con grandes empastes o fracturas<\/li>\n\n\n\n<li>Dientes severamente desgastados o agrietados<\/li>\n\n\n\n<li>Restauraci\u00f3n de dientes despu\u00e9s de una endodoncia<\/li>\n\n\n\n<li>Cubrir implantes dentales<\/li>\n\n\n\n<li>Mejorar la apariencia de dientes descoloridos o con formas irregulares<\/li>\n<\/ul>\n\n\n\n<h2 class=\"wp-block-heading\">Materiales que combinan con su sonrisa<\/h2>\n\n\n\n<p>En Woodland Family Dental, ofrecemos coronas del color del diente hechas de materiales duraderos y est\u00e9ticos como porcelana o circonio. Estas opciones son ideales tanto para los dientes frontales como para los posteriores, proporcionando un aspecto natural que se integra perfectamente con el resto de su sonrisa. Tambi\u00e9n proporcionamos coronas de metal o de porcelana fundida sobre metal para casos selectos donde se requiere durabilidad adicional.  <\/p>\n\n\n\n<h2 class=\"wp-block-heading\">El proceso de colocaci\u00f3n de la corona<\/h2>\n\n\n\n<ol class=\"c3 lst-kix_5reo41nekt60-0 start wp-block-list\" start=\"1\"><li class=\"c1 c6 li-bullet-0\"><strong>Preparaci\u00f3n<\/strong> El diente se remodela suavemente para dejar espacio para la corona.<\/li><li class=\"c1 c6 li-bullet-0\"><strong>Impresiones digitales<\/strong> Utilizamos escaneo intraoral para obtener im\u00e1genes r\u00e1pidas, precisas y sin complicaciones.<\/li><li class=\"c1 c6 li-bullet-0\"><strong>Corona temporal<\/strong> Una corona temporal protege su diente mientras se fabrica la definitiva.<\/li><li class=\"c1 c6 li-bullet-0\"><strong>Colocaci\u00f3n final<\/strong> Una vez lista, cementamos la corona de forma segura en su lugar y realizamos los ajustes finales para mayor comodidad y funci\u00f3n.<\/li><\/ol>\n\n\n\n<p>En algunos casos, podemos ofrecer coronas en el mismo d\u00eda, dependiendo de sus necesidades de tratamiento y la tecnolog\u00eda disponible en el momento de su visita.<\/p>\n<\/div><\/div>\n\n<div class=\"wp-block-media-text alignwide has-media-on-the-right is-stacked-on-mobile\"><div class=\"wp-block-media-text__content\">\n<h2 class=\"wp-block-heading\">Beneficios de una corona dental<\/h2>\n\n\n\n<ul class=\"wp-block-list c3 lst-kix_swtqe6p0hziw-0 start\">\n<li>Protege y fortalece un diente debilitado<\/li>\n\n\n\n<li>Restaura la funci\u00f3n normal de masticaci\u00f3n y mordida<\/li>\n\n\n\n<li>Mejora la apariencia est\u00e9tica de los dientes da\u00f1ados o descoloridos<\/li>\n\n\n\n<li>Soluci\u00f3n duradera con el cuidado adecuado (10-15 a\u00f1os o m\u00e1s)<\/li>\n<\/ul>\n\n\n\n<p>Seg\u00fan el Colegio Americano de Prostodoncistas, anualmente se fabrican m\u00e1s de 2.3 millones de coronas soportadas por implantes, lo que las convierte en una de las restauraciones dentales m\u00e1s comunes y efectivas.<\/p>\n\n\n\n<h2 class=\"wp-block-heading\">Cuidado de su corona dental est\u00e9tica<\/h2>\n\n\n\n<p>Mantener una buena higiene bucal y visitarnos para limpiezas y revisiones de rutina ayudar\u00e1 a prolongar la vida \u00fatil de su corona. Evitar los alimentos duros y el bruxismo tambi\u00e9n puede prevenir da\u00f1os. Si aprieta o rechina los dientes por la noche, podemos recomendarle un protector nocturno para proteger su inversi\u00f3n.  <\/p>\n<\/div><figure class=\"wp-block-media-text__media\"><img loading=\"lazy\" decoding=\"async\" width=\"960\" height=\"960\" src=\"https:\/\/www.dentistinwoodland.com\/wp-content\/uploads\/2025\/04\/5.jpg\" alt=\"Un hombre con gafas de sol y bata blanca est\u00e1 sentado y sonr\u00ede en un consultorio dental.\" class=\"wp-image-2007 size-full\" srcset=\"https:\/\/www.dentistinwoodland.com\/wp-content\/uploads\/2025\/04\/5.jpg 960w, https:\/\/www.dentistinwoodland.com\/wp-content\/uploads\/2025\/04\/5-300x300.jpg 300w, https:\/\/www.dentistinwoodland.com\/wp-content\/uploads\/2025\/04\/5-768x768.jpg 768w, https:\/\/www.dentistinwoodland.com\/wp-content\/uploads\/2025\/04\/5-192x192.jpg 192w, https:\/\/www.dentistinwoodland.com\/wp-content\/uploads\/2025\/04\/5-32x32.jpg 32w\" sizes=\"auto, (max-width: 960px) 100vw, 960px\" \/><\/figure><\/div>\n\n<div class=\"bio bg-light flc-section-padding\">\n    <div class=\"container\">\n        <div class=\"row align-items-center\">\n                            <div class=\"col-md-6 mb-4 mb-md-0\">\n                    <img loading=\"lazy\" decoding=\"async\" width=\"960\" height=\"960\" src=\"https:\/\/www.dentistinwoodland.com\/wp-content\/uploads\/2025\/04\/2.jpg\" class=\"img-fluid\" alt=\"Dos mujeres sonrientes se sientan detr\u00e1s de un mostrador de recepci\u00f3n con revistas y carteles informativos, en una sala de espera de una oficina con un cartel en la pared que dice &quot;Nos reservamos el derecho de rechazar el servicio a cualquier persona&quot;.\" srcset=\"https:\/\/www.dentistinwoodland.com\/wp-content\/uploads\/2025\/04\/2.jpg 960w, https:\/\/www.dentistinwoodland.com\/wp-content\/uploads\/2025\/04\/2-300x300.jpg 300w, https:\/\/www.dentistinwoodland.com\/wp-content\/uploads\/2025\/04\/2-768x768.jpg 768w, https:\/\/www.dentistinwoodland.com\/wp-content\/uploads\/2025\/04\/2-192x192.jpg 192w, https:\/\/www.dentistinwoodland.com\/wp-content\/uploads\/2025\/04\/2-32x32.jpg 32w\" sizes=\"auto, (max-width: 960px) 100vw, 960px\" \/>                <\/div>\n                        <div class=\"col-md-6 pl-md-5\">\n                                    <h2>Atenci\u00f3n dental integral y familiar<\/h2>\n                \n                                    <p>En Woodland Family Dental, creemos que todo el mundo merece una experiencia dental positiva. Nuestro equipo se dedica a crear un ambiente acogedor para los pacientes de todas las edades, asegurando que cada visita es libre de estr\u00e9s y adaptado a sus necesidades \u00fanicas. Combinamos el estado de la t\u00e9cnica dental con un enfoque compasivo, por lo que la atenci\u00f3n dental de alta calidad accesible a las personas y familias a trav\u00e9s de Woodland y West Sacramento.<\/p>\n                \n                                    <a class=\"btn btn-outline-primary\" href=\"https:\/\/www.dentistinwoodland.com\/es\/acerca-de-nosotros\/\" target=\"_self\">\n                        Acerca de nosotros                    <\/a>\n                            <\/div>\n        <\/div>\n    <\/div>\n<\/div>\n<h2 class=\"wp-block-heading\">Fortalezca y restaure sus dientes en Woodland<\/h2>\n\n<p>Ya sea que est\u00e9 abordando un da\u00f1o dental, completando un tratamiento de conducto o mejorando su sonrisa, nuestras coronas dentales est\u00e1n elaboradas con precisi\u00f3n y cuidado. Servimos con orgullo a Woodland y las comunidades circundantes de West Sacramento con un equipo biling\u00fce y un enfoque inclusivo para la atenci\u00f3n al paciente. <\/p>\n\n<p>Tambi\u00e9n aceptamos Dentical, el programa dental Medicaid de California, para hacer que el tratamiento sea accesible para aquellos con seguro patrocinado por el estado.<\/p>\n\n<p><a href=\"https:\/\/app.nexhealth.com\/appts\/ora-dentistry?lid=334187\" class=\"contact_anchor \"><span>Programe su consulta hoy<\/span><\/a> en Woodland Family Dental y restaure la fuerza, la belleza y la funci\u00f3n de su sonrisa con una corona dental personalizada.<\/p>\n","protected":false},"excerpt":{"rendered":"<p>Una corona dental es una de las restauraciones m\u00e1s vers\u00e1tiles y ampliamente utilizadas en odontolog\u00eda. En Woodland Family Dental, utilizamos coronas dentales personalizadas para restaurar la fuerza, proteger los dientes da\u00f1ados y mejorar la est\u00e9tica, todo ello manteniendo la apariencia natural de su sonrisa. Los pacientes en Woodland, CA, y la gran \u00e1rea de West&hellip; <a href=\"https:\/\/www.dentistinwoodland.com\/es\/procedimientos\/odontologia-general\/coronas-dentales\/\" class=\"btn btn-outline-primary position-absolute more-link\"> Seguir leyendo <span class=\"sr-only\"> acerca de Coronas Dentales<\/span><\/a><\/p>\n","protected":false},"author":2,"featured_media":1078,"parent":2195,"menu_order":0,"comment_status":"closed","ping_status":"closed","template":"template-fullwidth.php","meta":{"_acf_changed":false,"footnotes":""},"class_list":["post-2226","page","type-page","status-publish","has-post-thumbnail"],"acf":[],"yoast_head":"<!-- This site is optimized with the Yoast SEO plugin v26.6 - https:\/\/yoast.com\/wordpress\/plugins\/seo\/ -->\n<title>Coronas Dentales | Woodland Family Dental<\/title>\n<meta name=\"description\" content=\"Restaure los dientes da\u00f1ados con coronas dentales personalizadas en Woodland Family Dental en Woodland, CA. Protecci\u00f3n duradera y de aspecto natural en la que conf\u00edan los pacientes de West Sacramento. Aceptamos Dentical.\" \/>\n<meta name=\"robots\" content=\"index, follow, max-snippet:-1, max-image-preview:large, max-video-preview:-1\" \/>\n<link rel=\"canonical\" href=\"https:\/\/www.dentistinwoodland.com\/es\/procedimientos\/odontologia-general\/coronas-dentales\/\" \/>\n<meta property=\"og:locale\" content=\"es_ES\" \/>\n<meta property=\"og:type\" content=\"article\" \/>\n<meta property=\"og:title\" content=\"Coronas Dentales | Woodland Family Dental\" \/>\n<meta property=\"og:description\" content=\"Restaure los dientes da\u00f1ados con coronas dentales personalizadas en Woodland Family Dental en Woodland, CA. Protecci\u00f3n duradera y de aspecto natural en la que conf\u00edan los pacientes de West Sacramento. Aceptamos Dentical.\" \/>\n<meta property=\"og:url\" content=\"https:\/\/www.dentistinwoodland.com\/es\/procedimientos\/odontologia-general\/coronas-dentales\/\" \/>\n<meta property=\"og:site_name\" content=\"Woodland Family Dental\" \/>\n<meta property=\"article:modified_time\" content=\"2025-05-14T12:31:41+00:00\" \/>\n<meta property=\"og:image\" content=\"https:\/\/www.dentistinwoodland.com\/wp-content\/uploads\/2025\/04\/shutterstock_2483122371.jpg\" \/><meta property=\"og:image\" content=\"https:\/\/www.dentistinwoodland.com\/wp-content\/uploads\/2025\/04\/bigstock-Portrait-of-mature-woman-enjoy-249383197-xxlarge.jpg\" \/>\n\t<meta property=\"og:image:width\" content=\"1920\" \/>\n\t<meta property=\"og:image:height\" content=\"768\" \/>\n\t<meta property=\"og:image:type\" content=\"image\/jpeg\" \/>\n<meta name=\"twitter:card\" content=\"summary_large_image\" \/>\n<meta name=\"twitter:image\" content=\"https:\/\/www.dentistinwoodland.com\/wp-content\/uploads\/2025\/04\/shutterstock_2483122371.jpg\" \/>\n<meta name=\"twitter:label1\" content=\"Tiempo de lectura\" \/>\n\t<meta name=\"twitter:data1\" content=\"3 minutos\" \/>\n<!-- \/ Yoast SEO plugin. -->","yoast_head_json":{"title":"Coronas Dentales | Woodland Family Dental","description":"Restaure los dientes da\u00f1ados con coronas dentales personalizadas en Woodland Family Dental en Woodland, CA. Protecci\u00f3n duradera y de aspecto natural en la que conf\u00edan los pacientes de West Sacramento. Aceptamos Dentical.","robots":{"index":"index","follow":"follow","max-snippet":"max-snippet:-1","max-image-preview":"max-image-preview:large","max-video-preview":"max-video-preview:-1"},"canonical":"https:\/\/www.dentistinwoodland.com\/es\/procedimientos\/odontologia-general\/coronas-dentales\/","og_locale":"es_ES","og_type":"article","og_title":"Coronas Dentales | Woodland Family Dental","og_description":"Restaure los dientes da\u00f1ados con coronas dentales personalizadas en Woodland Family Dental en Woodland, CA. Protecci\u00f3n duradera y de aspecto natural en la que conf\u00edan los pacientes de West Sacramento. Aceptamos Dentical.","og_url":"https:\/\/www.dentistinwoodland.com\/es\/procedimientos\/odontologia-general\/coronas-dentales\/","og_site_name":"Woodland Family Dental","article_modified_time":"2025-05-14T12:31:41+00:00","og_image":[{"url":"https:\/\/www.dentistinwoodland.com\/wp-content\/uploads\/2025\/04\/shutterstock_2483122371.jpg","type":"","width":"","height":""},{"width":1920,"height":768,"url":"https:\/\/www.dentistinwoodland.com\/wp-content\/uploads\/2025\/04\/bigstock-Portrait-of-mature-woman-enjoy-249383197-xxlarge.jpg","type":"image\/jpeg"}],"twitter_card":"summary_large_image","twitter_image":"https:\/\/www.dentistinwoodland.com\/wp-content\/uploads\/2025\/04\/shutterstock_2483122371.jpg","twitter_misc":{"Tiempo de lectura":"3 minutos"},"schema":{"@context":"https:\/\/schema.org","@graph":[{"@type":"WebPage","@id":"https:\/\/www.dentistinwoodland.com\/es\/procedimientos\/odontologia-general\/coronas-dentales\/","url":"https:\/\/www.dentistinwoodland.com\/es\/procedimientos\/odontologia-general\/coronas-dentales\/","name":"Coronas Dentales | Woodland Family Dental","isPartOf":{"@id":"https:\/\/www.dentistinwoodland.com\/es\/#website"},"primaryImageOfPage":{"@id":"https:\/\/www.dentistinwoodland.com\/es\/procedimientos\/odontologia-general\/coronas-dentales\/#primaryimage"},"image":{"@id":"https:\/\/www.dentistinwoodland.com\/es\/procedimientos\/odontologia-general\/coronas-dentales\/#primaryimage"},"thumbnailUrl":"https:\/\/www.dentistinwoodland.com\/wp-content\/uploads\/2025\/04\/bigstock-Portrait-of-mature-woman-enjoy-249383197-xxlarge.jpg","datePublished":"2023-01-17T19:07:53+00:00","dateModified":"2025-05-14T12:31:41+00:00","description":"Restaure los dientes da\u00f1ados con coronas dentales personalizadas en Woodland Family Dental en Woodland, CA. Protecci\u00f3n duradera y de aspecto natural en la que conf\u00edan los pacientes de West Sacramento. Aceptamos Dentical.","breadcrumb":{"@id":"https:\/\/www.dentistinwoodland.com\/es\/procedimientos\/odontologia-general\/coronas-dentales\/#breadcrumb"},"inLanguage":"es","potentialAction":[{"@type":"ReadAction","target":["https:\/\/www.dentistinwoodland.com\/es\/procedimientos\/odontologia-general\/coronas-dentales\/"]}]},{"@type":"ImageObject","inLanguage":"es","@id":"https:\/\/www.dentistinwoodland.com\/es\/procedimientos\/odontologia-general\/coronas-dentales\/#primaryimage","url":"https:\/\/www.dentistinwoodland.com\/wp-content\/uploads\/2025\/04\/bigstock-Portrait-of-mature-woman-enjoy-249383197-xxlarge.jpg","contentUrl":"https:\/\/www.dentistinwoodland.com\/wp-content\/uploads\/2025\/04\/bigstock-Portrait-of-mature-woman-enjoy-249383197-xxlarge.jpg","width":1920,"height":768,"caption":"Una mujer de larga melena rubia y ojos azules sonr\u00ede a la c\u00e1mara sobre un fondo claro suavemente difuminado."},{"@type":"BreadcrumbList","@id":"https:\/\/www.dentistinwoodland.com\/es\/procedimientos\/odontologia-general\/coronas-dentales\/#breadcrumb","itemListElement":[{"@type":"ListItem","position":1,"name":"Home","item":"https:\/\/www.dentistinwoodland.com\/es\/inicio\/"},{"@type":"ListItem","position":2,"name":"Procedimientos","item":"https:\/\/www.dentistinwoodland.com\/es\/procedimientos\/"},{"@type":"ListItem","position":3,"name":"Odontolog\u00eda general","item":"https:\/\/www.dentistinwoodland.com\/es\/procedimientos\/odontologia-general\/"},{"@type":"ListItem","position":4,"name":"Coronas Dentales"}]},{"@type":"WebSite","@id":"https:\/\/www.dentistinwoodland.com\/es\/#website","url":"https:\/\/www.dentistinwoodland.com\/es\/","name":"Woodland Family Dental","description":"","potentialAction":[{"@type":"SearchAction","target":{"@type":"EntryPoint","urlTemplate":"https:\/\/www.dentistinwoodland.com\/es\/?s={search_term_string}"},"query-input":{"@type":"PropertyValueSpecification","valueRequired":true,"valueName":"search_term_string"}}],"inLanguage":"es"}]}},"_links":{"self":[{"href":"https:\/\/www.dentistinwoodland.com\/es\/wp-json\/wp\/v2\/pages\/2226","targetHints":{"allow":["GET"]}}],"collection":[{"href":"https:\/\/www.dentistinwoodland.com\/es\/wp-json\/wp\/v2\/pages"}],"about":[{"href":"https:\/\/www.dentistinwoodland.com\/es\/wp-json\/wp\/v2\/types\/page"}],"author":[{"embeddable":true,"href":"https:\/\/www.dentistinwoodland.com\/es\/wp-json\/wp\/v2\/users\/2"}],"replies":[{"embeddable":true,"href":"https:\/\/www.dentistinwoodland.com\/es\/wp-json\/wp\/v2\/comments?post=2226"}],"version-history":[{"count":1,"href":"https:\/\/www.dentistinwoodland.com\/es\/wp-json\/wp\/v2\/pages\/2226\/revisions"}],"predecessor-version":[{"id":2227,"href":"https:\/\/www.dentistinwoodland.com\/es\/wp-json\/wp\/v2\/pages\/2226\/revisions\/2227"}],"up":[{"embeddable":true,"href":"https:\/\/www.dentistinwoodland.com\/es\/wp-json\/wp\/v2\/pages\/2195"}],"wp:featuredmedia":[{"embeddable":true,"href":"https:\/\/www.dentistinwoodland.com\/es\/wp-json\/wp\/v2\/media\/1078"}],"wp:attachment":[{"href":"https:\/\/www.dentistinwoodland.com\/es\/wp-json\/wp\/v2\/media?parent=2226"}],"curies":[{"name":"wp","href":"https:\/\/api.w.org\/{rel}","templated":true}]}}