{"id":2224,"date":"2023-01-17T14:07:53","date_gmt":"2023-01-17T19:07:53","guid":{"rendered":"https:\/\/www.dentistinwoodland.com\/procedimientos\/odontologia-general\/enfermedad-de-las-encias\/"},"modified":"2025-05-14T07:09:30","modified_gmt":"2025-05-14T12:09:30","slug":"enfermedad-de-las-encias","status":"publish","type":"page","link":"https:\/\/www.dentistinwoodland.com\/es\/procedimientos\/odontologia-general\/enfermedad-de-las-encias\/","title":{"rendered":"Enfermedad de las enc\u00edas"},"content":{"rendered":"\n<p>La enfermedad de las enc\u00edas es una de las afecciones de <a href=\"https:\/\/www.dentistinwoodland.com\/general-dentistry\/\">salud bucal<\/a> m\u00e1s comunes, pero a menudo pasa desapercibida hasta que se ha producido un da\u00f1o significativo. En Woodland Family Dental, brindamos un tratamiento suave y eficaz para la enfermedad de las enc\u00edas para ayudarlo a proteger su sonrisa y su bienestar general. Nos enorgullece atender a pacientes en Woodland, CA, y la gran regi\u00f3n de West Sacramento con atenci\u00f3n periodontal avanzada adaptada a sus necesidades.  <\/p>\n\n    <div class=\"featured-testimonial-block bg-primary py-5 text-body\" id=\"featured-testimonial-block_b2f219b1aed487284cc248003d763235\">\n        <div class=\"container\">\n            <div class=\"row justify-content-center\">\n                <div class=\"col-md-10 py-4\">\n                    <blockquote class=\"testimonials-blockquote mb-0 bg-light p-3 p-md-4 p-lg-5 position-relative\" style=\"border-radius: 2rem\">\n                        <svg class=\"testimonials-icon\" width=\"69\" height=\"69\" viewBox=\"0 0 69 69\" fill=\"none\" xmlns=\"http:\/\/www.w3.org\/2000\/svg\">\n                            <g filter=\"url(#filter0_d_1402_180)\">\n                            <circle cx=\"34.2612\" cy=\"33\" r=\"33\" fill=\"var(--primary)\"\/>\n                            <\/g>\n                            <path d=\"M22.757 19C17.1184 19 12.5473 23.6201 12.5473 29.3195C12.5473 35.0169 17.1184 39.6369 22.757 39.6369V46.3726C28.8237 43.1504 32.9668 36.7277 32.9668 29.3195C32.9668 23.6201 28.3957 19 22.757 19Z\" fill=\"white\"\/>\n                            <path d=\"M45.7892 19C40.1517 19 35.5803 23.6201 35.5803 29.3195C35.5803 35.0169 40.1517 39.6369 45.7892 39.6369V46.3726C51.8561 43.1504 56 36.7277 56 29.3195C56 23.6201 51.4285 19 45.7892 19Z\" fill=\"white\"\/>\n                        <\/svg>\n                        <div class=\"content\">Excelente servicio, recomendar\u00eda este lugar 100% llevo viniendo de Yuba City y realmente voy bien a gusto, las chicas son encantadoras y el dr es bien amable 100%<\/div>\n\n                        <div class=\"center-us d-flex align-items-center mt-4\">\n                            <cite class=\"d-block h5 m-0 pr-3 text-black\">Nelida Burgara<\/cite>\n                            <div class=\"testimonials-stars \">\n\t<svg class=\"svg-inline--fa fa-star  fa-w-18\" aria-hidden=\"true\" data-prefix=\"fab\" data-icon=\"star\" role=\"img\" xmlns=\"http:\/\/www.w3.org\/2000\/svg\" viewBox=\"0 0 576 512\" data-fa-i2svg=\"\"><path fill=\"currentColor\" d=\"M259.3 17.8L194 150.2 47.9 171.5c-26.2 3.8-36.7 36.1-17.7 54.6l105.7 103-25 145.5c-4.5 26.3 23.2 46 46.4 33.7L288 439.6l130.7 68.7c23.2 12.2 50.9-7.4 46.4-33.7l-25-145.5 105.7-103c19-18.5 8.5-50.8-17.7-54.6L382 150.2 316.7 17.8c-11.7-23.6-45.6-23.9-57.4 0z\"><\/path><\/svg>\t<svg class=\"svg-inline--fa fa-star  fa-w-18\" aria-hidden=\"true\" data-prefix=\"fab\" data-icon=\"star\" role=\"img\" xmlns=\"http:\/\/www.w3.org\/2000\/svg\" viewBox=\"0 0 576 512\" data-fa-i2svg=\"\"><path fill=\"currentColor\" d=\"M259.3 17.8L194 150.2 47.9 171.5c-26.2 3.8-36.7 36.1-17.7 54.6l105.7 103-25 145.5c-4.5 26.3 23.2 46 46.4 33.7L288 439.6l130.7 68.7c23.2 12.2 50.9-7.4 46.4-33.7l-25-145.5 105.7-103c19-18.5 8.5-50.8-17.7-54.6L382 150.2 316.7 17.8c-11.7-23.6-45.6-23.9-57.4 0z\"><\/path><\/svg>\t<svg class=\"svg-inline--fa fa-star  fa-w-18\" aria-hidden=\"true\" data-prefix=\"fab\" data-icon=\"star\" role=\"img\" xmlns=\"http:\/\/www.w3.org\/2000\/svg\" viewBox=\"0 0 576 512\" data-fa-i2svg=\"\"><path fill=\"currentColor\" d=\"M259.3 17.8L194 150.2 47.9 171.5c-26.2 3.8-36.7 36.1-17.7 54.6l105.7 103-25 145.5c-4.5 26.3 23.2 46 46.4 33.7L288 439.6l130.7 68.7c23.2 12.2 50.9-7.4 46.4-33.7l-25-145.5 105.7-103c19-18.5 8.5-50.8-17.7-54.6L382 150.2 316.7 17.8c-11.7-23.6-45.6-23.9-57.4 0z\"><\/path><\/svg>\t<svg class=\"svg-inline--fa fa-star  fa-w-18\" aria-hidden=\"true\" data-prefix=\"fab\" data-icon=\"star\" role=\"img\" xmlns=\"http:\/\/www.w3.org\/2000\/svg\" viewBox=\"0 0 576 512\" data-fa-i2svg=\"\"><path fill=\"currentColor\" d=\"M259.3 17.8L194 150.2 47.9 171.5c-26.2 3.8-36.7 36.1-17.7 54.6l105.7 103-25 145.5c-4.5 26.3 23.2 46 46.4 33.7L288 439.6l130.7 68.7c23.2 12.2 50.9-7.4 46.4-33.7l-25-145.5 105.7-103c19-18.5 8.5-50.8-17.7-54.6L382 150.2 316.7 17.8c-11.7-23.6-45.6-23.9-57.4 0z\"><\/path><\/svg>\t<svg class=\"svg-inline--fa fa-star  fa-w-18\" aria-hidden=\"true\" data-prefix=\"fab\" data-icon=\"star\" role=\"img\" xmlns=\"http:\/\/www.w3.org\/2000\/svg\" viewBox=\"0 0 576 512\" data-fa-i2svg=\"\"><path fill=\"currentColor\" d=\"M259.3 17.8L194 150.2 47.9 171.5c-26.2 3.8-36.7 36.1-17.7 54.6l105.7 103-25 145.5c-4.5 26.3 23.2 46 46.4 33.7L288 439.6l130.7 68.7c23.2 12.2 50.9-7.4 46.4-33.7l-25-145.5 105.7-103c19-18.5 8.5-50.8-17.7-54.6L382 150.2 316.7 17.8c-11.7-23.6-45.6-23.9-57.4 0z\"><\/path><\/svg><\/div>                        <\/div>\n                    <\/blockquote>\n                <\/div>\n            <\/div>\n        <\/div>\n    <\/div>\n\n<div class=\"wp-block-media-text alignwide is-stacked-on-mobile\"><figure class=\"wp-block-media-text__media\"><img loading=\"lazy\" decoding=\"async\" width=\"960\" height=\"960\" src=\"https:\/\/www.dentistinwoodland.com\/wp-content\/uploads\/2025\/04\/6.jpg\" alt=\"Un dentista con guantes y bata blanca se\u00f1ala una imagen dental en un monitor mientras examina a un paciente en una cl\u00ednica.\" class=\"wp-image-2009 size-full\" srcset=\"https:\/\/www.dentistinwoodland.com\/wp-content\/uploads\/2025\/04\/6.jpg 960w, https:\/\/www.dentistinwoodland.com\/wp-content\/uploads\/2025\/04\/6-300x300.jpg 300w, https:\/\/www.dentistinwoodland.com\/wp-content\/uploads\/2025\/04\/6-768x768.jpg 768w, https:\/\/www.dentistinwoodland.com\/wp-content\/uploads\/2025\/04\/6-192x192.jpg 192w, https:\/\/www.dentistinwoodland.com\/wp-content\/uploads\/2025\/04\/6-32x32.jpg 32w\" sizes=\"auto, (max-width: 960px) 100vw, 960px\" \/><\/figure><div class=\"wp-block-media-text__content\">\n<h2 class=\"wp-block-heading\">\u00bfC\u00f3mo se desarrolla la enfermedad de las enc\u00edas?<\/h2>\n\n\n\n<p>La enfermedad de las enc\u00edas, tambi\u00e9n conocida como enfermedad periodontal, comienza con la acumulaci\u00f3n de placa a lo largo de la l\u00ednea de las enc\u00edas. Si no se elimina correctamente, la placa se endurece y se convierte en sarro, lo que causa inflamaci\u00f3n, conocida como gingivitis, la etapa m\u00e1s temprana de la enfermedad de las enc\u00edas. Si no se trata, puede progresar a periodontitis, una infecci\u00f3n m\u00e1s grave que afecta los tejidos y el hueso que sostienen los dientes.  <\/p>\n\n\n\n<p>Seg\u00fan los CDC, casi la mitad de los adultos estadounidenses mayores de 30 a\u00f1os tienen alguna forma de enfermedad periodontal, y el riesgo aumenta con la edad. La enfermedad de las enc\u00edas tambi\u00e9n est\u00e1 relacionada con otras afecciones de salud, incluidas las enfermedades card\u00edacas, los accidentes cerebrovasculares y la diabetes. <\/p>\n\n\n\n<h2 class=\"wp-block-heading\">Signos de que puede tener enfermedad de las enc\u00edas<\/h2>\n\n\n\n<ul class=\"wp-block-list c3 lst-kix_ylueled5vd7d-0 start\">\n<li>Enc\u00edas rojas, hinchadas o sangrantes<\/li>\n\n\n\n<li>Mal aliento persistente<\/li>\n\n\n\n<li>Retracci\u00f3n de las enc\u00edas o dientes flojos<\/li>\n\n\n\n<li>Sensibilidad al cepillarse o usar hilo dental<\/li>\n\n\n\n<li>Un cambio en c\u00f3mo encajan sus dientes<\/li>\n<\/ul>\n\n\n\n<p>Si experimenta alguno de estos s\u00edntomas, el tratamiento temprano puede ayudar a revertir o detener la progresi\u00f3n de la enfermedad.<\/p>\n<\/div><\/div>\n\n<div class=\"wp-block-media-text alignwide has-media-on-the-right is-stacked-on-mobile\"><div class=\"wp-block-media-text__content\">\n<h2 class=\"wp-block-heading\">Opciones de terapia para la enfermedad periodontal<\/h2>\n\n\n\n<p>En Woodland Family Dental, ofrecemos una variedad de tratamientos seg\u00fan la gravedad de su enfermedad de las enc\u00edas:<\/p>\n\n\n<div class=\"column-content-block\" id=\"column-content-block_fd82c24ca2f21d4fc88c07f906be8537\">\n            <div class=\"row\">\n                            <div class=\"col-md-6\">\n                    <div class=\"column-content\" id=\"column-content-block_fd82c24ca2f21d4fc88c07f906be8537-column-0\">\n                                                    <h3 class=\"h4\">Limpiezas profundas (raspado y alisado radicular)<\/h3>\n                                                <div class=\"column-wysiwyg\">\n                            <p>Un enfoque no quir\u00fargico que elimina la placa y el sarro de debajo de la l\u00ednea de las enc\u00edas y alisa la ra\u00edz del diente para promover la curaci\u00f3n.<\/p>\n                        <\/div>\n                    <\/div>\n                <\/div>\n                            <div class=\"col-md-6\">\n                    <div class=\"column-content\" id=\"column-content-block_fd82c24ca2f21d4fc88c07f906be8537-column-1\">\n                                                    <h3 class=\"h4\">Terapia con antibi\u00f3ticos<\/h3>\n                                                <div class=\"column-wysiwyg\">\n                            <p>Se pueden usar enjuagues medicados o antibi\u00f3ticos localizados para reducir las bacterias y la inflamaci\u00f3n.<\/p>\n                        <\/div>\n                    <\/div>\n                <\/div>\n                            <div class=\"col-md-6\">\n                    <div class=\"column-content\" id=\"column-content-block_fd82c24ca2f21d4fc88c07f906be8537-column-2\">\n                                                    <h3 class=\"h4\">Limpiezas de mantenimiento continuas<\/h3>\n                                                <div class=\"column-wysiwyg\">\n                            <p>Los pacientes con antecedentes de enfermedad de las enc\u00edas se benefician de limpiezas m\u00e1s frecuentes para prevenir la reinfecci\u00f3n.<\/p>\n                        <\/div>\n                    <\/div>\n                <\/div>\n                    <\/div>\n    <\/div>\n\n\n<p>En casos avanzados, podemos derivarlo a un especialista periodontal de confianza para una intervenci\u00f3n quir\u00fargica si es necesario.<\/p>\n\n\n\n<h2 class=\"wp-block-heading\">Tecnolog\u00eda avanzada para un diagn\u00f3stico preciso<\/h2>\n\n\n\n<p>Utilizamos escaneo intraoral e im\u00e1genes digitales para detectar signos tempranos de enfermedad de las enc\u00edas y realizar un seguimiento de su respuesta al tratamiento. Nuestro enfoque suave garantiza una experiencia c\u00f3moda, y lo guiaremos en cada paso de su terapia periodontal. <\/p>\n<\/div><figure class=\"wp-block-media-text__media\"><img loading=\"lazy\" decoding=\"async\" width=\"960\" height=\"960\" src=\"https:\/\/www.dentistinwoodland.com\/wp-content\/uploads\/2025\/04\/bigstock-Man-Sitting-In-Living-Room-Smi-4133194-medium.jpg\" alt=\"Hombre sentado en un sof\u00e1 leyendo a\" class=\"wp-image-1090 size-full\" srcset=\"https:\/\/www.dentistinwoodland.com\/wp-content\/uploads\/2025\/04\/bigstock-Man-Sitting-In-Living-Room-Smi-4133194-medium.jpg 960w, https:\/\/www.dentistinwoodland.com\/wp-content\/uploads\/2025\/04\/bigstock-Man-Sitting-In-Living-Room-Smi-4133194-medium-300x300.jpg 300w, https:\/\/www.dentistinwoodland.com\/wp-content\/uploads\/2025\/04\/bigstock-Man-Sitting-In-Living-Room-Smi-4133194-medium-768x768.jpg 768w, https:\/\/www.dentistinwoodland.com\/wp-content\/uploads\/2025\/04\/bigstock-Man-Sitting-In-Living-Room-Smi-4133194-medium-192x192.jpg 192w, https:\/\/www.dentistinwoodland.com\/wp-content\/uploads\/2025\/04\/bigstock-Man-Sitting-In-Living-Room-Smi-4133194-medium-32x32.jpg 32w\" sizes=\"auto, (max-width: 960px) 100vw, 960px\" \/><\/figure><\/div>\n\n<div class=\"bio bg-light flc-section-padding\">\n    <div class=\"container\">\n        <div class=\"row align-items-center\">\n                            <div class=\"col-md-6 mb-4 mb-md-0\">\n                    <img loading=\"lazy\" decoding=\"async\" width=\"960\" height=\"960\" src=\"https:\/\/www.dentistinwoodland.com\/wp-content\/uploads\/2025\/04\/2.jpg\" class=\"img-fluid\" alt=\"Dos mujeres sonrientes se sientan detr\u00e1s de un mostrador de recepci\u00f3n con revistas y carteles informativos, en una sala de espera de una oficina con un cartel en la pared que dice &quot;Nos reservamos el derecho de rechazar el servicio a cualquier persona&quot;.\" srcset=\"https:\/\/www.dentistinwoodland.com\/wp-content\/uploads\/2025\/04\/2.jpg 960w, https:\/\/www.dentistinwoodland.com\/wp-content\/uploads\/2025\/04\/2-300x300.jpg 300w, https:\/\/www.dentistinwoodland.com\/wp-content\/uploads\/2025\/04\/2-768x768.jpg 768w, https:\/\/www.dentistinwoodland.com\/wp-content\/uploads\/2025\/04\/2-192x192.jpg 192w, https:\/\/www.dentistinwoodland.com\/wp-content\/uploads\/2025\/04\/2-32x32.jpg 32w\" sizes=\"auto, (max-width: 960px) 100vw, 960px\" \/>                <\/div>\n                        <div class=\"col-md-6 pl-md-5\">\n                                    <h2>Atenci\u00f3n dental integral y familiar<\/h2>\n                \n                                    <p>En Woodland Family Dental, creemos que todo el mundo merece una experiencia dental positiva. Nuestro equipo se dedica a crear un ambiente acogedor para los pacientes de todas las edades, asegurando que cada visita es libre de estr\u00e9s y adaptado a sus necesidades \u00fanicas. Combinamos el estado de la t\u00e9cnica dental con un enfoque compasivo, por lo que la atenci\u00f3n dental de alta calidad accesible a las personas y familias a trav\u00e9s de Woodland y West Sacramento.<\/p>\n                \n                                    <a class=\"btn btn-outline-primary\" href=\"https:\/\/www.dentistinwoodland.com\/es\/acerca-de-nosotros\/\" target=\"_self\">\n                        Acerca de nosotros                    <\/a>\n                            <\/div>\n        <\/div>\n    <\/div>\n<\/div>\n<h2 class=\"wp-block-heading\">Restaure la salud de sus enc\u00edas con un equipo de confianza<\/h2>\n\n<p>Nuestro dedicado equipo brinda atenci\u00f3n personalizada con un enfoque en la prevenci\u00f3n, la educaci\u00f3n y los resultados a largo plazo. Nos enorgullece servir a nuestra comunidad local en Woodland y las \u00e1reas circundantes con un personal biling\u00fce y un ambiente acogedor. <\/p>\n\n<p>Como proveedor que acepta Dentical, hacemos que el tratamiento de la enfermedad de las enc\u00edas sea accesible y asequible para las familias de toda la regi\u00f3n.<\/p>\n\n<p>Tome el control de la salud de sus enc\u00edas. <a href=\"https:\/\/app.nexhealth.com\/appts\/ora-dentistry?lid=334187\" class=\"contact_anchor \"><span>Comun\u00edquese hoy mismo con Woodland Family Dental<\/span><\/a> para programar su evaluaci\u00f3n periodontal y proteger su sonrisa en los a\u00f1os venideros.<\/p>\n","protected":false},"excerpt":{"rendered":"<p>La enfermedad de las enc\u00edas es una de las afecciones de salud bucal m\u00e1s comunes, pero a menudo pasa desapercibida hasta que se ha producido un da\u00f1o significativo. En Woodland Family Dental, brindamos un tratamiento suave y eficaz para la enfermedad de las enc\u00edas para ayudarlo a proteger su sonrisa y su bienestar general. Nos&hellip; <a href=\"https:\/\/www.dentistinwoodland.com\/es\/procedimientos\/odontologia-general\/enfermedad-de-las-encias\/\" class=\"btn btn-outline-primary position-absolute more-link\"> Seguir leyendo <span class=\"sr-only\"> acerca de Enfermedad de las enc\u00edas<\/span><\/a><\/p>\n","protected":false},"author":2,"featured_media":1086,"parent":2195,"menu_order":0,"comment_status":"closed","ping_status":"closed","template":"template-fullwidth.php","meta":{"_acf_changed":false,"footnotes":""},"class_list":["post-2224","page","type-page","status-publish","has-post-thumbnail"],"acf":[],"yoast_head":"<!-- This site is optimized with the Yoast SEO plugin v26.6 - https:\/\/yoast.com\/wordpress\/plugins\/seo\/ -->\n<title>Enfermedad de las enc\u00edas | Woodland Family Dental<\/title>\n<meta name=\"description\" content=\"Proteja su sonrisa con el tratamiento para la enfermedad de las enc\u00edas en Woodland Family Dental en Woodland, CA. Atenci\u00f3n periodontal para pacientes de West Sacramento. Personal biling\u00fce. Aceptamos Dentical.\" \/>\n<meta name=\"robots\" content=\"index, follow, max-snippet:-1, max-image-preview:large, max-video-preview:-1\" \/>\n<link rel=\"canonical\" href=\"https:\/\/www.dentistinwoodland.com\/es\/procedimientos\/odontologia-general\/enfermedad-de-las-encias\/\" \/>\n<meta property=\"og:locale\" content=\"es_ES\" \/>\n<meta property=\"og:type\" content=\"article\" \/>\n<meta property=\"og:title\" content=\"Enfermedad de las enc\u00edas | Woodland Family Dental\" \/>\n<meta property=\"og:description\" content=\"Proteja su sonrisa con el tratamiento para la enfermedad de las enc\u00edas en Woodland Family Dental en Woodland, CA. Atenci\u00f3n periodontal para pacientes de West Sacramento. Personal biling\u00fce. Aceptamos Dentical.\" \/>\n<meta property=\"og:url\" content=\"https:\/\/www.dentistinwoodland.com\/es\/procedimientos\/odontologia-general\/enfermedad-de-las-encias\/\" \/>\n<meta property=\"og:site_name\" content=\"Woodland Family Dental\" \/>\n<meta property=\"article:modified_time\" content=\"2025-05-14T12:09:30+00:00\" \/>\n<meta property=\"og:image\" content=\"https:\/\/www.dentistinwoodland.com\/wp-content\/uploads\/2025\/04\/shutterstock_2483122371.jpg\" \/><meta property=\"og:image\" content=\"https:\/\/www.dentistinwoodland.com\/wp-content\/uploads\/2025\/04\/bigstock-Toothache-Beautiful-Woman-Wit-459099371-xxlarge.jpg\" \/>\n\t<meta property=\"og:image:width\" content=\"1920\" \/>\n\t<meta property=\"og:image:height\" content=\"768\" \/>\n\t<meta property=\"og:image:type\" content=\"image\/jpeg\" \/>\n<meta name=\"twitter:card\" content=\"summary_large_image\" \/>\n<meta name=\"twitter:image\" content=\"https:\/\/www.dentistinwoodland.com\/wp-content\/uploads\/2025\/04\/shutterstock_2483122371.jpg\" \/>\n<meta name=\"twitter:label1\" content=\"Tiempo de lectura\" \/>\n\t<meta name=\"twitter:data1\" content=\"3 minutos\" \/>\n<!-- \/ Yoast SEO plugin. -->","yoast_head_json":{"title":"Enfermedad de las enc\u00edas | Woodland Family Dental","description":"Proteja su sonrisa con el tratamiento para la enfermedad de las enc\u00edas en Woodland Family Dental en Woodland, CA. Atenci\u00f3n periodontal para pacientes de West Sacramento. Personal biling\u00fce. Aceptamos Dentical.","robots":{"index":"index","follow":"follow","max-snippet":"max-snippet:-1","max-image-preview":"max-image-preview:large","max-video-preview":"max-video-preview:-1"},"canonical":"https:\/\/www.dentistinwoodland.com\/es\/procedimientos\/odontologia-general\/enfermedad-de-las-encias\/","og_locale":"es_ES","og_type":"article","og_title":"Enfermedad de las enc\u00edas | Woodland Family Dental","og_description":"Proteja su sonrisa con el tratamiento para la enfermedad de las enc\u00edas en Woodland Family Dental en Woodland, CA. Atenci\u00f3n periodontal para pacientes de West Sacramento. Personal biling\u00fce. Aceptamos Dentical.","og_url":"https:\/\/www.dentistinwoodland.com\/es\/procedimientos\/odontologia-general\/enfermedad-de-las-encias\/","og_site_name":"Woodland Family Dental","article_modified_time":"2025-05-14T12:09:30+00:00","og_image":[{"url":"https:\/\/www.dentistinwoodland.com\/wp-content\/uploads\/2025\/04\/shutterstock_2483122371.jpg","type":"","width":"","height":""},{"width":1920,"height":768,"url":"https:\/\/www.dentistinwoodland.com\/wp-content\/uploads\/2025\/04\/bigstock-Toothache-Beautiful-Woman-Wit-459099371-xxlarge.jpg","type":"image\/jpeg"}],"twitter_card":"summary_large_image","twitter_image":"https:\/\/www.dentistinwoodland.com\/wp-content\/uploads\/2025\/04\/shutterstock_2483122371.jpg","twitter_misc":{"Tiempo de lectura":"3 minutos"},"schema":{"@context":"https:\/\/schema.org","@graph":[{"@type":"WebPage","@id":"https:\/\/www.dentistinwoodland.com\/es\/procedimientos\/odontologia-general\/enfermedad-de-las-encias\/","url":"https:\/\/www.dentistinwoodland.com\/es\/procedimientos\/odontologia-general\/enfermedad-de-las-encias\/","name":"Enfermedad de las enc\u00edas | Woodland Family Dental","isPartOf":{"@id":"https:\/\/www.dentistinwoodland.com\/es\/#website"},"primaryImageOfPage":{"@id":"https:\/\/www.dentistinwoodland.com\/es\/procedimientos\/odontologia-general\/enfermedad-de-las-encias\/#primaryimage"},"image":{"@id":"https:\/\/www.dentistinwoodland.com\/es\/procedimientos\/odontologia-general\/enfermedad-de-las-encias\/#primaryimage"},"thumbnailUrl":"https:\/\/www.dentistinwoodland.com\/wp-content\/uploads\/2025\/04\/bigstock-Toothache-Beautiful-Woman-Wit-459099371-xxlarge.jpg","datePublished":"2023-01-17T19:07:53+00:00","dateModified":"2025-05-14T12:09:30+00:00","description":"Proteja su sonrisa con el tratamiento para la enfermedad de las enc\u00edas en Woodland Family Dental en Woodland, CA. Atenci\u00f3n periodontal para pacientes de West Sacramento. Personal biling\u00fce. Aceptamos Dentical.","breadcrumb":{"@id":"https:\/\/www.dentistinwoodland.com\/es\/procedimientos\/odontologia-general\/enfermedad-de-las-encias\/#breadcrumb"},"inLanguage":"es","potentialAction":[{"@type":"ReadAction","target":["https:\/\/www.dentistinwoodland.com\/es\/procedimientos\/odontologia-general\/enfermedad-de-las-encias\/"]}]},{"@type":"ImageObject","inLanguage":"es","@id":"https:\/\/www.dentistinwoodland.com\/es\/procedimientos\/odontologia-general\/enfermedad-de-las-encias\/#primaryimage","url":"https:\/\/www.dentistinwoodland.com\/wp-content\/uploads\/2025\/04\/bigstock-Toothache-Beautiful-Woman-Wit-459099371-xxlarge.jpg","contentUrl":"https:\/\/www.dentistinwoodland.com\/wp-content\/uploads\/2025\/04\/bigstock-Toothache-Beautiful-Woman-Wit-459099371-xxlarge.jpg","width":1920,"height":768,"caption":"Una mujer de expresi\u00f3n neutra apoya la mano en la mejilla, sentada en un interior con fondo claro."},{"@type":"BreadcrumbList","@id":"https:\/\/www.dentistinwoodland.com\/es\/procedimientos\/odontologia-general\/enfermedad-de-las-encias\/#breadcrumb","itemListElement":[{"@type":"ListItem","position":1,"name":"Home","item":"https:\/\/www.dentistinwoodland.com\/es\/inicio\/"},{"@type":"ListItem","position":2,"name":"Procedimientos","item":"https:\/\/www.dentistinwoodland.com\/es\/procedimientos\/"},{"@type":"ListItem","position":3,"name":"Odontolog\u00eda general","item":"https:\/\/www.dentistinwoodland.com\/es\/procedimientos\/odontologia-general\/"},{"@type":"ListItem","position":4,"name":"Enfermedad de las enc\u00edas"}]},{"@type":"WebSite","@id":"https:\/\/www.dentistinwoodland.com\/es\/#website","url":"https:\/\/www.dentistinwoodland.com\/es\/","name":"Woodland Family Dental","description":"","potentialAction":[{"@type":"SearchAction","target":{"@type":"EntryPoint","urlTemplate":"https:\/\/www.dentistinwoodland.com\/es\/?s={search_term_string}"},"query-input":{"@type":"PropertyValueSpecification","valueRequired":true,"valueName":"search_term_string"}}],"inLanguage":"es"}]}},"_links":{"self":[{"href":"https:\/\/www.dentistinwoodland.com\/es\/wp-json\/wp\/v2\/pages\/2224","targetHints":{"allow":["GET"]}}],"collection":[{"href":"https:\/\/www.dentistinwoodland.com\/es\/wp-json\/wp\/v2\/pages"}],"about":[{"href":"https:\/\/www.dentistinwoodland.com\/es\/wp-json\/wp\/v2\/types\/page"}],"author":[{"embeddable":true,"href":"https:\/\/www.dentistinwoodland.com\/es\/wp-json\/wp\/v2\/users\/2"}],"replies":[{"embeddable":true,"href":"https:\/\/www.dentistinwoodland.com\/es\/wp-json\/wp\/v2\/comments?post=2224"}],"version-history":[{"count":1,"href":"https:\/\/www.dentistinwoodland.com\/es\/wp-json\/wp\/v2\/pages\/2224\/revisions"}],"predecessor-version":[{"id":2225,"href":"https:\/\/www.dentistinwoodland.com\/es\/wp-json\/wp\/v2\/pages\/2224\/revisions\/2225"}],"up":[{"embeddable":true,"href":"https:\/\/www.dentistinwoodland.com\/es\/wp-json\/wp\/v2\/pages\/2195"}],"wp:featuredmedia":[{"embeddable":true,"href":"https:\/\/www.dentistinwoodland.com\/es\/wp-json\/wp\/v2\/media\/1086"}],"wp:attachment":[{"href":"https:\/\/www.dentistinwoodland.com\/es\/wp-json\/wp\/v2\/media?parent=2224"}],"curies":[{"name":"wp","href":"https:\/\/api.w.org\/{rel}","templated":true}]}}