{"id":2218,"date":"2023-01-17T14:07:53","date_gmt":"2023-01-17T19:07:53","guid":{"rendered":"https:\/\/www.dentistinwoodland.com\/procedimientos\/odontologia-general\/encias-retraidas\/"},"modified":"2025-05-14T04:23:06","modified_gmt":"2025-05-14T09:23:06","slug":"encias-retraidas","status":"publish","type":"page","link":"https:\/\/www.dentistinwoodland.com\/es\/procedimientos\/odontologia-general\/encias-retraidas\/","title":{"rendered":"Enc\u00edas retra\u00eddas"},"content":{"rendered":"\n<p>Las enc\u00edas retra\u00eddas pueden desarrollarse lentamente, pero su impacto en su <a href=\"https:\/\/www.dentistinwoodland.com\/general-dentistry\/\">salud bucal<\/a> puede ser significativo. En Woodland Family Dental, ofrecemos tratamiento para las enc\u00edas retra\u00eddas y alivio para las enc\u00edas sangrantes\/inflamadas para pacientes en Woodland, CA y el \u00e1rea metropolitana de West Sacramento. Ya sea que sus enc\u00edas se est\u00e9n retrayendo debido a un cepillado agresivo, enfermedad de las enc\u00edas o cambios relacionados con la edad, la intervenci\u00f3n temprana puede proteger su sonrisa y prevenir da\u00f1os permanentes.  <\/p>\n\n    <div class=\"featured-testimonial-block bg-primary py-5 text-body\" id=\"featured-testimonial-block_e4644b8c89256d13630e926b3f2009f6\">\n        <div class=\"container\">\n            <div class=\"row justify-content-center\">\n                <div class=\"col-md-10 py-4\">\n                    <blockquote class=\"testimonials-blockquote mb-0 bg-light p-3 p-md-4 p-lg-5 position-relative\" style=\"border-radius: 2rem\">\n                        <svg class=\"testimonials-icon\" width=\"69\" height=\"69\" viewBox=\"0 0 69 69\" fill=\"none\" xmlns=\"http:\/\/www.w3.org\/2000\/svg\">\n                            <g filter=\"url(#filter0_d_1402_180)\">\n                            <circle cx=\"34.2612\" cy=\"33\" r=\"33\" fill=\"var(--primary)\"\/>\n                            <\/g>\n                            <path d=\"M22.757 19C17.1184 19 12.5473 23.6201 12.5473 29.3195C12.5473 35.0169 17.1184 39.6369 22.757 39.6369V46.3726C28.8237 43.1504 32.9668 36.7277 32.9668 29.3195C32.9668 23.6201 28.3957 19 22.757 19Z\" fill=\"white\"\/>\n                            <path d=\"M45.7892 19C40.1517 19 35.5803 23.6201 35.5803 29.3195C35.5803 35.0169 40.1517 39.6369 45.7892 39.6369V46.3726C51.8561 43.1504 56 36.7277 56 29.3195C56 23.6201 51.4285 19 45.7892 19Z\" fill=\"white\"\/>\n                        <\/svg>\n                        <div class=\"content\">Excelente servicio, recomendar\u00eda este lugar 100% llevo viniendo de Yuba City y realmente voy bien a gusto, las chicas son encantadoras y el dr es bien amable 100%<\/div>\n\n                        <div class=\"center-us d-flex align-items-center mt-4\">\n                            <cite class=\"d-block h5 m-0 pr-3 text-black\">Nelida Burgara<\/cite>\n                            <div class=\"testimonials-stars \">\n\t<svg class=\"svg-inline--fa fa-star  fa-w-18\" aria-hidden=\"true\" data-prefix=\"fab\" data-icon=\"star\" role=\"img\" xmlns=\"http:\/\/www.w3.org\/2000\/svg\" viewBox=\"0 0 576 512\" data-fa-i2svg=\"\"><path fill=\"currentColor\" d=\"M259.3 17.8L194 150.2 47.9 171.5c-26.2 3.8-36.7 36.1-17.7 54.6l105.7 103-25 145.5c-4.5 26.3 23.2 46 46.4 33.7L288 439.6l130.7 68.7c23.2 12.2 50.9-7.4 46.4-33.7l-25-145.5 105.7-103c19-18.5 8.5-50.8-17.7-54.6L382 150.2 316.7 17.8c-11.7-23.6-45.6-23.9-57.4 0z\"><\/path><\/svg>\t<svg class=\"svg-inline--fa fa-star  fa-w-18\" aria-hidden=\"true\" data-prefix=\"fab\" data-icon=\"star\" role=\"img\" xmlns=\"http:\/\/www.w3.org\/2000\/svg\" viewBox=\"0 0 576 512\" data-fa-i2svg=\"\"><path fill=\"currentColor\" d=\"M259.3 17.8L194 150.2 47.9 171.5c-26.2 3.8-36.7 36.1-17.7 54.6l105.7 103-25 145.5c-4.5 26.3 23.2 46 46.4 33.7L288 439.6l130.7 68.7c23.2 12.2 50.9-7.4 46.4-33.7l-25-145.5 105.7-103c19-18.5 8.5-50.8-17.7-54.6L382 150.2 316.7 17.8c-11.7-23.6-45.6-23.9-57.4 0z\"><\/path><\/svg>\t<svg class=\"svg-inline--fa fa-star  fa-w-18\" aria-hidden=\"true\" data-prefix=\"fab\" data-icon=\"star\" role=\"img\" xmlns=\"http:\/\/www.w3.org\/2000\/svg\" viewBox=\"0 0 576 512\" data-fa-i2svg=\"\"><path fill=\"currentColor\" d=\"M259.3 17.8L194 150.2 47.9 171.5c-26.2 3.8-36.7 36.1-17.7 54.6l105.7 103-25 145.5c-4.5 26.3 23.2 46 46.4 33.7L288 439.6l130.7 68.7c23.2 12.2 50.9-7.4 46.4-33.7l-25-145.5 105.7-103c19-18.5 8.5-50.8-17.7-54.6L382 150.2 316.7 17.8c-11.7-23.6-45.6-23.9-57.4 0z\"><\/path><\/svg>\t<svg class=\"svg-inline--fa fa-star  fa-w-18\" aria-hidden=\"true\" data-prefix=\"fab\" data-icon=\"star\" role=\"img\" xmlns=\"http:\/\/www.w3.org\/2000\/svg\" viewBox=\"0 0 576 512\" data-fa-i2svg=\"\"><path fill=\"currentColor\" d=\"M259.3 17.8L194 150.2 47.9 171.5c-26.2 3.8-36.7 36.1-17.7 54.6l105.7 103-25 145.5c-4.5 26.3 23.2 46 46.4 33.7L288 439.6l130.7 68.7c23.2 12.2 50.9-7.4 46.4-33.7l-25-145.5 105.7-103c19-18.5 8.5-50.8-17.7-54.6L382 150.2 316.7 17.8c-11.7-23.6-45.6-23.9-57.4 0z\"><\/path><\/svg>\t<svg class=\"svg-inline--fa fa-star  fa-w-18\" aria-hidden=\"true\" data-prefix=\"fab\" data-icon=\"star\" role=\"img\" xmlns=\"http:\/\/www.w3.org\/2000\/svg\" viewBox=\"0 0 576 512\" data-fa-i2svg=\"\"><path fill=\"currentColor\" d=\"M259.3 17.8L194 150.2 47.9 171.5c-26.2 3.8-36.7 36.1-17.7 54.6l105.7 103-25 145.5c-4.5 26.3 23.2 46 46.4 33.7L288 439.6l130.7 68.7c23.2 12.2 50.9-7.4 46.4-33.7l-25-145.5 105.7-103c19-18.5 8.5-50.8-17.7-54.6L382 150.2 316.7 17.8c-11.7-23.6-45.6-23.9-57.4 0z\"><\/path><\/svg><\/div>                        <\/div>\n                    <\/blockquote>\n                <\/div>\n            <\/div>\n        <\/div>\n    <\/div>\n\n<div class=\"wp-block-media-text alignwide is-stacked-on-mobile\"><figure class=\"wp-block-media-text__media\"><img loading=\"lazy\" decoding=\"async\" width=\"960\" height=\"960\" src=\"https:\/\/www.dentistinwoodland.com\/wp-content\/uploads\/2025\/04\/12.jpg\" alt=\"A dentist wearing magnifying glasses examines a patient's mouth in a dental clinic.\" class=\"wp-image-2015 size-full\" srcset=\"https:\/\/www.dentistinwoodland.com\/wp-content\/uploads\/2025\/04\/12.jpg 960w, https:\/\/www.dentistinwoodland.com\/wp-content\/uploads\/2025\/04\/12-300x300.jpg 300w, https:\/\/www.dentistinwoodland.com\/wp-content\/uploads\/2025\/04\/12-768x768.jpg 768w, https:\/\/www.dentistinwoodland.com\/wp-content\/uploads\/2025\/04\/12-192x192.jpg 192w, https:\/\/www.dentistinwoodland.com\/wp-content\/uploads\/2025\/04\/12-32x32.jpg 32w\" sizes=\"auto, (max-width: 960px) 100vw, 960px\" \/><\/figure><div class=\"wp-block-media-text__content\">\n<h2 class=\"wp-block-heading\">\u00bfQu\u00e9 causa la recesi\u00f3n de las enc\u00edas?<\/h2>\n\n\n\n<p>La recesi\u00f3n de las enc\u00edas ocurre cuando el tejido blando alrededor de los dientes comienza a separarse, exponiendo m\u00e1s del diente o incluso la ra\u00edz del diente. Esta condici\u00f3n puede ser causada por: <\/p>\n\n\n\n<ul class=\"wp-block-list c3 lst-kix_b2ny3lhm0o9d-0 start\">\n<li>Enfermedad periodontal (de las enc\u00edas)<\/li>\n\n\n\n<li>Cepillado demasiado entusiasta o inadecuado<\/li>\n\n\n\n<li>Rechinar o apretar los dientes<\/li>\n\n\n\n<li>Uso de tabaco<\/li>\n\n\n\n<li>Gen\u00e9tica<\/li>\n\n\n\n<li>Mala higiene bucal o acumulaci\u00f3n de sarro<\/li>\n<\/ul>\n\n\n\n<p>Seg\u00fan la Asociaci\u00f3n Dental Americana, la enfermedad de las enc\u00edas es la principal causa de la recesi\u00f3n de las enc\u00edas, y m\u00e1s del 47% de los adultos mayores de 30 a\u00f1os tienen alguna forma de enfermedad periodontal.<\/p>\n\n\n\n<h2 class=\"wp-block-heading\">Reconociendo los signos de advertencia de las enc\u00edas retra\u00eddas<\/h2>\n\n\n\n<p>Si nota alguno de los siguientes s\u00edntomas, es hora de programar una evaluaci\u00f3n dental:<\/p>\n\n\n\n<ul class=\"wp-block-list c3 lst-kix_tn9aid899kha-0 start\">\n<li>Enc\u00edas que parecen separarse de los dientes<\/li>\n\n\n\n<li>Dientes que parecen m\u00e1s largos de lo que sol\u00edan ser<\/li>\n\n\n\n<li>Sangrado al cepillarse o usar hilo dental<\/li>\n\n\n\n<li>Enc\u00edas hinchadas, rojas o sensibles<\/li>\n\n\n\n<li>Sensibilidad al calor o al fr\u00edo<\/li>\n\n\n\n<li>Ra\u00edces dentales visibles o muescas cerca de la l\u00ednea de las enc\u00edas<\/li>\n<\/ul>\n\n\n\n<p>La recesi\u00f3n de las enc\u00edas no solo afecta la apariencia, sino que puede provocar sensibilidad dental, mayor riesgo de caries e incluso la p\u00e9rdida de dientes si no se trata.<\/p>\n<\/div><\/div>\n\n<div class=\"wp-block-media-text alignwide has-media-on-the-right is-stacked-on-mobile\"><div class=\"wp-block-media-text__content\">\n<h2 class=\"wp-block-heading\">Opciones de tratamiento para la recesi\u00f3n de las enc\u00edas en Woodland<\/h2>\n\n\n\n<p>En Woodland Family Dental, adoptamos un enfoque conservador y personalizado para la recesi\u00f3n de las enc\u00edas. Su plan de tratamiento puede incluir: <\/p>\n\n\n<div class=\"column-content-block\" id=\"column-content-block_da43e512937eb15e6c812ed1a3a9669e\">\n            <div class=\"row\">\n                            <div class=\"col-md-6\">\n                    <div class=\"column-content\" id=\"column-content-block_da43e512937eb15e6c812ed1a3a9669e-column-0\">\n                                                    <h3 class=\"h4\">Raspado y alisado radicular<\/h3>\n                                                <div class=\"column-wysiwyg\">\n                            <p>Un procedimiento de limpieza profunda que elimina la placa y las bacterias debajo de la l\u00ednea de las enc\u00edas y alisa las ra\u00edces para promover la curaci\u00f3n.<\/p>\n                        <\/div>\n                    <\/div>\n                <\/div>\n                            <div class=\"col-md-6\">\n                    <div class=\"column-content\" id=\"column-content-block_da43e512937eb15e6c812ed1a3a9669e-column-1\">\n                                                    <h3 class=\"h4\">Enjuagues antibacterianos<\/h3>\n                                                <div class=\"column-wysiwyg\">\n                            <p>Para reducir la inflamaci\u00f3n y eliminar las bacterias que causan la enfermedad de las enc\u00edas.<\/p>\n                        <\/div>\n                    <\/div>\n                <\/div>\n                            <div class=\"col-md-6\">\n                    <div class=\"column-content\" id=\"column-content-block_da43e512937eb15e6c812ed1a3a9669e-column-2\">\n                                                    <h3 class=\"h4\">Tratamientos desensibilizantes<\/h3>\n                                                <div class=\"column-wysiwyg\">\n                            <p>Para ayudar a aliviar las molestias causadas por las ra\u00edces expuestas.<\/p>\n                        <\/div>\n                    <\/div>\n                <\/div>\n                            <div class=\"col-md-6\">\n                    <div class=\"column-content\" id=\"column-content-block_da43e512937eb15e6c812ed1a3a9669e-column-3\">\n                                                    <h3 class=\"h4\">Remisi\u00f3n para injerto de enc\u00edas<\/h3>\n                                                <div class=\"column-wysiwyg\">\n                            <p>En casos avanzados, podemos derivarlo a un especialista para un injerto de tejido para restaurar la cobertura de las enc\u00edas.<\/p>\n                        <\/div>\n                    <\/div>\n                <\/div>\n                    <\/div>\n    <\/div>\n\n\n<h2 class=\"wp-block-heading\">Prevenci\u00f3n y Mantenimiento<\/h2>\n\n\n\n<p>La mejor defensa contra la recesi\u00f3n de las enc\u00edas es la prevenci\u00f3n. Cepillarse suavemente con un cepillo de dientes de cerdas suaves, usar hilo dental diariamente y asistir a limpiezas dentales regulares puede ayudar a mantener las enc\u00edas saludables. Si el bruxismo es un factor, una f\u00e9rula nocturna personalizada puede proteger sus dientes y tejidos blandos del da\u00f1o por presi\u00f3n.  <\/p>\n<\/div><figure class=\"wp-block-media-text__media\"><img loading=\"lazy\" decoding=\"async\" width=\"960\" height=\"960\" src=\"https:\/\/www.dentistinwoodland.com\/wp-content\/uploads\/2025\/04\/bigstock-Close-up-face-of-beautiful-mat-422638133-medium.jpg\" alt=\"Primer plano del rostro de una mujer hermosa de mediana edad mirando a la c\u00e1mara con una gran carcajada. Mujer hispana de mediana edad de pie aislada contra una pared gris mientras se divierte. Retrato de una mujer india sonriente riendo.  \" class=\"wp-image-1111 size-full\" srcset=\"https:\/\/www.dentistinwoodland.com\/wp-content\/uploads\/2025\/04\/bigstock-Close-up-face-of-beautiful-mat-422638133-medium.jpg 960w, https:\/\/www.dentistinwoodland.com\/wp-content\/uploads\/2025\/04\/bigstock-Close-up-face-of-beautiful-mat-422638133-medium-300x300.jpg 300w, https:\/\/www.dentistinwoodland.com\/wp-content\/uploads\/2025\/04\/bigstock-Close-up-face-of-beautiful-mat-422638133-medium-768x768.jpg 768w, https:\/\/www.dentistinwoodland.com\/wp-content\/uploads\/2025\/04\/bigstock-Close-up-face-of-beautiful-mat-422638133-medium-192x192.jpg 192w, https:\/\/www.dentistinwoodland.com\/wp-content\/uploads\/2025\/04\/bigstock-Close-up-face-of-beautiful-mat-422638133-medium-32x32.jpg 32w\" sizes=\"auto, (max-width: 960px) 100vw, 960px\" \/><\/figure><\/div>\n\n<div class=\"bio bg-light flc-section-padding\">\n    <div class=\"container\">\n        <div class=\"row align-items-center\">\n                            <div class=\"col-md-6 mb-4 mb-md-0\">\n                    <img loading=\"lazy\" decoding=\"async\" width=\"960\" height=\"960\" src=\"https:\/\/www.dentistinwoodland.com\/wp-content\/uploads\/2025\/04\/2.jpg\" class=\"img-fluid\" alt=\"Dos mujeres sonrientes se sientan detr\u00e1s de un mostrador de recepci\u00f3n con revistas y carteles informativos, en una sala de espera de una oficina con un cartel en la pared que dice &quot;Nos reservamos el derecho de rechazar el servicio a cualquier persona&quot;.\" srcset=\"https:\/\/www.dentistinwoodland.com\/wp-content\/uploads\/2025\/04\/2.jpg 960w, https:\/\/www.dentistinwoodland.com\/wp-content\/uploads\/2025\/04\/2-300x300.jpg 300w, https:\/\/www.dentistinwoodland.com\/wp-content\/uploads\/2025\/04\/2-768x768.jpg 768w, https:\/\/www.dentistinwoodland.com\/wp-content\/uploads\/2025\/04\/2-192x192.jpg 192w, https:\/\/www.dentistinwoodland.com\/wp-content\/uploads\/2025\/04\/2-32x32.jpg 32w\" sizes=\"auto, (max-width: 960px) 100vw, 960px\" \/>                <\/div>\n                        <div class=\"col-md-6 pl-md-5\">\n                                    <h2>Atenci\u00f3n dental integral y familiar<\/h2>\n                \n                                    <p>En Woodland Family Dental, creemos que todo el mundo merece una experiencia dental positiva. Nuestro equipo se dedica a crear un ambiente acogedor para los pacientes de todas las edades, asegurando que cada visita es libre de estr\u00e9s y adaptado a sus necesidades \u00fanicas. Combinamos el estado de la t\u00e9cnica dental con un enfoque compasivo, por lo que la atenci\u00f3n dental de alta calidad accesible a las personas y familias a trav\u00e9s de Woodland y West Sacramento.<\/p>\n                \n                                    <a class=\"btn btn-outline-primary\" href=\"https:\/\/www.dentistinwoodland.com\/es\/acerca-de-nosotros\/\" target=\"_self\">\n                        Acerca de nosotros                    <\/a>\n                            <\/div>\n        <\/div>\n    <\/div>\n<\/div>\n<h2 class=\"wp-block-heading\">Obtenga alivio para las enc\u00edas sangrantes e hinchadas en West Sacramento<\/h2>\n\n<p>Atendemos a pacientes de todas las edades con atenci\u00f3n periodontal moderna, im\u00e1genes avanzadas y t\u00e9cnicas suaves para que el tratamiento sea c\u00f3modo y eficaz. Nuestro equipo es biling\u00fce y est\u00e1 dedicado a servir a nuestra comunidad de habla hispana. <\/p>\n\n<p>Tambi\u00e9n aceptamos Dentical, ayudando a familias en todo Woodland y las \u00e1reas circundantes a acceder a atenci\u00f3n de las enc\u00edas de alta calidad sin barreras econ\u00f3micas.<\/p>\n\n<p>No ignore los signos de la recesi\u00f3n de las enc\u00edas. <a href=\"https:\/\/app.nexhealth.com\/appts\/ora-dentistry?lid=334187\" class=\"contact_anchor \"><span>Comun\u00edquese hoy mismo con Woodland Family Dental<\/span><\/a> para obtener tratamiento experto para las enc\u00edas y alivio para las enc\u00edas sangrantes o hinchadas. Su sonrisa saludable comienza aqu\u00ed. <\/p>\n","protected":false},"excerpt":{"rendered":"<p>Las enc\u00edas retra\u00eddas pueden desarrollarse lentamente, pero su impacto en su salud bucal puede ser significativo. En Woodland Family Dental, ofrecemos tratamiento para las enc\u00edas retra\u00eddas y alivio para las enc\u00edas sangrantes\/inflamadas para pacientes en Woodland, CA y el \u00e1rea metropolitana de West Sacramento. Ya sea que sus enc\u00edas se est\u00e9n retrayendo debido a un&hellip; <a href=\"https:\/\/www.dentistinwoodland.com\/es\/procedimientos\/odontologia-general\/encias-retraidas\/\" class=\"btn btn-outline-primary position-absolute more-link\"> Seguir leyendo <span class=\"sr-only\"> acerca de Enc\u00edas retra\u00eddas<\/span><\/a><\/p>\n","protected":false},"author":2,"featured_media":1110,"parent":2195,"menu_order":0,"comment_status":"closed","ping_status":"closed","template":"template-fullwidth.php","meta":{"_acf_changed":false,"footnotes":""},"class_list":["post-2218","page","type-page","status-publish","has-post-thumbnail"],"acf":[],"yoast_head":"<!-- This site is optimized with the Yoast SEO plugin v26.6 - https:\/\/yoast.com\/wordpress\/plugins\/seo\/ -->\n<title>Enc\u00edas retra\u00eddas | Woodland Family Dental<\/title>\n<meta name=\"description\" content=\"Trate la recesi\u00f3n de las enc\u00edas en Woodland Family Dental en Woodland, CA. Obtenga alivio para las enc\u00edas sangrantes e hinchadas con una atenci\u00f3n periodontal suave. Atendemos en West Sacramento. Aceptamos Dentical.\" \/>\n<meta name=\"robots\" content=\"index, follow, max-snippet:-1, max-image-preview:large, max-video-preview:-1\" \/>\n<link rel=\"canonical\" href=\"https:\/\/www.dentistinwoodland.com\/es\/procedimientos\/odontologia-general\/encias-retraidas\/\" \/>\n<meta property=\"og:locale\" content=\"es_ES\" \/>\n<meta property=\"og:type\" content=\"article\" \/>\n<meta property=\"og:title\" content=\"Enc\u00edas retra\u00eddas | Woodland Family Dental\" \/>\n<meta property=\"og:description\" content=\"Trate la recesi\u00f3n de las enc\u00edas en Woodland Family Dental en Woodland, CA. Obtenga alivio para las enc\u00edas sangrantes e hinchadas con una atenci\u00f3n periodontal suave. Atendemos en West Sacramento. Aceptamos Dentical.\" \/>\n<meta property=\"og:url\" content=\"https:\/\/www.dentistinwoodland.com\/es\/procedimientos\/odontologia-general\/encias-retraidas\/\" \/>\n<meta property=\"og:site_name\" content=\"Woodland Family Dental\" \/>\n<meta property=\"article:modified_time\" content=\"2025-05-14T09:23:06+00:00\" \/>\n<meta property=\"og:image\" content=\"https:\/\/www.dentistinwoodland.com\/wp-content\/uploads\/2025\/04\/shutterstock_2483122371.jpg\" \/><meta property=\"og:image\" content=\"https:\/\/www.dentistinwoodland.com\/wp-content\/uploads\/2025\/04\/bigstock-Close-up-of-cheerful-young-afr-245984413-xxlarge.jpg\" \/>\n\t<meta property=\"og:image:width\" content=\"1920\" \/>\n\t<meta property=\"og:image:height\" content=\"768\" \/>\n\t<meta property=\"og:image:type\" content=\"image\/jpeg\" \/>\n<meta name=\"twitter:card\" content=\"summary_large_image\" \/>\n<meta name=\"twitter:image\" content=\"https:\/\/www.dentistinwoodland.com\/wp-content\/uploads\/2025\/04\/shutterstock_2483122371.jpg\" \/>\n<meta name=\"twitter:label1\" content=\"Tiempo de lectura\" \/>\n\t<meta name=\"twitter:data1\" content=\"3 minutos\" \/>\n<!-- \/ Yoast SEO plugin. -->","yoast_head_json":{"title":"Enc\u00edas retra\u00eddas | Woodland Family Dental","description":"Trate la recesi\u00f3n de las enc\u00edas en Woodland Family Dental en Woodland, CA. Obtenga alivio para las enc\u00edas sangrantes e hinchadas con una atenci\u00f3n periodontal suave. Atendemos en West Sacramento. Aceptamos Dentical.","robots":{"index":"index","follow":"follow","max-snippet":"max-snippet:-1","max-image-preview":"max-image-preview:large","max-video-preview":"max-video-preview:-1"},"canonical":"https:\/\/www.dentistinwoodland.com\/es\/procedimientos\/odontologia-general\/encias-retraidas\/","og_locale":"es_ES","og_type":"article","og_title":"Enc\u00edas retra\u00eddas | Woodland Family Dental","og_description":"Trate la recesi\u00f3n de las enc\u00edas en Woodland Family Dental en Woodland, CA. Obtenga alivio para las enc\u00edas sangrantes e hinchadas con una atenci\u00f3n periodontal suave. Atendemos en West Sacramento. Aceptamos Dentical.","og_url":"https:\/\/www.dentistinwoodland.com\/es\/procedimientos\/odontologia-general\/encias-retraidas\/","og_site_name":"Woodland Family Dental","article_modified_time":"2025-05-14T09:23:06+00:00","og_image":[{"url":"https:\/\/www.dentistinwoodland.com\/wp-content\/uploads\/2025\/04\/shutterstock_2483122371.jpg","type":"","width":"","height":""},{"width":1920,"height":768,"url":"https:\/\/www.dentistinwoodland.com\/wp-content\/uploads\/2025\/04\/bigstock-Close-up-of-cheerful-young-afr-245984413-xxlarge.jpg","type":"image\/jpeg"}],"twitter_card":"summary_large_image","twitter_image":"https:\/\/www.dentistinwoodland.com\/wp-content\/uploads\/2025\/04\/shutterstock_2483122371.jpg","twitter_misc":{"Tiempo de lectura":"3 minutos"},"schema":{"@context":"https:\/\/schema.org","@graph":[{"@type":"WebPage","@id":"https:\/\/www.dentistinwoodland.com\/es\/procedimientos\/odontologia-general\/encias-retraidas\/","url":"https:\/\/www.dentistinwoodland.com\/es\/procedimientos\/odontologia-general\/encias-retraidas\/","name":"Enc\u00edas retra\u00eddas | Woodland Family Dental","isPartOf":{"@id":"https:\/\/www.dentistinwoodland.com\/es\/#website"},"primaryImageOfPage":{"@id":"https:\/\/www.dentistinwoodland.com\/es\/procedimientos\/odontologia-general\/encias-retraidas\/#primaryimage"},"image":{"@id":"https:\/\/www.dentistinwoodland.com\/es\/procedimientos\/odontologia-general\/encias-retraidas\/#primaryimage"},"thumbnailUrl":"https:\/\/www.dentistinwoodland.com\/wp-content\/uploads\/2025\/04\/bigstock-Close-up-of-cheerful-young-afr-245984413-xxlarge.jpg","datePublished":"2023-01-17T19:07:53+00:00","dateModified":"2025-05-14T09:23:06+00:00","description":"Trate la recesi\u00f3n de las enc\u00edas en Woodland Family Dental en Woodland, CA. Obtenga alivio para las enc\u00edas sangrantes e hinchadas con una atenci\u00f3n periodontal suave. Atendemos en West Sacramento. Aceptamos Dentical.","breadcrumb":{"@id":"https:\/\/www.dentistinwoodland.com\/es\/procedimientos\/odontologia-general\/encias-retraidas\/#breadcrumb"},"inLanguage":"es","potentialAction":[{"@type":"ReadAction","target":["https:\/\/www.dentistinwoodland.com\/es\/procedimientos\/odontologia-general\/encias-retraidas\/"]}]},{"@type":"ImageObject","inLanguage":"es","@id":"https:\/\/www.dentistinwoodland.com\/es\/procedimientos\/odontologia-general\/encias-retraidas\/#primaryimage","url":"https:\/\/www.dentistinwoodland.com\/wp-content\/uploads\/2025\/04\/bigstock-Close-up-of-cheerful-young-afr-245984413-xxlarge.jpg","contentUrl":"https:\/\/www.dentistinwoodland.com\/wp-content\/uploads\/2025\/04\/bigstock-Close-up-of-cheerful-young-afr-245984413-xxlarge.jpg","width":1920,"height":768,"caption":"Mujer con el pelo rizado sonriendo y dando un pulgar hacia arriba mientras se toma un selfie en un paisaje de arena al aire libre al atardecer."},{"@type":"BreadcrumbList","@id":"https:\/\/www.dentistinwoodland.com\/es\/procedimientos\/odontologia-general\/encias-retraidas\/#breadcrumb","itemListElement":[{"@type":"ListItem","position":1,"name":"Home","item":"https:\/\/www.dentistinwoodland.com\/es\/inicio\/"},{"@type":"ListItem","position":2,"name":"Procedimientos","item":"https:\/\/www.dentistinwoodland.com\/es\/procedimientos\/"},{"@type":"ListItem","position":3,"name":"Odontolog\u00eda general","item":"https:\/\/www.dentistinwoodland.com\/es\/procedimientos\/odontologia-general\/"},{"@type":"ListItem","position":4,"name":"Enc\u00edas retra\u00eddas"}]},{"@type":"WebSite","@id":"https:\/\/www.dentistinwoodland.com\/es\/#website","url":"https:\/\/www.dentistinwoodland.com\/es\/","name":"Woodland Family Dental","description":"","potentialAction":[{"@type":"SearchAction","target":{"@type":"EntryPoint","urlTemplate":"https:\/\/www.dentistinwoodland.com\/es\/?s={search_term_string}"},"query-input":{"@type":"PropertyValueSpecification","valueRequired":true,"valueName":"search_term_string"}}],"inLanguage":"es"}]}},"_links":{"self":[{"href":"https:\/\/www.dentistinwoodland.com\/es\/wp-json\/wp\/v2\/pages\/2218","targetHints":{"allow":["GET"]}}],"collection":[{"href":"https:\/\/www.dentistinwoodland.com\/es\/wp-json\/wp\/v2\/pages"}],"about":[{"href":"https:\/\/www.dentistinwoodland.com\/es\/wp-json\/wp\/v2\/types\/page"}],"author":[{"embeddable":true,"href":"https:\/\/www.dentistinwoodland.com\/es\/wp-json\/wp\/v2\/users\/2"}],"replies":[{"embeddable":true,"href":"https:\/\/www.dentistinwoodland.com\/es\/wp-json\/wp\/v2\/comments?post=2218"}],"version-history":[{"count":1,"href":"https:\/\/www.dentistinwoodland.com\/es\/wp-json\/wp\/v2\/pages\/2218\/revisions"}],"predecessor-version":[{"id":2219,"href":"https:\/\/www.dentistinwoodland.com\/es\/wp-json\/wp\/v2\/pages\/2218\/revisions\/2219"}],"up":[{"embeddable":true,"href":"https:\/\/www.dentistinwoodland.com\/es\/wp-json\/wp\/v2\/pages\/2195"}],"wp:featuredmedia":[{"embeddable":true,"href":"https:\/\/www.dentistinwoodland.com\/es\/wp-json\/wp\/v2\/media\/1110"}],"wp:attachment":[{"href":"https:\/\/www.dentistinwoodland.com\/es\/wp-json\/wp\/v2\/media?parent=2218"}],"curies":[{"name":"wp","href":"https:\/\/api.w.org\/{rel}","templated":true}]}}