{"id":2216,"date":"2023-01-17T14:07:53","date_gmt":"2023-01-17T19:07:53","guid":{"rendered":"https:\/\/www.dentistinwoodland.com\/procedimientos\/odontologia-general\/terapia-de-conducto-radicular\/"},"modified":"2025-05-14T04:02:51","modified_gmt":"2025-05-14T09:02:51","slug":"terapia-de-conducto-radicular","status":"publish","type":"page","link":"https:\/\/www.dentistinwoodland.com\/es\/procedimientos\/odontologia-general\/terapia-de-conducto-radicular\/","title":{"rendered":"Terapia de conducto radicular"},"content":{"rendered":"\n<p>El dolor de muelas no tiene por qu\u00e9 significar la p\u00e9rdida de un diente. En Woodland Family Dental, ofrecemos terapia de conducto radicular para salvar los dientes infectados y aliviar las molestias con una atenci\u00f3n r\u00e1pida, eficaz y pr\u00e1cticamente indolora. Los pacientes de Woodland, CA y el \u00e1rea metropolitana de West Sacramento conf\u00edan en nuestro equipo para un <a href=\"https:\/\/www.dentistinwoodland.com\/general-dentistry\/\">tratamiento suave y moderno<\/a> que restaura tanto la funci\u00f3n como la comodidad.  <\/p>\n\n    <div class=\"featured-testimonial-block bg-primary py-5 text-body\" id=\"featured-testimonial-block_6114c7214e3d1f8e3f8a3f21332ee404\">\n        <div class=\"container\">\n            <div class=\"row justify-content-center\">\n                <div class=\"col-md-10 py-4\">\n                    <blockquote class=\"testimonials-blockquote mb-0 bg-light p-3 p-md-4 p-lg-5 position-relative\" style=\"border-radius: 2rem\">\n                        <svg class=\"testimonials-icon\" width=\"69\" height=\"69\" viewBox=\"0 0 69 69\" fill=\"none\" xmlns=\"http:\/\/www.w3.org\/2000\/svg\">\n                            <g filter=\"url(#filter0_d_1402_180)\">\n                            <circle cx=\"34.2612\" cy=\"33\" r=\"33\" fill=\"var(--primary)\"\/>\n                            <\/g>\n                            <path d=\"M22.757 19C17.1184 19 12.5473 23.6201 12.5473 29.3195C12.5473 35.0169 17.1184 39.6369 22.757 39.6369V46.3726C28.8237 43.1504 32.9668 36.7277 32.9668 29.3195C32.9668 23.6201 28.3957 19 22.757 19Z\" fill=\"white\"\/>\n                            <path d=\"M45.7892 19C40.1517 19 35.5803 23.6201 35.5803 29.3195C35.5803 35.0169 40.1517 39.6369 45.7892 39.6369V46.3726C51.8561 43.1504 56 36.7277 56 29.3195C56 23.6201 51.4285 19 45.7892 19Z\" fill=\"white\"\/>\n                        <\/svg>\n                        <div class=\"content\">Excelente servicio, recomendar\u00eda este lugar 100% llevo viniendo de Yuba City y realmente voy bien a gusto, las chicas son encantadoras y el dr es bien amable 100%<\/div>\n\n                        <div class=\"center-us d-flex align-items-center mt-4\">\n                            <cite class=\"d-block h5 m-0 pr-3 text-black\">Nelida Burgara<\/cite>\n                            <div class=\"testimonials-stars \">\n\t<svg class=\"svg-inline--fa fa-star  fa-w-18\" aria-hidden=\"true\" data-prefix=\"fab\" data-icon=\"star\" role=\"img\" xmlns=\"http:\/\/www.w3.org\/2000\/svg\" viewBox=\"0 0 576 512\" data-fa-i2svg=\"\"><path fill=\"currentColor\" d=\"M259.3 17.8L194 150.2 47.9 171.5c-26.2 3.8-36.7 36.1-17.7 54.6l105.7 103-25 145.5c-4.5 26.3 23.2 46 46.4 33.7L288 439.6l130.7 68.7c23.2 12.2 50.9-7.4 46.4-33.7l-25-145.5 105.7-103c19-18.5 8.5-50.8-17.7-54.6L382 150.2 316.7 17.8c-11.7-23.6-45.6-23.9-57.4 0z\"><\/path><\/svg>\t<svg class=\"svg-inline--fa fa-star  fa-w-18\" aria-hidden=\"true\" data-prefix=\"fab\" data-icon=\"star\" role=\"img\" xmlns=\"http:\/\/www.w3.org\/2000\/svg\" viewBox=\"0 0 576 512\" data-fa-i2svg=\"\"><path fill=\"currentColor\" d=\"M259.3 17.8L194 150.2 47.9 171.5c-26.2 3.8-36.7 36.1-17.7 54.6l105.7 103-25 145.5c-4.5 26.3 23.2 46 46.4 33.7L288 439.6l130.7 68.7c23.2 12.2 50.9-7.4 46.4-33.7l-25-145.5 105.7-103c19-18.5 8.5-50.8-17.7-54.6L382 150.2 316.7 17.8c-11.7-23.6-45.6-23.9-57.4 0z\"><\/path><\/svg>\t<svg class=\"svg-inline--fa fa-star  fa-w-18\" aria-hidden=\"true\" data-prefix=\"fab\" data-icon=\"star\" role=\"img\" xmlns=\"http:\/\/www.w3.org\/2000\/svg\" viewBox=\"0 0 576 512\" data-fa-i2svg=\"\"><path fill=\"currentColor\" d=\"M259.3 17.8L194 150.2 47.9 171.5c-26.2 3.8-36.7 36.1-17.7 54.6l105.7 103-25 145.5c-4.5 26.3 23.2 46 46.4 33.7L288 439.6l130.7 68.7c23.2 12.2 50.9-7.4 46.4-33.7l-25-145.5 105.7-103c19-18.5 8.5-50.8-17.7-54.6L382 150.2 316.7 17.8c-11.7-23.6-45.6-23.9-57.4 0z\"><\/path><\/svg>\t<svg class=\"svg-inline--fa fa-star  fa-w-18\" aria-hidden=\"true\" data-prefix=\"fab\" data-icon=\"star\" role=\"img\" xmlns=\"http:\/\/www.w3.org\/2000\/svg\" viewBox=\"0 0 576 512\" data-fa-i2svg=\"\"><path fill=\"currentColor\" d=\"M259.3 17.8L194 150.2 47.9 171.5c-26.2 3.8-36.7 36.1-17.7 54.6l105.7 103-25 145.5c-4.5 26.3 23.2 46 46.4 33.7L288 439.6l130.7 68.7c23.2 12.2 50.9-7.4 46.4-33.7l-25-145.5 105.7-103c19-18.5 8.5-50.8-17.7-54.6L382 150.2 316.7 17.8c-11.7-23.6-45.6-23.9-57.4 0z\"><\/path><\/svg>\t<svg class=\"svg-inline--fa fa-star  fa-w-18\" aria-hidden=\"true\" data-prefix=\"fab\" data-icon=\"star\" role=\"img\" xmlns=\"http:\/\/www.w3.org\/2000\/svg\" viewBox=\"0 0 576 512\" data-fa-i2svg=\"\"><path fill=\"currentColor\" d=\"M259.3 17.8L194 150.2 47.9 171.5c-26.2 3.8-36.7 36.1-17.7 54.6l105.7 103-25 145.5c-4.5 26.3 23.2 46 46.4 33.7L288 439.6l130.7 68.7c23.2 12.2 50.9-7.4 46.4-33.7l-25-145.5 105.7-103c19-18.5 8.5-50.8-17.7-54.6L382 150.2 316.7 17.8c-11.7-23.6-45.6-23.9-57.4 0z\"><\/path><\/svg><\/div>                        <\/div>\n                    <\/blockquote>\n                <\/div>\n            <\/div>\n        <\/div>\n    <\/div>\n\n<div class=\"wp-block-media-text alignwide is-stacked-on-mobile\"><figure class=\"wp-block-media-text__media\"><img loading=\"lazy\" decoding=\"async\" width=\"960\" height=\"960\" src=\"https:\/\/www.dentistinwoodland.com\/wp-content\/uploads\/2025\/04\/12.jpg\" alt=\"A dentist wearing magnifying glasses examines a patient's mouth in a dental clinic.\" class=\"wp-image-2015 size-full\" srcset=\"https:\/\/www.dentistinwoodland.com\/wp-content\/uploads\/2025\/04\/12.jpg 960w, https:\/\/www.dentistinwoodland.com\/wp-content\/uploads\/2025\/04\/12-300x300.jpg 300w, https:\/\/www.dentistinwoodland.com\/wp-content\/uploads\/2025\/04\/12-768x768.jpg 768w, https:\/\/www.dentistinwoodland.com\/wp-content\/uploads\/2025\/04\/12-192x192.jpg 192w, https:\/\/www.dentistinwoodland.com\/wp-content\/uploads\/2025\/04\/12-32x32.jpg 32w\" sizes=\"auto, (max-width: 960px) 100vw, 960px\" \/><\/figure><div class=\"wp-block-media-text__content\">\n<h2 class=\"wp-block-heading\">Tratamiento de dientes infectados sin miedo<\/h2>\n\n\n\n<p>Los conductos radiculares tienen fama de ser dolorosos, pero en realidad, son una de las formas m\u00e1s efectivas de eliminar la infecci\u00f3n y salvar su diente natural. Gracias a la tecnolog\u00eda avanzada y los anest\u00e9sicos, la mayor\u00eda de los pacientes informan que el procedimiento no se siente m\u00e1s inc\u00f3modo que recibir un empaste. <\/p>\n\n\n\n<p>Seg\u00fan la Asociaci\u00f3n Americana de Endodoncistas, cada a\u00f1o se realizan m\u00e1s de 15 millones de conductos radiculares y la tasa de \u00e9xito supera el 95%. Preservar su diente natural suele ser la mejor opci\u00f3n para la salud y la funci\u00f3n bucal a largo plazo. <\/p>\n\n\n\n<h2 class=\"wp-block-heading\">Por qu\u00e9 podr\u00eda necesitar una terapia de conducto radicular<\/h2>\n\n\n\n<p>Un conducto radicular es necesario cuando el tejido blando interno del diente, llamado pulpa, se infecta o inflama. Esto puede deberse a: <\/p>\n\n\n\n<ul class=\"wp-block-list c3 lst-kix_jc8xp6kjnal0-0 start\">\n<li>Caries profundas o cavidades grandes<\/li>\n\n\n\n<li>Dientes agrietados o astillados<\/li>\n\n\n\n<li>Procedimientos dentales repetidos en el mismo diente<\/li>\n\n\n\n<li>Traumatismo o lesi\u00f3n en el diente<\/li>\n<\/ul>\n\n\n\n<p>Los s\u00edntomas pueden incluir:<\/p>\n\n\n\n<ul class=\"wp-block-list c3 lst-kix_vrco3etr3ahw-0 start\">\n<li>Dolor de muelas intenso o persistente<\/li>\n\n\n\n<li>Hinchaz\u00f3n alrededor de las enc\u00edas<\/li>\n\n\n\n<li>Sensibilidad al calor o al fr\u00edo<\/li>\n\n\n\n<li>Decoloraci\u00f3n del diente<\/li>\n\n\n\n<li>Un bulto parecido a una espinilla cerca del diente<\/li>\n<\/ul>\n\n\n\n<p>Incluso si el dolor desaparece, la infecci\u00f3n a\u00fan puede estar activa. Por eso es esencial un tratamiento r\u00e1pido. <\/p>\n<\/div><\/div>\n\n<div class=\"wp-block-media-text alignwide has-media-on-the-right is-stacked-on-mobile\"><div class=\"wp-block-media-text__content\">\n<h2 class=\"wp-block-heading\">Qu\u00e9 esperar durante su terapia de conducto radicular<\/h2>\n\n\n\n<p>La terapia de conducto radicular generalmente se completa en una o dos visitas e implica:<\/p>\n\n\n\n<ol class=\"c3 lst-kix_e9xwhwkcyzk2-0 start wp-block-list\" start=\"1\"><li class=\"c1 c6 li-bullet-0\"><strong>Anestesia local<\/strong> Adormecemos la zona para garantizar su total comodidad.<\/li><li class=\"c1 c6 li-bullet-0\"><strong>Acceso y limpieza<\/strong> Se realiza una peque\u00f1a abertura para eliminar la pulpa infectada.<\/li><li class=\"c1 c6 li-bullet-0\"><strong>Desinfecci\u00f3n y modelado<\/strong> El interior del diente se limpia, se modela y se desinfecta.<\/li><li class=\"c1 c6 li-bullet-0\"><strong>Relleno y sellado <\/strong>Los conductos radiculares se rellenan con un material biocompatible y se sellan para evitar la reinfecci\u00f3n.<\/li><li class=\"c1 c6 li-bullet-0\"><strong>Restauraci\u00f3n<\/strong> En la mayor\u00eda de los casos, se colocar\u00e1 una corona sobre el diente para protegerlo y restaurar su funci\u00f3n completa.<\/li><\/ol>\n\n\n\n<h2 class=\"wp-block-heading\">Beneficios del tratamiento de conducto radicular<\/h2>\n\n\n\n<ul class=\"wp-block-list c3 lst-kix_g6fv34ibebnk-0 start\">\n<li>Alivia el dolor y la infecci\u00f3n<\/li>\n\n\n\n<li>Salva su diente natural<\/li>\n\n\n\n<li>Previene la propagaci\u00f3n de la infecci\u00f3n a otros dientes<\/li>\n\n\n\n<li>Preserva la alineaci\u00f3n de la mordida y la capacidad de masticaci\u00f3n<\/li>\n\n\n\n<li>Una soluci\u00f3n a largo plazo cuando se combina con una corona<\/li>\n<\/ul>\n<\/div><figure class=\"wp-block-media-text__media\"><img loading=\"lazy\" decoding=\"async\" width=\"960\" height=\"960\" src=\"https:\/\/www.dentistinwoodland.com\/wp-content\/uploads\/2025\/04\/bigstock-151393520-medium.jpg\" alt=\"Sintiendo dolor de muelas. Joven africano frustrado toc\u00e1ndose la mejilla y manteniendo los ojos cerrados mientras est\u00e1 de pie contra un fondo gris \" class=\"wp-image-1122 size-full\" srcset=\"https:\/\/www.dentistinwoodland.com\/wp-content\/uploads\/2025\/04\/bigstock-151393520-medium.jpg 960w, https:\/\/www.dentistinwoodland.com\/wp-content\/uploads\/2025\/04\/bigstock-151393520-medium-300x300.jpg 300w, https:\/\/www.dentistinwoodland.com\/wp-content\/uploads\/2025\/04\/bigstock-151393520-medium-768x768.jpg 768w, https:\/\/www.dentistinwoodland.com\/wp-content\/uploads\/2025\/04\/bigstock-151393520-medium-192x192.jpg 192w, https:\/\/www.dentistinwoodland.com\/wp-content\/uploads\/2025\/04\/bigstock-151393520-medium-32x32.jpg 32w\" sizes=\"auto, (max-width: 960px) 100vw, 960px\" \/><\/figure><\/div>\n\n<div class=\"bio bg-light flc-section-padding\">\n    <div class=\"container\">\n        <div class=\"row align-items-center\">\n                            <div class=\"col-md-6 mb-4 mb-md-0\">\n                    <img loading=\"lazy\" decoding=\"async\" width=\"960\" height=\"960\" src=\"https:\/\/www.dentistinwoodland.com\/wp-content\/uploads\/2025\/04\/2.jpg\" class=\"img-fluid\" alt=\"Dos mujeres sonrientes se sientan detr\u00e1s de un mostrador de recepci\u00f3n con revistas y carteles informativos, en una sala de espera de una oficina con un cartel en la pared que dice &quot;Nos reservamos el derecho de rechazar el servicio a cualquier persona&quot;.\" srcset=\"https:\/\/www.dentistinwoodland.com\/wp-content\/uploads\/2025\/04\/2.jpg 960w, https:\/\/www.dentistinwoodland.com\/wp-content\/uploads\/2025\/04\/2-300x300.jpg 300w, https:\/\/www.dentistinwoodland.com\/wp-content\/uploads\/2025\/04\/2-768x768.jpg 768w, https:\/\/www.dentistinwoodland.com\/wp-content\/uploads\/2025\/04\/2-192x192.jpg 192w, https:\/\/www.dentistinwoodland.com\/wp-content\/uploads\/2025\/04\/2-32x32.jpg 32w\" sizes=\"auto, (max-width: 960px) 100vw, 960px\" \/>                <\/div>\n                        <div class=\"col-md-6 pl-md-5\">\n                                    <h2>Atenci\u00f3n dental integral y familiar<\/h2>\n                \n                                    <p>En Woodland Family Dental, creemos que todo el mundo merece una experiencia dental positiva. Nuestro equipo se dedica a crear un ambiente acogedor para los pacientes de todas las edades, asegurando que cada visita es libre de estr\u00e9s y adaptado a sus necesidades \u00fanicas. Combinamos el estado de la t\u00e9cnica dental con un enfoque compasivo, por lo que la atenci\u00f3n dental de alta calidad accesible a las personas y familias a trav\u00e9s de Woodland y West Sacramento.<\/p>\n                \n                                    <a class=\"btn btn-outline-primary\" href=\"https:\/\/www.dentistinwoodland.com\/es\/acerca-de-nosotros\/\" target=\"_self\">\n                        Acerca de nosotros                    <\/a>\n                            <\/div>\n        <\/div>\n    <\/div>\n<\/div>\n<h2 class=\"wp-block-heading\">Atenci\u00f3n endod\u00f3ntica de confianza en Woodland<\/h2>\n\n<p>Nuestro equipo dental utiliza radiograf\u00edas digitales y herramientas endod\u00f3nticas avanzadas para garantizar la precisi\u00f3n y la eficiencia durante su tratamiento. Le explicaremos cada paso y le ayudaremos a sentirse c\u00f3modo durante todo el proceso. <\/p>\n\n<p>En Woodland Family Dental, estamos orgullosos de atender a familias de habla inglesa y espa\u00f1ola y aceptamos Dentical para que el tratamiento sea asequible para quienes tienen seguro estatal de California.<\/p>\n\n<p>No espere con el dolor de muelas: salve su sonrisa con una suave terapia de conducto radicular en Woodland Family Dental. Ll\u00e1menos <a href=\"https:\/\/app.nexhealth.com\/appts\/ora-dentistry?lid=334187\" class=\"contact_anchor \"><span>hoy para programar su visita<\/span><\/a>. <\/p>\n","protected":false},"excerpt":{"rendered":"<p>El dolor de muelas no tiene por qu\u00e9 significar la p\u00e9rdida de un diente. En Woodland Family Dental, ofrecemos terapia de conducto radicular para salvar los dientes infectados y aliviar las molestias con una atenci\u00f3n r\u00e1pida, eficaz y pr\u00e1cticamente indolora. Los pacientes de Woodland, CA y el \u00e1rea metropolitana de West Sacramento conf\u00edan en nuestro&hellip; <a href=\"https:\/\/www.dentistinwoodland.com\/es\/procedimientos\/odontologia-general\/terapia-de-conducto-radicular\/\" class=\"btn btn-outline-primary position-absolute more-link\"> Seguir leyendo <span class=\"sr-only\"> acerca de Terapia de conducto radicular<\/span><\/a><\/p>\n","protected":false},"author":2,"featured_media":1118,"parent":2195,"menu_order":0,"comment_status":"closed","ping_status":"closed","template":"template-fullwidth.php","meta":{"_acf_changed":false,"footnotes":""},"class_list":["post-2216","page","type-page","status-publish","has-post-thumbnail"],"acf":[],"yoast_head":"<!-- This site is optimized with the Yoast SEO plugin v26.6 - https:\/\/yoast.com\/wordpress\/plugins\/seo\/ -->\n<title>Terapia de conducto radicular | Woodland Family Dental<\/title>\n<meta name=\"description\" content=\"Salve su diente natural con una terapia de conducto radicular indolora en Woodland Family Dental en Woodland, CA. Tratamiento de dientes infectados para West Sacramento. Aceptamos Dentical.\" \/>\n<meta name=\"robots\" content=\"index, follow, max-snippet:-1, max-image-preview:large, max-video-preview:-1\" \/>\n<link rel=\"canonical\" href=\"https:\/\/www.dentistinwoodland.com\/es\/procedimientos\/odontologia-general\/terapia-de-conducto-radicular\/\" \/>\n<meta property=\"og:locale\" content=\"es_ES\" \/>\n<meta property=\"og:type\" content=\"article\" \/>\n<meta property=\"og:title\" content=\"Terapia de conducto radicular | Woodland Family Dental\" \/>\n<meta property=\"og:description\" content=\"Salve su diente natural con una terapia de conducto radicular indolora en Woodland Family Dental en Woodland, CA. Tratamiento de dientes infectados para West Sacramento. Aceptamos Dentical.\" \/>\n<meta property=\"og:url\" content=\"https:\/\/www.dentistinwoodland.com\/es\/procedimientos\/odontologia-general\/terapia-de-conducto-radicular\/\" \/>\n<meta property=\"og:site_name\" content=\"Woodland Family Dental\" \/>\n<meta property=\"article:modified_time\" content=\"2025-05-14T09:02:51+00:00\" \/>\n<meta property=\"og:image\" content=\"https:\/\/www.dentistinwoodland.com\/wp-content\/uploads\/2025\/04\/shutterstock_2483122371.jpg\" \/><meta property=\"og:image\" content=\"https:\/\/www.dentistinwoodland.com\/wp-content\/uploads\/2025\/04\/bigstock-131284784-xxlarge.jpg\" \/>\n\t<meta property=\"og:image:width\" content=\"1920\" \/>\n\t<meta property=\"og:image:height\" content=\"768\" \/>\n\t<meta property=\"og:image:type\" content=\"image\/jpeg\" \/>\n<meta name=\"twitter:card\" content=\"summary_large_image\" \/>\n<meta name=\"twitter:image\" content=\"https:\/\/www.dentistinwoodland.com\/wp-content\/uploads\/2025\/04\/shutterstock_2483122371.jpg\" \/>\n<meta name=\"twitter:label1\" content=\"Tiempo de lectura\" \/>\n\t<meta name=\"twitter:data1\" content=\"3 minutos\" \/>\n<!-- \/ Yoast SEO plugin. -->","yoast_head_json":{"title":"Terapia de conducto radicular | Woodland Family Dental","description":"Salve su diente natural con una terapia de conducto radicular indolora en Woodland Family Dental en Woodland, CA. Tratamiento de dientes infectados para West Sacramento. Aceptamos Dentical.","robots":{"index":"index","follow":"follow","max-snippet":"max-snippet:-1","max-image-preview":"max-image-preview:large","max-video-preview":"max-video-preview:-1"},"canonical":"https:\/\/www.dentistinwoodland.com\/es\/procedimientos\/odontologia-general\/terapia-de-conducto-radicular\/","og_locale":"es_ES","og_type":"article","og_title":"Terapia de conducto radicular | Woodland Family Dental","og_description":"Salve su diente natural con una terapia de conducto radicular indolora en Woodland Family Dental en Woodland, CA. Tratamiento de dientes infectados para West Sacramento. Aceptamos Dentical.","og_url":"https:\/\/www.dentistinwoodland.com\/es\/procedimientos\/odontologia-general\/terapia-de-conducto-radicular\/","og_site_name":"Woodland Family Dental","article_modified_time":"2025-05-14T09:02:51+00:00","og_image":[{"url":"https:\/\/www.dentistinwoodland.com\/wp-content\/uploads\/2025\/04\/shutterstock_2483122371.jpg","type":"","width":"","height":""},{"width":1920,"height":768,"url":"https:\/\/www.dentistinwoodland.com\/wp-content\/uploads\/2025\/04\/bigstock-131284784-xxlarge.jpg","type":"image\/jpeg"}],"twitter_card":"summary_large_image","twitter_image":"https:\/\/www.dentistinwoodland.com\/wp-content\/uploads\/2025\/04\/shutterstock_2483122371.jpg","twitter_misc":{"Tiempo de lectura":"3 minutos"},"schema":{"@context":"https:\/\/schema.org","@graph":[{"@type":"WebPage","@id":"https:\/\/www.dentistinwoodland.com\/es\/procedimientos\/odontologia-general\/terapia-de-conducto-radicular\/","url":"https:\/\/www.dentistinwoodland.com\/es\/procedimientos\/odontologia-general\/terapia-de-conducto-radicular\/","name":"Terapia de conducto radicular | Woodland Family Dental","isPartOf":{"@id":"https:\/\/www.dentistinwoodland.com\/es\/#website"},"primaryImageOfPage":{"@id":"https:\/\/www.dentistinwoodland.com\/es\/procedimientos\/odontologia-general\/terapia-de-conducto-radicular\/#primaryimage"},"image":{"@id":"https:\/\/www.dentistinwoodland.com\/es\/procedimientos\/odontologia-general\/terapia-de-conducto-radicular\/#primaryimage"},"thumbnailUrl":"https:\/\/www.dentistinwoodland.com\/wp-content\/uploads\/2025\/04\/bigstock-131284784-xxlarge.jpg","datePublished":"2023-01-17T19:07:53+00:00","dateModified":"2025-05-14T09:02:51+00:00","description":"Salve su diente natural con una terapia de conducto radicular indolora en Woodland Family Dental en Woodland, CA. Tratamiento de dientes infectados para West Sacramento. Aceptamos Dentical.","breadcrumb":{"@id":"https:\/\/www.dentistinwoodland.com\/es\/procedimientos\/odontologia-general\/terapia-de-conducto-radicular\/#breadcrumb"},"inLanguage":"es","potentialAction":[{"@type":"ReadAction","target":["https:\/\/www.dentistinwoodland.com\/es\/procedimientos\/odontologia-general\/terapia-de-conducto-radicular\/"]}]},{"@type":"ImageObject","inLanguage":"es","@id":"https:\/\/www.dentistinwoodland.com\/es\/procedimientos\/odontologia-general\/terapia-de-conducto-radicular\/#primaryimage","url":"https:\/\/www.dentistinwoodland.com\/wp-content\/uploads\/2025\/04\/bigstock-131284784-xxlarge.jpg","contentUrl":"https:\/\/www.dentistinwoodland.com\/wp-content\/uploads\/2025\/04\/bigstock-131284784-xxlarge.jpg","width":1920,"height":768,"caption":"Un hombre sentado en una consulta dental se sujeta la mejilla y parece sentir dolor."},{"@type":"BreadcrumbList","@id":"https:\/\/www.dentistinwoodland.com\/es\/procedimientos\/odontologia-general\/terapia-de-conducto-radicular\/#breadcrumb","itemListElement":[{"@type":"ListItem","position":1,"name":"Home","item":"https:\/\/www.dentistinwoodland.com\/es\/inicio\/"},{"@type":"ListItem","position":2,"name":"Procedimientos","item":"https:\/\/www.dentistinwoodland.com\/es\/procedimientos\/"},{"@type":"ListItem","position":3,"name":"Odontolog\u00eda general","item":"https:\/\/www.dentistinwoodland.com\/es\/procedimientos\/odontologia-general\/"},{"@type":"ListItem","position":4,"name":"Terapia de conducto radicular"}]},{"@type":"WebSite","@id":"https:\/\/www.dentistinwoodland.com\/es\/#website","url":"https:\/\/www.dentistinwoodland.com\/es\/","name":"Woodland Family Dental","description":"","potentialAction":[{"@type":"SearchAction","target":{"@type":"EntryPoint","urlTemplate":"https:\/\/www.dentistinwoodland.com\/es\/?s={search_term_string}"},"query-input":{"@type":"PropertyValueSpecification","valueRequired":true,"valueName":"search_term_string"}}],"inLanguage":"es"}]}},"_links":{"self":[{"href":"https:\/\/www.dentistinwoodland.com\/es\/wp-json\/wp\/v2\/pages\/2216","targetHints":{"allow":["GET"]}}],"collection":[{"href":"https:\/\/www.dentistinwoodland.com\/es\/wp-json\/wp\/v2\/pages"}],"about":[{"href":"https:\/\/www.dentistinwoodland.com\/es\/wp-json\/wp\/v2\/types\/page"}],"author":[{"embeddable":true,"href":"https:\/\/www.dentistinwoodland.com\/es\/wp-json\/wp\/v2\/users\/2"}],"replies":[{"embeddable":true,"href":"https:\/\/www.dentistinwoodland.com\/es\/wp-json\/wp\/v2\/comments?post=2216"}],"version-history":[{"count":1,"href":"https:\/\/www.dentistinwoodland.com\/es\/wp-json\/wp\/v2\/pages\/2216\/revisions"}],"predecessor-version":[{"id":2217,"href":"https:\/\/www.dentistinwoodland.com\/es\/wp-json\/wp\/v2\/pages\/2216\/revisions\/2217"}],"up":[{"embeddable":true,"href":"https:\/\/www.dentistinwoodland.com\/es\/wp-json\/wp\/v2\/pages\/2195"}],"wp:featuredmedia":[{"embeddable":true,"href":"https:\/\/www.dentistinwoodland.com\/es\/wp-json\/wp\/v2\/media\/1118"}],"wp:attachment":[{"href":"https:\/\/www.dentistinwoodland.com\/es\/wp-json\/wp\/v2\/media?parent=2216"}],"curies":[{"name":"wp","href":"https:\/\/api.w.org\/{rel}","templated":true}]}}