{"id":2214,"date":"2023-01-17T14:07:53","date_gmt":"2023-01-17T19:07:53","guid":{"rendered":"https:\/\/www.dentistinwoodland.com\/procedimientos\/odontologia-general\/odontologia-en-el-mismo-dia\/"},"modified":"2025-05-14T03:52:49","modified_gmt":"2025-05-14T08:52:49","slug":"odontologia-en-el-mismo-dia","status":"publish","type":"page","link":"https:\/\/www.dentistinwoodland.com\/es\/procedimientos\/odontologia-general\/odontologia-en-el-mismo-dia\/","title":{"rendered":"Odontolog\u00eda en el mismo d\u00eda"},"content":{"rendered":"\n<p>Cuando su horario cambia o surge un problema dental inesperado, no deber\u00eda tener que esperar para ver a un dentista. En Woodland Family Dental, con orgullo ofrecemos odontolog\u00eda en el mismo d\u00eda a pacientes en Woodland, CA y el \u00e1rea circundante de West Sacramento. Ya sea que necesite una limpieza r\u00e1pida, un empaste o atenci\u00f3n de <a href=\"https:\/\/www.dentistinwoodland.com\/general-dentistry\/\">urgencia para un dolor de muelas<\/a>, estamos aqu\u00ed para ayudarle, a menudo el mismo d\u00eda que llama.  <\/p>\n\n    <div class=\"featured-testimonial-block bg-primary py-5 text-body\" id=\"featured-testimonial-block_0e67db6bb5adfea8cf68c286f3821f9e\">\n        <div class=\"container\">\n            <div class=\"row justify-content-center\">\n                <div class=\"col-md-10 py-4\">\n                    <blockquote class=\"testimonials-blockquote mb-0 bg-light p-3 p-md-4 p-lg-5 position-relative\" style=\"border-radius: 2rem\">\n                        <svg class=\"testimonials-icon\" width=\"69\" height=\"69\" viewBox=\"0 0 69 69\" fill=\"none\" xmlns=\"http:\/\/www.w3.org\/2000\/svg\">\n                            <g filter=\"url(#filter0_d_1402_180)\">\n                            <circle cx=\"34.2612\" cy=\"33\" r=\"33\" fill=\"var(--primary)\"\/>\n                            <\/g>\n                            <path d=\"M22.757 19C17.1184 19 12.5473 23.6201 12.5473 29.3195C12.5473 35.0169 17.1184 39.6369 22.757 39.6369V46.3726C28.8237 43.1504 32.9668 36.7277 32.9668 29.3195C32.9668 23.6201 28.3957 19 22.757 19Z\" fill=\"white\"\/>\n                            <path d=\"M45.7892 19C40.1517 19 35.5803 23.6201 35.5803 29.3195C35.5803 35.0169 40.1517 39.6369 45.7892 39.6369V46.3726C51.8561 43.1504 56 36.7277 56 29.3195C56 23.6201 51.4285 19 45.7892 19Z\" fill=\"white\"\/>\n                        <\/svg>\n                        <div class=\"content\">Excelente servicio, recomendar\u00eda este lugar 100% llevo viniendo de Yuba City y realmente voy bien a gusto, las chicas son encantadoras y el dr es bien amable 100%<\/div>\n\n                        <div class=\"center-us d-flex align-items-center mt-4\">\n                            <cite class=\"d-block h5 m-0 pr-3 text-black\">Nelida Burgara<\/cite>\n                            <div class=\"testimonials-stars \">\n\t<svg class=\"svg-inline--fa fa-star  fa-w-18\" aria-hidden=\"true\" data-prefix=\"fab\" data-icon=\"star\" role=\"img\" xmlns=\"http:\/\/www.w3.org\/2000\/svg\" viewBox=\"0 0 576 512\" data-fa-i2svg=\"\"><path fill=\"currentColor\" d=\"M259.3 17.8L194 150.2 47.9 171.5c-26.2 3.8-36.7 36.1-17.7 54.6l105.7 103-25 145.5c-4.5 26.3 23.2 46 46.4 33.7L288 439.6l130.7 68.7c23.2 12.2 50.9-7.4 46.4-33.7l-25-145.5 105.7-103c19-18.5 8.5-50.8-17.7-54.6L382 150.2 316.7 17.8c-11.7-23.6-45.6-23.9-57.4 0z\"><\/path><\/svg>\t<svg class=\"svg-inline--fa fa-star  fa-w-18\" aria-hidden=\"true\" data-prefix=\"fab\" data-icon=\"star\" role=\"img\" xmlns=\"http:\/\/www.w3.org\/2000\/svg\" viewBox=\"0 0 576 512\" data-fa-i2svg=\"\"><path fill=\"currentColor\" d=\"M259.3 17.8L194 150.2 47.9 171.5c-26.2 3.8-36.7 36.1-17.7 54.6l105.7 103-25 145.5c-4.5 26.3 23.2 46 46.4 33.7L288 439.6l130.7 68.7c23.2 12.2 50.9-7.4 46.4-33.7l-25-145.5 105.7-103c19-18.5 8.5-50.8-17.7-54.6L382 150.2 316.7 17.8c-11.7-23.6-45.6-23.9-57.4 0z\"><\/path><\/svg>\t<svg class=\"svg-inline--fa fa-star  fa-w-18\" aria-hidden=\"true\" data-prefix=\"fab\" data-icon=\"star\" role=\"img\" xmlns=\"http:\/\/www.w3.org\/2000\/svg\" viewBox=\"0 0 576 512\" data-fa-i2svg=\"\"><path fill=\"currentColor\" d=\"M259.3 17.8L194 150.2 47.9 171.5c-26.2 3.8-36.7 36.1-17.7 54.6l105.7 103-25 145.5c-4.5 26.3 23.2 46 46.4 33.7L288 439.6l130.7 68.7c23.2 12.2 50.9-7.4 46.4-33.7l-25-145.5 105.7-103c19-18.5 8.5-50.8-17.7-54.6L382 150.2 316.7 17.8c-11.7-23.6-45.6-23.9-57.4 0z\"><\/path><\/svg>\t<svg class=\"svg-inline--fa fa-star  fa-w-18\" aria-hidden=\"true\" data-prefix=\"fab\" data-icon=\"star\" role=\"img\" xmlns=\"http:\/\/www.w3.org\/2000\/svg\" viewBox=\"0 0 576 512\" data-fa-i2svg=\"\"><path fill=\"currentColor\" d=\"M259.3 17.8L194 150.2 47.9 171.5c-26.2 3.8-36.7 36.1-17.7 54.6l105.7 103-25 145.5c-4.5 26.3 23.2 46 46.4 33.7L288 439.6l130.7 68.7c23.2 12.2 50.9-7.4 46.4-33.7l-25-145.5 105.7-103c19-18.5 8.5-50.8-17.7-54.6L382 150.2 316.7 17.8c-11.7-23.6-45.6-23.9-57.4 0z\"><\/path><\/svg>\t<svg class=\"svg-inline--fa fa-star  fa-w-18\" aria-hidden=\"true\" data-prefix=\"fab\" data-icon=\"star\" role=\"img\" xmlns=\"http:\/\/www.w3.org\/2000\/svg\" viewBox=\"0 0 576 512\" data-fa-i2svg=\"\"><path fill=\"currentColor\" d=\"M259.3 17.8L194 150.2 47.9 171.5c-26.2 3.8-36.7 36.1-17.7 54.6l105.7 103-25 145.5c-4.5 26.3 23.2 46 46.4 33.7L288 439.6l130.7 68.7c23.2 12.2 50.9-7.4 46.4-33.7l-25-145.5 105.7-103c19-18.5 8.5-50.8-17.7-54.6L382 150.2 316.7 17.8c-11.7-23.6-45.6-23.9-57.4 0z\"><\/path><\/svg><\/div>                        <\/div>\n                    <\/blockquote>\n                <\/div>\n            <\/div>\n        <\/div>\n    <\/div>\n\n<div class=\"wp-block-media-text alignwide is-stacked-on-mobile\"><figure class=\"wp-block-media-text__media\"><img loading=\"lazy\" decoding=\"async\" width=\"960\" height=\"960\" src=\"https:\/\/www.dentistinwoodland.com\/wp-content\/uploads\/2025\/04\/bigstock-222972067-medium.jpg\" alt=\"Mujer bonita con cabello largo y rubio mirando a la c\u00e1mara con expresi\u00f3n facial emocionada y feliz, aplaudiendo con las manos contra una pared de estudio en blanco, expresando su entusiasmo con un regalo\" class=\"wp-image-1128 size-full\" srcset=\"https:\/\/www.dentistinwoodland.com\/wp-content\/uploads\/2025\/04\/bigstock-222972067-medium.jpg 960w, https:\/\/www.dentistinwoodland.com\/wp-content\/uploads\/2025\/04\/bigstock-222972067-medium-300x300.jpg 300w, https:\/\/www.dentistinwoodland.com\/wp-content\/uploads\/2025\/04\/bigstock-222972067-medium-768x768.jpg 768w, https:\/\/www.dentistinwoodland.com\/wp-content\/uploads\/2025\/04\/bigstock-222972067-medium-192x192.jpg 192w, https:\/\/www.dentistinwoodland.com\/wp-content\/uploads\/2025\/04\/bigstock-222972067-medium-32x32.jpg 32w\" sizes=\"auto, (max-width: 960px) 100vw, 960px\" \/><\/figure><div class=\"wp-block-media-text__content\">\n<h2 class=\"wp-block-heading\">Citas dentales en Sacramento para el mismo d\u00eda<\/h2>\n\n\n\n<p>La vida no siempre sigue un horario, y los problemas dentales tampoco. Nuestras citas para el mismo d\u00eda est\u00e1n dise\u00f1adas para brindarle acceso r\u00e1pido a la atenci\u00f3n que necesita, cuando la necesita. Desde padres ocupados y estudiantes universitarios hasta profesionales en activo, entendemos que el tiempo es valioso. Haremos todo lo posible para atender solicitudes de \u00faltima hora y visitas sin cita previa.   <\/p>\n\n\n\n<p>Los servicios dentales en el mismo d\u00eda pueden incluir:<\/p>\n\n\n\n<ul class=\"wp-block-list c3 lst-kix_9vfden11kynd-0 start\">\n<li>Ex\u00e1menes dentales de emergencia<\/li>\n\n\n\n<li>Alivio del dolor o la infecci\u00f3n dental<\/li>\n\n\n\n<li>Reparaci\u00f3n de dientes astillados o rotos<\/li>\n\n\n\n<li>Restauraci\u00f3n de empastes o coronas perdidas<\/li>\n\n\n\n<li>Limpiezas dentales (seg\u00fan disponibilidad)<\/li>\n\n\n\n<li>Arreglos cosm\u00e9ticos r\u00e1pidos como la adhesi\u00f3n dental<\/li>\n<\/ul>\n\n\n\n<p>Si no podemos completar el tratamiento por completo el mismo d\u00eda, a menudo comenzaremos los pasos iniciales (como el manejo del dolor, el diagn\u00f3stico o las restauraciones temporales) y le programaremos r\u00e1pidamente una atenci\u00f3n de seguimiento.<\/p>\n<\/div><\/div>\n\n<div class=\"wp-block-media-text alignwide has-media-on-the-right is-stacked-on-mobile\"><div class=\"wp-block-media-text__content\">\n<h2 class=\"wp-block-heading\">Un consultorio de servicio completo que est\u00e1 listo cuando usted lo est\u00e1<\/h2>\n\n\n\n<p>Como consultorio centrado en la familia, atendemos a pacientes de todas las edades con una amplia gama de servicios, desde atenci\u00f3n preventiva hasta restauraciones de emergencia. Nuestro amable equipo, tecnolog\u00eda avanzada y horarios flexibles facilitan la incorporaci\u00f3n del cuidado dental a su rutina. <\/p>\n\n\n\n<p>Estamos orgullosos de recibir pacientes el mismo d\u00eda de Woodland, Sacramento, West Sacramento y las comunidades circundantes. Nuestro personal habla ingl\u00e9s y espa\u00f1ol, lo que garantiza que se sienta c\u00f3modo y comprendido durante su visita. <\/p>\n\n\n\n<h2 class=\"wp-block-heading\">Qu\u00e9 nos diferencia<\/h2>\n\n\n\n<p>En Woodland Family Dental, su comodidad es nuestra prioridad. Nuestra odontolog\u00eda en el mismo d\u00eda incluye: <\/p>\n\n\n\n<ul class=\"wp-block-list c3 lst-kix_h6dql8tav01i-0 start\">\n<li>Comodidades relajantes en un consultorio limpio y moderno<\/li>\n\n\n\n<li>Miembros del equipo biling\u00fces para ayudar a los pacientes de habla hispana<\/li>\n\n\n\n<li>Im\u00e1genes digitales y escaneo intraoral para un diagn\u00f3stico r\u00e1pido<\/li>\n\n\n\n<li>Atenci\u00f3n personalizada con comunicaci\u00f3n clara<\/li>\n<\/ul>\n\n\n\n<p>Tambi\u00e9n aceptamos Dentical, el seguro dental de Medicaid de California, y trabajamos arduamente para brindar atenci\u00f3n accesible y de alta calidad a familias de todos los or\u00edgenes.<\/p>\n<\/div><figure class=\"wp-block-media-text__media\"><img loading=\"lazy\" decoding=\"async\" width=\"960\" height=\"960\" src=\"https:\/\/www.dentistinwoodland.com\/wp-content\/uploads\/2025\/04\/4.jpg\" alt=\"Dos empleados de oficina sentados en escritorios con computadoras. Una mujer en primer plano, con gafas y uniforme m\u00e9dico, sonr\u00ede mientras trabaja en su computadora.\" class=\"wp-image-1999 size-full\" srcset=\"https:\/\/www.dentistinwoodland.com\/wp-content\/uploads\/2025\/04\/4.jpg 960w, https:\/\/www.dentistinwoodland.com\/wp-content\/uploads\/2025\/04\/4-300x300.jpg 300w, https:\/\/www.dentistinwoodland.com\/wp-content\/uploads\/2025\/04\/4-768x768.jpg 768w, https:\/\/www.dentistinwoodland.com\/wp-content\/uploads\/2025\/04\/4-192x192.jpg 192w, https:\/\/www.dentistinwoodland.com\/wp-content\/uploads\/2025\/04\/4-32x32.jpg 32w\" sizes=\"auto, (max-width: 960px) 100vw, 960px\" \/><\/figure><\/div>\n\n<div class=\"bio bg-light flc-section-padding\">\n    <div class=\"container\">\n        <div class=\"row align-items-center\">\n                            <div class=\"col-md-6 mb-4 mb-md-0\">\n                    <img loading=\"lazy\" decoding=\"async\" width=\"960\" height=\"960\" src=\"https:\/\/www.dentistinwoodland.com\/wp-content\/uploads\/2025\/04\/2.jpg\" class=\"img-fluid\" alt=\"Dos mujeres sonrientes se sientan detr\u00e1s de un mostrador de recepci\u00f3n con revistas y carteles informativos, en una sala de espera de una oficina con un cartel en la pared que dice &quot;Nos reservamos el derecho de rechazar el servicio a cualquier persona&quot;.\" srcset=\"https:\/\/www.dentistinwoodland.com\/wp-content\/uploads\/2025\/04\/2.jpg 960w, https:\/\/www.dentistinwoodland.com\/wp-content\/uploads\/2025\/04\/2-300x300.jpg 300w, https:\/\/www.dentistinwoodland.com\/wp-content\/uploads\/2025\/04\/2-768x768.jpg 768w, https:\/\/www.dentistinwoodland.com\/wp-content\/uploads\/2025\/04\/2-192x192.jpg 192w, https:\/\/www.dentistinwoodland.com\/wp-content\/uploads\/2025\/04\/2-32x32.jpg 32w\" sizes=\"auto, (max-width: 960px) 100vw, 960px\" \/>                <\/div>\n                        <div class=\"col-md-6 pl-md-5\">\n                                    <h2>Atenci\u00f3n dental integral y familiar<\/h2>\n                \n                                    <p>En Woodland Family Dental, creemos que todo el mundo merece una experiencia dental positiva. Nuestro equipo se dedica a crear un ambiente acogedor para los pacientes de todas las edades, asegurando que cada visita es libre de estr\u00e9s y adaptado a sus necesidades \u00fanicas. Combinamos el estado de la t\u00e9cnica dental con un enfoque compasivo, por lo que la atenci\u00f3n dental de alta calidad accesible a las personas y familias a trav\u00e9s de Woodland y West Sacramento.<\/p>\n                \n                                    <a class=\"btn btn-outline-primary\" href=\"https:\/\/www.dentistinwoodland.com\/es\/acerca-de-nosotros\/\" target=\"_self\">\n                        Acerca de nosotros                    <\/a>\n                            <\/div>\n        <\/div>\n    <\/div>\n<\/div>\n<h2 class=\"wp-block-heading\">Cont\u00e1ctenos &#8211; Es posible que podamos atenderle hoy<\/h2>\n\n<p>No espere para obtener alivio. Ya sea que tenga un problema dental urgente o una apertura repentina en su horario, estamos listos para ayudarle. <a href=\"https:\/\/app.nexhealth.com\/appts\/ora-dentistry?lid=334187\" class=\"contact_anchor \"><span>Comun\u00edquese con Woodland Family Dental<\/span><\/a> y pregunte sobre nuestra disponibilidad para el mismo d\u00eda. Haremos todo lo posible para satisfacer sus necesidades de manera r\u00e1pida y c\u00f3moda.  <\/p>\n","protected":false},"excerpt":{"rendered":"<p>Cuando su horario cambia o surge un problema dental inesperado, no deber\u00eda tener que esperar para ver a un dentista. En Woodland Family Dental, con orgullo ofrecemos odontolog\u00eda en el mismo d\u00eda a pacientes en Woodland, CA y el \u00e1rea circundante de West Sacramento. Ya sea que necesite una limpieza r\u00e1pida, un empaste o atenci\u00f3n&hellip; <a href=\"https:\/\/www.dentistinwoodland.com\/es\/procedimientos\/odontologia-general\/odontologia-en-el-mismo-dia\/\" class=\"btn btn-outline-primary position-absolute more-link\"> Seguir leyendo <span class=\"sr-only\"> acerca de Odontolog\u00eda en el mismo d\u00eda<\/span><\/a><\/p>\n","protected":false},"author":2,"featured_media":1126,"parent":2195,"menu_order":0,"comment_status":"closed","ping_status":"closed","template":"template-fullwidth.php","meta":{"_acf_changed":false,"footnotes":""},"class_list":["post-2214","page","type-page","status-publish","has-post-thumbnail"],"acf":[],"yoast_head":"<!-- This site is optimized with the Yoast SEO plugin v26.6 - https:\/\/yoast.com\/wordpress\/plugins\/seo\/ -->\n<title>Odontolog\u00eda en el mismo d\u00eda | Woodland Family Dental<\/title>\n<meta name=\"description\" content=\"Obtenga atenci\u00f3n dental el mismo d\u00eda en Woodland, CA. Woodland Family Dental ofrece citas urgentes para pacientes de Sacramento y West Sacramento. Personal biling\u00fce. Aceptamos Dentical.\" \/>\n<meta name=\"robots\" content=\"index, follow, max-snippet:-1, max-image-preview:large, max-video-preview:-1\" \/>\n<link rel=\"canonical\" href=\"https:\/\/www.dentistinwoodland.com\/es\/procedimientos\/odontologia-general\/odontologia-en-el-mismo-dia\/\" \/>\n<meta property=\"og:locale\" content=\"es_ES\" \/>\n<meta property=\"og:type\" content=\"article\" \/>\n<meta property=\"og:title\" content=\"Odontolog\u00eda en el mismo d\u00eda | Woodland Family Dental\" \/>\n<meta property=\"og:description\" content=\"Obtenga atenci\u00f3n dental el mismo d\u00eda en Woodland, CA. Woodland Family Dental ofrece citas urgentes para pacientes de Sacramento y West Sacramento. Personal biling\u00fce. Aceptamos Dentical.\" \/>\n<meta property=\"og:url\" content=\"https:\/\/www.dentistinwoodland.com\/es\/procedimientos\/odontologia-general\/odontologia-en-el-mismo-dia\/\" \/>\n<meta property=\"og:site_name\" content=\"Woodland Family Dental\" \/>\n<meta property=\"article:modified_time\" content=\"2025-05-14T08:52:49+00:00\" \/>\n<meta property=\"og:image\" content=\"https:\/\/www.dentistinwoodland.com\/wp-content\/uploads\/2025\/04\/shutterstock_2483122371.jpg\" \/><meta property=\"og:image\" content=\"https:\/\/www.dentistinwoodland.com\/wp-content\/uploads\/2025\/04\/bigstock-202898188-xxlarge.jpg\" \/>\n\t<meta property=\"og:image:width\" content=\"1920\" \/>\n\t<meta property=\"og:image:height\" content=\"768\" \/>\n\t<meta property=\"og:image:type\" content=\"image\/jpeg\" \/>\n<meta name=\"twitter:card\" content=\"summary_large_image\" \/>\n<meta name=\"twitter:image\" content=\"https:\/\/www.dentistinwoodland.com\/wp-content\/uploads\/2025\/04\/shutterstock_2483122371.jpg\" \/>\n<meta name=\"twitter:label1\" content=\"Tiempo de lectura\" \/>\n\t<meta name=\"twitter:data1\" content=\"3 minutos\" \/>\n<!-- \/ Yoast SEO plugin. -->","yoast_head_json":{"title":"Odontolog\u00eda en el mismo d\u00eda | Woodland Family Dental","description":"Obtenga atenci\u00f3n dental el mismo d\u00eda en Woodland, CA. Woodland Family Dental ofrece citas urgentes para pacientes de Sacramento y West Sacramento. Personal biling\u00fce. Aceptamos Dentical.","robots":{"index":"index","follow":"follow","max-snippet":"max-snippet:-1","max-image-preview":"max-image-preview:large","max-video-preview":"max-video-preview:-1"},"canonical":"https:\/\/www.dentistinwoodland.com\/es\/procedimientos\/odontologia-general\/odontologia-en-el-mismo-dia\/","og_locale":"es_ES","og_type":"article","og_title":"Odontolog\u00eda en el mismo d\u00eda | Woodland Family Dental","og_description":"Obtenga atenci\u00f3n dental el mismo d\u00eda en Woodland, CA. Woodland Family Dental ofrece citas urgentes para pacientes de Sacramento y West Sacramento. Personal biling\u00fce. Aceptamos Dentical.","og_url":"https:\/\/www.dentistinwoodland.com\/es\/procedimientos\/odontologia-general\/odontologia-en-el-mismo-dia\/","og_site_name":"Woodland Family Dental","article_modified_time":"2025-05-14T08:52:49+00:00","og_image":[{"url":"https:\/\/www.dentistinwoodland.com\/wp-content\/uploads\/2025\/04\/shutterstock_2483122371.jpg","type":"","width":"","height":""},{"width":1920,"height":768,"url":"https:\/\/www.dentistinwoodland.com\/wp-content\/uploads\/2025\/04\/bigstock-202898188-xxlarge.jpg","type":"image\/jpeg"}],"twitter_card":"summary_large_image","twitter_image":"https:\/\/www.dentistinwoodland.com\/wp-content\/uploads\/2025\/04\/shutterstock_2483122371.jpg","twitter_misc":{"Tiempo de lectura":"3 minutos"},"schema":{"@context":"https:\/\/schema.org","@graph":[{"@type":"WebPage","@id":"https:\/\/www.dentistinwoodland.com\/es\/procedimientos\/odontologia-general\/odontologia-en-el-mismo-dia\/","url":"https:\/\/www.dentistinwoodland.com\/es\/procedimientos\/odontologia-general\/odontologia-en-el-mismo-dia\/","name":"Odontolog\u00eda en el mismo d\u00eda | Woodland Family Dental","isPartOf":{"@id":"https:\/\/www.dentistinwoodland.com\/es\/#website"},"primaryImageOfPage":{"@id":"https:\/\/www.dentistinwoodland.com\/es\/procedimientos\/odontologia-general\/odontologia-en-el-mismo-dia\/#primaryimage"},"image":{"@id":"https:\/\/www.dentistinwoodland.com\/es\/procedimientos\/odontologia-general\/odontologia-en-el-mismo-dia\/#primaryimage"},"thumbnailUrl":"https:\/\/www.dentistinwoodland.com\/wp-content\/uploads\/2025\/04\/bigstock-202898188-xxlarge.jpg","datePublished":"2023-01-17T19:07:53+00:00","dateModified":"2025-05-14T08:52:49+00:00","description":"Obtenga atenci\u00f3n dental el mismo d\u00eda en Woodland, CA. Woodland Family Dental ofrece citas urgentes para pacientes de Sacramento y West Sacramento. Personal biling\u00fce. Aceptamos Dentical.","breadcrumb":{"@id":"https:\/\/www.dentistinwoodland.com\/es\/procedimientos\/odontologia-general\/odontologia-en-el-mismo-dia\/#breadcrumb"},"inLanguage":"es","potentialAction":[{"@type":"ReadAction","target":["https:\/\/www.dentistinwoodland.com\/es\/procedimientos\/odontologia-general\/odontologia-en-el-mismo-dia\/"]}]},{"@type":"ImageObject","inLanguage":"es","@id":"https:\/\/www.dentistinwoodland.com\/es\/procedimientos\/odontologia-general\/odontologia-en-el-mismo-dia\/#primaryimage","url":"https:\/\/www.dentistinwoodland.com\/wp-content\/uploads\/2025\/04\/bigstock-202898188-xxlarge.jpg","contentUrl":"https:\/\/www.dentistinwoodland.com\/wp-content\/uploads\/2025\/04\/bigstock-202898188-xxlarge.jpg","width":1920,"height":768,"caption":"Una mujer de pelo largo y casta\u00f1o, con un jersey de cuello alto de canal\u00e9 verde azulado, sonr\u00ede y posa al aire libre en un entorno urbano luminoso y borroso."},{"@type":"BreadcrumbList","@id":"https:\/\/www.dentistinwoodland.com\/es\/procedimientos\/odontologia-general\/odontologia-en-el-mismo-dia\/#breadcrumb","itemListElement":[{"@type":"ListItem","position":1,"name":"Home","item":"https:\/\/www.dentistinwoodland.com\/es\/inicio\/"},{"@type":"ListItem","position":2,"name":"Procedimientos","item":"https:\/\/www.dentistinwoodland.com\/es\/procedimientos\/"},{"@type":"ListItem","position":3,"name":"Odontolog\u00eda general","item":"https:\/\/www.dentistinwoodland.com\/es\/procedimientos\/odontologia-general\/"},{"@type":"ListItem","position":4,"name":"Odontolog\u00eda en el mismo d\u00eda"}]},{"@type":"WebSite","@id":"https:\/\/www.dentistinwoodland.com\/es\/#website","url":"https:\/\/www.dentistinwoodland.com\/es\/","name":"Woodland Family Dental","description":"","potentialAction":[{"@type":"SearchAction","target":{"@type":"EntryPoint","urlTemplate":"https:\/\/www.dentistinwoodland.com\/es\/?s={search_term_string}"},"query-input":{"@type":"PropertyValueSpecification","valueRequired":true,"valueName":"search_term_string"}}],"inLanguage":"es"}]}},"_links":{"self":[{"href":"https:\/\/www.dentistinwoodland.com\/es\/wp-json\/wp\/v2\/pages\/2214","targetHints":{"allow":["GET"]}}],"collection":[{"href":"https:\/\/www.dentistinwoodland.com\/es\/wp-json\/wp\/v2\/pages"}],"about":[{"href":"https:\/\/www.dentistinwoodland.com\/es\/wp-json\/wp\/v2\/types\/page"}],"author":[{"embeddable":true,"href":"https:\/\/www.dentistinwoodland.com\/es\/wp-json\/wp\/v2\/users\/2"}],"replies":[{"embeddable":true,"href":"https:\/\/www.dentistinwoodland.com\/es\/wp-json\/wp\/v2\/comments?post=2214"}],"version-history":[{"count":1,"href":"https:\/\/www.dentistinwoodland.com\/es\/wp-json\/wp\/v2\/pages\/2214\/revisions"}],"predecessor-version":[{"id":2215,"href":"https:\/\/www.dentistinwoodland.com\/es\/wp-json\/wp\/v2\/pages\/2214\/revisions\/2215"}],"up":[{"embeddable":true,"href":"https:\/\/www.dentistinwoodland.com\/es\/wp-json\/wp\/v2\/pages\/2195"}],"wp:featuredmedia":[{"embeddable":true,"href":"https:\/\/www.dentistinwoodland.com\/es\/wp-json\/wp\/v2\/media\/1126"}],"wp:attachment":[{"href":"https:\/\/www.dentistinwoodland.com\/es\/wp-json\/wp\/v2\/media?parent=2214"}],"curies":[{"name":"wp","href":"https:\/\/api.w.org\/{rel}","templated":true}]}}