{"id":2212,"date":"2023-01-17T14:07:53","date_gmt":"2023-01-17T19:07:53","guid":{"rendered":"https:\/\/www.dentistinwoodland.com\/procedimientos\/odontologia-general\/extracciones-dentales\/"},"modified":"2025-05-14T03:46:07","modified_gmt":"2025-05-14T08:46:07","slug":"extracciones-dentales","status":"publish","type":"page","link":"https:\/\/www.dentistinwoodland.com\/es\/procedimientos\/odontologia-general\/extracciones-dentales\/","title":{"rendered":"Extracciones dentales"},"content":{"rendered":"\n<p>Hay momentos en los que extraer un diente es la opci\u00f3n m\u00e1s saludable para su salud <a href=\"https:\/\/www.dentistinwoodland.com\/general-dentistry\/\">bucal general<\/a>. En Woodland Family Dental, ofrecemos extracciones dentales suaves y conservadoras para pacientes en Woodland, CA y en todo West Sacramento, siempre con un enfoque en su comodidad y bienestar dental a largo plazo. Ya sea que est\u00e9 lidiando con una infecci\u00f3n, impactaci\u00f3n o traumatismo, nuestro equipo est\u00e1 aqu\u00ed para que el proceso sea fluido y sin estr\u00e9s.  <\/p>\n\n    <div class=\"featured-testimonial-block bg-primary py-5 text-body\" id=\"featured-testimonial-block_8754a82eedf9d52296f253af4f6a5265\">\n        <div class=\"container\">\n            <div class=\"row justify-content-center\">\n                <div class=\"col-md-10 py-4\">\n                    <blockquote class=\"testimonials-blockquote mb-0 bg-light p-3 p-md-4 p-lg-5 position-relative\" style=\"border-radius: 2rem\">\n                        <svg class=\"testimonials-icon\" width=\"69\" height=\"69\" viewBox=\"0 0 69 69\" fill=\"none\" xmlns=\"http:\/\/www.w3.org\/2000\/svg\">\n                            <g filter=\"url(#filter0_d_1402_180)\">\n                            <circle cx=\"34.2612\" cy=\"33\" r=\"33\" fill=\"var(--primary)\"\/>\n                            <\/g>\n                            <path d=\"M22.757 19C17.1184 19 12.5473 23.6201 12.5473 29.3195C12.5473 35.0169 17.1184 39.6369 22.757 39.6369V46.3726C28.8237 43.1504 32.9668 36.7277 32.9668 29.3195C32.9668 23.6201 28.3957 19 22.757 19Z\" fill=\"white\"\/>\n                            <path d=\"M45.7892 19C40.1517 19 35.5803 23.6201 35.5803 29.3195C35.5803 35.0169 40.1517 39.6369 45.7892 39.6369V46.3726C51.8561 43.1504 56 36.7277 56 29.3195C56 23.6201 51.4285 19 45.7892 19Z\" fill=\"white\"\/>\n                        <\/svg>\n                        <div class=\"content\">Excelente servicio, recomendar\u00eda este lugar 100% llevo viniendo de Yuba City y realmente voy bien a gusto, las chicas son encantadoras y el dr es bien amable 100%<\/div>\n\n                        <div class=\"center-us d-flex align-items-center mt-4\">\n                            <cite class=\"d-block h5 m-0 pr-3 text-black\">Nelida Burgara<\/cite>\n                            <div class=\"testimonials-stars \">\n\t<svg class=\"svg-inline--fa fa-star  fa-w-18\" aria-hidden=\"true\" data-prefix=\"fab\" data-icon=\"star\" role=\"img\" xmlns=\"http:\/\/www.w3.org\/2000\/svg\" viewBox=\"0 0 576 512\" data-fa-i2svg=\"\"><path fill=\"currentColor\" d=\"M259.3 17.8L194 150.2 47.9 171.5c-26.2 3.8-36.7 36.1-17.7 54.6l105.7 103-25 145.5c-4.5 26.3 23.2 46 46.4 33.7L288 439.6l130.7 68.7c23.2 12.2 50.9-7.4 46.4-33.7l-25-145.5 105.7-103c19-18.5 8.5-50.8-17.7-54.6L382 150.2 316.7 17.8c-11.7-23.6-45.6-23.9-57.4 0z\"><\/path><\/svg>\t<svg class=\"svg-inline--fa fa-star  fa-w-18\" aria-hidden=\"true\" data-prefix=\"fab\" data-icon=\"star\" role=\"img\" xmlns=\"http:\/\/www.w3.org\/2000\/svg\" viewBox=\"0 0 576 512\" data-fa-i2svg=\"\"><path fill=\"currentColor\" d=\"M259.3 17.8L194 150.2 47.9 171.5c-26.2 3.8-36.7 36.1-17.7 54.6l105.7 103-25 145.5c-4.5 26.3 23.2 46 46.4 33.7L288 439.6l130.7 68.7c23.2 12.2 50.9-7.4 46.4-33.7l-25-145.5 105.7-103c19-18.5 8.5-50.8-17.7-54.6L382 150.2 316.7 17.8c-11.7-23.6-45.6-23.9-57.4 0z\"><\/path><\/svg>\t<svg class=\"svg-inline--fa fa-star  fa-w-18\" aria-hidden=\"true\" data-prefix=\"fab\" data-icon=\"star\" role=\"img\" xmlns=\"http:\/\/www.w3.org\/2000\/svg\" viewBox=\"0 0 576 512\" data-fa-i2svg=\"\"><path fill=\"currentColor\" d=\"M259.3 17.8L194 150.2 47.9 171.5c-26.2 3.8-36.7 36.1-17.7 54.6l105.7 103-25 145.5c-4.5 26.3 23.2 46 46.4 33.7L288 439.6l130.7 68.7c23.2 12.2 50.9-7.4 46.4-33.7l-25-145.5 105.7-103c19-18.5 8.5-50.8-17.7-54.6L382 150.2 316.7 17.8c-11.7-23.6-45.6-23.9-57.4 0z\"><\/path><\/svg>\t<svg class=\"svg-inline--fa fa-star  fa-w-18\" aria-hidden=\"true\" data-prefix=\"fab\" data-icon=\"star\" role=\"img\" xmlns=\"http:\/\/www.w3.org\/2000\/svg\" viewBox=\"0 0 576 512\" data-fa-i2svg=\"\"><path fill=\"currentColor\" d=\"M259.3 17.8L194 150.2 47.9 171.5c-26.2 3.8-36.7 36.1-17.7 54.6l105.7 103-25 145.5c-4.5 26.3 23.2 46 46.4 33.7L288 439.6l130.7 68.7c23.2 12.2 50.9-7.4 46.4-33.7l-25-145.5 105.7-103c19-18.5 8.5-50.8-17.7-54.6L382 150.2 316.7 17.8c-11.7-23.6-45.6-23.9-57.4 0z\"><\/path><\/svg>\t<svg class=\"svg-inline--fa fa-star  fa-w-18\" aria-hidden=\"true\" data-prefix=\"fab\" data-icon=\"star\" role=\"img\" xmlns=\"http:\/\/www.w3.org\/2000\/svg\" viewBox=\"0 0 576 512\" data-fa-i2svg=\"\"><path fill=\"currentColor\" d=\"M259.3 17.8L194 150.2 47.9 171.5c-26.2 3.8-36.7 36.1-17.7 54.6l105.7 103-25 145.5c-4.5 26.3 23.2 46 46.4 33.7L288 439.6l130.7 68.7c23.2 12.2 50.9-7.4 46.4-33.7l-25-145.5 105.7-103c19-18.5 8.5-50.8-17.7-54.6L382 150.2 316.7 17.8c-11.7-23.6-45.6-23.9-57.4 0z\"><\/path><\/svg><\/div>                        <\/div>\n                    <\/blockquote>\n                <\/div>\n            <\/div>\n        <\/div>\n    <\/div>\n\n<div class=\"wp-block-media-text alignwide is-stacked-on-mobile\"><figure class=\"wp-block-media-text__media\"><img loading=\"lazy\" decoding=\"async\" width=\"960\" height=\"960\" src=\"https:\/\/www.dentistinwoodland.com\/wp-content\/uploads\/2025\/04\/12.jpg\" alt=\"A dentist wearing magnifying glasses examines a patient's mouth in a dental clinic.\" class=\"wp-image-2015 size-full\" srcset=\"https:\/\/www.dentistinwoodland.com\/wp-content\/uploads\/2025\/04\/12.jpg 960w, https:\/\/www.dentistinwoodland.com\/wp-content\/uploads\/2025\/04\/12-300x300.jpg 300w, https:\/\/www.dentistinwoodland.com\/wp-content\/uploads\/2025\/04\/12-768x768.jpg 768w, https:\/\/www.dentistinwoodland.com\/wp-content\/uploads\/2025\/04\/12-192x192.jpg 192w, https:\/\/www.dentistinwoodland.com\/wp-content\/uploads\/2025\/04\/12-32x32.jpg 32w\" sizes=\"auto, (max-width: 960px) 100vw, 960px\" \/><\/figure><div class=\"wp-block-media-text__content\">\n<h2 class=\"wp-block-heading\">Extracci\u00f3n dental c\u00f3moda en West Sacramento<\/h2>\n\n\n\n<p>Si bien siempre nuestro objetivo es salvar sus dientes naturales siempre que sea posible, hay situaciones en las que la extracci\u00f3n es la mejor l\u00ednea de acci\u00f3n. Nuestro equipo capacitado adopta un enfoque conservador y utiliza t\u00e9cnicas avanzadas para garantizar que su procedimiento sea eficiente e indoloro. <\/p>\n\n\n\n<p>Las razones comunes para la extracci\u00f3n de dientes incluyen:<\/p>\n\n\n\n<ul class=\"wp-block-list c3 lst-kix_695ym1jr4az-0 start\">\n<li>Caries severa o infecci\u00f3n que no se puede restaurar<\/li>\n\n\n\n<li>Muelas del juicio impactadas o parcialmente erupcionadas<\/li>\n\n\n\n<li>Enfermedad de las enc\u00edas avanzada que ha aflojado los dientes<\/li>\n\n\n\n<li>Dientes agrietados o fracturados sin posibilidad de reparaci\u00f3n<\/li>\n\n\n\n<li>Api\u00f1amiento o preparaci\u00f3n para tratamiento de ortodoncia<\/li>\n\n\n\n<li>Preparaci\u00f3n para dentaduras postizas o implantes dentales<\/li>\n<\/ul>\n\n\n\n<h2 class=\"wp-block-heading\">Qu\u00e9 esperar durante su extracci\u00f3n dental<\/h2>\n\n\n\n<ol class=\"c3 lst-kix_259vxuqkn0mk-0 start wp-block-list\" start=\"1\"><li class=\"c1 c6 li-bullet-0\"><strong>Evaluaci\u00f3n e im\u00e1genes<\/strong> Utilizamos radiograf\u00edas digitales y escaneos intraorales para determinar la posici\u00f3n y el estado exactos del diente.<\/li><li class=\"c1 c6 li-bullet-0\"><strong>Opciones de anestesia y sedaci\u00f3n<\/strong> La anestesia local asegura que el \u00e1rea est\u00e9 adormecida, y la sedaci\u00f3n est\u00e1 disponible para pacientes nerviosos.<\/li><li class=\"c1 c6 li-bullet-0\"><strong>Extracci\u00f3n suave<\/strong> El diente se afloja y se extrae cuidadosamente para minimizar el traumatismo en los tejidos circundantes.<\/li><li class=\"c1 c6 li-bullet-0\"><strong>Instrucciones postoperatorias<\/strong> Le proporcionaremos una gu\u00eda clara para el cuidado posterior para ayudarlo a sanar c\u00f3modamente y evitar complicaciones.<\/li><\/ol>\n\n\n\n<p>Nuestro equipo compasivo lo controlar\u00e1 de cerca durante y despu\u00e9s de su procedimiento, y estaremos encantados de responder cualquier pregunta sobre la recuperaci\u00f3n, las opciones de reemplazo o el manejo del dolor.<\/p>\n<\/div><\/div>\n\n<div class=\"wp-block-media-text alignwide has-media-on-the-right is-stacked-on-mobile\"><div class=\"wp-block-media-text__content\">\n<h2 class=\"wp-block-heading\">Cuidados posteriores y pr\u00f3ximos pasos<\/h2>\n\n\n\n<p>Dependiendo de la ubicaci\u00f3n y el motivo de su extracci\u00f3n, podemos recomendarle:<\/p>\n\n\n\n<ul class=\"wp-block-list c3 lst-kix_qsen4loetd5q-0 start\">\n<li>Preservaci\u00f3n del alv\u00e9olo para mantener el hueso para la colocaci\u00f3n futura de implantes<\/li>\n\n\n\n<li>Puentes o dentaduras postizas para reemplazar los dientes perdidos<\/li>\n\n\n\n<li>Opciones All-on-4 u ORA4X para la restauraci\u00f3n de arcada completa<\/li>\n<\/ul>\n\n\n\n<p>Tenga la seguridad de que analizaremos sus soluciones de reemplazo dental antes de su extracci\u00f3n, para que se sienta seguro sobre el futuro de su sonrisa.<\/p>\n<\/div><figure class=\"wp-block-media-text__media\"><img loading=\"lazy\" decoding=\"async\" width=\"960\" height=\"960\" src=\"https:\/\/www.dentistinwoodland.com\/wp-content\/uploads\/2025\/04\/bigstock-Frustrated-Unhealthy-Indian-Or-460015077-medium-1.jpg\" alt=\"Hombre indio o \u00e1rabe frustrado y poco saludable con ropa informal, presionando la mejilla con la mano, sufriendo dolor de muelas, caries, sentado en un sof\u00e1 en la sala de estar, necesita la ayuda de un dentista. Concepto de problemas dentales \" class=\"wp-image-1152 size-full\" srcset=\"https:\/\/www.dentistinwoodland.com\/wp-content\/uploads\/2025\/04\/bigstock-Frustrated-Unhealthy-Indian-Or-460015077-medium-1.jpg 960w, https:\/\/www.dentistinwoodland.com\/wp-content\/uploads\/2025\/04\/bigstock-Frustrated-Unhealthy-Indian-Or-460015077-medium-1-300x300.jpg 300w, https:\/\/www.dentistinwoodland.com\/wp-content\/uploads\/2025\/04\/bigstock-Frustrated-Unhealthy-Indian-Or-460015077-medium-1-768x768.jpg 768w, https:\/\/www.dentistinwoodland.com\/wp-content\/uploads\/2025\/04\/bigstock-Frustrated-Unhealthy-Indian-Or-460015077-medium-1-192x192.jpg 192w, https:\/\/www.dentistinwoodland.com\/wp-content\/uploads\/2025\/04\/bigstock-Frustrated-Unhealthy-Indian-Or-460015077-medium-1-32x32.jpg 32w\" sizes=\"auto, (max-width: 960px) 100vw, 960px\" \/><\/figure><\/div>\n\n<div class=\"bio bg-light flc-section-padding\">\n    <div class=\"container\">\n        <div class=\"row align-items-center\">\n                            <div class=\"col-md-6 mb-4 mb-md-0\">\n                    <img loading=\"lazy\" decoding=\"async\" width=\"960\" height=\"960\" src=\"https:\/\/www.dentistinwoodland.com\/wp-content\/uploads\/2025\/04\/2.jpg\" class=\"img-fluid\" alt=\"Dos mujeres sonrientes se sientan detr\u00e1s de un mostrador de recepci\u00f3n con revistas y carteles informativos, en una sala de espera de una oficina con un cartel en la pared que dice &quot;Nos reservamos el derecho de rechazar el servicio a cualquier persona&quot;.\" srcset=\"https:\/\/www.dentistinwoodland.com\/wp-content\/uploads\/2025\/04\/2.jpg 960w, https:\/\/www.dentistinwoodland.com\/wp-content\/uploads\/2025\/04\/2-300x300.jpg 300w, https:\/\/www.dentistinwoodland.com\/wp-content\/uploads\/2025\/04\/2-768x768.jpg 768w, https:\/\/www.dentistinwoodland.com\/wp-content\/uploads\/2025\/04\/2-192x192.jpg 192w, https:\/\/www.dentistinwoodland.com\/wp-content\/uploads\/2025\/04\/2-32x32.jpg 32w\" sizes=\"auto, (max-width: 960px) 100vw, 960px\" \/>                <\/div>\n                        <div class=\"col-md-6 pl-md-5\">\n                                    <h2>Atenci\u00f3n dental integral y familiar<\/h2>\n                \n                                    <p>En Woodland Family Dental, creemos que todo el mundo merece una experiencia dental positiva. Nuestro equipo se dedica a crear un ambiente acogedor para los pacientes de todas las edades, asegurando que cada visita es libre de estr\u00e9s y adaptado a sus necesidades \u00fanicas. Combinamos el estado de la t\u00e9cnica dental con un enfoque compasivo, por lo que la atenci\u00f3n dental de alta calidad accesible a las personas y familias a trav\u00e9s de Woodland y West Sacramento.<\/p>\n                \n                                    <a class=\"btn btn-outline-primary\" href=\"https:\/\/www.dentistinwoodland.com\/es\/acerca-de-nosotros\/\" target=\"_self\">\n                        Acerca de nosotros                    <\/a>\n                            <\/div>\n        <\/div>\n    <\/div>\n<\/div>\n<h2 class=\"wp-block-heading\">Atenci\u00f3n dental biling\u00fce y sin prejuicios para la extracci\u00f3n de dientes<\/h2>\n\n<p>Entendemos que las extracciones pueden parecer intimidantes, pero no est\u00e1 solo. Nuestro equipo biling\u00fce y experimentado lo guiar\u00e1 en cada paso del camino con paciencia y compasi\u00f3n. <\/p>\n\n<p>Woodland Family Dental se enorgullece de aceptar Dentical, el seguro dental patrocinado por el estado de California, para garantizar que las extracciones y la atenci\u00f3n de seguimiento sean accesibles para todos los pacientes.<\/p>\n\n<p>Si tiene dolor o le han dicho que podr\u00eda necesitar una extracci\u00f3n,<a href=\"https:\/\/app.nexhealth.com\/appts\/ora-dentistry?lid=334187\" class=\"contact_anchor \"><span> comun\u00edquese con Woodland Family Dental hoy<\/span><\/a> mismo. Evaluaremos sus opciones y le brindaremos la atenci\u00f3n suave que se merece. <\/p>\n","protected":false},"excerpt":{"rendered":"<p>Hay momentos en los que extraer un diente es la opci\u00f3n m\u00e1s saludable para su salud bucal general. En Woodland Family Dental, ofrecemos extracciones dentales suaves y conservadoras para pacientes en Woodland, CA y en todo West Sacramento, siempre con un enfoque en su comodidad y bienestar dental a largo plazo. Ya sea que est\u00e9&hellip; <a href=\"https:\/\/www.dentistinwoodland.com\/es\/procedimientos\/odontologia-general\/extracciones-dentales\/\" class=\"btn btn-outline-primary position-absolute more-link\"> Seguir leyendo <span class=\"sr-only\"> acerca de Extracciones dentales<\/span><\/a><\/p>\n","protected":false},"author":2,"featured_media":1150,"parent":2195,"menu_order":0,"comment_status":"closed","ping_status":"closed","template":"template-fullwidth.php","meta":{"_acf_changed":false,"footnotes":""},"class_list":["post-2212","page","type-page","status-publish","has-post-thumbnail"],"acf":[],"yoast_head":"<!-- This site is optimized with the Yoast SEO plugin v26.6 - https:\/\/yoast.com\/wordpress\/plugins\/seo\/ -->\n<title>Extracciones dentales | Woodland Family Dental<\/title>\n<meta name=\"description\" content=\"\u00bfNecesita que le extraigan un diente? Woodland Family Dental ofrece extracciones suaves en Woodland, CA. Extracci\u00f3n dental c\u00f3moda para pacientes de West Sacramento. Aceptamos Dentical. Equipo biling\u00fce.\" \/>\n<meta name=\"robots\" content=\"index, follow, max-snippet:-1, max-image-preview:large, max-video-preview:-1\" \/>\n<link rel=\"canonical\" href=\"https:\/\/www.dentistinwoodland.com\/es\/procedimientos\/odontologia-general\/extracciones-dentales\/\" \/>\n<meta property=\"og:locale\" content=\"es_ES\" \/>\n<meta property=\"og:type\" content=\"article\" \/>\n<meta property=\"og:title\" content=\"Extracciones dentales | Woodland Family Dental\" \/>\n<meta property=\"og:description\" content=\"\u00bfNecesita que le extraigan un diente? Woodland Family Dental ofrece extracciones suaves en Woodland, CA. Extracci\u00f3n dental c\u00f3moda para pacientes de West Sacramento. Aceptamos Dentical. Equipo biling\u00fce.\" \/>\n<meta property=\"og:url\" content=\"https:\/\/www.dentistinwoodland.com\/es\/procedimientos\/odontologia-general\/extracciones-dentales\/\" \/>\n<meta property=\"og:site_name\" content=\"Woodland Family Dental\" \/>\n<meta property=\"article:modified_time\" content=\"2025-05-14T08:46:07+00:00\" \/>\n<meta property=\"og:image\" content=\"https:\/\/www.dentistinwoodland.com\/wp-content\/uploads\/2025\/04\/shutterstock_2483122371.jpg\" \/><meta property=\"og:image\" content=\"https:\/\/www.dentistinwoodland.com\/wp-content\/uploads\/2025\/04\/bigstock-Beautiful-young-woman-sufferin-170271374-xxlarge.jpg\" \/>\n\t<meta property=\"og:image:width\" content=\"1920\" \/>\n\t<meta property=\"og:image:height\" content=\"768\" \/>\n\t<meta property=\"og:image:type\" content=\"image\/jpeg\" \/>\n<meta name=\"twitter:card\" content=\"summary_large_image\" \/>\n<meta name=\"twitter:image\" content=\"https:\/\/www.dentistinwoodland.com\/wp-content\/uploads\/2025\/04\/shutterstock_2483122371.jpg\" \/>\n<meta name=\"twitter:label1\" content=\"Tiempo de lectura\" \/>\n\t<meta name=\"twitter:data1\" content=\"3 minutos\" \/>\n<!-- \/ Yoast SEO plugin. -->","yoast_head_json":{"title":"Extracciones dentales | Woodland Family Dental","description":"\u00bfNecesita que le extraigan un diente? Woodland Family Dental ofrece extracciones suaves en Woodland, CA. Extracci\u00f3n dental c\u00f3moda para pacientes de West Sacramento. Aceptamos Dentical. Equipo biling\u00fce.","robots":{"index":"index","follow":"follow","max-snippet":"max-snippet:-1","max-image-preview":"max-image-preview:large","max-video-preview":"max-video-preview:-1"},"canonical":"https:\/\/www.dentistinwoodland.com\/es\/procedimientos\/odontologia-general\/extracciones-dentales\/","og_locale":"es_ES","og_type":"article","og_title":"Extracciones dentales | Woodland Family Dental","og_description":"\u00bfNecesita que le extraigan un diente? Woodland Family Dental ofrece extracciones suaves en Woodland, CA. Extracci\u00f3n dental c\u00f3moda para pacientes de West Sacramento. Aceptamos Dentical. Equipo biling\u00fce.","og_url":"https:\/\/www.dentistinwoodland.com\/es\/procedimientos\/odontologia-general\/extracciones-dentales\/","og_site_name":"Woodland Family Dental","article_modified_time":"2025-05-14T08:46:07+00:00","og_image":[{"url":"https:\/\/www.dentistinwoodland.com\/wp-content\/uploads\/2025\/04\/shutterstock_2483122371.jpg","type":"","width":"","height":""},{"width":1920,"height":768,"url":"https:\/\/www.dentistinwoodland.com\/wp-content\/uploads\/2025\/04\/bigstock-Beautiful-young-woman-sufferin-170271374-xxlarge.jpg","type":"image\/jpeg"}],"twitter_card":"summary_large_image","twitter_image":"https:\/\/www.dentistinwoodland.com\/wp-content\/uploads\/2025\/04\/shutterstock_2483122371.jpg","twitter_misc":{"Tiempo de lectura":"3 minutos"},"schema":{"@context":"https:\/\/schema.org","@graph":[{"@type":"WebPage","@id":"https:\/\/www.dentistinwoodland.com\/es\/procedimientos\/odontologia-general\/extracciones-dentales\/","url":"https:\/\/www.dentistinwoodland.com\/es\/procedimientos\/odontologia-general\/extracciones-dentales\/","name":"Extracciones dentales | Woodland Family Dental","isPartOf":{"@id":"https:\/\/www.dentistinwoodland.com\/es\/#website"},"primaryImageOfPage":{"@id":"https:\/\/www.dentistinwoodland.com\/es\/procedimientos\/odontologia-general\/extracciones-dentales\/#primaryimage"},"image":{"@id":"https:\/\/www.dentistinwoodland.com\/es\/procedimientos\/odontologia-general\/extracciones-dentales\/#primaryimage"},"thumbnailUrl":"https:\/\/www.dentistinwoodland.com\/wp-content\/uploads\/2025\/04\/bigstock-Beautiful-young-woman-sufferin-170271374-xxlarge.jpg","datePublished":"2023-01-17T19:07:53+00:00","dateModified":"2025-05-14T08:46:07+00:00","description":"\u00bfNecesita que le extraigan un diente? Woodland Family Dental ofrece extracciones suaves en Woodland, CA. Extracci\u00f3n dental c\u00f3moda para pacientes de West Sacramento. Aceptamos Dentical. Equipo biling\u00fce.","breadcrumb":{"@id":"https:\/\/www.dentistinwoodland.com\/es\/procedimientos\/odontologia-general\/extracciones-dentales\/#breadcrumb"},"inLanguage":"es","potentialAction":[{"@type":"ReadAction","target":["https:\/\/www.dentistinwoodland.com\/es\/procedimientos\/odontologia-general\/extracciones-dentales\/"]}]},{"@type":"ImageObject","inLanguage":"es","@id":"https:\/\/www.dentistinwoodland.com\/es\/procedimientos\/odontologia-general\/extracciones-dentales\/#primaryimage","url":"https:\/\/www.dentistinwoodland.com\/wp-content\/uploads\/2025\/04\/bigstock-Beautiful-young-woman-sufferin-170271374-xxlarge.jpg","contentUrl":"https:\/\/www.dentistinwoodland.com\/wp-content\/uploads\/2025\/04\/bigstock-Beautiful-young-woman-sufferin-170271374-xxlarge.jpg","width":1920,"height":768,"caption":"Mujer con pelo corto y oscuro que se toca la mejilla y parece sentir dolor, lo que sugiere un posible dolor de muelas o molestias en la mand\u00edbula."},{"@type":"BreadcrumbList","@id":"https:\/\/www.dentistinwoodland.com\/es\/procedimientos\/odontologia-general\/extracciones-dentales\/#breadcrumb","itemListElement":[{"@type":"ListItem","position":1,"name":"Home","item":"https:\/\/www.dentistinwoodland.com\/es\/inicio\/"},{"@type":"ListItem","position":2,"name":"Procedimientos","item":"https:\/\/www.dentistinwoodland.com\/es\/procedimientos\/"},{"@type":"ListItem","position":3,"name":"Odontolog\u00eda general","item":"https:\/\/www.dentistinwoodland.com\/es\/procedimientos\/odontologia-general\/"},{"@type":"ListItem","position":4,"name":"Extracciones dentales"}]},{"@type":"WebSite","@id":"https:\/\/www.dentistinwoodland.com\/es\/#website","url":"https:\/\/www.dentistinwoodland.com\/es\/","name":"Woodland Family Dental","description":"","potentialAction":[{"@type":"SearchAction","target":{"@type":"EntryPoint","urlTemplate":"https:\/\/www.dentistinwoodland.com\/es\/?s={search_term_string}"},"query-input":{"@type":"PropertyValueSpecification","valueRequired":true,"valueName":"search_term_string"}}],"inLanguage":"es"}]}},"_links":{"self":[{"href":"https:\/\/www.dentistinwoodland.com\/es\/wp-json\/wp\/v2\/pages\/2212","targetHints":{"allow":["GET"]}}],"collection":[{"href":"https:\/\/www.dentistinwoodland.com\/es\/wp-json\/wp\/v2\/pages"}],"about":[{"href":"https:\/\/www.dentistinwoodland.com\/es\/wp-json\/wp\/v2\/types\/page"}],"author":[{"embeddable":true,"href":"https:\/\/www.dentistinwoodland.com\/es\/wp-json\/wp\/v2\/users\/2"}],"replies":[{"embeddable":true,"href":"https:\/\/www.dentistinwoodland.com\/es\/wp-json\/wp\/v2\/comments?post=2212"}],"version-history":[{"count":1,"href":"https:\/\/www.dentistinwoodland.com\/es\/wp-json\/wp\/v2\/pages\/2212\/revisions"}],"predecessor-version":[{"id":2213,"href":"https:\/\/www.dentistinwoodland.com\/es\/wp-json\/wp\/v2\/pages\/2212\/revisions\/2213"}],"up":[{"embeddable":true,"href":"https:\/\/www.dentistinwoodland.com\/es\/wp-json\/wp\/v2\/pages\/2195"}],"wp:featuredmedia":[{"embeddable":true,"href":"https:\/\/www.dentistinwoodland.com\/es\/wp-json\/wp\/v2\/media\/1150"}],"wp:attachment":[{"href":"https:\/\/www.dentistinwoodland.com\/es\/wp-json\/wp\/v2\/media?parent=2212"}],"curies":[{"name":"wp","href":"https:\/\/api.w.org\/{rel}","templated":true}]}}