{"id":2207,"date":"2011-11-11T11:11:05","date_gmt":"2011-11-11T16:11:05","guid":{"rendered":"https:\/\/www.dentistinwoodland.com\/politica-de-privacidad\/"},"modified":"2025-05-13T17:06:21","modified_gmt":"2025-05-13T22:06:21","slug":"politica-de-privacidad","status":"publish","type":"page","link":"https:\/\/www.dentistinwoodland.com\/es\/politica-de-privacidad\/","title":{"rendered":"Pol\u00edtica de Privacidad"},"content":{"rendered":"\n<h2 class=\"wp-block-heading\">Aviso Legal<\/h2>\n\n<p>Estamos comprometidos a utilizar medidas de seguridad adecuadas para proteger la informaci\u00f3n personal de los visitantes del sitio web. Sin embargo, nuestras medidas de seguridad no est\u00e1n garantizadas. No garantizamos la privacidad de ninguna informaci\u00f3n que se comunique o transfiera a trav\u00e9s de Internet. Realizamos esfuerzos rigurosos para validar el material dentro de este sitio web o cualquier sitio vinculado en cuanto a precisi\u00f3n, credibilidad y fiabilidad, pero no podemos representar ni garantizar que la informaci\u00f3n sea exacta o precisa. Toda la informaci\u00f3n relacionada con temas m\u00e9dicos en este sitio web no est\u00e1 destinada a sustituir el consejo, diagn\u00f3stico o tratamiento profesional de salud.<\/p>\n\n<h2 class=\"wp-block-heading\">Tu Privacidad<\/h2>\n\n<p>Respetamos la privacidad de los usuarios y visitantes del sitio web y nos comprometemos a cumplir con todas las leyes aplicables relacionadas con la divulgaci\u00f3n de informaci\u00f3n personal. Puede haber ocasiones en las que utilicemos cierta informaci\u00f3n recopilada en directorios para proporcionarte material sobre productos, servicios y otros datos pertinentes que creemos pueden interesarte. Si prefieres no recibir esta informaci\u00f3n, respetaremos tus deseos y eliminaremos tu informaci\u00f3n de nuestras listas o modificaremos la informaci\u00f3n existente seg\u00fan lo desees. Puedes confiar en que los datos que nos env\u00edes ser\u00e1n tratados con estricta confidencialidad y solo se usar\u00e1n para fines comerciales. Los datos personales nunca se comparten sin permiso o salvo que la ley lo exija.<\/p>\n\n<h2 class=\"wp-block-heading\">Nuestro Uso de Google Analytics<\/h2>\n\n<p>Utilizamos Google Analytics para entender c\u00f3mo los visitantes interact\u00faan con nuestro sitio web. Google Analytics recopila datos como direcciones IP, tipo de dispositivo, ubicaci\u00f3n geogr\u00e1fica, patrones de navegaci\u00f3n y fuentes de referencia. Estos datos son procesados por Google y nos ayudan a analizar el tr\u00e1fico del sitio y mejorar la experiencia del usuario.<\/p>\n\n<p>Google Analytics funciona utilizando cookies y tecnolog\u00edas similares para rastrear las interacciones. Estas cookies almacenan informaci\u00f3n sobre tu comportamiento en el sitio, incluyendo qu\u00e9 p\u00e1ginas visitas, cu\u00e1nto tiempo permaneces en cada p\u00e1gina y los enlaces en los que haces clic. Google tambi\u00e9n puede usar estos datos conforme a su propia Pol\u00edtica de Privacidad de Google.<\/p>\n\n<p>Para proteger a\u00fan m\u00e1s tu privacidad, hemos implementado la anonimizaci\u00f3n de IP, asegurando que tu direcci\u00f3n IP completa no se almacene ni se comparta con Google.<\/p>\n\n<h2 class=\"wp-block-heading\">Informaci\u00f3n Recopilada<\/h2>\n\n<p>Podemos enviar una o m\u00e1s cookies a tu computadora u otro dispositivo cuando visites nuestro sitio web por primera vez. Las cookies nos ayudan a entender las interacciones de los visitantes, rastrear preferencias y mejorar la experiencia del usuario. Si lo prefieres, puedes elegir restablecer tu navegador y rechazar las cookies de nuestro sitio o aceptarlas individualmente en tu dispositivo o computadora. Sin embargo, si deshabilitas las cookies, es posible que tengas acceso limitado a algunas funciones del sitio web.<\/p>\n\n<h2 class=\"wp-block-heading\">Nuestro Uso de Cookies<\/h2>\n\n<p>Podemos enviar una o m\u00e1s \u201ccookies\u201d a tu computadora u otro dispositivo cuando visites un sitio web por primera vez. Este es un peque\u00f1o archivo que nos permite saber cu\u00e1ndo regresas al sitio. El uso de cookies nos permite modificar y mejorar continuamente nuestro sitio web, ya que revela con qu\u00e9 frecuencia visitas y qu\u00e9 informaci\u00f3n te resulta m\u00e1s atractiva. Si lo prefieres, puedes elegir restablecer tu navegador y rechazar las cookies de nuestro sitio o aceptarlas individualmente en tu dispositivo o computadora. Sin embargo, si deshabilitas las cookies, es posible que encuentres un uso limitado de las funciones de nuestro sitio web.<\/p>\n\n<h2 class=\"wp-block-heading\">Enlaces Externos<\/h2>\n\n<p>Algunas p\u00e1ginas dentro de este sitio web est\u00e1n vinculadas a sitios web de terceros. No controlamos ni somos responsables del contenido de estos sitios vinculados, ni necesariamente los hemos revisado para verificar su exactitud. Los enlaces a terceros no implican respaldo ni fiabilidad de ning\u00fan servicio, informaci\u00f3n o productos ofrecidos en nuestro sitio.<\/p>\n\n<h2 class=\"wp-block-heading\">Actualizaciones de la Pol\u00edtica<\/h2>\n\n<p>En cualquier momento, tenemos el derecho de enmendar o modificar esta Declaraci\u00f3n de Privacidad. Por favor, revisa esta p\u00e1gina peri\u00f3dicamente para conocer las pol\u00edticas de privacidad actualizadas.<\/p>\n\n<p>Si tienes alguna pregunta sobre esta Pol\u00edtica de Privacidad, Google Analytics o tus datos personales, por favor cont\u00e1ctanos en:<\/p>\n\n<p><p class=\"flc-address\">58 W Court St<br>Woodland, CA 95695<\/p><br\/><a href=\"tel:5306685500\" class=\"phone_anchor \"><span> (530) 668-5500<\/span><\/a><br\/><a href=\"mailto:woodlandfamilydentalca@gmail.com\" class=\"email_anchor\"><span>woodlandfamilydentalca@gmail.com<\/span><\/a><\/p>\n","protected":false},"excerpt":{"rendered":"<p>Aviso Legal Estamos comprometidos a utilizar medidas de seguridad adecuadas para proteger la informaci\u00f3n personal de los visitantes del sitio web. Sin embargo, nuestras medidas de seguridad no est\u00e1n garantizadas. No garantizamos la privacidad de ninguna informaci\u00f3n que se comunique o transfiera a trav\u00e9s de Internet. Realizamos esfuerzos rigurosos para validar el material dentro de&hellip; <a href=\"https:\/\/www.dentistinwoodland.com\/es\/politica-de-privacidad\/\" class=\"btn btn-outline-primary position-absolute more-link\"> Seguir leyendo <span class=\"sr-only\"> acerca de Pol\u00edtica de Privacidad<\/span><\/a><\/p>\n","protected":false},"author":1,"featured_media":0,"parent":0,"menu_order":0,"comment_status":"closed","ping_status":"open","template":"","meta":{"_acf_changed":false,"footnotes":""},"class_list":["post-2207","page","type-page","status-publish"],"acf":[],"yoast_head":"<!-- This site is optimized with the Yoast SEO plugin v26.6 - https:\/\/yoast.com\/wordpress\/plugins\/seo\/ -->\n<title>Pol\u00edtica de Privacidad | Woodland Family Dental<\/title>\n<meta name=\"robots\" content=\"index, follow, max-snippet:-1, max-image-preview:large, max-video-preview:-1\" \/>\n<link rel=\"canonical\" href=\"https:\/\/www.dentistinwoodland.com\/es\/politica-de-privacidad\/\" \/>\n<meta property=\"og:locale\" content=\"es_ES\" \/>\n<meta property=\"og:type\" content=\"article\" \/>\n<meta property=\"og:title\" content=\"Pol\u00edtica de Privacidad | Woodland Family Dental\" \/>\n<meta property=\"og:description\" content=\"Aviso Legal Estamos comprometidos a utilizar medidas de seguridad adecuadas para proteger la informaci\u00f3n personal de los visitantes del sitio web. Sin embargo, nuestras medidas de seguridad no est\u00e1n garantizadas. No garantizamos la privacidad de ninguna informaci\u00f3n que se comunique o transfiera a trav\u00e9s de Internet. Realizamos esfuerzos rigurosos para validar el material dentro de&hellip; Seguir leyendo acerca de Pol\u00edtica de Privacidad\" \/>\n<meta property=\"og:url\" content=\"https:\/\/www.dentistinwoodland.com\/es\/politica-de-privacidad\/\" \/>\n<meta property=\"og:site_name\" content=\"Woodland Family Dental\" \/>\n<meta property=\"article:modified_time\" content=\"2025-05-13T22:06:21+00:00\" \/>\n<meta property=\"og:image\" content=\"https:\/\/www.dentistinwoodland.com\/wp-content\/uploads\/2025\/04\/header-license-confirmed.jpg\" \/>\n<meta name=\"twitter:card\" content=\"summary_large_image\" \/>\n<meta name=\"twitter:image\" content=\"https:\/\/www.dentistinwoodland.com\/wp-content\/uploads\/2025\/04\/header-license-confirmed.jpg\" \/>\n<meta name=\"twitter:label1\" content=\"Tiempo de lectura\" \/>\n\t<meta name=\"twitter:data1\" content=\"4 minutos\" \/>\n<!-- \/ Yoast SEO plugin. -->","yoast_head_json":{"title":"Pol\u00edtica de Privacidad | Woodland Family Dental","robots":{"index":"index","follow":"follow","max-snippet":"max-snippet:-1","max-image-preview":"max-image-preview:large","max-video-preview":"max-video-preview:-1"},"canonical":"https:\/\/www.dentistinwoodland.com\/es\/politica-de-privacidad\/","og_locale":"es_ES","og_type":"article","og_title":"Pol\u00edtica de Privacidad | Woodland Family Dental","og_description":"Aviso Legal Estamos comprometidos a utilizar medidas de seguridad adecuadas para proteger la informaci\u00f3n personal de los visitantes del sitio web. Sin embargo, nuestras medidas de seguridad no est\u00e1n garantizadas. No garantizamos la privacidad de ninguna informaci\u00f3n que se comunique o transfiera a trav\u00e9s de Internet. Realizamos esfuerzos rigurosos para validar el material dentro de&hellip; Seguir leyendo acerca de Pol\u00edtica de Privacidad","og_url":"https:\/\/www.dentistinwoodland.com\/es\/politica-de-privacidad\/","og_site_name":"Woodland Family Dental","article_modified_time":"2025-05-13T22:06:21+00:00","og_image":[{"url":"https:\/\/www.dentistinwoodland.com\/wp-content\/uploads\/2025\/04\/header-license-confirmed.jpg","type":"","width":"","height":""}],"twitter_card":"summary_large_image","twitter_image":"https:\/\/www.dentistinwoodland.com\/wp-content\/uploads\/2025\/04\/header-license-confirmed.jpg","twitter_misc":{"Tiempo de lectura":"4 minutos"},"schema":{"@context":"https:\/\/schema.org","@graph":[{"@type":"WebPage","@id":"https:\/\/www.dentistinwoodland.com\/es\/politica-de-privacidad\/","url":"https:\/\/www.dentistinwoodland.com\/es\/politica-de-privacidad\/","name":"Pol\u00edtica de Privacidad | Woodland Family Dental","isPartOf":{"@id":"https:\/\/www.dentistinwoodland.com\/es\/#website"},"datePublished":"2011-11-11T16:11:05+00:00","dateModified":"2025-05-13T22:06:21+00:00","breadcrumb":{"@id":"https:\/\/www.dentistinwoodland.com\/es\/politica-de-privacidad\/#breadcrumb"},"inLanguage":"es","potentialAction":[{"@type":"ReadAction","target":["https:\/\/www.dentistinwoodland.com\/es\/politica-de-privacidad\/"]}]},{"@type":"BreadcrumbList","@id":"https:\/\/www.dentistinwoodland.com\/es\/politica-de-privacidad\/#breadcrumb","itemListElement":[{"@type":"ListItem","position":1,"name":"Home","item":"https:\/\/www.dentistinwoodland.com\/es\/inicio\/"},{"@type":"ListItem","position":2,"name":"Pol\u00edtica de Privacidad"}]},{"@type":"WebSite","@id":"https:\/\/www.dentistinwoodland.com\/es\/#website","url":"https:\/\/www.dentistinwoodland.com\/es\/","name":"Woodland Family Dental","description":"","potentialAction":[{"@type":"SearchAction","target":{"@type":"EntryPoint","urlTemplate":"https:\/\/www.dentistinwoodland.com\/es\/?s={search_term_string}"},"query-input":{"@type":"PropertyValueSpecification","valueRequired":true,"valueName":"search_term_string"}}],"inLanguage":"es"}]}},"_links":{"self":[{"href":"https:\/\/www.dentistinwoodland.com\/es\/wp-json\/wp\/v2\/pages\/2207","targetHints":{"allow":["GET"]}}],"collection":[{"href":"https:\/\/www.dentistinwoodland.com\/es\/wp-json\/wp\/v2\/pages"}],"about":[{"href":"https:\/\/www.dentistinwoodland.com\/es\/wp-json\/wp\/v2\/types\/page"}],"author":[{"embeddable":true,"href":"https:\/\/www.dentistinwoodland.com\/es\/wp-json\/wp\/v2\/users\/1"}],"replies":[{"embeddable":true,"href":"https:\/\/www.dentistinwoodland.com\/es\/wp-json\/wp\/v2\/comments?post=2207"}],"version-history":[{"count":1,"href":"https:\/\/www.dentistinwoodland.com\/es\/wp-json\/wp\/v2\/pages\/2207\/revisions"}],"predecessor-version":[{"id":2208,"href":"https:\/\/www.dentistinwoodland.com\/es\/wp-json\/wp\/v2\/pages\/2207\/revisions\/2208"}],"wp:attachment":[{"href":"https:\/\/www.dentistinwoodland.com\/es\/wp-json\/wp\/v2\/media?parent=2207"}],"curies":[{"name":"wp","href":"https:\/\/api.w.org\/{rel}","templated":true}]}}