{"id":2199,"date":"2023-01-17T14:07:53","date_gmt":"2023-01-17T19:07:53","guid":{"rendered":"https:\/\/www.dentistinwoodland.com\/procedimientos\/odontologia-general\/adhesion-dental\/"},"modified":"2025-05-13T06:53:03","modified_gmt":"2025-05-13T11:53:03","slug":"adhesion-dental","status":"publish","type":"page","link":"https:\/\/www.dentistinwoodland.com\/es\/procedimientos\/odontologia-general\/adhesion-dental\/","title":{"rendered":"Adhesi\u00f3n dental"},"content":{"rendered":"\n<p>La adhesi\u00f3n dental es una forma r\u00e1pida, vers\u00e1til y econ\u00f3mica de mejorar la apariencia y funci\u00f3n de tus dientes. En Woodland Family Dental, ofrecemos con orgullo adhesi\u00f3n dental cosm\u00e9tica para reparar da\u00f1os menores, remodelar dientes y corregir peque\u00f1as imperfecciones, <a href=\"https:\/\/www.dentistinwoodland.com\/general-dentistry\/\">ayudando a pacientes<\/a> de Woodland, CA, y el \u00e1rea de West Sacramento a lograr la sonrisa que merecen. <\/p>\n\n    <div class=\"featured-testimonial-block bg-primary py-5 text-body\" id=\"featured-testimonial-block_b5a64e2a50ecd3d636eeef9ff32e3e05\">\n        <div class=\"container\">\n            <div class=\"row justify-content-center\">\n                <div class=\"col-md-10 py-4\">\n                    <blockquote class=\"testimonials-blockquote mb-0 bg-light p-3 p-md-4 p-lg-5 position-relative\" style=\"border-radius: 2rem\">\n                        <svg class=\"testimonials-icon\" width=\"69\" height=\"69\" viewBox=\"0 0 69 69\" fill=\"none\" xmlns=\"http:\/\/www.w3.org\/2000\/svg\">\n                            <g filter=\"url(#filter0_d_1402_180)\">\n                            <circle cx=\"34.2612\" cy=\"33\" r=\"33\" fill=\"var(--primary)\"\/>\n                            <\/g>\n                            <path d=\"M22.757 19C17.1184 19 12.5473 23.6201 12.5473 29.3195C12.5473 35.0169 17.1184 39.6369 22.757 39.6369V46.3726C28.8237 43.1504 32.9668 36.7277 32.9668 29.3195C32.9668 23.6201 28.3957 19 22.757 19Z\" fill=\"white\"\/>\n                            <path d=\"M45.7892 19C40.1517 19 35.5803 23.6201 35.5803 29.3195C35.5803 35.0169 40.1517 39.6369 45.7892 39.6369V46.3726C51.8561 43.1504 56 36.7277 56 29.3195C56 23.6201 51.4285 19 45.7892 19Z\" fill=\"white\"\/>\n                        <\/svg>\n                        <div class=\"content\">Excelente servicio, recomendar\u00eda este lugar 100% llevo viniendo de Yuba City y realmente voy bien a gusto, las chicas son encantadoras y el dr es bien amable 100%<\/div>\n\n                        <div class=\"center-us d-flex align-items-center mt-4\">\n                            <cite class=\"d-block h5 m-0 pr-3 text-black\">Nelida Burgara<\/cite>\n                            <div class=\"testimonials-stars \">\n\t<svg class=\"svg-inline--fa fa-star  fa-w-18\" aria-hidden=\"true\" data-prefix=\"fab\" data-icon=\"star\" role=\"img\" xmlns=\"http:\/\/www.w3.org\/2000\/svg\" viewBox=\"0 0 576 512\" data-fa-i2svg=\"\"><path fill=\"currentColor\" d=\"M259.3 17.8L194 150.2 47.9 171.5c-26.2 3.8-36.7 36.1-17.7 54.6l105.7 103-25 145.5c-4.5 26.3 23.2 46 46.4 33.7L288 439.6l130.7 68.7c23.2 12.2 50.9-7.4 46.4-33.7l-25-145.5 105.7-103c19-18.5 8.5-50.8-17.7-54.6L382 150.2 316.7 17.8c-11.7-23.6-45.6-23.9-57.4 0z\"><\/path><\/svg>\t<svg class=\"svg-inline--fa fa-star  fa-w-18\" aria-hidden=\"true\" data-prefix=\"fab\" data-icon=\"star\" role=\"img\" xmlns=\"http:\/\/www.w3.org\/2000\/svg\" viewBox=\"0 0 576 512\" data-fa-i2svg=\"\"><path fill=\"currentColor\" d=\"M259.3 17.8L194 150.2 47.9 171.5c-26.2 3.8-36.7 36.1-17.7 54.6l105.7 103-25 145.5c-4.5 26.3 23.2 46 46.4 33.7L288 439.6l130.7 68.7c23.2 12.2 50.9-7.4 46.4-33.7l-25-145.5 105.7-103c19-18.5 8.5-50.8-17.7-54.6L382 150.2 316.7 17.8c-11.7-23.6-45.6-23.9-57.4 0z\"><\/path><\/svg>\t<svg class=\"svg-inline--fa fa-star  fa-w-18\" aria-hidden=\"true\" data-prefix=\"fab\" data-icon=\"star\" role=\"img\" xmlns=\"http:\/\/www.w3.org\/2000\/svg\" viewBox=\"0 0 576 512\" data-fa-i2svg=\"\"><path fill=\"currentColor\" d=\"M259.3 17.8L194 150.2 47.9 171.5c-26.2 3.8-36.7 36.1-17.7 54.6l105.7 103-25 145.5c-4.5 26.3 23.2 46 46.4 33.7L288 439.6l130.7 68.7c23.2 12.2 50.9-7.4 46.4-33.7l-25-145.5 105.7-103c19-18.5 8.5-50.8-17.7-54.6L382 150.2 316.7 17.8c-11.7-23.6-45.6-23.9-57.4 0z\"><\/path><\/svg>\t<svg class=\"svg-inline--fa fa-star  fa-w-18\" aria-hidden=\"true\" data-prefix=\"fab\" data-icon=\"star\" role=\"img\" xmlns=\"http:\/\/www.w3.org\/2000\/svg\" viewBox=\"0 0 576 512\" data-fa-i2svg=\"\"><path fill=\"currentColor\" d=\"M259.3 17.8L194 150.2 47.9 171.5c-26.2 3.8-36.7 36.1-17.7 54.6l105.7 103-25 145.5c-4.5 26.3 23.2 46 46.4 33.7L288 439.6l130.7 68.7c23.2 12.2 50.9-7.4 46.4-33.7l-25-145.5 105.7-103c19-18.5 8.5-50.8-17.7-54.6L382 150.2 316.7 17.8c-11.7-23.6-45.6-23.9-57.4 0z\"><\/path><\/svg>\t<svg class=\"svg-inline--fa fa-star  fa-w-18\" aria-hidden=\"true\" data-prefix=\"fab\" data-icon=\"star\" role=\"img\" xmlns=\"http:\/\/www.w3.org\/2000\/svg\" viewBox=\"0 0 576 512\" data-fa-i2svg=\"\"><path fill=\"currentColor\" d=\"M259.3 17.8L194 150.2 47.9 171.5c-26.2 3.8-36.7 36.1-17.7 54.6l105.7 103-25 145.5c-4.5 26.3 23.2 46 46.4 33.7L288 439.6l130.7 68.7c23.2 12.2 50.9-7.4 46.4-33.7l-25-145.5 105.7-103c19-18.5 8.5-50.8-17.7-54.6L382 150.2 316.7 17.8c-11.7-23.6-45.6-23.9-57.4 0z\"><\/path><\/svg><\/div>                        <\/div>\n                    <\/blockquote>\n                <\/div>\n            <\/div>\n        <\/div>\n    <\/div>\n\n<div class=\"wp-block-media-text alignwide is-stacked-on-mobile\"><figure class=\"wp-block-media-text__media\"><img loading=\"lazy\" decoding=\"async\" width=\"960\" height=\"960\" src=\"https:\/\/www.dentistinwoodland.com\/wp-content\/uploads\/2025\/04\/bigstock-Nice-To-Meet-You-Portrait-Of-254372824-medium.jpg\" alt=\"Mucho gusto. Retrato de una estudiante amigable y atractiva con cabello corto y pelirrojo, sonriendo ampliamente y mostrando una actitud positiva sobre fondo gris. Hermana que disfruta cocinar junto a su madre.  \" class=\"wp-image-1071 size-full\" srcset=\"https:\/\/www.dentistinwoodland.com\/wp-content\/uploads\/2025\/04\/bigstock-Nice-To-Meet-You-Portrait-Of-254372824-medium.jpg 960w, https:\/\/www.dentistinwoodland.com\/wp-content\/uploads\/2025\/04\/bigstock-Nice-To-Meet-You-Portrait-Of-254372824-medium-300x300.jpg 300w, https:\/\/www.dentistinwoodland.com\/wp-content\/uploads\/2025\/04\/bigstock-Nice-To-Meet-You-Portrait-Of-254372824-medium-768x768.jpg 768w, https:\/\/www.dentistinwoodland.com\/wp-content\/uploads\/2025\/04\/bigstock-Nice-To-Meet-You-Portrait-Of-254372824-medium-192x192.jpg 192w, https:\/\/www.dentistinwoodland.com\/wp-content\/uploads\/2025\/04\/bigstock-Nice-To-Meet-You-Portrait-Of-254372824-medium-32x32.jpg 32w\" sizes=\"auto, (max-width: 960px) 100vw, 960px\" \/><\/figure><div class=\"wp-block-media-text__content\">\n<h2 class=\"wp-block-heading\">\u00bfQu\u00e9 es la adhesi\u00f3n dental?<\/h2>\n\n\n\n<p>La adhesi\u00f3n dental consiste en la aplicaci\u00f3n de un material de resina del color del diente que se moldea, endurece y pule directamente sobre la superficie dental. Se utiliza com\u00fanmente para: <\/p>\n\n\n\n<ul class=\"wp-block-list c3 lst-kix_wwgjj9nc43ug-0 start\">\n<li>Reparar astillas o peque\u00f1as grietas<\/li>\n\n\n\n<li>Cerrar espacios menores entre dientes<\/li>\n\n\n\n<li>Mejorar la forma o simetr\u00eda de los dientes<\/li>\n\n\n\n<li>Ocultar decoloraciones persistentes<\/li>\n\n\n\n<li>Proteger ra\u00edces dentales expuestas por recesi\u00f3n gingival<\/li>\n<\/ul>\n\n\n\n<p>La adhesi\u00f3n es uno de los tratamientos cosm\u00e9ticos menos invasivos disponibles, que a menudo no requiere anestesia ni perforaci\u00f3n.<\/p>\n\n\n\n<h2 class=\"wp-block-heading\">Adhesi\u00f3n dental cosm\u00e9tica para una sonrisa de aspecto natural<\/h2>\n\n\n\n<p>Si te sientes acomplejado por la apariencia de uno o m\u00e1s dientes, la adhesi\u00f3n ofrece una soluci\u00f3n asequible y no permanente para aumentar tu confianza. Debido a que el material de resina se ajusta al color de tu esmalte natural, los resultados son uniformes y sutiles. <\/p>\n\n\n\n<p>Seg\u00fan la Academia Americana de Odontolog\u00eda Cosm\u00e9tica, la adhesi\u00f3n con composite es uno de los procedimientos cosm\u00e9ticos m\u00e1s realizados, especialmente para pacientes entre 20 y 40 a\u00f1os que buscan mejoras r\u00e1pidas y naturales sin cirug\u00eda ni ortodoncia.<\/p>\n<\/div><\/div>\n\n<div class=\"wp-block-media-text alignwide has-media-on-the-right is-stacked-on-mobile\"><div class=\"wp-block-media-text__content\">\n<h2 class=\"wp-block-heading\">Beneficios de la adhesi\u00f3n dental<\/h2>\n\n\n\n<ul class=\"wp-block-list c3 lst-kix_bautuacyuv2w-0 start\">\n<li>R\u00e1pido y conveniente La mayor\u00eda de los procedimientos se completan en una sola visita.<\/li>\n\n\n\n<li>M\u00ednimamente invasivo Requiere poca o ninguna reducci\u00f3n dental.<\/li>\n\n\n\n<li>Econ\u00f3mico M\u00e1s accesible que carillas o coronas.<\/li>\n\n\n\n<li>Tono personalizado Se mezcla perfectamente con tus dientes naturales.<\/li>\n\n\n\n<li>Opci\u00f3n reversible Una excelente introducci\u00f3n a la odontolog\u00eda cosm\u00e9tica para pacientes primerizos.<\/li>\n<\/ul>\n\n\n\n<h2 class=\"wp-block-heading\">Adhesi\u00f3n dental vs. carillas<\/h2>\n\n\n\n<p>Mientras que las carillas de porcelana son m\u00e1s duraderas y resistentes a las manchas, tambi\u00e9n requieren m\u00e1s preparaci\u00f3n y tienen un costo mayor. La adhesi\u00f3n es ideal para cambios cosm\u00e9ticos peque\u00f1os o para pacientes que no est\u00e1n listos para comprometerse con carillas. Durante tu consulta, te ayudaremos a decidir cu\u00e1l opci\u00f3n es mejor para tu sonrisa \u00fanica.  <\/p>\n\n\n\n<h2 class=\"wp-block-heading\">Atenci\u00f3n experta con resultados personalizados<\/h2>\n\n\n\n<p>Nuestro equipo capacitado en Woodland Family Dental utiliza materiales avanzados y t\u00e9cnicas precisas para asegurar resultados duraderos y hermosos. Escucharemos tus inquietudes, dise\u00f1aremos tu plan de tratamiento y esculpiremos cuidadosamente la resina adherida para un aspecto y sensaci\u00f3n naturales. <\/p>\n<\/div><figure class=\"wp-block-media-text__media\"><img loading=\"lazy\" decoding=\"async\" width=\"960\" height=\"960\" src=\"https:\/\/www.dentistinwoodland.com\/wp-content\/uploads\/2025\/04\/1.jpg\" alt=\"Una persona con bata de laboratorio y guantes sostiene una tableta en una sala m\u00e9dica con una imagen de rayos X en el monitor y un cartel de advertencia de radiaci\u00f3n en la pared.\" class=\"wp-image-1993 size-full\" srcset=\"https:\/\/www.dentistinwoodland.com\/wp-content\/uploads\/2025\/04\/1.jpg 960w, https:\/\/www.dentistinwoodland.com\/wp-content\/uploads\/2025\/04\/1-300x300.jpg 300w, https:\/\/www.dentistinwoodland.com\/wp-content\/uploads\/2025\/04\/1-768x768.jpg 768w, https:\/\/www.dentistinwoodland.com\/wp-content\/uploads\/2025\/04\/1-192x192.jpg 192w, https:\/\/www.dentistinwoodland.com\/wp-content\/uploads\/2025\/04\/1-32x32.jpg 32w\" sizes=\"auto, (max-width: 960px) 100vw, 960px\" \/><\/figure><\/div>\n\n<div class=\"bio bg-light flc-section-padding\">\n    <div class=\"container\">\n        <div class=\"row align-items-center\">\n                            <div class=\"col-md-6 mb-4 mb-md-0\">\n                    <img loading=\"lazy\" decoding=\"async\" width=\"960\" height=\"960\" src=\"https:\/\/www.dentistinwoodland.com\/wp-content\/uploads\/2025\/04\/2.jpg\" class=\"img-fluid\" alt=\"Dos mujeres sonrientes se sientan detr\u00e1s de un mostrador de recepci\u00f3n con revistas y carteles informativos, en una sala de espera de una oficina con un cartel en la pared que dice &quot;Nos reservamos el derecho de rechazar el servicio a cualquier persona&quot;.\" srcset=\"https:\/\/www.dentistinwoodland.com\/wp-content\/uploads\/2025\/04\/2.jpg 960w, https:\/\/www.dentistinwoodland.com\/wp-content\/uploads\/2025\/04\/2-300x300.jpg 300w, https:\/\/www.dentistinwoodland.com\/wp-content\/uploads\/2025\/04\/2-768x768.jpg 768w, https:\/\/www.dentistinwoodland.com\/wp-content\/uploads\/2025\/04\/2-192x192.jpg 192w, https:\/\/www.dentistinwoodland.com\/wp-content\/uploads\/2025\/04\/2-32x32.jpg 32w\" sizes=\"auto, (max-width: 960px) 100vw, 960px\" \/>                <\/div>\n                        <div class=\"col-md-6 pl-md-5\">\n                                    <h2>Atenci\u00f3n dental integral y familiar<\/h2>\n                \n                                    <p>En Woodland Family Dental, creemos que todo el mundo merece una experiencia dental positiva. Nuestro equipo se dedica a crear un ambiente acogedor para los pacientes de todas las edades, asegurando que cada visita es libre de estr\u00e9s y adaptado a sus necesidades \u00fanicas. Combinamos el estado de la t\u00e9cnica dental con un enfoque compasivo, por lo que la atenci\u00f3n dental de alta calidad accesible a las personas y familias a trav\u00e9s de Woodland y West Sacramento.<\/p>\n                \n                                    <a class=\"btn btn-outline-primary\" href=\"https:\/\/www.dentistinwoodland.com\/es\/acerca-de-nosotros\/\" target=\"_self\">\n                        Acerca de nosotros                    <\/a>\n                            <\/div>\n        <\/div>\n    <\/div>\n<\/div>\n<h2 class=\"wp-block-heading\">Reparaci\u00f3n de sonrisa asequible en Woodland y West Sacramento<\/h2>\n\n<p>Ya sea que est\u00e9s reparando un diente astillado o buscando mejorar la forma y simetr\u00eda de tu sonrisa, estamos aqu\u00ed para ayudarte. Servimos con orgullo a las diversas comunidades de Woodland y el \u00e1rea circundante de West Sacramento, con personal hispanohablante para garantizar una experiencia c\u00f3moda y accesible para cada paciente. <\/p>\n\n<p>Tambi\u00e9n aceptamos Dentical, el programa dental Medicaid de California, que puede cubrir la adhesi\u00f3n en casos de da\u00f1o funcional dental.<\/p>\n\n<p><a href=\"https:\/\/app.nexhealth.com\/appts\/ora-dentistry?lid=334187\" class=\"contact_anchor \"><span>Contacta a Woodland Family Dental hoy<\/span><\/a> para programar tu consulta de adhesi\u00f3n cosm\u00e9tica y dar el primer paso hacia una sonrisa m\u00e1s segura.<\/p>\n","protected":false},"excerpt":{"rendered":"<p>La adhesi\u00f3n dental es una forma r\u00e1pida, vers\u00e1til y econ\u00f3mica de mejorar la apariencia y funci\u00f3n de tus dientes. En Woodland Family Dental, ofrecemos con orgullo adhesi\u00f3n dental cosm\u00e9tica para reparar da\u00f1os menores, remodelar dientes y corregir peque\u00f1as imperfecciones, ayudando a pacientes de Woodland, CA, y el \u00e1rea de West Sacramento a lograr la sonrisa&hellip; <a href=\"https:\/\/www.dentistinwoodland.com\/es\/procedimientos\/odontologia-general\/adhesion-dental\/\" class=\"btn btn-outline-primary position-absolute more-link\"> Seguir leyendo <span class=\"sr-only\"> acerca de Adhesi\u00f3n dental<\/span><\/a><\/p>\n","protected":false},"author":2,"featured_media":1070,"parent":2195,"menu_order":0,"comment_status":"closed","ping_status":"closed","template":"template-fullwidth.php","meta":{"_acf_changed":false,"footnotes":""},"class_list":["post-2199","page","type-page","status-publish","has-post-thumbnail"],"acf":[],"yoast_head":"<!-- This site is optimized with the Yoast SEO plugin v26.6 - https:\/\/yoast.com\/wordpress\/plugins\/seo\/ -->\n<title>Adhesi\u00f3n dental | Woodland Family Dental<\/title>\n<meta name=\"description\" content=\"Restaura y remodela tu sonrisa con adhesi\u00f3n dental en Woodland Family Dental en Woodland, CA. Reparaci\u00f3n dental cosm\u00e9tica asequible para pacientes de West Sacramento. Aceptamos Dentical.\" \/>\n<meta name=\"robots\" content=\"index, follow, max-snippet:-1, max-image-preview:large, max-video-preview:-1\" \/>\n<link rel=\"canonical\" href=\"https:\/\/www.dentistinwoodland.com\/es\/procedimientos\/odontologia-general\/adhesion-dental\/\" \/>\n<meta property=\"og:locale\" content=\"es_ES\" \/>\n<meta property=\"og:type\" content=\"article\" \/>\n<meta property=\"og:title\" content=\"Adhesi\u00f3n dental | Woodland Family Dental\" \/>\n<meta property=\"og:description\" content=\"Restaura y remodela tu sonrisa con adhesi\u00f3n dental en Woodland Family Dental en Woodland, CA. Reparaci\u00f3n dental cosm\u00e9tica asequible para pacientes de West Sacramento. Aceptamos Dentical.\" \/>\n<meta property=\"og:url\" content=\"https:\/\/www.dentistinwoodland.com\/es\/procedimientos\/odontologia-general\/adhesion-dental\/\" \/>\n<meta property=\"og:site_name\" content=\"Woodland Family Dental\" \/>\n<meta property=\"article:modified_time\" content=\"2025-05-13T11:53:03+00:00\" \/>\n<meta property=\"og:image\" content=\"https:\/\/www.dentistinwoodland.com\/wp-content\/uploads\/2025\/04\/shutterstock_2483122371.jpg\" \/><meta property=\"og:image\" content=\"https:\/\/www.dentistinwoodland.com\/wp-content\/uploads\/2025\/04\/bigstock-Loving-multiethnic-couple-embr-309165430-xxlarge.jpg\" \/>\n\t<meta property=\"og:image:width\" content=\"1920\" \/>\n\t<meta property=\"og:image:height\" content=\"768\" \/>\n\t<meta property=\"og:image:type\" content=\"image\/jpeg\" \/>\n<meta name=\"twitter:card\" content=\"summary_large_image\" \/>\n<meta name=\"twitter:image\" content=\"https:\/\/www.dentistinwoodland.com\/wp-content\/uploads\/2025\/04\/shutterstock_2483122371.jpg\" \/>\n<meta name=\"twitter:label1\" content=\"Tiempo de lectura\" \/>\n\t<meta name=\"twitter:data1\" content=\"3 minutos\" \/>\n<!-- \/ Yoast SEO plugin. -->","yoast_head_json":{"title":"Adhesi\u00f3n dental | Woodland Family Dental","description":"Restaura y remodela tu sonrisa con adhesi\u00f3n dental en Woodland Family Dental en Woodland, CA. Reparaci\u00f3n dental cosm\u00e9tica asequible para pacientes de West Sacramento. Aceptamos Dentical.","robots":{"index":"index","follow":"follow","max-snippet":"max-snippet:-1","max-image-preview":"max-image-preview:large","max-video-preview":"max-video-preview:-1"},"canonical":"https:\/\/www.dentistinwoodland.com\/es\/procedimientos\/odontologia-general\/adhesion-dental\/","og_locale":"es_ES","og_type":"article","og_title":"Adhesi\u00f3n dental | Woodland Family Dental","og_description":"Restaura y remodela tu sonrisa con adhesi\u00f3n dental en Woodland Family Dental en Woodland, CA. Reparaci\u00f3n dental cosm\u00e9tica asequible para pacientes de West Sacramento. Aceptamos Dentical.","og_url":"https:\/\/www.dentistinwoodland.com\/es\/procedimientos\/odontologia-general\/adhesion-dental\/","og_site_name":"Woodland Family Dental","article_modified_time":"2025-05-13T11:53:03+00:00","og_image":[{"url":"https:\/\/www.dentistinwoodland.com\/wp-content\/uploads\/2025\/04\/shutterstock_2483122371.jpg","type":"","width":"","height":""},{"width":1920,"height":768,"url":"https:\/\/www.dentistinwoodland.com\/wp-content\/uploads\/2025\/04\/bigstock-Loving-multiethnic-couple-embr-309165430-xxlarge.jpg","type":"image\/jpeg"}],"twitter_card":"summary_large_image","twitter_image":"https:\/\/www.dentistinwoodland.com\/wp-content\/uploads\/2025\/04\/shutterstock_2483122371.jpg","twitter_misc":{"Tiempo de lectura":"3 minutos"},"schema":{"@context":"https:\/\/schema.org","@graph":[{"@type":"WebPage","@id":"https:\/\/www.dentistinwoodland.com\/es\/procedimientos\/odontologia-general\/adhesion-dental\/","url":"https:\/\/www.dentistinwoodland.com\/es\/procedimientos\/odontologia-general\/adhesion-dental\/","name":"Adhesi\u00f3n dental | Woodland Family Dental","isPartOf":{"@id":"https:\/\/www.dentistinwoodland.com\/es\/#website"},"primaryImageOfPage":{"@id":"https:\/\/www.dentistinwoodland.com\/es\/procedimientos\/odontologia-general\/adhesion-dental\/#primaryimage"},"image":{"@id":"https:\/\/www.dentistinwoodland.com\/es\/procedimientos\/odontologia-general\/adhesion-dental\/#primaryimage"},"thumbnailUrl":"https:\/\/www.dentistinwoodland.com\/wp-content\/uploads\/2025\/04\/bigstock-Loving-multiethnic-couple-embr-309165430-xxlarge.jpg","datePublished":"2023-01-17T19:07:53+00:00","dateModified":"2025-05-13T11:53:03+00:00","description":"Restaura y remodela tu sonrisa con adhesi\u00f3n dental en Woodland Family Dental en Woodland, CA. Reparaci\u00f3n dental cosm\u00e9tica asequible para pacientes de West Sacramento. Aceptamos Dentical.","breadcrumb":{"@id":"https:\/\/www.dentistinwoodland.com\/es\/procedimientos\/odontologia-general\/adhesion-dental\/#breadcrumb"},"inLanguage":"es","potentialAction":[{"@type":"ReadAction","target":["https:\/\/www.dentistinwoodland.com\/es\/procedimientos\/odontologia-general\/adhesion-dental\/"]}]},{"@type":"ImageObject","inLanguage":"es","@id":"https:\/\/www.dentistinwoodland.com\/es\/procedimientos\/odontologia-general\/adhesion-dental\/#primaryimage","url":"https:\/\/www.dentistinwoodland.com\/wp-content\/uploads\/2025\/04\/bigstock-Loving-multiethnic-couple-embr-309165430-xxlarge.jpg","contentUrl":"https:\/\/www.dentistinwoodland.com\/wp-content\/uploads\/2025\/04\/bigstock-Loving-multiethnic-couple-embr-309165430-xxlarge.jpg","width":1920,"height":768,"caption":"Una mujer y un hombre permanecen juntos, sonrientes y mirando por una ventana con luz natural que ilumina sus rostros."},{"@type":"BreadcrumbList","@id":"https:\/\/www.dentistinwoodland.com\/es\/procedimientos\/odontologia-general\/adhesion-dental\/#breadcrumb","itemListElement":[{"@type":"ListItem","position":1,"name":"Home","item":"https:\/\/www.dentistinwoodland.com\/es\/inicio\/"},{"@type":"ListItem","position":2,"name":"Procedimientos","item":"https:\/\/www.dentistinwoodland.com\/es\/procedimientos\/"},{"@type":"ListItem","position":3,"name":"Odontolog\u00eda general","item":"https:\/\/www.dentistinwoodland.com\/es\/procedimientos\/odontologia-general\/"},{"@type":"ListItem","position":4,"name":"Adhesi\u00f3n dental"}]},{"@type":"WebSite","@id":"https:\/\/www.dentistinwoodland.com\/es\/#website","url":"https:\/\/www.dentistinwoodland.com\/es\/","name":"Woodland Family Dental","description":"","potentialAction":[{"@type":"SearchAction","target":{"@type":"EntryPoint","urlTemplate":"https:\/\/www.dentistinwoodland.com\/es\/?s={search_term_string}"},"query-input":{"@type":"PropertyValueSpecification","valueRequired":true,"valueName":"search_term_string"}}],"inLanguage":"es"}]}},"_links":{"self":[{"href":"https:\/\/www.dentistinwoodland.com\/es\/wp-json\/wp\/v2\/pages\/2199","targetHints":{"allow":["GET"]}}],"collection":[{"href":"https:\/\/www.dentistinwoodland.com\/es\/wp-json\/wp\/v2\/pages"}],"about":[{"href":"https:\/\/www.dentistinwoodland.com\/es\/wp-json\/wp\/v2\/types\/page"}],"author":[{"embeddable":true,"href":"https:\/\/www.dentistinwoodland.com\/es\/wp-json\/wp\/v2\/users\/2"}],"replies":[{"embeddable":true,"href":"https:\/\/www.dentistinwoodland.com\/es\/wp-json\/wp\/v2\/comments?post=2199"}],"version-history":[{"count":1,"href":"https:\/\/www.dentistinwoodland.com\/es\/wp-json\/wp\/v2\/pages\/2199\/revisions"}],"predecessor-version":[{"id":2200,"href":"https:\/\/www.dentistinwoodland.com\/es\/wp-json\/wp\/v2\/pages\/2199\/revisions\/2200"}],"up":[{"embeddable":true,"href":"https:\/\/www.dentistinwoodland.com\/es\/wp-json\/wp\/v2\/pages\/2195"}],"wp:featuredmedia":[{"embeddable":true,"href":"https:\/\/www.dentistinwoodland.com\/es\/wp-json\/wp\/v2\/media\/1070"}],"wp:attachment":[{"href":"https:\/\/www.dentistinwoodland.com\/es\/wp-json\/wp\/v2\/media?parent=2199"}],"curies":[{"name":"wp","href":"https:\/\/api.w.org\/{rel}","templated":true}]}}