{"id":2187,"date":"2023-01-17T14:07:53","date_gmt":"2023-01-17T19:07:53","guid":{"rendered":"https:\/\/www.dentistinwoodland.com\/procedimientos\/pacientes-con-necesidades-especiales\/"},"modified":"2025-05-13T03:52:35","modified_gmt":"2025-05-13T08:52:35","slug":"pacientes-con-necesidades-especiales","status":"publish","type":"page","link":"https:\/\/www.dentistinwoodland.com\/es\/procedimientos\/pacientes-con-necesidades-especiales\/","title":{"rendered":"Pacientes con Necesidades Especiales"},"content":{"rendered":"\n<p>Cada sonrisa merece un cuidado compasivo, sin importar la edad, capacidad o antecedentes m\u00e9dicos. En Woodland Family Dental, nos enorgullece atender a pacientes con necesidades especiales en Woodland, CA, y en toda el \u00e1rea de West Sacramento con una odontolog\u00eda suave y personalizada que prioriza la seguridad, la comunicaci\u00f3n y la comodidad. <\/p>\n\n<p>Nuestro equipo est\u00e1 capacitado para brindar una atenci\u00f3n excepcional a personas con desaf\u00edos f\u00edsicos, del desarrollo, cognitivos o sensoriales. Entendemos que visitar al dentista puede ser estresante para muchos, y trabajamos estrechamente con los cuidadores para adaptar nuestro entorno, t\u00e9cnicas y ritmo a las necesidades \u00fanicas de cada paciente. <\/p>\n\n    <div class=\"featured-testimonial-block bg-primary py-5 text-body\" id=\"featured-testimonial-block_7cbeaf5a40c8516a495faaad02aaba4b\">\n        <div class=\"container\">\n            <div class=\"row justify-content-center\">\n                <div class=\"col-md-10 py-4\">\n                    <blockquote class=\"testimonials-blockquote mb-0 bg-light p-3 p-md-4 p-lg-5 position-relative\" style=\"border-radius: 2rem\">\n                        <svg class=\"testimonials-icon\" width=\"69\" height=\"69\" viewBox=\"0 0 69 69\" fill=\"none\" xmlns=\"http:\/\/www.w3.org\/2000\/svg\">\n                            <g filter=\"url(#filter0_d_1402_180)\">\n                            <circle cx=\"34.2612\" cy=\"33\" r=\"33\" fill=\"var(--primary)\"\/>\n                            <\/g>\n                            <path d=\"M22.757 19C17.1184 19 12.5473 23.6201 12.5473 29.3195C12.5473 35.0169 17.1184 39.6369 22.757 39.6369V46.3726C28.8237 43.1504 32.9668 36.7277 32.9668 29.3195C32.9668 23.6201 28.3957 19 22.757 19Z\" fill=\"white\"\/>\n                            <path d=\"M45.7892 19C40.1517 19 35.5803 23.6201 35.5803 29.3195C35.5803 35.0169 40.1517 39.6369 45.7892 39.6369V46.3726C51.8561 43.1504 56 36.7277 56 29.3195C56 23.6201 51.4285 19 45.7892 19Z\" fill=\"white\"\/>\n                        <\/svg>\n                        <div class=\"content\">Excelente servicio, recomendar\u00eda este lugar 100% llevo viniendo de Yuba City y realmente voy bien a gusto, las chicas son encantadoras y el dr es bien amable 100%<\/div>\n\n                        <div class=\"center-us d-flex align-items-center mt-4\">\n                            <cite class=\"d-block h5 m-0 pr-3 text-black\">Nelida Burgara<\/cite>\n                            <div class=\"testimonials-stars \">\n\t<svg class=\"svg-inline--fa fa-star  fa-w-18\" aria-hidden=\"true\" data-prefix=\"fab\" data-icon=\"star\" role=\"img\" xmlns=\"http:\/\/www.w3.org\/2000\/svg\" viewBox=\"0 0 576 512\" data-fa-i2svg=\"\"><path fill=\"currentColor\" d=\"M259.3 17.8L194 150.2 47.9 171.5c-26.2 3.8-36.7 36.1-17.7 54.6l105.7 103-25 145.5c-4.5 26.3 23.2 46 46.4 33.7L288 439.6l130.7 68.7c23.2 12.2 50.9-7.4 46.4-33.7l-25-145.5 105.7-103c19-18.5 8.5-50.8-17.7-54.6L382 150.2 316.7 17.8c-11.7-23.6-45.6-23.9-57.4 0z\"><\/path><\/svg>\t<svg class=\"svg-inline--fa fa-star  fa-w-18\" aria-hidden=\"true\" data-prefix=\"fab\" data-icon=\"star\" role=\"img\" xmlns=\"http:\/\/www.w3.org\/2000\/svg\" viewBox=\"0 0 576 512\" data-fa-i2svg=\"\"><path fill=\"currentColor\" d=\"M259.3 17.8L194 150.2 47.9 171.5c-26.2 3.8-36.7 36.1-17.7 54.6l105.7 103-25 145.5c-4.5 26.3 23.2 46 46.4 33.7L288 439.6l130.7 68.7c23.2 12.2 50.9-7.4 46.4-33.7l-25-145.5 105.7-103c19-18.5 8.5-50.8-17.7-54.6L382 150.2 316.7 17.8c-11.7-23.6-45.6-23.9-57.4 0z\"><\/path><\/svg>\t<svg class=\"svg-inline--fa fa-star  fa-w-18\" aria-hidden=\"true\" data-prefix=\"fab\" data-icon=\"star\" role=\"img\" xmlns=\"http:\/\/www.w3.org\/2000\/svg\" viewBox=\"0 0 576 512\" data-fa-i2svg=\"\"><path fill=\"currentColor\" d=\"M259.3 17.8L194 150.2 47.9 171.5c-26.2 3.8-36.7 36.1-17.7 54.6l105.7 103-25 145.5c-4.5 26.3 23.2 46 46.4 33.7L288 439.6l130.7 68.7c23.2 12.2 50.9-7.4 46.4-33.7l-25-145.5 105.7-103c19-18.5 8.5-50.8-17.7-54.6L382 150.2 316.7 17.8c-11.7-23.6-45.6-23.9-57.4 0z\"><\/path><\/svg>\t<svg class=\"svg-inline--fa fa-star  fa-w-18\" aria-hidden=\"true\" data-prefix=\"fab\" data-icon=\"star\" role=\"img\" xmlns=\"http:\/\/www.w3.org\/2000\/svg\" viewBox=\"0 0 576 512\" data-fa-i2svg=\"\"><path fill=\"currentColor\" d=\"M259.3 17.8L194 150.2 47.9 171.5c-26.2 3.8-36.7 36.1-17.7 54.6l105.7 103-25 145.5c-4.5 26.3 23.2 46 46.4 33.7L288 439.6l130.7 68.7c23.2 12.2 50.9-7.4 46.4-33.7l-25-145.5 105.7-103c19-18.5 8.5-50.8-17.7-54.6L382 150.2 316.7 17.8c-11.7-23.6-45.6-23.9-57.4 0z\"><\/path><\/svg>\t<svg class=\"svg-inline--fa fa-star  fa-w-18\" aria-hidden=\"true\" data-prefix=\"fab\" data-icon=\"star\" role=\"img\" xmlns=\"http:\/\/www.w3.org\/2000\/svg\" viewBox=\"0 0 576 512\" data-fa-i2svg=\"\"><path fill=\"currentColor\" d=\"M259.3 17.8L194 150.2 47.9 171.5c-26.2 3.8-36.7 36.1-17.7 54.6l105.7 103-25 145.5c-4.5 26.3 23.2 46 46.4 33.7L288 439.6l130.7 68.7c23.2 12.2 50.9-7.4 46.4-33.7l-25-145.5 105.7-103c19-18.5 8.5-50.8-17.7-54.6L382 150.2 316.7 17.8c-11.7-23.6-45.6-23.9-57.4 0z\"><\/path><\/svg><\/div>                        <\/div>\n                    <\/blockquote>\n                <\/div>\n            <\/div>\n        <\/div>\n    <\/div>\n\n<div class=\"wp-block-media-text alignwide is-stacked-on-mobile\"><figure class=\"wp-block-media-text__media\"><img loading=\"lazy\" decoding=\"async\" width=\"960\" height=\"960\" src=\"https:\/\/www.dentistinwoodland.com\/wp-content\/uploads\/2025\/04\/13.jpg\" alt=\"Un dentista muestra a un paciente im\u00e1genes de dientes en una tableta mientras una radiograf\u00eda dental se exhibe en una pantalla en la sala de examen.\" class=\"wp-image-2017 size-full\" srcset=\"https:\/\/www.dentistinwoodland.com\/wp-content\/uploads\/2025\/04\/13.jpg 960w, https:\/\/www.dentistinwoodland.com\/wp-content\/uploads\/2025\/04\/13-300x300.jpg 300w, https:\/\/www.dentistinwoodland.com\/wp-content\/uploads\/2025\/04\/13-768x768.jpg 768w, https:\/\/www.dentistinwoodland.com\/wp-content\/uploads\/2025\/04\/13-192x192.jpg 192w, https:\/\/www.dentistinwoodland.com\/wp-content\/uploads\/2025\/04\/13-32x32.jpg 32w\" sizes=\"auto, (max-width: 960px) 100vw, 960px\" \/><\/figure><div class=\"wp-block-media-text__content\">\n<h2 class=\"wp-block-heading\">Nuestros Servicios para Pacientes con Necesidades Especiales<\/h2>\n\n\n\n<nav class=\"flc-menu  columns-2\"><ul><li class=\"page_item page-item-2191\"><a href=\"https:\/\/www.dentistinwoodland.com\/es\/procedimientos\/pacientes-con-necesidades-especiales\/apnea-del-sueno\/\">Apnea del Sue\u00f1o<\/a><\/li>\n<li class=\"page_item page-item-2238\"><a href=\"https:\/\/www.dentistinwoodland.com\/es\/procedimientos\/pacientes-con-necesidades-especiales\/fobia-dental\/\">Fobia Dental<\/a><\/li>\n<li class=\"page_item page-item-2236\"><a href=\"https:\/\/www.dentistinwoodland.com\/es\/procedimientos\/pacientes-con-necesidades-especiales\/pacientes-con-discapacidades\/\">Pacientes con Discapacidades<\/a><\/li>\n<li class=\"page_item page-item-2193\"><a href=\"https:\/\/www.dentistinwoodland.com\/es\/procedimientos\/pacientes-con-necesidades-especiales\/reflejo-nauseoso-severo\/\">Reflejo nauseoso severo<\/a><\/li>\n<\/ul><\/nav>\n\n\n\n<p>Ya sea que busques atenci\u00f3n preventiva, tratamiento restaurativo o atenci\u00f3n dental de emergencia, nuestro objetivo es crear una experiencia dental positiva y exitosa para cada paciente.<\/p>\n<\/div><\/div>\n\n<div class=\"wp-block-media-text alignwide has-media-on-the-right is-stacked-on-mobile\"><div class=\"wp-block-media-text__content\">\n<h2 class=\"wp-block-heading\">Un Ambiente Dental Seguro y Tranquilo<\/h2>\n\n\n\n<p>Creemos que la confianza comienza con la comunicaci\u00f3n. Desde el momento en que contactas nuestra oficina, escucharemos tus inquietudes y responderemos tus preguntas para asegurar que te sientas apoyado. Nuestras salas de tratamiento privadas, la programaci\u00f3n centrada en el paciente y el personal biling\u00fce ayudan a reducir el estr\u00e9s y fomentar la calma durante cada visita.  <\/p>\n\n\n\n<p>Tambi\u00e9n ofrecemos:<\/p>\n\n\n\n<ul class=\"wp-block-list c3 lst-kix_ubr2s62x1zzk-0 start\">\n<li>Opciones de sedaci\u00f3n dental (incluyendo \u00f3xido nitroso y sedaci\u00f3n oral)<\/li>\n\n\n\n<li>Horarios de citas modificados y visitas extendidas<\/li>\n\n\n\n<li>Colaboraci\u00f3n con cuidadores y proveedores de salud<\/li>\n<\/ul>\n\n\n\n<h2 class=\"wp-block-heading\">Accesibilidad y Seguro<\/h2>\n\n\n\n<p>Woodland Family Dental se enorgullece de aceptar Dentical, el seguro dental Medicaid de California, que proporciona cobertura esencial para muchos pacientes con necesidades especiales y sus familias. Tambi\u00e9n ofrecemos horarios flexibles y opciones de pago para facilitar el acceso al cuidado dental. <\/p>\n<\/div><figure class=\"wp-block-media-text__media\"><img loading=\"lazy\" decoding=\"async\" width=\"960\" height=\"960\" src=\"https:\/\/www.dentistinwoodland.com\/wp-content\/uploads\/2025\/04\/bigstock-Beautiful-young-girl-came-to-s-114435563-medium.jpg\" alt=\"Una mujer saludable y atractiva visita a su dentista. Est\u00e1 sentada en la silla y mira hacia atr\u00e1s con alegr\u00eda. La se\u00f1ora levanta el pulgar y sonr\u00ede. Su dentista est\u00e1 de pie prepar\u00e1ndose para el tratamiento.   \" class=\"wp-image-1048 size-full\" srcset=\"https:\/\/www.dentistinwoodland.com\/wp-content\/uploads\/2025\/04\/bigstock-Beautiful-young-girl-came-to-s-114435563-medium.jpg 960w, https:\/\/www.dentistinwoodland.com\/wp-content\/uploads\/2025\/04\/bigstock-Beautiful-young-girl-came-to-s-114435563-medium-300x300.jpg 300w, https:\/\/www.dentistinwoodland.com\/wp-content\/uploads\/2025\/04\/bigstock-Beautiful-young-girl-came-to-s-114435563-medium-768x768.jpg 768w, https:\/\/www.dentistinwoodland.com\/wp-content\/uploads\/2025\/04\/bigstock-Beautiful-young-girl-came-to-s-114435563-medium-192x192.jpg 192w, https:\/\/www.dentistinwoodland.com\/wp-content\/uploads\/2025\/04\/bigstock-Beautiful-young-girl-came-to-s-114435563-medium-32x32.jpg 32w\" sizes=\"auto, (max-width: 960px) 100vw, 960px\" \/><\/figure><\/div>\n\n<div class=\"bio bg-light flc-section-padding\">\n    <div class=\"container\">\n        <div class=\"row align-items-center\">\n                            <div class=\"col-md-6 mb-4 mb-md-0\">\n                    <img loading=\"lazy\" decoding=\"async\" width=\"960\" height=\"960\" src=\"https:\/\/www.dentistinwoodland.com\/wp-content\/uploads\/2025\/04\/2.jpg\" class=\"img-fluid\" alt=\"Dos mujeres sonrientes se sientan detr\u00e1s de un mostrador de recepci\u00f3n con revistas y carteles informativos, en una sala de espera de una oficina con un cartel en la pared que dice &quot;Nos reservamos el derecho de rechazar el servicio a cualquier persona&quot;.\" srcset=\"https:\/\/www.dentistinwoodland.com\/wp-content\/uploads\/2025\/04\/2.jpg 960w, https:\/\/www.dentistinwoodland.com\/wp-content\/uploads\/2025\/04\/2-300x300.jpg 300w, https:\/\/www.dentistinwoodland.com\/wp-content\/uploads\/2025\/04\/2-768x768.jpg 768w, https:\/\/www.dentistinwoodland.com\/wp-content\/uploads\/2025\/04\/2-192x192.jpg 192w, https:\/\/www.dentistinwoodland.com\/wp-content\/uploads\/2025\/04\/2-32x32.jpg 32w\" sizes=\"auto, (max-width: 960px) 100vw, 960px\" \/>                <\/div>\n                        <div class=\"col-md-6 pl-md-5\">\n                                    <h2>Atenci\u00f3n dental integral y familiar<\/h2>\n                \n                                    <p>En Woodland Family Dental, creemos que todo el mundo merece una experiencia dental positiva. Nuestro equipo se dedica a crear un ambiente acogedor para los pacientes de todas las edades, asegurando que cada visita es libre de estr\u00e9s y adaptado a sus necesidades \u00fanicas. Combinamos el estado de la t\u00e9cnica dental con un enfoque compasivo, por lo que la atenci\u00f3n dental de alta calidad accesible a las personas y familias a trav\u00e9s de Woodland y West Sacramento.<\/p>\n                \n                                    <a class=\"btn btn-outline-primary\" href=\"https:\/\/www.dentistinwoodland.com\/es\/acerca-de-nosotros\/\" target=\"_self\">\n                        Acerca de nosotros                    <\/a>\n                            <\/div>\n        <\/div>\n    <\/div>\n<\/div>\n<h2 class=\"wp-block-heading\">Odontolog\u00eda de Confianza para Pacientes con Necesidades Especiales en West Sacramento<\/h2>\n\n<p>Nuestra misi\u00f3n es apoyar a cada paciente con dignidad, paciencia y atenci\u00f3n especializada. Ya sea que t\u00fa o un ser querido tenga necesidades de salud complejas o simplemente requiera tiempo extra y tranquilidad durante las visitas, puedes confiar en nuestro equipo para brindar el trato respetuoso que mereces. <\/p>\n\n<p>Si buscas un dentista que entienda la odontolog\u00eda para necesidades especiales, <a href=\"https:\/\/app.nexhealth.com\/appts\/ora-dentistry?lid=334187\" class=\"contact_anchor \"><span>contacta a Woodland Family Dental hoy<\/span><\/a>. Nos sentimos honrados de cuidar a pacientes de todas las capacidades y or\u00edgenes. <\/p>\n","protected":false},"excerpt":{"rendered":"<p>Cada sonrisa merece un cuidado compasivo, sin importar la edad, capacidad o antecedentes m\u00e9dicos. En Woodland Family Dental, nos enorgullece atender a pacientes con necesidades especiales en Woodland, CA, y en toda el \u00e1rea de West Sacramento con una odontolog\u00eda suave y personalizada que prioriza la seguridad, la comunicaci\u00f3n y la comodidad. Nuestro equipo est\u00e1&hellip; <a href=\"https:\/\/www.dentistinwoodland.com\/es\/procedimientos\/pacientes-con-necesidades-especiales\/\" class=\"btn btn-outline-primary position-absolute more-link\"> Seguir leyendo <span class=\"sr-only\"> acerca de Pacientes con Necesidades Especiales<\/span><\/a><\/p>\n","protected":false},"author":2,"featured_media":2103,"parent":2177,"menu_order":0,"comment_status":"closed","ping_status":"closed","template":"template-fullwidth.php","meta":{"_acf_changed":false,"footnotes":""},"class_list":["post-2187","page","type-page","status-publish","has-post-thumbnail"],"acf":[],"yoast_head":"<!-- This site is optimized with the Yoast SEO plugin v26.6 - https:\/\/yoast.com\/wordpress\/plugins\/seo\/ -->\n<title>Pacientes con Necesidades Especiales | Woodland Family Dental<\/title>\n<meta name=\"description\" content=\"Cuidado dental compasivo para pacientes con necesidades especiales en Woodland, CA. Servicio en West Sacramento. Aceptamos Dentical. Personal biling\u00fce. Fobia dental, discapacidades y m\u00e1s.\" \/>\n<meta name=\"robots\" content=\"index, follow, max-snippet:-1, max-image-preview:large, max-video-preview:-1\" \/>\n<link rel=\"canonical\" href=\"https:\/\/www.dentistinwoodland.com\/es\/procedimientos\/pacientes-con-necesidades-especiales\/\" \/>\n<meta property=\"og:locale\" content=\"es_ES\" \/>\n<meta property=\"og:type\" content=\"article\" \/>\n<meta property=\"og:title\" content=\"Pacientes con Necesidades Especiales | Woodland Family Dental\" \/>\n<meta property=\"og:description\" content=\"Cuidado dental compasivo para pacientes con necesidades especiales en Woodland, CA. Servicio en West Sacramento. Aceptamos Dentical. Personal biling\u00fce. Fobia dental, discapacidades y m\u00e1s.\" \/>\n<meta property=\"og:url\" content=\"https:\/\/www.dentistinwoodland.com\/es\/procedimientos\/pacientes-con-necesidades-especiales\/\" \/>\n<meta property=\"og:site_name\" content=\"Woodland Family Dental\" \/>\n<meta property=\"article:modified_time\" content=\"2025-05-13T08:52:35+00:00\" \/>\n<meta property=\"og:image\" content=\"https:\/\/www.dentistinwoodland.com\/wp-content\/uploads\/2025\/04\/bigstock-True-Love-Beautiful-Latino-Mu-196091884-xxlarge-2.jpg\" \/><meta property=\"og:image\" content=\"https:\/\/www.dentistinwoodland.com\/wp-content\/uploads\/2025\/04\/shutterstock_2500605583.jpg\" \/>\n\t<meta property=\"og:image:width\" content=\"1920\" \/>\n\t<meta property=\"og:image:height\" content=\"768\" \/>\n\t<meta property=\"og:image:type\" content=\"image\/jpeg\" \/>\n<meta name=\"twitter:card\" content=\"summary_large_image\" \/>\n<meta name=\"twitter:image\" content=\"https:\/\/www.dentistinwoodland.com\/wp-content\/uploads\/2025\/04\/bigstock-True-Love-Beautiful-Latino-Mu-196091884-xxlarge-2.jpg\" \/>\n<meta name=\"twitter:label1\" content=\"Tiempo de lectura\" \/>\n\t<meta name=\"twitter:data1\" content=\"2 minutos\" \/>\n<!-- \/ Yoast SEO plugin. -->","yoast_head_json":{"title":"Pacientes con Necesidades Especiales | Woodland Family Dental","description":"Cuidado dental compasivo para pacientes con necesidades especiales en Woodland, CA. Servicio en West Sacramento. Aceptamos Dentical. Personal biling\u00fce. Fobia dental, discapacidades y m\u00e1s.","robots":{"index":"index","follow":"follow","max-snippet":"max-snippet:-1","max-image-preview":"max-image-preview:large","max-video-preview":"max-video-preview:-1"},"canonical":"https:\/\/www.dentistinwoodland.com\/es\/procedimientos\/pacientes-con-necesidades-especiales\/","og_locale":"es_ES","og_type":"article","og_title":"Pacientes con Necesidades Especiales | Woodland Family Dental","og_description":"Cuidado dental compasivo para pacientes con necesidades especiales en Woodland, CA. Servicio en West Sacramento. Aceptamos Dentical. Personal biling\u00fce. Fobia dental, discapacidades y m\u00e1s.","og_url":"https:\/\/www.dentistinwoodland.com\/es\/procedimientos\/pacientes-con-necesidades-especiales\/","og_site_name":"Woodland Family Dental","article_modified_time":"2025-05-13T08:52:35+00:00","og_image":[{"url":"https:\/\/www.dentistinwoodland.com\/wp-content\/uploads\/2025\/04\/bigstock-True-Love-Beautiful-Latino-Mu-196091884-xxlarge-2.jpg","type":"","width":"","height":""},{"width":1920,"height":768,"url":"https:\/\/www.dentistinwoodland.com\/wp-content\/uploads\/2025\/04\/shutterstock_2500605583.jpg","type":"image\/jpeg"}],"twitter_card":"summary_large_image","twitter_image":"https:\/\/www.dentistinwoodland.com\/wp-content\/uploads\/2025\/04\/bigstock-True-Love-Beautiful-Latino-Mu-196091884-xxlarge-2.jpg","twitter_misc":{"Tiempo de lectura":"2 minutos"},"schema":{"@context":"https:\/\/schema.org","@graph":[{"@type":"WebPage","@id":"https:\/\/www.dentistinwoodland.com\/es\/procedimientos\/pacientes-con-necesidades-especiales\/","url":"https:\/\/www.dentistinwoodland.com\/es\/procedimientos\/pacientes-con-necesidades-especiales\/","name":"Pacientes con Necesidades Especiales | Woodland Family Dental","isPartOf":{"@id":"https:\/\/www.dentistinwoodland.com\/es\/#website"},"primaryImageOfPage":{"@id":"https:\/\/www.dentistinwoodland.com\/es\/procedimientos\/pacientes-con-necesidades-especiales\/#primaryimage"},"image":{"@id":"https:\/\/www.dentistinwoodland.com\/es\/procedimientos\/pacientes-con-necesidades-especiales\/#primaryimage"},"thumbnailUrl":"https:\/\/www.dentistinwoodland.com\/wp-content\/uploads\/2025\/04\/shutterstock_2500605583.jpg","datePublished":"2023-01-17T19:07:53+00:00","dateModified":"2025-05-13T08:52:35+00:00","description":"Cuidado dental compasivo para pacientes con necesidades especiales en Woodland, CA. Servicio en West Sacramento. Aceptamos Dentical. Personal biling\u00fce. Fobia dental, discapacidades y m\u00e1s.","breadcrumb":{"@id":"https:\/\/www.dentistinwoodland.com\/es\/procedimientos\/pacientes-con-necesidades-especiales\/#breadcrumb"},"inLanguage":"es","potentialAction":[{"@type":"ReadAction","target":["https:\/\/www.dentistinwoodland.com\/es\/procedimientos\/pacientes-con-necesidades-especiales\/"]}]},{"@type":"ImageObject","inLanguage":"es","@id":"https:\/\/www.dentistinwoodland.com\/es\/procedimientos\/pacientes-con-necesidades-especiales\/#primaryimage","url":"https:\/\/www.dentistinwoodland.com\/wp-content\/uploads\/2025\/04\/shutterstock_2500605583.jpg","contentUrl":"https:\/\/www.dentistinwoodland.com\/wp-content\/uploads\/2025\/04\/shutterstock_2500605583.jpg","width":1920,"height":768,"caption":"Un joven con una mochila sonr\u00ede al aire libre en un parque, con \u00e1rboles verdes y luz del sol en el fondo."},{"@type":"BreadcrumbList","@id":"https:\/\/www.dentistinwoodland.com\/es\/procedimientos\/pacientes-con-necesidades-especiales\/#breadcrumb","itemListElement":[{"@type":"ListItem","position":1,"name":"Home","item":"https:\/\/www.dentistinwoodland.com\/es\/inicio\/"},{"@type":"ListItem","position":2,"name":"Procedimientos","item":"https:\/\/www.dentistinwoodland.com\/es\/procedimientos\/"},{"@type":"ListItem","position":3,"name":"Pacientes con Necesidades Especiales"}]},{"@type":"WebSite","@id":"https:\/\/www.dentistinwoodland.com\/es\/#website","url":"https:\/\/www.dentistinwoodland.com\/es\/","name":"Woodland Family Dental","description":"","potentialAction":[{"@type":"SearchAction","target":{"@type":"EntryPoint","urlTemplate":"https:\/\/www.dentistinwoodland.com\/es\/?s={search_term_string}"},"query-input":{"@type":"PropertyValueSpecification","valueRequired":true,"valueName":"search_term_string"}}],"inLanguage":"es"}]}},"_links":{"self":[{"href":"https:\/\/www.dentistinwoodland.com\/es\/wp-json\/wp\/v2\/pages\/2187","targetHints":{"allow":["GET"]}}],"collection":[{"href":"https:\/\/www.dentistinwoodland.com\/es\/wp-json\/wp\/v2\/pages"}],"about":[{"href":"https:\/\/www.dentistinwoodland.com\/es\/wp-json\/wp\/v2\/types\/page"}],"author":[{"embeddable":true,"href":"https:\/\/www.dentistinwoodland.com\/es\/wp-json\/wp\/v2\/users\/2"}],"replies":[{"embeddable":true,"href":"https:\/\/www.dentistinwoodland.com\/es\/wp-json\/wp\/v2\/comments?post=2187"}],"version-history":[{"count":1,"href":"https:\/\/www.dentistinwoodland.com\/es\/wp-json\/wp\/v2\/pages\/2187\/revisions"}],"predecessor-version":[{"id":2188,"href":"https:\/\/www.dentistinwoodland.com\/es\/wp-json\/wp\/v2\/pages\/2187\/revisions\/2188"}],"up":[{"embeddable":true,"href":"https:\/\/www.dentistinwoodland.com\/es\/wp-json\/wp\/v2\/pages\/2177"}],"wp:featuredmedia":[{"embeddable":true,"href":"https:\/\/www.dentistinwoodland.com\/es\/wp-json\/wp\/v2\/media\/2103"}],"wp:attachment":[{"href":"https:\/\/www.dentistinwoodland.com\/es\/wp-json\/wp\/v2\/media?parent=2187"}],"curies":[{"name":"wp","href":"https:\/\/api.w.org\/{rel}","templated":true}]}}