{"id":2183,"date":"2023-01-17T14:07:53","date_gmt":"2023-01-17T19:07:53","guid":{"rendered":"https:\/\/www.dentistinwoodland.com\/procedimientos\/odontologia-estetica\/puentes-dentales\/"},"modified":"2025-05-13T03:29:06","modified_gmt":"2025-05-13T08:29:06","slug":"puentes-dentales","status":"publish","type":"page","link":"https:\/\/www.dentistinwoodland.com\/es\/procedimientos\/odontologia-estetica\/puentes-dentales\/","title":{"rendered":"Puentes dentales"},"content":{"rendered":"\n<p>Los dientes faltantes pueden afectar m\u00e1s que tu apariencia: pueden causar dificultad para masticar, desplazamiento de los dientes e incluso p\u00e9rdida \u00f3sea con el tiempo. En Woodland Family Dental, ofrecemos puentes dentales personalizados para reemplazar los dientes ausentes y restaurar la salud, funci\u00f3n y belleza de tu sonrisa. Ya sea que hayas perdido un diente por lesi\u00f3n, caries o extracci\u00f3n, un puente dental es <a href=\"https:\/\/www.dentistinwoodland.com\/cosmetic-dentistry\/\">una soluci\u00f3n<\/a> confiable y duradera para los pacientes en el \u00e1rea de West Sacramento.  <\/p>\n\n    <div class=\"featured-testimonial-block bg-primary py-5 text-body\" id=\"featured-testimonial-block_c2093101f5a58d16161b6235ed4ecfa4\">\n        <div class=\"container\">\n            <div class=\"row justify-content-center\">\n                <div class=\"col-md-10 py-4\">\n                    <blockquote class=\"testimonials-blockquote mb-0 bg-light p-3 p-md-4 p-lg-5 position-relative\" style=\"border-radius: 2rem\">\n                        <svg class=\"testimonials-icon\" width=\"69\" height=\"69\" viewBox=\"0 0 69 69\" fill=\"none\" xmlns=\"http:\/\/www.w3.org\/2000\/svg\">\n                            <g filter=\"url(#filter0_d_1402_180)\">\n                            <circle cx=\"34.2612\" cy=\"33\" r=\"33\" fill=\"var(--primary)\"\/>\n                            <\/g>\n                            <path d=\"M22.757 19C17.1184 19 12.5473 23.6201 12.5473 29.3195C12.5473 35.0169 17.1184 39.6369 22.757 39.6369V46.3726C28.8237 43.1504 32.9668 36.7277 32.9668 29.3195C32.9668 23.6201 28.3957 19 22.757 19Z\" fill=\"white\"\/>\n                            <path d=\"M45.7892 19C40.1517 19 35.5803 23.6201 35.5803 29.3195C35.5803 35.0169 40.1517 39.6369 45.7892 39.6369V46.3726C51.8561 43.1504 56 36.7277 56 29.3195C56 23.6201 51.4285 19 45.7892 19Z\" fill=\"white\"\/>\n                        <\/svg>\n                        <div class=\"content\">Excelente servicio, recomendar\u00eda este lugar 100% llevo viniendo de Yuba City y realmente voy bien a gusto, las chicas son encantadoras y el dr es bien amable 100%<\/div>\n\n                        <div class=\"center-us d-flex align-items-center mt-4\">\n                            <cite class=\"d-block h5 m-0 pr-3 text-black\">Nelida Burgara<\/cite>\n                            <div class=\"testimonials-stars \">\n\t<svg class=\"svg-inline--fa fa-star  fa-w-18\" aria-hidden=\"true\" data-prefix=\"fab\" data-icon=\"star\" role=\"img\" xmlns=\"http:\/\/www.w3.org\/2000\/svg\" viewBox=\"0 0 576 512\" data-fa-i2svg=\"\"><path fill=\"currentColor\" d=\"M259.3 17.8L194 150.2 47.9 171.5c-26.2 3.8-36.7 36.1-17.7 54.6l105.7 103-25 145.5c-4.5 26.3 23.2 46 46.4 33.7L288 439.6l130.7 68.7c23.2 12.2 50.9-7.4 46.4-33.7l-25-145.5 105.7-103c19-18.5 8.5-50.8-17.7-54.6L382 150.2 316.7 17.8c-11.7-23.6-45.6-23.9-57.4 0z\"><\/path><\/svg>\t<svg class=\"svg-inline--fa fa-star  fa-w-18\" aria-hidden=\"true\" data-prefix=\"fab\" data-icon=\"star\" role=\"img\" xmlns=\"http:\/\/www.w3.org\/2000\/svg\" viewBox=\"0 0 576 512\" data-fa-i2svg=\"\"><path fill=\"currentColor\" d=\"M259.3 17.8L194 150.2 47.9 171.5c-26.2 3.8-36.7 36.1-17.7 54.6l105.7 103-25 145.5c-4.5 26.3 23.2 46 46.4 33.7L288 439.6l130.7 68.7c23.2 12.2 50.9-7.4 46.4-33.7l-25-145.5 105.7-103c19-18.5 8.5-50.8-17.7-54.6L382 150.2 316.7 17.8c-11.7-23.6-45.6-23.9-57.4 0z\"><\/path><\/svg>\t<svg class=\"svg-inline--fa fa-star  fa-w-18\" aria-hidden=\"true\" data-prefix=\"fab\" data-icon=\"star\" role=\"img\" xmlns=\"http:\/\/www.w3.org\/2000\/svg\" viewBox=\"0 0 576 512\" data-fa-i2svg=\"\"><path fill=\"currentColor\" d=\"M259.3 17.8L194 150.2 47.9 171.5c-26.2 3.8-36.7 36.1-17.7 54.6l105.7 103-25 145.5c-4.5 26.3 23.2 46 46.4 33.7L288 439.6l130.7 68.7c23.2 12.2 50.9-7.4 46.4-33.7l-25-145.5 105.7-103c19-18.5 8.5-50.8-17.7-54.6L382 150.2 316.7 17.8c-11.7-23.6-45.6-23.9-57.4 0z\"><\/path><\/svg>\t<svg class=\"svg-inline--fa fa-star  fa-w-18\" aria-hidden=\"true\" data-prefix=\"fab\" data-icon=\"star\" role=\"img\" xmlns=\"http:\/\/www.w3.org\/2000\/svg\" viewBox=\"0 0 576 512\" data-fa-i2svg=\"\"><path fill=\"currentColor\" d=\"M259.3 17.8L194 150.2 47.9 171.5c-26.2 3.8-36.7 36.1-17.7 54.6l105.7 103-25 145.5c-4.5 26.3 23.2 46 46.4 33.7L288 439.6l130.7 68.7c23.2 12.2 50.9-7.4 46.4-33.7l-25-145.5 105.7-103c19-18.5 8.5-50.8-17.7-54.6L382 150.2 316.7 17.8c-11.7-23.6-45.6-23.9-57.4 0z\"><\/path><\/svg>\t<svg class=\"svg-inline--fa fa-star  fa-w-18\" aria-hidden=\"true\" data-prefix=\"fab\" data-icon=\"star\" role=\"img\" xmlns=\"http:\/\/www.w3.org\/2000\/svg\" viewBox=\"0 0 576 512\" data-fa-i2svg=\"\"><path fill=\"currentColor\" d=\"M259.3 17.8L194 150.2 47.9 171.5c-26.2 3.8-36.7 36.1-17.7 54.6l105.7 103-25 145.5c-4.5 26.3 23.2 46 46.4 33.7L288 439.6l130.7 68.7c23.2 12.2 50.9-7.4 46.4-33.7l-25-145.5 105.7-103c19-18.5 8.5-50.8-17.7-54.6L382 150.2 316.7 17.8c-11.7-23.6-45.6-23.9-57.4 0z\"><\/path><\/svg><\/div>                        <\/div>\n                    <\/blockquote>\n                <\/div>\n            <\/div>\n        <\/div>\n    <\/div>\n\n<div class=\"wp-block-media-text alignwide is-stacked-on-mobile\"><figure class=\"wp-block-media-text__media\"><img loading=\"lazy\" decoding=\"async\" width=\"960\" height=\"960\" src=\"https:\/\/www.dentistinwoodland.com\/wp-content\/uploads\/2025\/04\/bigstock-Portrait-of-a-smiling-happy-yo-126827060-medium.jpg\" alt=\"Retrato de un joven hombre sonriente y feliz descansando sentado en un sof\u00e1. Hombre atractivo mirando a la c\u00e1mara. Joven latino relaj\u00e1ndose en casa. Hombre descansando en el sof\u00e1 con el brazo detr\u00e1s de la cabeza.   \" class=\"wp-image-1029 size-full\" srcset=\"https:\/\/www.dentistinwoodland.com\/wp-content\/uploads\/2025\/04\/bigstock-Portrait-of-a-smiling-happy-yo-126827060-medium.jpg 960w, https:\/\/www.dentistinwoodland.com\/wp-content\/uploads\/2025\/04\/bigstock-Portrait-of-a-smiling-happy-yo-126827060-medium-300x300.jpg 300w, https:\/\/www.dentistinwoodland.com\/wp-content\/uploads\/2025\/04\/bigstock-Portrait-of-a-smiling-happy-yo-126827060-medium-768x768.jpg 768w, https:\/\/www.dentistinwoodland.com\/wp-content\/uploads\/2025\/04\/bigstock-Portrait-of-a-smiling-happy-yo-126827060-medium-192x192.jpg 192w, https:\/\/www.dentistinwoodland.com\/wp-content\/uploads\/2025\/04\/bigstock-Portrait-of-a-smiling-happy-yo-126827060-medium-32x32.jpg 32w\" sizes=\"auto, (max-width: 960px) 100vw, 960px\" \/><\/figure><div class=\"wp-block-media-text__content\">\n<h2 class=\"wp-block-heading\">\u00bfQu\u00e9 es un puente dental?<\/h2>\n\n\n\n<p>Un puente dental es un dispositivo prot\u00e9sico fijo que llena el espacio dejado por uno o m\u00e1s dientes faltantes. Normalmente consiste en uno o m\u00e1s dientes artificiales (llamados p\u00f3nticos) que se anclan en su lugar mediante coronas en los dientes naturales o implantes adyacentes al espacio. Los puentes no solo restauran tu capacidad para masticar y hablar correctamente, sino que tambi\u00e9n evitan que los dientes circundantes se desplacen.  <\/p>\n\n\n\n<h2 class=\"wp-block-heading\">Tipos de puentes dentales que ofrecemos<\/h2>\n\n\n\n<p>En Woodland Family Dental, ofrecemos varios tipos de puentes para adaptarnos a tus necesidades individuales:<\/p>\n\n\n<div class=\"column-content-block\" id=\"column-content-block_2dddb6a911421c41e5d399b193d3f65f\">\n            <div class=\"row\">\n                            <div class=\"col-md-6\">\n                    <div class=\"column-content\" id=\"column-content-block_2dddb6a911421c41e5d399b193d3f65f-column-0\">\n                                                    <h3 class=\"h4\">Puentes tradicionales<\/h3>\n                                                <div class=\"column-wysiwyg\">\n                            <p>Anclados a los dientes naturales a ambos lados del espacio mediante coronas dentales.<\/p>\n                        <\/div>\n                    <\/div>\n                <\/div>\n                            <div class=\"col-md-6\">\n                    <div class=\"column-content\" id=\"column-content-block_2dddb6a911421c41e5d399b193d3f65f-column-1\">\n                                                    <h3 class=\"h4\">Puentes soportados por implantes<\/h3>\n                                                <div class=\"column-wysiwyg\">\n                            <p>Asegurados a implantes dentales para mayor estabilidad y preservaci\u00f3n del hueso mandibular.<\/p>\n                        <\/div>\n                    <\/div>\n                <\/div>\n                            <div class=\"col-md-6\">\n                    <div class=\"column-content\" id=\"column-content-block_2dddb6a911421c41e5d399b193d3f65f-column-2\">\n                                                    <h3 class=\"h4\">Puentes cantil\u00e9ver<\/h3>\n                                                <div class=\"column-wysiwyg\">\n                            <p>Usados cuando solo un diente natural est\u00e1 adyacente al espacio del diente faltante.<\/p>\n                        <\/div>\n                    <\/div>\n                <\/div>\n                    <\/div>\n    <\/div>\n\n\n<p>Nuestros dentistas evaluar\u00e1n tu salud oral y recomendar\u00e1n el mejor tipo de puente seg\u00fan tu caso particular.<\/p>\n<\/div><\/div>\n\n<div class=\"wp-block-media-text alignwide has-media-on-the-right is-stacked-on-mobile\"><div class=\"wp-block-media-text__content\">\n<h2 class=\"wp-block-heading\">Los beneficios que cambian vidas de los puentes dentales<\/h2>\n\n\n\n<p>Reemplazar un diente faltante es m\u00e1s que est\u00e9tica. Los puentes dentales ofrecen ventajas funcionales y de salud: <\/p>\n\n\n<div class=\"column-content-block\" id=\"column-content-block_322acc146f410f6b8d162996dd1dcaf4\">\n            <div class=\"row\">\n                            <div class=\"col-md-6\">\n                    <div class=\"column-content\" id=\"column-content-block_322acc146f410f6b8d162996dd1dcaf4-column-0\">\n                                                    <h3 class=\"h4\">Restaura la masticaci\u00f3n y el habla adecuados<\/h3>\n                                                <div class=\"column-wysiwyg\">\n                            <p>Hace que comer y hablar sean m\u00e1s c\u00f3modos y naturales.<\/p>\n                        <\/div>\n                    <\/div>\n                <\/div>\n                            <div class=\"col-md-6\">\n                    <div class=\"column-content\" id=\"column-content-block_322acc146f410f6b8d162996dd1dcaf4-column-1\">\n                                                    <h3 class=\"h4\">Previene el desplazamiento de los dientes<\/h3>\n                                                <div class=\"column-wysiwyg\">\n                            <p>Mantiene la alineaci\u00f3n de tus dientes naturales y evita problemas de mordida.<\/p>\n                        <\/div>\n                    <\/div>\n                <\/div>\n                            <div class=\"col-md-6\">\n                    <div class=\"column-content\" id=\"column-content-block_322acc146f410f6b8d162996dd1dcaf4-column-2\">\n                                                    <h3 class=\"h4\">Preserva la forma facial<\/h3>\n                                                <div class=\"column-wysiwyg\">\n                            <p>Ayuda a prevenir el aspecto hundido que puede ocurrir cuando faltan dientes.<\/p>\n                        <\/div>\n                    <\/div>\n                <\/div>\n                            <div class=\"col-md-6\">\n                    <div class=\"column-content\" id=\"column-content-block_322acc146f410f6b8d162996dd1dcaf4-column-3\">\n                                                    <h3 class=\"h4\">Mejora la autoestima<\/h3>\n                                                <div class=\"column-wysiwyg\">\n                            <p>Te da la confianza para sonre\u00edr, re\u00edr y hablar sin vacilaci\u00f3n.<\/p>\n                        <\/div>\n                    <\/div>\n                <\/div>\n                    <\/div>\n    <\/div>\n\n\n<p>Seg\u00fan el Colegio Americano de Prostodoncistas, aproximadamente 178 millones de estadounidenses tienen al menos un diente faltante y casi 40 millones carecen de todos sus dientes. Los puentes dentales siguen siendo una opci\u00f3n ampliamente recomendada y rentable para restaurar estos espacios. <\/p>\n\n\n\n<h2 class=\"wp-block-heading\">Tecnolog\u00eda avanzada, resultados hermosos<\/h2>\n\n\n\n<p>En Woodland Family Dental usamos im\u00e1genes digitales, escaneo intraoral y coordinaci\u00f3n precisa con el laboratorio dental para dise\u00f1ar puentes que se integren perfectamente a tu sonrisa. Nuestros materiales son fuertes, duraderos y tienen una apariencia muy natural. Nos esforzamos en igualar la forma y color de tus dientes naturales para que la restauraci\u00f3n sea funcional y est\u00e9ticamente agradable.  <\/p>\n\n\n\n<h2 class=\"wp-block-heading\">\u00bfEres candidato para un puente dental?<\/h2>\n\n\n\n<p>Puedes beneficiarte de un puente dental si:<\/p>\n\n\n\n<ul class=\"wp-block-list c3 lst-kix_yywglahrlnhg-0 start\">\n<li>Faltan uno o m\u00e1s dientes en la misma zona<\/li>\n\n\n\n<li>Tienes dientes sanos o implantes adyacentes al espacio<\/li>\n\n\n\n<li>Quieres una soluci\u00f3n fija, no removible<\/li>\n\n\n\n<li>Buscas una alternativa a las dentaduras parciales removibles<\/li>\n<\/ul>\n\n\n\n<p>Ofrecemos consultas en Woodland para evaluar tu salud oral y determinar la mejor forma de restaurar tu sonrisa.<\/p>\n<\/div><figure class=\"wp-block-media-text__media\"><img loading=\"lazy\" decoding=\"async\" width=\"960\" height=\"960\" src=\"https:\/\/www.dentistinwoodland.com\/wp-content\/uploads\/2025\/04\/7.jpg\" alt=\"Un dentista con gafas protectoras examina a un paciente en una silla dental, con equipo dental y un monitor visibles en la sala de tratamiento.\" class=\"wp-image-2001 size-full\" srcset=\"https:\/\/www.dentistinwoodland.com\/wp-content\/uploads\/2025\/04\/7.jpg 960w, https:\/\/www.dentistinwoodland.com\/wp-content\/uploads\/2025\/04\/7-300x300.jpg 300w, https:\/\/www.dentistinwoodland.com\/wp-content\/uploads\/2025\/04\/7-768x768.jpg 768w, https:\/\/www.dentistinwoodland.com\/wp-content\/uploads\/2025\/04\/7-192x192.jpg 192w, https:\/\/www.dentistinwoodland.com\/wp-content\/uploads\/2025\/04\/7-32x32.jpg 32w\" sizes=\"auto, (max-width: 960px) 100vw, 960px\" \/><\/figure><\/div>\n\n<div class=\"bio bg-light flc-section-padding\">\n    <div class=\"container\">\n        <div class=\"row align-items-center\">\n                            <div class=\"col-md-6 mb-4 mb-md-0\">\n                    <img loading=\"lazy\" decoding=\"async\" width=\"960\" height=\"960\" src=\"https:\/\/www.dentistinwoodland.com\/wp-content\/uploads\/2025\/04\/2.jpg\" class=\"img-fluid\" alt=\"Dos mujeres sonrientes se sientan detr\u00e1s de un mostrador de recepci\u00f3n con revistas y carteles informativos, en una sala de espera de una oficina con un cartel en la pared que dice &quot;Nos reservamos el derecho de rechazar el servicio a cualquier persona&quot;.\" srcset=\"https:\/\/www.dentistinwoodland.com\/wp-content\/uploads\/2025\/04\/2.jpg 960w, https:\/\/www.dentistinwoodland.com\/wp-content\/uploads\/2025\/04\/2-300x300.jpg 300w, https:\/\/www.dentistinwoodland.com\/wp-content\/uploads\/2025\/04\/2-768x768.jpg 768w, https:\/\/www.dentistinwoodland.com\/wp-content\/uploads\/2025\/04\/2-192x192.jpg 192w, https:\/\/www.dentistinwoodland.com\/wp-content\/uploads\/2025\/04\/2-32x32.jpg 32w\" sizes=\"auto, (max-width: 960px) 100vw, 960px\" \/>                <\/div>\n                        <div class=\"col-md-6 pl-md-5\">\n                                    <h2>Atenci\u00f3n dental integral y familiar<\/h2>\n                \n                                    <p>En Woodland Family Dental, creemos que todo el mundo merece una experiencia dental positiva. Nuestro equipo se dedica a crear un ambiente acogedor para los pacientes de todas las edades, asegurando que cada visita es libre de estr\u00e9s y adaptado a sus necesidades \u00fanicas. Combinamos el estado de la t\u00e9cnica dental con un enfoque compasivo, por lo que la atenci\u00f3n dental de alta calidad accesible a las personas y familias a trav\u00e9s de Woodland y West Sacramento.<\/p>\n                \n                                    <a class=\"btn btn-outline-primary\" href=\"https:\/\/www.dentistinwoodland.com\/es\/acerca-de-nosotros\/\" target=\"_self\">\n                        Acerca de nosotros                    <\/a>\n                            <\/div>\n        <\/div>\n    <\/div>\n<\/div>\n<h2 class=\"wp-block-heading\">Reemplaza los dientes faltantes con confianza en Woodland<\/h2>\n\n<p>No permitas que la falta de dientes afecte tu calidad de vida. Un puente dental personalizado de Woodland Family Dental puede ayudarte a recuperar una sonrisa completa y segura que funcione tan bien como se ve. Nuestro equipo amable est\u00e1 aqu\u00ed para guiarte en cada paso con tecnolog\u00eda avanzada y atenci\u00f3n personalizada.  <\/p>\n\n<p><a href=\"https:\/\/app.nexhealth.com\/appts\/ora-dentistry?lid=334187\" class=\"contact_anchor \"><span>Agenda tu consulta hoy<\/span><\/a> para aprender m\u00e1s sobre los puentes dentales y descubrir cu\u00e1l opci\u00f3n es la adecuada para ti.<\/p>\n","protected":false},"excerpt":{"rendered":"<p>Los dientes faltantes pueden afectar m\u00e1s que tu apariencia: pueden causar dificultad para masticar, desplazamiento de los dientes e incluso p\u00e9rdida \u00f3sea con el tiempo. En Woodland Family Dental, ofrecemos puentes dentales personalizados para reemplazar los dientes ausentes y restaurar la salud, funci\u00f3n y belleza de tu sonrisa. Ya sea que hayas perdido un diente&hellip; <a href=\"https:\/\/www.dentistinwoodland.com\/es\/procedimientos\/odontologia-estetica\/puentes-dentales\/\" class=\"btn btn-outline-primary position-absolute more-link\"> Seguir leyendo <span class=\"sr-only\"> acerca de Puentes dentales<\/span><\/a><\/p>\n","protected":false},"author":2,"featured_media":1027,"parent":2179,"menu_order":0,"comment_status":"closed","ping_status":"closed","template":"template-fullwidth.php","meta":{"_acf_changed":false,"footnotes":""},"class_list":["post-2183","page","type-page","status-publish","has-post-thumbnail"],"acf":[],"yoast_head":"<!-- This site is optimized with the Yoast SEO plugin v26.6 - https:\/\/yoast.com\/wordpress\/plugins\/seo\/ -->\n<title>Puentes dentales | Woodland Family Dental<\/title>\n<meta name=\"description\" content=\"Reemplaza los dientes faltantes con puentes dentales en Woodland Family Dental en Woodland y West Sacramento. Restaura la masticaci\u00f3n, la confianza y tu sonrisa con atenci\u00f3n avanzada y personalizada.\" \/>\n<meta name=\"robots\" content=\"index, follow, max-snippet:-1, max-image-preview:large, max-video-preview:-1\" \/>\n<link rel=\"canonical\" href=\"https:\/\/www.dentistinwoodland.com\/es\/procedimientos\/odontologia-estetica\/puentes-dentales\/\" \/>\n<meta property=\"og:locale\" content=\"es_ES\" \/>\n<meta property=\"og:type\" content=\"article\" \/>\n<meta property=\"og:title\" content=\"Puentes dentales | Woodland Family Dental\" \/>\n<meta property=\"og:description\" content=\"Reemplaza los dientes faltantes con puentes dentales en Woodland Family Dental en Woodland y West Sacramento. Restaura la masticaci\u00f3n, la confianza y tu sonrisa con atenci\u00f3n avanzada y personalizada.\" \/>\n<meta property=\"og:url\" content=\"https:\/\/www.dentistinwoodland.com\/es\/procedimientos\/odontologia-estetica\/puentes-dentales\/\" \/>\n<meta property=\"og:site_name\" content=\"Woodland Family Dental\" \/>\n<meta property=\"article:modified_time\" content=\"2025-05-13T08:29:06+00:00\" \/>\n<meta property=\"og:image\" content=\"https:\/\/www.dentistinwoodland.com\/wp-content\/uploads\/2025\/04\/bigstock-Young-handsome-man-leaning-aga-144818420-xxlarge.jpg\" \/><meta property=\"og:image\" content=\"https:\/\/www.dentistinwoodland.com\/wp-content\/uploads\/2025\/04\/bigstock-Smiling-woman-with-a-cup-on-co-24876002-xxlarge.jpg\" \/>\n\t<meta property=\"og:image:width\" content=\"1920\" \/>\n\t<meta property=\"og:image:height\" content=\"768\" \/>\n\t<meta property=\"og:image:type\" content=\"image\/jpeg\" \/>\n<meta name=\"twitter:card\" content=\"summary_large_image\" \/>\n<meta name=\"twitter:image\" content=\"https:\/\/www.dentistinwoodland.com\/wp-content\/uploads\/2025\/04\/bigstock-Young-handsome-man-leaning-aga-144818420-xxlarge.jpg\" \/>\n<meta name=\"twitter:label1\" content=\"Tiempo de lectura\" \/>\n\t<meta name=\"twitter:data1\" content=\"2 minutos\" \/>\n<!-- \/ Yoast SEO plugin. -->","yoast_head_json":{"title":"Puentes dentales | Woodland Family Dental","description":"Reemplaza los dientes faltantes con puentes dentales en Woodland Family Dental en Woodland y West Sacramento. Restaura la masticaci\u00f3n, la confianza y tu sonrisa con atenci\u00f3n avanzada y personalizada.","robots":{"index":"index","follow":"follow","max-snippet":"max-snippet:-1","max-image-preview":"max-image-preview:large","max-video-preview":"max-video-preview:-1"},"canonical":"https:\/\/www.dentistinwoodland.com\/es\/procedimientos\/odontologia-estetica\/puentes-dentales\/","og_locale":"es_ES","og_type":"article","og_title":"Puentes dentales | Woodland Family Dental","og_description":"Reemplaza los dientes faltantes con puentes dentales en Woodland Family Dental en Woodland y West Sacramento. Restaura la masticaci\u00f3n, la confianza y tu sonrisa con atenci\u00f3n avanzada y personalizada.","og_url":"https:\/\/www.dentistinwoodland.com\/es\/procedimientos\/odontologia-estetica\/puentes-dentales\/","og_site_name":"Woodland Family Dental","article_modified_time":"2025-05-13T08:29:06+00:00","og_image":[{"url":"https:\/\/www.dentistinwoodland.com\/wp-content\/uploads\/2025\/04\/bigstock-Young-handsome-man-leaning-aga-144818420-xxlarge.jpg","type":"","width":"","height":""},{"width":1920,"height":768,"url":"https:\/\/www.dentistinwoodland.com\/wp-content\/uploads\/2025\/04\/bigstock-Smiling-woman-with-a-cup-on-co-24876002-xxlarge.jpg","type":"image\/jpeg"}],"twitter_card":"summary_large_image","twitter_image":"https:\/\/www.dentistinwoodland.com\/wp-content\/uploads\/2025\/04\/bigstock-Young-handsome-man-leaning-aga-144818420-xxlarge.jpg","twitter_misc":{"Tiempo de lectura":"2 minutos"},"schema":{"@context":"https:\/\/schema.org","@graph":[{"@type":"WebPage","@id":"https:\/\/www.dentistinwoodland.com\/es\/procedimientos\/odontologia-estetica\/puentes-dentales\/","url":"https:\/\/www.dentistinwoodland.com\/es\/procedimientos\/odontologia-estetica\/puentes-dentales\/","name":"Puentes dentales | Woodland Family Dental","isPartOf":{"@id":"https:\/\/www.dentistinwoodland.com\/es\/#website"},"primaryImageOfPage":{"@id":"https:\/\/www.dentistinwoodland.com\/es\/procedimientos\/odontologia-estetica\/puentes-dentales\/#primaryimage"},"image":{"@id":"https:\/\/www.dentistinwoodland.com\/es\/procedimientos\/odontologia-estetica\/puentes-dentales\/#primaryimage"},"thumbnailUrl":"https:\/\/www.dentistinwoodland.com\/wp-content\/uploads\/2025\/04\/bigstock-Smiling-woman-with-a-cup-on-co-24876002-xxlarge.jpg","datePublished":"2023-01-17T19:07:53+00:00","dateModified":"2025-05-13T08:29:06+00:00","description":"Reemplaza los dientes faltantes con puentes dentales en Woodland Family Dental en Woodland y West Sacramento. Restaura la masticaci\u00f3n, la confianza y tu sonrisa con atenci\u00f3n avanzada y personalizada.","breadcrumb":{"@id":"https:\/\/www.dentistinwoodland.com\/es\/procedimientos\/odontologia-estetica\/puentes-dentales\/#breadcrumb"},"inLanguage":"es","potentialAction":[{"@type":"ReadAction","target":["https:\/\/www.dentistinwoodland.com\/es\/procedimientos\/odontologia-estetica\/puentes-dentales\/"]}]},{"@type":"ImageObject","inLanguage":"es","@id":"https:\/\/www.dentistinwoodland.com\/es\/procedimientos\/odontologia-estetica\/puentes-dentales\/#primaryimage","url":"https:\/\/www.dentistinwoodland.com\/wp-content\/uploads\/2025\/04\/bigstock-Smiling-woman-with-a-cup-on-co-24876002-xxlarge.jpg","contentUrl":"https:\/\/www.dentistinwoodland.com\/wp-content\/uploads\/2025\/04\/bigstock-Smiling-woman-with-a-cup-on-co-24876002-xxlarge.jpg","width":1920,"height":768,"caption":"Una mujer de pelo largo est\u00e1 sentada en un sof\u00e1 blanco con una taza blanca en la mano, sonr\u00ede y mira a su derecha."},{"@type":"BreadcrumbList","@id":"https:\/\/www.dentistinwoodland.com\/es\/procedimientos\/odontologia-estetica\/puentes-dentales\/#breadcrumb","itemListElement":[{"@type":"ListItem","position":1,"name":"Home","item":"https:\/\/www.dentistinwoodland.com\/es\/inicio\/"},{"@type":"ListItem","position":2,"name":"Procedimientos","item":"https:\/\/www.dentistinwoodland.com\/es\/procedimientos\/"},{"@type":"ListItem","position":3,"name":"Odontolog\u00eda Est\u00e9tica","item":"https:\/\/www.dentistinwoodland.com\/es\/procedimientos\/odontologia-estetica\/"},{"@type":"ListItem","position":4,"name":"Puentes dentales"}]},{"@type":"WebSite","@id":"https:\/\/www.dentistinwoodland.com\/es\/#website","url":"https:\/\/www.dentistinwoodland.com\/es\/","name":"Woodland Family Dental","description":"","potentialAction":[{"@type":"SearchAction","target":{"@type":"EntryPoint","urlTemplate":"https:\/\/www.dentistinwoodland.com\/es\/?s={search_term_string}"},"query-input":{"@type":"PropertyValueSpecification","valueRequired":true,"valueName":"search_term_string"}}],"inLanguage":"es"}]}},"_links":{"self":[{"href":"https:\/\/www.dentistinwoodland.com\/es\/wp-json\/wp\/v2\/pages\/2183","targetHints":{"allow":["GET"]}}],"collection":[{"href":"https:\/\/www.dentistinwoodland.com\/es\/wp-json\/wp\/v2\/pages"}],"about":[{"href":"https:\/\/www.dentistinwoodland.com\/es\/wp-json\/wp\/v2\/types\/page"}],"author":[{"embeddable":true,"href":"https:\/\/www.dentistinwoodland.com\/es\/wp-json\/wp\/v2\/users\/2"}],"replies":[{"embeddable":true,"href":"https:\/\/www.dentistinwoodland.com\/es\/wp-json\/wp\/v2\/comments?post=2183"}],"version-history":[{"count":1,"href":"https:\/\/www.dentistinwoodland.com\/es\/wp-json\/wp\/v2\/pages\/2183\/revisions"}],"predecessor-version":[{"id":2184,"href":"https:\/\/www.dentistinwoodland.com\/es\/wp-json\/wp\/v2\/pages\/2183\/revisions\/2184"}],"up":[{"embeddable":true,"href":"https:\/\/www.dentistinwoodland.com\/es\/wp-json\/wp\/v2\/pages\/2179"}],"wp:featuredmedia":[{"embeddable":true,"href":"https:\/\/www.dentistinwoodland.com\/es\/wp-json\/wp\/v2\/media\/1027"}],"wp:attachment":[{"href":"https:\/\/www.dentistinwoodland.com\/es\/wp-json\/wp\/v2\/media?parent=2183"}],"curies":[{"name":"wp","href":"https:\/\/api.w.org\/{rel}","templated":true}]}}