{"id":2181,"date":"2023-01-17T14:07:53","date_gmt":"2023-01-17T19:07:53","guid":{"rendered":"https:\/\/www.dentistinwoodland.com\/procedimientos\/odontologia-estetica\/empastes-de-composite\/"},"modified":"2025-05-13T03:14:39","modified_gmt":"2025-05-13T08:14:39","slug":"empastes-de-composite","status":"publish","type":"page","link":"https:\/\/www.dentistinwoodland.com\/es\/procedimientos\/odontologia-estetica\/empastes-de-composite\/","title":{"rendered":"Empastes de composite"},"content":{"rendered":"\n<p>En Woodland Family Dental, ofrecemos empastes de composite, tambi\u00e9n conocidos como empastes del color del diente o empastes blancos, como <a href=\"https:\/\/www.dentistinwoodland.com\/cosmetic-dentistry\/\">una soluci\u00f3n moderna y est\u00e9tica<\/a> para tratar las caries y da\u00f1os menores en los dientes. Estos empastes est\u00e1n dise\u00f1ados para integrarse perfectamente con tus dientes naturales, lo que los convierte en una opci\u00f3n ideal para pacientes que desean tanto funcionalidad como belleza en sus restauraciones dentales. <\/p>\n\n    <div class=\"featured-testimonial-block bg-primary py-5 text-body\" id=\"featured-testimonial-block_7a9e70edf4bc8d0a6409fd16e5ff90de\">\n        <div class=\"container\">\n            <div class=\"row justify-content-center\">\n                <div class=\"col-md-10 py-4\">\n                    <blockquote class=\"testimonials-blockquote mb-0 bg-light p-3 p-md-4 p-lg-5 position-relative\" style=\"border-radius: 2rem\">\n                        <svg class=\"testimonials-icon\" width=\"69\" height=\"69\" viewBox=\"0 0 69 69\" fill=\"none\" xmlns=\"http:\/\/www.w3.org\/2000\/svg\">\n                            <g filter=\"url(#filter0_d_1402_180)\">\n                            <circle cx=\"34.2612\" cy=\"33\" r=\"33\" fill=\"var(--primary)\"\/>\n                            <\/g>\n                            <path d=\"M22.757 19C17.1184 19 12.5473 23.6201 12.5473 29.3195C12.5473 35.0169 17.1184 39.6369 22.757 39.6369V46.3726C28.8237 43.1504 32.9668 36.7277 32.9668 29.3195C32.9668 23.6201 28.3957 19 22.757 19Z\" fill=\"white\"\/>\n                            <path d=\"M45.7892 19C40.1517 19 35.5803 23.6201 35.5803 29.3195C35.5803 35.0169 40.1517 39.6369 45.7892 39.6369V46.3726C51.8561 43.1504 56 36.7277 56 29.3195C56 23.6201 51.4285 19 45.7892 19Z\" fill=\"white\"\/>\n                        <\/svg>\n                        <div class=\"content\">Excelente servicio, recomendar\u00eda este lugar 100% llevo viniendo de Yuba City y realmente voy bien a gusto, las chicas son encantadoras y el dr es bien amable 100%<\/div>\n\n                        <div class=\"center-us d-flex align-items-center mt-4\">\n                            <cite class=\"d-block h5 m-0 pr-3 text-black\">Nelida Burgara<\/cite>\n                            <div class=\"testimonials-stars \">\n\t<svg class=\"svg-inline--fa fa-star  fa-w-18\" aria-hidden=\"true\" data-prefix=\"fab\" data-icon=\"star\" role=\"img\" xmlns=\"http:\/\/www.w3.org\/2000\/svg\" viewBox=\"0 0 576 512\" data-fa-i2svg=\"\"><path fill=\"currentColor\" d=\"M259.3 17.8L194 150.2 47.9 171.5c-26.2 3.8-36.7 36.1-17.7 54.6l105.7 103-25 145.5c-4.5 26.3 23.2 46 46.4 33.7L288 439.6l130.7 68.7c23.2 12.2 50.9-7.4 46.4-33.7l-25-145.5 105.7-103c19-18.5 8.5-50.8-17.7-54.6L382 150.2 316.7 17.8c-11.7-23.6-45.6-23.9-57.4 0z\"><\/path><\/svg>\t<svg class=\"svg-inline--fa fa-star  fa-w-18\" aria-hidden=\"true\" data-prefix=\"fab\" data-icon=\"star\" role=\"img\" xmlns=\"http:\/\/www.w3.org\/2000\/svg\" viewBox=\"0 0 576 512\" data-fa-i2svg=\"\"><path fill=\"currentColor\" d=\"M259.3 17.8L194 150.2 47.9 171.5c-26.2 3.8-36.7 36.1-17.7 54.6l105.7 103-25 145.5c-4.5 26.3 23.2 46 46.4 33.7L288 439.6l130.7 68.7c23.2 12.2 50.9-7.4 46.4-33.7l-25-145.5 105.7-103c19-18.5 8.5-50.8-17.7-54.6L382 150.2 316.7 17.8c-11.7-23.6-45.6-23.9-57.4 0z\"><\/path><\/svg>\t<svg class=\"svg-inline--fa fa-star  fa-w-18\" aria-hidden=\"true\" data-prefix=\"fab\" data-icon=\"star\" role=\"img\" xmlns=\"http:\/\/www.w3.org\/2000\/svg\" viewBox=\"0 0 576 512\" data-fa-i2svg=\"\"><path fill=\"currentColor\" d=\"M259.3 17.8L194 150.2 47.9 171.5c-26.2 3.8-36.7 36.1-17.7 54.6l105.7 103-25 145.5c-4.5 26.3 23.2 46 46.4 33.7L288 439.6l130.7 68.7c23.2 12.2 50.9-7.4 46.4-33.7l-25-145.5 105.7-103c19-18.5 8.5-50.8-17.7-54.6L382 150.2 316.7 17.8c-11.7-23.6-45.6-23.9-57.4 0z\"><\/path><\/svg>\t<svg class=\"svg-inline--fa fa-star  fa-w-18\" aria-hidden=\"true\" data-prefix=\"fab\" data-icon=\"star\" role=\"img\" xmlns=\"http:\/\/www.w3.org\/2000\/svg\" viewBox=\"0 0 576 512\" data-fa-i2svg=\"\"><path fill=\"currentColor\" d=\"M259.3 17.8L194 150.2 47.9 171.5c-26.2 3.8-36.7 36.1-17.7 54.6l105.7 103-25 145.5c-4.5 26.3 23.2 46 46.4 33.7L288 439.6l130.7 68.7c23.2 12.2 50.9-7.4 46.4-33.7l-25-145.5 105.7-103c19-18.5 8.5-50.8-17.7-54.6L382 150.2 316.7 17.8c-11.7-23.6-45.6-23.9-57.4 0z\"><\/path><\/svg>\t<svg class=\"svg-inline--fa fa-star  fa-w-18\" aria-hidden=\"true\" data-prefix=\"fab\" data-icon=\"star\" role=\"img\" xmlns=\"http:\/\/www.w3.org\/2000\/svg\" viewBox=\"0 0 576 512\" data-fa-i2svg=\"\"><path fill=\"currentColor\" d=\"M259.3 17.8L194 150.2 47.9 171.5c-26.2 3.8-36.7 36.1-17.7 54.6l105.7 103-25 145.5c-4.5 26.3 23.2 46 46.4 33.7L288 439.6l130.7 68.7c23.2 12.2 50.9-7.4 46.4-33.7l-25-145.5 105.7-103c19-18.5 8.5-50.8-17.7-54.6L382 150.2 316.7 17.8c-11.7-23.6-45.6-23.9-57.4 0z\"><\/path><\/svg><\/div>                        <\/div>\n                    <\/blockquote>\n                <\/div>\n            <\/div>\n        <\/div>\n    <\/div>\n\n<div class=\"wp-block-media-text alignwide is-stacked-on-mobile\"><figure class=\"wp-block-media-text__media\"><img loading=\"lazy\" decoding=\"async\" width=\"960\" height=\"960\" src=\"https:\/\/www.dentistinwoodland.com\/wp-content\/uploads\/2025\/04\/bigstock-Portrait-Of-Young-Handsome-Man-70789015-medium.jpg\" alt=\"Retrato de un hombre joven y apuesto sonriendo al aire libre.\" class=\"wp-image-1021 size-full\" srcset=\"https:\/\/www.dentistinwoodland.com\/wp-content\/uploads\/2025\/04\/bigstock-Portrait-Of-Young-Handsome-Man-70789015-medium.jpg 960w, https:\/\/www.dentistinwoodland.com\/wp-content\/uploads\/2025\/04\/bigstock-Portrait-Of-Young-Handsome-Man-70789015-medium-300x300.jpg 300w, https:\/\/www.dentistinwoodland.com\/wp-content\/uploads\/2025\/04\/bigstock-Portrait-Of-Young-Handsome-Man-70789015-medium-768x768.jpg 768w, https:\/\/www.dentistinwoodland.com\/wp-content\/uploads\/2025\/04\/bigstock-Portrait-Of-Young-Handsome-Man-70789015-medium-192x192.jpg 192w, https:\/\/www.dentistinwoodland.com\/wp-content\/uploads\/2025\/04\/bigstock-Portrait-Of-Young-Handsome-Man-70789015-medium-32x32.jpg 32w\" sizes=\"auto, (max-width: 960px) 100vw, 960px\" \/><\/figure><div class=\"wp-block-media-text__content\">\n<h2 class=\"wp-block-heading\">\u00bfQu\u00e9 son los empastes de composite?<\/h2>\n\n\n\n<p>Los empastes de composite est\u00e1n hechos de un material de resina duradero que puede adaptarse al color de tu diente natural. Se utilizan com\u00fanmente para: <\/p>\n\n\n\n<ul class=\"wp-block-list c3 lst-kix_v582adny4d8p-0 start\">\n<li>Reparar caries causadas por la descomposici\u00f3n dental<\/li>\n\n\n\n<li>Restaurar dientes astillados o desgastados<\/li>\n\n\n\n<li>Reemplazar empastes antiguos o da\u00f1ados de amalgama (plata)<\/li>\n<\/ul>\n\n\n\n<p>A diferencia de los empastes tradicionales de amalgama, que son de color plateado y a menudo visibles al sonre\u00edr, los empastes de composite ofrecen una alternativa discreta y atractiva. Tambi\u00e9n se adhieren directamente a la estructura del diente, lo que puede ayudar a fortalecer el diente y preservar m\u00e1s su integridad natural. <\/p>\n<\/div><\/div>\n\n<div class=\"wp-block-media-text alignwide has-media-on-the-right is-stacked-on-mobile\"><div class=\"wp-block-media-text__content\">\n<h2 class=\"wp-block-heading\">Beneficios de los empastes blancos<\/h2>\n\n\n<div class=\"column-content-block\" id=\"column-content-block_a0b099085d82fcb56fe08b1096607442\">\n            <div class=\"row\">\n                            <div class=\"col-md-6\">\n                    <div class=\"column-content\" id=\"column-content-block_a0b099085d82fcb56fe08b1096607442-column-0\">\n                                                    <h3 class=\"h4\">Apariencia natural<\/h3>\n                                                <div class=\"column-wysiwyg\">\n                            <p>Se integra perfectamente con los dientes circundantes para una sonrisa uniforme.<\/p>\n                        <\/div>\n                    <\/div>\n                <\/div>\n                            <div class=\"col-md-6\">\n                    <div class=\"column-content\" id=\"column-content-block_a0b099085d82fcb56fe08b1096607442-column-1\">\n                                                    <h3 class=\"h4\">Sin mercurio<\/h3>\n                                                <div class=\"column-wysiwyg\">\n                            <p>Los empastes de composite no contienen mercurio, lo que los convierte en una alternativa m\u00e1s segura para muchos pacientes.<\/p>\n                        <\/div>\n                    <\/div>\n                <\/div>\n                            <div class=\"col-md-6\">\n                    <div class=\"column-content\" id=\"column-content-block_a0b099085d82fcb56fe08b1096607442-column-2\">\n                                                    <h3 class=\"h4\">M\u00ednimamente invasivos<\/h3>\n                                                <div class=\"column-wysiwyg\">\n                            <p>Requieren menos eliminaci\u00f3n de estructura dental sana en comparaci\u00f3n con la amalgama.<\/p>\n                        <\/div>\n                    <\/div>\n                <\/div>\n                            <div class=\"col-md-6\">\n                    <div class=\"column-content\" id=\"column-content-block_a0b099085d82fcb56fe08b1096607442-column-3\">\n                                                    <h3 class=\"h4\">Duraderos y resistentes<\/h3>\n                                                <div class=\"column-wysiwyg\">\n                            <p>Est\u00e1n dise\u00f1ados para soportar las fuerzas normales de la masticaci\u00f3n, especialmente en restauraciones peque\u00f1as y medianas.<\/p>\n                        <\/div>\n                    <\/div>\n                <\/div>\n                    <\/div>\n    <\/div>\n\n\n<h2 class=\"wp-block-heading\">\u00bfPor qu\u00e9 reemplazar los empastes de plata?<\/h2>\n\n\n\n<p>Los empastes antiguos de amalgama pueden oscurecerse con el tiempo e incluso expandirse o contraerse con los cambios de temperatura, lo que puede provocar grietas en el diente circundante. Reemplazarlos por empastes de composite no solo mejora la apariencia de tu sonrisa, sino que tambi\u00e9n puede proteger la salud a largo plazo de tus dientes. <\/p>\n<\/div><figure class=\"wp-block-media-text__media\"><img loading=\"lazy\" decoding=\"async\" width=\"960\" height=\"960\" src=\"https:\/\/www.dentistinwoodland.com\/wp-content\/uploads\/2025\/04\/12.jpg\" alt=\"A dentist wearing magnifying glasses examines a patient's mouth in a dental clinic.\" class=\"wp-image-2015 size-full\" srcset=\"https:\/\/www.dentistinwoodland.com\/wp-content\/uploads\/2025\/04\/12.jpg 960w, https:\/\/www.dentistinwoodland.com\/wp-content\/uploads\/2025\/04\/12-300x300.jpg 300w, https:\/\/www.dentistinwoodland.com\/wp-content\/uploads\/2025\/04\/12-768x768.jpg 768w, https:\/\/www.dentistinwoodland.com\/wp-content\/uploads\/2025\/04\/12-192x192.jpg 192w, https:\/\/www.dentistinwoodland.com\/wp-content\/uploads\/2025\/04\/12-32x32.jpg 32w\" sizes=\"auto, (max-width: 960px) 100vw, 960px\" \/><\/figure><\/div>\n\n<div class=\"bio bg-light flc-section-padding\">\n    <div class=\"container\">\n        <div class=\"row align-items-center\">\n                            <div class=\"col-md-6 mb-4 mb-md-0\">\n                    <img loading=\"lazy\" decoding=\"async\" width=\"960\" height=\"960\" src=\"https:\/\/www.dentistinwoodland.com\/wp-content\/uploads\/2025\/04\/2.jpg\" class=\"img-fluid\" alt=\"Dos mujeres sonrientes se sientan detr\u00e1s de un mostrador de recepci\u00f3n con revistas y carteles informativos, en una sala de espera de una oficina con un cartel en la pared que dice &quot;Nos reservamos el derecho de rechazar el servicio a cualquier persona&quot;.\" srcset=\"https:\/\/www.dentistinwoodland.com\/wp-content\/uploads\/2025\/04\/2.jpg 960w, https:\/\/www.dentistinwoodland.com\/wp-content\/uploads\/2025\/04\/2-300x300.jpg 300w, https:\/\/www.dentistinwoodland.com\/wp-content\/uploads\/2025\/04\/2-768x768.jpg 768w, https:\/\/www.dentistinwoodland.com\/wp-content\/uploads\/2025\/04\/2-192x192.jpg 192w, https:\/\/www.dentistinwoodland.com\/wp-content\/uploads\/2025\/04\/2-32x32.jpg 32w\" sizes=\"auto, (max-width: 960px) 100vw, 960px\" \/>                <\/div>\n                        <div class=\"col-md-6 pl-md-5\">\n                                    <h2>Atenci\u00f3n dental integral y familiar<\/h2>\n                \n                                    <p>En Woodland Family Dental, creemos que todo el mundo merece una experiencia dental positiva. Nuestro equipo se dedica a crear un ambiente acogedor para los pacientes de todas las edades, asegurando que cada visita es libre de estr\u00e9s y adaptado a sus necesidades \u00fanicas. Combinamos el estado de la t\u00e9cnica dental con un enfoque compasivo, por lo que la atenci\u00f3n dental de alta calidad accesible a las personas y familias a trav\u00e9s de Woodland y West Sacramento.<\/p>\n                \n                                    <a class=\"btn btn-outline-primary\" href=\"https:\/\/www.dentistinwoodland.com\/es\/acerca-de-nosotros\/\" target=\"_self\">\n                        Acerca de nosotros                    <\/a>\n                            <\/div>\n        <\/div>\n    <\/div>\n<\/div>\n<h2 class=\"wp-block-heading\">Empastes del color del diente para una sonrisa natural en West Sacramento<\/h2>\n\n<p>Si buscas tratar una caries o actualizar tu trabajo dental, los empastes de composite son una opci\u00f3n fuerte y est\u00e9tica. En Woodland Family Dental, utilizamos tecnolog\u00eda avanzada y t\u00e9cnicas precisas para asegurar que tus empastes luzcan y se sientan naturales. Nuestro equipo atiende con orgullo a las comunidades de Woodland, CA, y West Sacramento, brindando atenci\u00f3n de alta calidad en un ambiente c\u00f3modo y familiar.  <\/p>\n\n<p><a href=\"https:\/\/app.nexhealth.com\/appts\/ora-dentistry?lid=334187\" class=\"contact_anchor \"><span>Programa tu visita hoy<\/span><\/a> para saber m\u00e1s sobre los empastes de composite y disfruta de una sonrisa m\u00e1s sana y segura.<\/p>\n","protected":false},"excerpt":{"rendered":"<p>En Woodland Family Dental, ofrecemos empastes de composite, tambi\u00e9n conocidos como empastes del color del diente o empastes blancos, como una soluci\u00f3n moderna y est\u00e9tica para tratar las caries y da\u00f1os menores en los dientes. Estos empastes est\u00e1n dise\u00f1ados para integrarse perfectamente con tus dientes naturales, lo que los convierte en una opci\u00f3n ideal para&hellip; <a href=\"https:\/\/www.dentistinwoodland.com\/es\/procedimientos\/odontologia-estetica\/empastes-de-composite\/\" class=\"btn btn-outline-primary position-absolute more-link\"> Seguir leyendo <span class=\"sr-only\"> acerca de Empastes de composite<\/span><\/a><\/p>\n","protected":false},"author":2,"featured_media":1019,"parent":2179,"menu_order":0,"comment_status":"closed","ping_status":"closed","template":"template-fullwidth.php","meta":{"_acf_changed":false,"footnotes":""},"class_list":["post-2181","page","type-page","status-publish","has-post-thumbnail"],"acf":[],"yoast_head":"<!-- This site is optimized with the Yoast SEO plugin v26.6 - https:\/\/yoast.com\/wordpress\/plugins\/seo\/ -->\n<title>Empastes de composite | Woodland Family Dental<\/title>\n<meta name=\"description\" content=\"Elige empastes de composite (del color del diente) en Woodland Family Dental en Woodland, CA, y West Sacramento. Una alternativa natural y libre de mercurio a los empastes de plata. Programa tu cita hoy.\" \/>\n<meta name=\"robots\" content=\"index, follow, max-snippet:-1, max-image-preview:large, max-video-preview:-1\" \/>\n<link rel=\"canonical\" href=\"https:\/\/www.dentistinwoodland.com\/es\/procedimientos\/odontologia-estetica\/empastes-de-composite\/\" \/>\n<meta property=\"og:locale\" content=\"es_ES\" \/>\n<meta property=\"og:type\" content=\"article\" \/>\n<meta property=\"og:title\" content=\"Empastes de composite | Woodland Family Dental\" \/>\n<meta property=\"og:description\" content=\"Elige empastes de composite (del color del diente) en Woodland Family Dental en Woodland, CA, y West Sacramento. Una alternativa natural y libre de mercurio a los empastes de plata. Programa tu cita hoy.\" \/>\n<meta property=\"og:url\" content=\"https:\/\/www.dentistinwoodland.com\/es\/procedimientos\/odontologia-estetica\/empastes-de-composite\/\" \/>\n<meta property=\"og:site_name\" content=\"Woodland Family Dental\" \/>\n<meta property=\"article:modified_time\" content=\"2025-05-13T08:14:39+00:00\" \/>\n<meta property=\"og:image\" content=\"https:\/\/www.dentistinwoodland.com\/wp-content\/uploads\/2025\/04\/bigstock-Young-handsome-man-leaning-aga-144818420-xxlarge.jpg\" \/><meta property=\"og:image\" content=\"https:\/\/www.dentistinwoodland.com\/wp-content\/uploads\/2025\/04\/bigstock-Portrait-of-beautiful-mature-w-278553922-xxlarge.jpg\" \/>\n\t<meta property=\"og:image:width\" content=\"1920\" \/>\n\t<meta property=\"og:image:height\" content=\"767\" \/>\n\t<meta property=\"og:image:type\" content=\"image\/jpeg\" \/>\n<meta name=\"twitter:card\" content=\"summary_large_image\" \/>\n<meta name=\"twitter:image\" content=\"https:\/\/www.dentistinwoodland.com\/wp-content\/uploads\/2025\/04\/bigstock-Young-handsome-man-leaning-aga-144818420-xxlarge.jpg\" \/>\n<meta name=\"twitter:label1\" content=\"Tiempo de lectura\" \/>\n\t<meta name=\"twitter:data1\" content=\"2 minutos\" \/>\n<!-- \/ Yoast SEO plugin. -->","yoast_head_json":{"title":"Empastes de composite | Woodland Family Dental","description":"Elige empastes de composite (del color del diente) en Woodland Family Dental en Woodland, CA, y West Sacramento. Una alternativa natural y libre de mercurio a los empastes de plata. Programa tu cita hoy.","robots":{"index":"index","follow":"follow","max-snippet":"max-snippet:-1","max-image-preview":"max-image-preview:large","max-video-preview":"max-video-preview:-1"},"canonical":"https:\/\/www.dentistinwoodland.com\/es\/procedimientos\/odontologia-estetica\/empastes-de-composite\/","og_locale":"es_ES","og_type":"article","og_title":"Empastes de composite | Woodland Family Dental","og_description":"Elige empastes de composite (del color del diente) en Woodland Family Dental en Woodland, CA, y West Sacramento. Una alternativa natural y libre de mercurio a los empastes de plata. Programa tu cita hoy.","og_url":"https:\/\/www.dentistinwoodland.com\/es\/procedimientos\/odontologia-estetica\/empastes-de-composite\/","og_site_name":"Woodland Family Dental","article_modified_time":"2025-05-13T08:14:39+00:00","og_image":[{"url":"https:\/\/www.dentistinwoodland.com\/wp-content\/uploads\/2025\/04\/bigstock-Young-handsome-man-leaning-aga-144818420-xxlarge.jpg","type":"","width":"","height":""},{"width":1920,"height":767,"url":"https:\/\/www.dentistinwoodland.com\/wp-content\/uploads\/2025\/04\/bigstock-Portrait-of-beautiful-mature-w-278553922-xxlarge.jpg","type":"image\/jpeg"}],"twitter_card":"summary_large_image","twitter_image":"https:\/\/www.dentistinwoodland.com\/wp-content\/uploads\/2025\/04\/bigstock-Young-handsome-man-leaning-aga-144818420-xxlarge.jpg","twitter_misc":{"Tiempo de lectura":"2 minutos"},"schema":{"@context":"https:\/\/schema.org","@graph":[{"@type":"WebPage","@id":"https:\/\/www.dentistinwoodland.com\/es\/procedimientos\/odontologia-estetica\/empastes-de-composite\/","url":"https:\/\/www.dentistinwoodland.com\/es\/procedimientos\/odontologia-estetica\/empastes-de-composite\/","name":"Empastes de composite | Woodland Family Dental","isPartOf":{"@id":"https:\/\/www.dentistinwoodland.com\/es\/#website"},"primaryImageOfPage":{"@id":"https:\/\/www.dentistinwoodland.com\/es\/procedimientos\/odontologia-estetica\/empastes-de-composite\/#primaryimage"},"image":{"@id":"https:\/\/www.dentistinwoodland.com\/es\/procedimientos\/odontologia-estetica\/empastes-de-composite\/#primaryimage"},"thumbnailUrl":"https:\/\/www.dentistinwoodland.com\/wp-content\/uploads\/2025\/04\/bigstock-Portrait-of-beautiful-mature-w-278553922-xxlarge.jpg","datePublished":"2023-01-17T19:07:53+00:00","dateModified":"2025-05-13T08:14:39+00:00","description":"Elige empastes de composite (del color del diente) en Woodland Family Dental en Woodland, CA, y West Sacramento. Una alternativa natural y libre de mercurio a los empastes de plata. Programa tu cita hoy.","breadcrumb":{"@id":"https:\/\/www.dentistinwoodland.com\/es\/procedimientos\/odontologia-estetica\/empastes-de-composite\/#breadcrumb"},"inLanguage":"es","potentialAction":[{"@type":"ReadAction","target":["https:\/\/www.dentistinwoodland.com\/es\/procedimientos\/odontologia-estetica\/empastes-de-composite\/"]}]},{"@type":"ImageObject","inLanguage":"es","@id":"https:\/\/www.dentistinwoodland.com\/es\/procedimientos\/odontologia-estetica\/empastes-de-composite\/#primaryimage","url":"https:\/\/www.dentistinwoodland.com\/wp-content\/uploads\/2025\/04\/bigstock-Portrait-of-beautiful-mature-w-278553922-xxlarge.jpg","contentUrl":"https:\/\/www.dentistinwoodland.com\/wp-content\/uploads\/2025\/04\/bigstock-Portrait-of-beautiful-mature-w-278553922-xxlarge.jpg","width":1920,"height":767,"caption":"Mujer con gafas sonriendo y apoyando la barbilla en la mano, sentada en un interior en un ambiente informal."},{"@type":"BreadcrumbList","@id":"https:\/\/www.dentistinwoodland.com\/es\/procedimientos\/odontologia-estetica\/empastes-de-composite\/#breadcrumb","itemListElement":[{"@type":"ListItem","position":1,"name":"Home","item":"https:\/\/www.dentistinwoodland.com\/es\/inicio\/"},{"@type":"ListItem","position":2,"name":"Procedimientos","item":"https:\/\/www.dentistinwoodland.com\/es\/procedimientos\/"},{"@type":"ListItem","position":3,"name":"Odontolog\u00eda Est\u00e9tica","item":"https:\/\/www.dentistinwoodland.com\/es\/procedimientos\/odontologia-estetica\/"},{"@type":"ListItem","position":4,"name":"Empastes de composite"}]},{"@type":"WebSite","@id":"https:\/\/www.dentistinwoodland.com\/es\/#website","url":"https:\/\/www.dentistinwoodland.com\/es\/","name":"Woodland Family Dental","description":"","potentialAction":[{"@type":"SearchAction","target":{"@type":"EntryPoint","urlTemplate":"https:\/\/www.dentistinwoodland.com\/es\/?s={search_term_string}"},"query-input":{"@type":"PropertyValueSpecification","valueRequired":true,"valueName":"search_term_string"}}],"inLanguage":"es"}]}},"_links":{"self":[{"href":"https:\/\/www.dentistinwoodland.com\/es\/wp-json\/wp\/v2\/pages\/2181","targetHints":{"allow":["GET"]}}],"collection":[{"href":"https:\/\/www.dentistinwoodland.com\/es\/wp-json\/wp\/v2\/pages"}],"about":[{"href":"https:\/\/www.dentistinwoodland.com\/es\/wp-json\/wp\/v2\/types\/page"}],"author":[{"embeddable":true,"href":"https:\/\/www.dentistinwoodland.com\/es\/wp-json\/wp\/v2\/users\/2"}],"replies":[{"embeddable":true,"href":"https:\/\/www.dentistinwoodland.com\/es\/wp-json\/wp\/v2\/comments?post=2181"}],"version-history":[{"count":1,"href":"https:\/\/www.dentistinwoodland.com\/es\/wp-json\/wp\/v2\/pages\/2181\/revisions"}],"predecessor-version":[{"id":2182,"href":"https:\/\/www.dentistinwoodland.com\/es\/wp-json\/wp\/v2\/pages\/2181\/revisions\/2182"}],"up":[{"embeddable":true,"href":"https:\/\/www.dentistinwoodland.com\/es\/wp-json\/wp\/v2\/pages\/2179"}],"wp:featuredmedia":[{"embeddable":true,"href":"https:\/\/www.dentistinwoodland.com\/es\/wp-json\/wp\/v2\/media\/1019"}],"wp:attachment":[{"href":"https:\/\/www.dentistinwoodland.com\/es\/wp-json\/wp\/v2\/media?parent=2181"}],"curies":[{"name":"wp","href":"https:\/\/api.w.org\/{rel}","templated":true}]}}