{"id":2175,"date":"2023-01-17T14:07:53","date_gmt":"2023-01-17T19:07:53","guid":{"rendered":"https:\/\/www.dentistinwoodland.com\/pacientes-nuevos\/primera-visita\/"},"modified":"2025-05-29T20:01:15","modified_gmt":"2025-05-30T01:01:15","slug":"primera-visita","status":"publish","type":"page","link":"https:\/\/www.dentistinwoodland.com\/es\/pacientes-nuevos\/primera-visita\/","title":{"rendered":"Primera Visita"},"content":{"rendered":"\n<h2 class=\"wp-block-heading\">Qu\u00e9 Esperar en Woodland Family Dental<\/h2>\n\n\n\n<p>En Woodland Family Dental, creemos que su primera visita establece la base para una vida de excelente salud bucal. Desde el momento en que atraviesa nuestras puertas, nuestro objetivo es garantizar una experiencia c\u00f3moda, acogedora y libre de estr\u00e9s para cada paciente. Nuestro equipo est\u00e1 <a href=\"https:\/\/www.dentistinwoodland.com\/new-patients\/\">dedicado a proporcionar atenci\u00f3n de alta calidad<\/a> en un ambiente moderno y familiar, atendiendo a pacientes en Woodland, CA, y West Sacramento.  <\/p>\n\n\n\n    <div class=\"featured-testimonial-block bg-primary py-5 text-body\" id=\"featured-testimonial-block_e18f467b52a45e6ae4ed3176f7702b5f\">\n        <div class=\"container\">\n            <div class=\"row justify-content-center\">\n                <div class=\"col-md-10 py-4\">\n                    <blockquote class=\"testimonials-blockquote mb-0 bg-light p-3 p-md-4 p-lg-5 position-relative\" style=\"border-radius: 2rem\">\n                        <svg class=\"testimonials-icon\" width=\"69\" height=\"69\" viewBox=\"0 0 69 69\" fill=\"none\" xmlns=\"http:\/\/www.w3.org\/2000\/svg\">\n                            <g filter=\"url(#filter0_d_1402_180)\">\n                            <circle cx=\"34.2612\" cy=\"33\" r=\"33\" fill=\"var(--primary)\"\/>\n                            <\/g>\n                            <path d=\"M22.757 19C17.1184 19 12.5473 23.6201 12.5473 29.3195C12.5473 35.0169 17.1184 39.6369 22.757 39.6369V46.3726C28.8237 43.1504 32.9668 36.7277 32.9668 29.3195C32.9668 23.6201 28.3957 19 22.757 19Z\" fill=\"white\"\/>\n                            <path d=\"M45.7892 19C40.1517 19 35.5803 23.6201 35.5803 29.3195C35.5803 35.0169 40.1517 39.6369 45.7892 39.6369V46.3726C51.8561 43.1504 56 36.7277 56 29.3195C56 23.6201 51.4285 19 45.7892 19Z\" fill=\"white\"\/>\n                        <\/svg>\n                        <div class=\"content\">Excelente servicio, recomendar\u00eda este lugar 100% llevo viniendo de Yuba City y realmente voy bien a gusto, las chicas son encantadoras y el dr es bien amable 100%<\/div>\n\n                        <div class=\"center-us d-flex align-items-center mt-4\">\n                            <cite class=\"d-block h5 m-0 pr-3 text-black\">Nelida Burgara<\/cite>\n                            <div class=\"testimonials-stars \">\n\t<svg class=\"svg-inline--fa fa-star  fa-w-18\" aria-hidden=\"true\" data-prefix=\"fab\" data-icon=\"star\" role=\"img\" xmlns=\"http:\/\/www.w3.org\/2000\/svg\" viewBox=\"0 0 576 512\" data-fa-i2svg=\"\"><path fill=\"currentColor\" d=\"M259.3 17.8L194 150.2 47.9 171.5c-26.2 3.8-36.7 36.1-17.7 54.6l105.7 103-25 145.5c-4.5 26.3 23.2 46 46.4 33.7L288 439.6l130.7 68.7c23.2 12.2 50.9-7.4 46.4-33.7l-25-145.5 105.7-103c19-18.5 8.5-50.8-17.7-54.6L382 150.2 316.7 17.8c-11.7-23.6-45.6-23.9-57.4 0z\"><\/path><\/svg>\t<svg class=\"svg-inline--fa fa-star  fa-w-18\" aria-hidden=\"true\" data-prefix=\"fab\" data-icon=\"star\" role=\"img\" xmlns=\"http:\/\/www.w3.org\/2000\/svg\" viewBox=\"0 0 576 512\" data-fa-i2svg=\"\"><path fill=\"currentColor\" d=\"M259.3 17.8L194 150.2 47.9 171.5c-26.2 3.8-36.7 36.1-17.7 54.6l105.7 103-25 145.5c-4.5 26.3 23.2 46 46.4 33.7L288 439.6l130.7 68.7c23.2 12.2 50.9-7.4 46.4-33.7l-25-145.5 105.7-103c19-18.5 8.5-50.8-17.7-54.6L382 150.2 316.7 17.8c-11.7-23.6-45.6-23.9-57.4 0z\"><\/path><\/svg>\t<svg class=\"svg-inline--fa fa-star  fa-w-18\" aria-hidden=\"true\" data-prefix=\"fab\" data-icon=\"star\" role=\"img\" xmlns=\"http:\/\/www.w3.org\/2000\/svg\" viewBox=\"0 0 576 512\" data-fa-i2svg=\"\"><path fill=\"currentColor\" d=\"M259.3 17.8L194 150.2 47.9 171.5c-26.2 3.8-36.7 36.1-17.7 54.6l105.7 103-25 145.5c-4.5 26.3 23.2 46 46.4 33.7L288 439.6l130.7 68.7c23.2 12.2 50.9-7.4 46.4-33.7l-25-145.5 105.7-103c19-18.5 8.5-50.8-17.7-54.6L382 150.2 316.7 17.8c-11.7-23.6-45.6-23.9-57.4 0z\"><\/path><\/svg>\t<svg class=\"svg-inline--fa fa-star  fa-w-18\" aria-hidden=\"true\" data-prefix=\"fab\" data-icon=\"star\" role=\"img\" xmlns=\"http:\/\/www.w3.org\/2000\/svg\" viewBox=\"0 0 576 512\" data-fa-i2svg=\"\"><path fill=\"currentColor\" d=\"M259.3 17.8L194 150.2 47.9 171.5c-26.2 3.8-36.7 36.1-17.7 54.6l105.7 103-25 145.5c-4.5 26.3 23.2 46 46.4 33.7L288 439.6l130.7 68.7c23.2 12.2 50.9-7.4 46.4-33.7l-25-145.5 105.7-103c19-18.5 8.5-50.8-17.7-54.6L382 150.2 316.7 17.8c-11.7-23.6-45.6-23.9-57.4 0z\"><\/path><\/svg>\t<svg class=\"svg-inline--fa fa-star  fa-w-18\" aria-hidden=\"true\" data-prefix=\"fab\" data-icon=\"star\" role=\"img\" xmlns=\"http:\/\/www.w3.org\/2000\/svg\" viewBox=\"0 0 576 512\" data-fa-i2svg=\"\"><path fill=\"currentColor\" d=\"M259.3 17.8L194 150.2 47.9 171.5c-26.2 3.8-36.7 36.1-17.7 54.6l105.7 103-25 145.5c-4.5 26.3 23.2 46 46.4 33.7L288 439.6l130.7 68.7c23.2 12.2 50.9-7.4 46.4-33.7l-25-145.5 105.7-103c19-18.5 8.5-50.8-17.7-54.6L382 150.2 316.7 17.8c-11.7-23.6-45.6-23.9-57.4 0z\"><\/path><\/svg><\/div>                        <\/div>\n                    <\/blockquote>\n                <\/div>\n            <\/div>\n        <\/div>\n    <\/div>\n\n\n\n<div class=\"wp-block-media-text is-stacked-on-mobile\"><figure class=\"wp-block-media-text__media\"><img loading=\"lazy\" decoding=\"async\" width=\"960\" height=\"960\" src=\"https:\/\/www.dentistinwoodland.com\/wp-content\/uploads\/2025\/04\/16.jpg\" alt=\"Un dentista con bata blanca muestra una radiograf\u00eda dental y una imagen bucal a un paciente sentado en un sill\u00f3n dental en una sala de examen de una cl\u00ednica.\" class=\"wp-image-2023 size-full\" srcset=\"https:\/\/www.dentistinwoodland.com\/wp-content\/uploads\/2025\/04\/16.jpg 960w, https:\/\/www.dentistinwoodland.com\/wp-content\/uploads\/2025\/04\/16-300x300.jpg 300w, https:\/\/www.dentistinwoodland.com\/wp-content\/uploads\/2025\/04\/16-768x768.jpg 768w, https:\/\/www.dentistinwoodland.com\/wp-content\/uploads\/2025\/04\/16-192x192.jpg 192w, https:\/\/www.dentistinwoodland.com\/wp-content\/uploads\/2025\/04\/16-32x32.jpg 32w\" sizes=\"auto, (max-width: 960px) 100vw, 960px\" \/><\/figure><div class=\"wp-block-media-text__content\">\n<h2 class=\"wp-block-heading\">Una C\u00e1lida Bienvenida y Registro Simplificado<\/h2>\n\n\n\n<p>Sabemos que visitar un nuevo consultorio dental puede resultar abrumador, por lo que contamos con un equipo amable y enfocado en el paciente listo para asistirle. Para hacer que su proceso de registro sea lo m\u00e1s fluido posible, le recomendamos completar sus formularios de nuevo paciente con antelaci\u00f3n. Esto asegura un inicio r\u00e1pido y eficiente de su cita, al tiempo que proporciona a nuestro equipo una mejor comprensi\u00f3n de su historial dental y m\u00e9dico.  <\/p>\n\n\n\n<p>Nuestra sala de espera est\u00e1 dise\u00f1ada pensando en su comodidad, con instalaciones modernas para ayudarle a sentirse a gusto antes de su cita. Si tiene alguna inquietud o solicitud especial, h\u00e1ganoslo saber; estaremos encantados de atender sus necesidades. <\/p>\n<\/div><\/div>\n\n\n\n<div class=\"wp-block-media-text has-media-on-the-right is-stacked-on-mobile\"><div class=\"wp-block-media-text__content\">\n<h2 class=\"wp-block-heading\">Su Examen Dental Integral<\/h2>\n\n\n\n<p>Su primera visita a Woodland Family Dental es m\u00e1s que un simple chequeo; es una oportunidad para que comprendamos sus necesidades \u00fanicas de salud bucal y para que usted se sienta seguro con su plan de atenci\u00f3n dental. Su cita incluir\u00e1: <\/p>\n\n\n\n<ul class=\"wp-block-list c3 lst-kix_e6uokf1w6k61-0 start\">\n<li>Una revisi\u00f3n exhaustiva de su historial dental y m\u00e9dico para evaluar cualquier condici\u00f3n que pueda afectar su salud bucal.<\/li>\n\n\n\n<li>Radiograf\u00edas digitales o tomograf\u00edas computarizadas (si es necesario) para obtener una imagen completa de sus dientes, mand\u00edbula y estructura \u00f3sea.<\/li>\n\n\n\n<li>Una evaluaci\u00f3n periodontal para verificar signos de enfermedad de las enc\u00edas o inflamaci\u00f3n.<\/li>\n\n\n\n<li>Una limpieza profesional para eliminar la placa, el sarro y las manchas superficiales, dejando su sonrisa renovada.<\/li>\n\n\n\n<li>Un examen de detecci\u00f3n de c\u00e1ncer oral como parte de nuestro compromiso con la atenci\u00f3n preventiva.<\/li>\n<\/ul>\n\n\n\n<h2 class=\"wp-block-heading\">Conociendo a Su Dentista y Plan de Tratamiento Personalizado<\/h2>\n\n\n\n<p>Despu\u00e9s de su examen y limpieza, se reunir\u00e1 con uno de nuestros dentistas cualificados para discutir el estado de su salud bucal y cualquier preocupaci\u00f3n que pueda tener. Nos tomamos el tiempo para explicar nuestros hallazgos y responder cualquier pregunta sobre opciones de tratamiento, cuidado preventivo o mejoras cosm\u00e9ticas. Ya sea que est\u00e9 experimentando molestias dentales, desee explorar el blanqueamiento dental o necesite trabajo restaurativo, adaptamos un plan de tratamiento personalizado que se alinee con sus objetivos.  <\/p>\n\n\n\n<p>En Woodland Family Dental, priorizamos la educaci\u00f3n y la transparencia para que pueda tomar decisiones informadas sobre su salud bucal. Nuestro objetivo es garantizar que salga de su primera cita con claridad, confianza y una sonrisa m\u00e1s brillante. <\/p>\n<\/div><figure class=\"wp-block-media-text__media\"><img loading=\"lazy\" decoding=\"async\" width=\"960\" height=\"960\" src=\"https:\/\/www.dentistinwoodland.com\/wp-content\/uploads\/2025\/04\/12.jpg\" alt=\"A dentist wearing magnifying glasses examines a patient's mouth in a dental clinic.\" class=\"wp-image-2015 size-full\" srcset=\"https:\/\/www.dentistinwoodland.com\/wp-content\/uploads\/2025\/04\/12.jpg 960w, https:\/\/www.dentistinwoodland.com\/wp-content\/uploads\/2025\/04\/12-300x300.jpg 300w, https:\/\/www.dentistinwoodland.com\/wp-content\/uploads\/2025\/04\/12-768x768.jpg 768w, https:\/\/www.dentistinwoodland.com\/wp-content\/uploads\/2025\/04\/12-192x192.jpg 192w, https:\/\/www.dentistinwoodland.com\/wp-content\/uploads\/2025\/04\/12-32x32.jpg 32w\" sizes=\"auto, (max-width: 960px) 100vw, 960px\" \/><\/figure><\/div>\n\n\n\n<div class=\"bio bg-light flc-section-padding\">\n    <div class=\"container\">\n        <div class=\"row align-items-center\">\n                            <div class=\"col-md-6 mb-4 mb-md-0\">\n                    <img loading=\"lazy\" decoding=\"async\" width=\"960\" height=\"960\" src=\"https:\/\/www.dentistinwoodland.com\/wp-content\/uploads\/2025\/04\/2.jpg\" class=\"img-fluid\" alt=\"Dos mujeres sonrientes se sientan detr\u00e1s de un mostrador de recepci\u00f3n con revistas y carteles informativos, en una sala de espera de una oficina con un cartel en la pared que dice &quot;Nos reservamos el derecho de rechazar el servicio a cualquier persona&quot;.\" srcset=\"https:\/\/www.dentistinwoodland.com\/wp-content\/uploads\/2025\/04\/2.jpg 960w, https:\/\/www.dentistinwoodland.com\/wp-content\/uploads\/2025\/04\/2-300x300.jpg 300w, https:\/\/www.dentistinwoodland.com\/wp-content\/uploads\/2025\/04\/2-768x768.jpg 768w, https:\/\/www.dentistinwoodland.com\/wp-content\/uploads\/2025\/04\/2-192x192.jpg 192w, https:\/\/www.dentistinwoodland.com\/wp-content\/uploads\/2025\/04\/2-32x32.jpg 32w\" sizes=\"auto, (max-width: 960px) 100vw, 960px\" \/>                <\/div>\n                        <div class=\"col-md-6 pl-md-5\">\n                                    <h2>Atenci\u00f3n dental integral y familiar<\/h2>\n                \n                                    <p>En Woodland Family Dental, creemos que todo el mundo merece una experiencia dental positiva. Nuestro equipo se dedica a crear un ambiente acogedor para los pacientes de todas las edades, asegurando que cada visita es libre de estr\u00e9s y adaptado a sus necesidades \u00fanicas. Combinamos el estado de la t\u00e9cnica dental con un enfoque compasivo, por lo que la atenci\u00f3n dental de alta calidad accesible a las personas y familias a trav\u00e9s de Woodland y West Sacramento.<\/p>\n                \n                                    <a class=\"btn btn-outline-primary\" href=\"https:\/\/www.dentistinwoodland.com\/es\/acerca-de-nosotros\/\" target=\"_self\">\n                        Acerca de nosotros                    <\/a>\n                            <\/div>\n        <\/div>\n    <\/div>\n<\/div>\n\n\n<h2 class=\"wp-block-heading\">\u00danase a Nuestra Familia Dental en West Sacramento<\/h2>\n\n\n\n<p>Su viaje hacia una sonrisa m\u00e1s saludable comienza con una visita. Ya sea que necesite un chequeo o est\u00e9 buscando un nuevo hogar dental, Woodland Family Dental est\u00e1 listo para brindarle atenci\u00f3n experta en un entorno compasivo y moderno. <a href=\"https:\/\/app.nexhealth.com\/appts\/ora-dentistry?lid=334187\" class=\"contact_anchor \"><span>Programe su primera visita<\/span><\/a> hoy y experimente la diferencia. <\/p>\n","protected":false},"excerpt":{"rendered":"<p>Qu\u00e9 Esperar en Woodland Family Dental En Woodland Family Dental, creemos que su primera visita establece la base para una vida de excelente salud bucal. Desde el momento en que atraviesa nuestras puertas, nuestro objetivo es garantizar una experiencia c\u00f3moda, acogedora y libre de estr\u00e9s para cada paciente. Nuestro equipo est\u00e1 dedicado a proporcionar atenci\u00f3n&hellip; <a href=\"https:\/\/www.dentistinwoodland.com\/es\/pacientes-nuevos\/primera-visita\/\" class=\"btn btn-outline-primary position-absolute more-link\"> Seguir leyendo <span class=\"sr-only\"> acerca de Primera Visita<\/span><\/a><\/p>\n","protected":false},"author":2,"featured_media":1975,"parent":2169,"menu_order":0,"comment_status":"closed","ping_status":"closed","template":"template-fullwidth.php","meta":{"_acf_changed":false,"footnotes":""},"class_list":["post-2175","page","type-page","status-publish","has-post-thumbnail"],"acf":[],"yoast_head":"<!-- This site is optimized with the Yoast SEO plugin v26.6 - https:\/\/yoast.com\/wordpress\/plugins\/seo\/ -->\n<title>Primera Visita | Woodland Family Dental<\/title>\n<meta name=\"description\" content=\"Experimente atenci\u00f3n dental experta y sin estr\u00e9s en Woodland Family Dental en Woodland, CA, y West Sacramento. Su primera visita incluye un examen integral, limpieza y un plan de atenci\u00f3n personalizado.\" \/>\n<meta name=\"robots\" content=\"index, follow, max-snippet:-1, max-image-preview:large, max-video-preview:-1\" \/>\n<link rel=\"canonical\" href=\"https:\/\/www.dentistinwoodland.com\/es\/pacientes-nuevos\/primera-visita\/\" \/>\n<meta property=\"og:locale\" content=\"es_ES\" \/>\n<meta property=\"og:type\" content=\"article\" \/>\n<meta property=\"og:title\" content=\"Primera Visita | Woodland Family Dental\" \/>\n<meta property=\"og:description\" content=\"Experimente atenci\u00f3n dental experta y sin estr\u00e9s en Woodland Family Dental en Woodland, CA, y West Sacramento. Su primera visita incluye un examen integral, limpieza y un plan de atenci\u00f3n personalizado.\" \/>\n<meta property=\"og:url\" content=\"https:\/\/www.dentistinwoodland.com\/es\/pacientes-nuevos\/primera-visita\/\" \/>\n<meta property=\"og:site_name\" content=\"Woodland Family Dental\" \/>\n<meta property=\"article:modified_time\" content=\"2025-05-30T01:01:15+00:00\" \/>\n<meta property=\"og:image\" content=\"https:\/\/www.dentistinwoodland.com\/wp-content\/uploads\/2025\/04\/header-6-license-confirmed.jpg\" \/>\n<meta name=\"twitter:card\" content=\"summary_large_image\" \/>\n<meta name=\"twitter:image\" content=\"https:\/\/www.dentistinwoodland.com\/wp-content\/uploads\/2025\/04\/header-6-license-confirmed.jpg\" \/>\n<meta name=\"twitter:label1\" content=\"Tiempo de lectura\" \/>\n\t<meta name=\"twitter:data1\" content=\"3 minutos\" \/>\n<!-- \/ Yoast SEO plugin. -->","yoast_head_json":{"title":"Primera Visita | Woodland Family Dental","description":"Experimente atenci\u00f3n dental experta y sin estr\u00e9s en Woodland Family Dental en Woodland, CA, y West Sacramento. Su primera visita incluye un examen integral, limpieza y un plan de atenci\u00f3n personalizado.","robots":{"index":"index","follow":"follow","max-snippet":"max-snippet:-1","max-image-preview":"max-image-preview:large","max-video-preview":"max-video-preview:-1"},"canonical":"https:\/\/www.dentistinwoodland.com\/es\/pacientes-nuevos\/primera-visita\/","og_locale":"es_ES","og_type":"article","og_title":"Primera Visita | Woodland Family Dental","og_description":"Experimente atenci\u00f3n dental experta y sin estr\u00e9s en Woodland Family Dental en Woodland, CA, y West Sacramento. Su primera visita incluye un examen integral, limpieza y un plan de atenci\u00f3n personalizado.","og_url":"https:\/\/www.dentistinwoodland.com\/es\/pacientes-nuevos\/primera-visita\/","og_site_name":"Woodland Family Dental","article_modified_time":"2025-05-30T01:01:15+00:00","og_image":[{"url":"https:\/\/www.dentistinwoodland.com\/wp-content\/uploads\/2025\/04\/header-6-license-confirmed.jpg","type":"","width":"","height":""}],"twitter_card":"summary_large_image","twitter_image":"https:\/\/www.dentistinwoodland.com\/wp-content\/uploads\/2025\/04\/header-6-license-confirmed.jpg","twitter_misc":{"Tiempo de lectura":"3 minutos"},"schema":{"@context":"https:\/\/schema.org","@graph":[{"@type":"WebPage","@id":"https:\/\/www.dentistinwoodland.com\/es\/pacientes-nuevos\/primera-visita\/","url":"https:\/\/www.dentistinwoodland.com\/es\/pacientes-nuevos\/primera-visita\/","name":"Primera Visita | Woodland Family Dental","isPartOf":{"@id":"https:\/\/www.dentistinwoodland.com\/es\/#website"},"primaryImageOfPage":{"@id":"https:\/\/www.dentistinwoodland.com\/es\/pacientes-nuevos\/primera-visita\/#primaryimage"},"image":{"@id":"https:\/\/www.dentistinwoodland.com\/es\/pacientes-nuevos\/primera-visita\/#primaryimage"},"thumbnailUrl":"https:\/\/www.dentistinwoodland.com\/wp-content\/uploads\/2025\/04\/header-6-license-confirmed.jpg","datePublished":"2023-01-17T19:07:53+00:00","dateModified":"2025-05-30T01:01:15+00:00","description":"Experimente atenci\u00f3n dental experta y sin estr\u00e9s en Woodland Family Dental en Woodland, CA, y West Sacramento. Su primera visita incluye un examen integral, limpieza y un plan de atenci\u00f3n personalizado.","breadcrumb":{"@id":"https:\/\/www.dentistinwoodland.com\/es\/pacientes-nuevos\/primera-visita\/#breadcrumb"},"inLanguage":"es","potentialAction":[{"@type":"ReadAction","target":["https:\/\/www.dentistinwoodland.com\/es\/pacientes-nuevos\/primera-visita\/"]}]},{"@type":"ImageObject","inLanguage":"es","@id":"https:\/\/www.dentistinwoodland.com\/es\/pacientes-nuevos\/primera-visita\/#primaryimage","url":"https:\/\/www.dentistinwoodland.com\/wp-content\/uploads\/2025\/04\/header-6-license-confirmed.jpg","contentUrl":"https:\/\/www.dentistinwoodland.com\/wp-content\/uploads\/2025\/04\/header-6-license-confirmed.jpg","width":1920,"height":768,"caption":"Dos recepcionistas se sientan detr\u00e1s del mostrador de recepci\u00f3n de un consultorio dental con revistas en exhibici\u00f3n, rodeadas de sillas, folletos y plantas en macetas."},{"@type":"BreadcrumbList","@id":"https:\/\/www.dentistinwoodland.com\/es\/pacientes-nuevos\/primera-visita\/#breadcrumb","itemListElement":[{"@type":"ListItem","position":1,"name":"Home","item":"https:\/\/www.dentistinwoodland.com\/es\/inicio\/"},{"@type":"ListItem","position":2,"name":"Pacientes Nuevos","item":"https:\/\/www.dentistinwoodland.com\/es\/pacientes-nuevos\/"},{"@type":"ListItem","position":3,"name":"Primera Visita"}]},{"@type":"WebSite","@id":"https:\/\/www.dentistinwoodland.com\/es\/#website","url":"https:\/\/www.dentistinwoodland.com\/es\/","name":"Woodland Family Dental","description":"","potentialAction":[{"@type":"SearchAction","target":{"@type":"EntryPoint","urlTemplate":"https:\/\/www.dentistinwoodland.com\/es\/?s={search_term_string}"},"query-input":{"@type":"PropertyValueSpecification","valueRequired":true,"valueName":"search_term_string"}}],"inLanguage":"es"}]}},"_links":{"self":[{"href":"https:\/\/www.dentistinwoodland.com\/es\/wp-json\/wp\/v2\/pages\/2175","targetHints":{"allow":["GET"]}}],"collection":[{"href":"https:\/\/www.dentistinwoodland.com\/es\/wp-json\/wp\/v2\/pages"}],"about":[{"href":"https:\/\/www.dentistinwoodland.com\/es\/wp-json\/wp\/v2\/types\/page"}],"author":[{"embeddable":true,"href":"https:\/\/www.dentistinwoodland.com\/es\/wp-json\/wp\/v2\/users\/2"}],"replies":[{"embeddable":true,"href":"https:\/\/www.dentistinwoodland.com\/es\/wp-json\/wp\/v2\/comments?post=2175"}],"version-history":[{"count":2,"href":"https:\/\/www.dentistinwoodland.com\/es\/wp-json\/wp\/v2\/pages\/2175\/revisions"}],"predecessor-version":[{"id":2760,"href":"https:\/\/www.dentistinwoodland.com\/es\/wp-json\/wp\/v2\/pages\/2175\/revisions\/2760"}],"up":[{"embeddable":true,"href":"https:\/\/www.dentistinwoodland.com\/es\/wp-json\/wp\/v2\/pages\/2169"}],"wp:featuredmedia":[{"embeddable":true,"href":"https:\/\/www.dentistinwoodland.com\/es\/wp-json\/wp\/v2\/media\/1975"}],"wp:attachment":[{"href":"https:\/\/www.dentistinwoodland.com\/es\/wp-json\/wp\/v2\/media?parent=2175"}],"curies":[{"name":"wp","href":"https:\/\/api.w.org\/{rel}","templated":true}]}}