{"id":2171,"date":"2023-01-17T14:07:53","date_gmt":"2023-01-17T19:07:53","guid":{"rendered":"https:\/\/www.dentistinwoodland.com\/pacientes-nuevos\/finanzas-y-seguros\/"},"modified":"2025-05-13T02:30:11","modified_gmt":"2025-05-13T07:30:11","slug":"finanzas-y-seguros","status":"publish","type":"page","link":"https:\/\/www.dentistinwoodland.com\/es\/pacientes-nuevos\/finanzas-y-seguros\/","title":{"rendered":"Finanzas y seguros"},"content":{"rendered":"\n<p>En Woodland Family Dental, creemos que <a href=\"https:\/\/www.dentistinwoodland.com\/new-patients\/\">la atenci\u00f3n dental de calidad<\/a> debe ser accesible y asequible. Por ello, ofrecemos opciones de financiaci\u00f3n flexibles y aceptamos una variedad de planes de seguro para garantizar que cada paciente en Woodland, CA, y West Sacramento pueda recibir la atenci\u00f3n que necesita sin estr\u00e9s financiero. <\/p>\n\n    <div class=\"featured-testimonial-block bg-primary py-5 text-body\" id=\"featured-testimonial-block_dd0b1586d3f3a6936ce202bbfa5c29ca\">\n        <div class=\"container\">\n            <div class=\"row justify-content-center\">\n                <div class=\"col-md-10 py-4\">\n                    <blockquote class=\"testimonials-blockquote mb-0 bg-light p-3 p-md-4 p-lg-5 position-relative\" style=\"border-radius: 2rem\">\n                        <svg class=\"testimonials-icon\" width=\"69\" height=\"69\" viewBox=\"0 0 69 69\" fill=\"none\" xmlns=\"http:\/\/www.w3.org\/2000\/svg\">\n                            <g filter=\"url(#filter0_d_1402_180)\">\n                            <circle cx=\"34.2612\" cy=\"33\" r=\"33\" fill=\"var(--primary)\"\/>\n                            <\/g>\n                            <path d=\"M22.757 19C17.1184 19 12.5473 23.6201 12.5473 29.3195C12.5473 35.0169 17.1184 39.6369 22.757 39.6369V46.3726C28.8237 43.1504 32.9668 36.7277 32.9668 29.3195C32.9668 23.6201 28.3957 19 22.757 19Z\" fill=\"white\"\/>\n                            <path d=\"M45.7892 19C40.1517 19 35.5803 23.6201 35.5803 29.3195C35.5803 35.0169 40.1517 39.6369 45.7892 39.6369V46.3726C51.8561 43.1504 56 36.7277 56 29.3195C56 23.6201 51.4285 19 45.7892 19Z\" fill=\"white\"\/>\n                        <\/svg>\n                        <div class=\"content\">Excelente servicio, recomendar\u00eda este lugar 100% llevo viniendo de Yuba City y realmente voy bien a gusto, las chicas son encantadoras y el dr es bien amable 100%<\/div>\n\n                        <div class=\"center-us d-flex align-items-center mt-4\">\n                            <cite class=\"d-block h5 m-0 pr-3 text-black\">Nelida Burgara<\/cite>\n                            <div class=\"testimonials-stars \">\n\t<svg class=\"svg-inline--fa fa-star  fa-w-18\" aria-hidden=\"true\" data-prefix=\"fab\" data-icon=\"star\" role=\"img\" xmlns=\"http:\/\/www.w3.org\/2000\/svg\" viewBox=\"0 0 576 512\" data-fa-i2svg=\"\"><path fill=\"currentColor\" d=\"M259.3 17.8L194 150.2 47.9 171.5c-26.2 3.8-36.7 36.1-17.7 54.6l105.7 103-25 145.5c-4.5 26.3 23.2 46 46.4 33.7L288 439.6l130.7 68.7c23.2 12.2 50.9-7.4 46.4-33.7l-25-145.5 105.7-103c19-18.5 8.5-50.8-17.7-54.6L382 150.2 316.7 17.8c-11.7-23.6-45.6-23.9-57.4 0z\"><\/path><\/svg>\t<svg class=\"svg-inline--fa fa-star  fa-w-18\" aria-hidden=\"true\" data-prefix=\"fab\" data-icon=\"star\" role=\"img\" xmlns=\"http:\/\/www.w3.org\/2000\/svg\" viewBox=\"0 0 576 512\" data-fa-i2svg=\"\"><path fill=\"currentColor\" d=\"M259.3 17.8L194 150.2 47.9 171.5c-26.2 3.8-36.7 36.1-17.7 54.6l105.7 103-25 145.5c-4.5 26.3 23.2 46 46.4 33.7L288 439.6l130.7 68.7c23.2 12.2 50.9-7.4 46.4-33.7l-25-145.5 105.7-103c19-18.5 8.5-50.8-17.7-54.6L382 150.2 316.7 17.8c-11.7-23.6-45.6-23.9-57.4 0z\"><\/path><\/svg>\t<svg class=\"svg-inline--fa fa-star  fa-w-18\" aria-hidden=\"true\" data-prefix=\"fab\" data-icon=\"star\" role=\"img\" xmlns=\"http:\/\/www.w3.org\/2000\/svg\" viewBox=\"0 0 576 512\" data-fa-i2svg=\"\"><path fill=\"currentColor\" d=\"M259.3 17.8L194 150.2 47.9 171.5c-26.2 3.8-36.7 36.1-17.7 54.6l105.7 103-25 145.5c-4.5 26.3 23.2 46 46.4 33.7L288 439.6l130.7 68.7c23.2 12.2 50.9-7.4 46.4-33.7l-25-145.5 105.7-103c19-18.5 8.5-50.8-17.7-54.6L382 150.2 316.7 17.8c-11.7-23.6-45.6-23.9-57.4 0z\"><\/path><\/svg>\t<svg class=\"svg-inline--fa fa-star  fa-w-18\" aria-hidden=\"true\" data-prefix=\"fab\" data-icon=\"star\" role=\"img\" xmlns=\"http:\/\/www.w3.org\/2000\/svg\" viewBox=\"0 0 576 512\" data-fa-i2svg=\"\"><path fill=\"currentColor\" d=\"M259.3 17.8L194 150.2 47.9 171.5c-26.2 3.8-36.7 36.1-17.7 54.6l105.7 103-25 145.5c-4.5 26.3 23.2 46 46.4 33.7L288 439.6l130.7 68.7c23.2 12.2 50.9-7.4 46.4-33.7l-25-145.5 105.7-103c19-18.5 8.5-50.8-17.7-54.6L382 150.2 316.7 17.8c-11.7-23.6-45.6-23.9-57.4 0z\"><\/path><\/svg>\t<svg class=\"svg-inline--fa fa-star  fa-w-18\" aria-hidden=\"true\" data-prefix=\"fab\" data-icon=\"star\" role=\"img\" xmlns=\"http:\/\/www.w3.org\/2000\/svg\" viewBox=\"0 0 576 512\" data-fa-i2svg=\"\"><path fill=\"currentColor\" d=\"M259.3 17.8L194 150.2 47.9 171.5c-26.2 3.8-36.7 36.1-17.7 54.6l105.7 103-25 145.5c-4.5 26.3 23.2 46 46.4 33.7L288 439.6l130.7 68.7c23.2 12.2 50.9-7.4 46.4-33.7l-25-145.5 105.7-103c19-18.5 8.5-50.8-17.7-54.6L382 150.2 316.7 17.8c-11.7-23.6-45.6-23.9-57.4 0z\"><\/path><\/svg><\/div>                        <\/div>\n                    <\/blockquote>\n                <\/div>\n            <\/div>\n        <\/div>\n    <\/div>\n\n<div class=\"wp-block-media-text is-stacked-on-mobile\"><figure class=\"wp-block-media-text__media\"><img loading=\"lazy\" decoding=\"async\" width=\"960\" height=\"960\" src=\"https:\/\/www.dentistinwoodland.com\/wp-content\/uploads\/2025\/04\/13.jpg\" alt=\"Un odont\u00f3logo muestra a un paciente dental im\u00e1genes de dientes en una tableta mientras se visualiza una radiograf\u00eda dental en una pantalla en la sala de examen.\" class=\"wp-image-2017 size-full\" srcset=\"https:\/\/www.dentistinwoodland.com\/wp-content\/uploads\/2025\/04\/13.jpg 960w, https:\/\/www.dentistinwoodland.com\/wp-content\/uploads\/2025\/04\/13-300x300.jpg 300w, https:\/\/www.dentistinwoodland.com\/wp-content\/uploads\/2025\/04\/13-768x768.jpg 768w, https:\/\/www.dentistinwoodland.com\/wp-content\/uploads\/2025\/04\/13-192x192.jpg 192w, https:\/\/www.dentistinwoodland.com\/wp-content\/uploads\/2025\/04\/13-32x32.jpg 32w\" sizes=\"auto, (max-width: 960px) 100vw, 960px\" \/><\/figure><div class=\"wp-block-media-text__content\">\n<h2 class=\"wp-block-heading\">Planes de seguro que aceptamos<\/h2>\n\n\n\n<p>Navegar por el seguro dental puede ser confuso, pero nuestro equipo est\u00e1 aqu\u00ed para ayudar. Aceptamos muchos proveedores de seguros importantes y le ayudaremos a maximizar sus beneficios. Si no est\u00e1 seguro de su cobertura, estaremos encantados de verificar los detalles de su seguro antes de su visita.  <\/p>\n\n\n\n<h2 class=\"wp-block-heading\">Dentical aceptado<\/h2>\n\n\n\n<p>Aceptamos con orgullo Dentical, el programa de seguro dental patrocinado por el estado de California, que ayuda a individuos y familias de bajos ingresos a acceder a atenci\u00f3n dental esencial. Si tiene Dentical y necesita tratamiento dental preventivo, restaurador o de emergencia, le guiaremos a trav\u00e9s del proceso para garantizar que reciba todos los beneficios. <\/p>\n\n\n\n<h2 class=\"wp-block-heading\">Opciones de pago flexibles<\/h2>\n\n\n\n<p>Para pacientes sin seguro o aquellos que buscan tratamientos no cubiertos en su totalidad, ofrecemos planes de financiaci\u00f3n flexibles y opciones de pago, haciendo que la atenci\u00f3n dental de alta calidad sea m\u00e1s manejable. Nuestro equipo discutir\u00e1 planes de pago personalizados adaptados a su presupuesto para que pueda proceder con los tratamientos necesarios sin demora. <\/p>\n<\/div><\/div>\n\n<div class=\"bio bg-light flc-section-padding\">\n    <div class=\"container\">\n        <div class=\"row align-items-center\">\n                            <div class=\"col-md-6 mb-4 mb-md-0\">\n                    <img loading=\"lazy\" decoding=\"async\" width=\"960\" height=\"960\" src=\"https:\/\/www.dentistinwoodland.com\/wp-content\/uploads\/2025\/04\/2.jpg\" class=\"img-fluid\" alt=\"Dos mujeres sonrientes se sientan detr\u00e1s de un mostrador de recepci\u00f3n con revistas y carteles informativos, en una sala de espera de una oficina con un cartel en la pared que dice &quot;Nos reservamos el derecho de rechazar el servicio a cualquier persona&quot;.\" srcset=\"https:\/\/www.dentistinwoodland.com\/wp-content\/uploads\/2025\/04\/2.jpg 960w, https:\/\/www.dentistinwoodland.com\/wp-content\/uploads\/2025\/04\/2-300x300.jpg 300w, https:\/\/www.dentistinwoodland.com\/wp-content\/uploads\/2025\/04\/2-768x768.jpg 768w, https:\/\/www.dentistinwoodland.com\/wp-content\/uploads\/2025\/04\/2-192x192.jpg 192w, https:\/\/www.dentistinwoodland.com\/wp-content\/uploads\/2025\/04\/2-32x32.jpg 32w\" sizes=\"auto, (max-width: 960px) 100vw, 960px\" \/>                <\/div>\n                        <div class=\"col-md-6 pl-md-5\">\n                                    <h2>Atenci\u00f3n dental integral y familiar<\/h2>\n                \n                                    <p>En Woodland Family Dental, creemos que todo el mundo merece una experiencia dental positiva. Nuestro equipo se dedica a crear un ambiente acogedor para los pacientes de todas las edades, asegurando que cada visita es libre de estr\u00e9s y adaptado a sus necesidades \u00fanicas. Combinamos el estado de la t\u00e9cnica dental con un enfoque compasivo, por lo que la atenci\u00f3n dental de alta calidad accesible a las personas y familias a trav\u00e9s de Woodland y West Sacramento.<\/p>\n                \n                                    <a class=\"btn btn-outline-primary\" href=\"https:\/\/www.dentistinwoodland.com\/es\/acerca-de-nosotros\/\" target=\"_self\">\n                        Acerca de nosotros                    <\/a>\n                            <\/div>\n        <\/div>\n    <\/div>\n<\/div>\n<h2 class=\"wp-block-heading\">Ayud\u00e1ndole a navegar por los costos dentales en Woodland y West Sacramento<\/h2>\n\n<p>En Woodland Family Dental, estamos comprometidos a proporcionar precios transparentes y asistencia financiera para garantizar que reciba atenci\u00f3n dental de primer nivel dentro de su presupuesto. <a href=\"https:\/\/app.nexhealth.com\/appts\/ora-dentistry?lid=334187\" class=\"contact_anchor \"><span>Cont\u00e1ctenos hoy<\/span><\/a> para obtener m\u00e1s informaci\u00f3n sobre sus beneficios de seguro, elegibilidad para Dentical u opciones de financiaci\u00f3n.<\/p>\n","protected":false},"excerpt":{"rendered":"<p>En Woodland Family Dental, creemos que la atenci\u00f3n dental de calidad debe ser accesible y asequible. Por ello, ofrecemos opciones de financiaci\u00f3n flexibles y aceptamos una variedad de planes de seguro para garantizar que cada paciente en Woodland, CA, y West Sacramento pueda recibir la atenci\u00f3n que necesita sin estr\u00e9s financiero. Planes de seguro que&hellip; <a href=\"https:\/\/www.dentistinwoodland.com\/es\/pacientes-nuevos\/finanzas-y-seguros\/\" class=\"btn btn-outline-primary position-absolute more-link\"> Seguir leyendo <span class=\"sr-only\"> acerca de Finanzas y seguros<\/span><\/a><\/p>\n","protected":false},"author":2,"featured_media":1973,"parent":2169,"menu_order":0,"comment_status":"closed","ping_status":"closed","template":"template-fullwidth.php","meta":{"_acf_changed":false,"footnotes":""},"class_list":["post-2171","page","type-page","status-publish","has-post-thumbnail"],"acf":[],"yoast_head":"<!-- This site is optimized with the Yoast SEO plugin v26.6 - https:\/\/yoast.com\/wordpress\/plugins\/seo\/ -->\n<title>Finanzas y seguros | Woodland Family Dental<\/title>\n<meta name=\"description\" content=\"Woodland Family Dental ofrece opciones de financiaci\u00f3n y acepta seguros, incluyendo Dentical, en Woodland, CA, y West Sacramento. Atenci\u00f3n asequible y de alta calidad accesible para todos los pacientes\" \/>\n<meta name=\"robots\" content=\"index, follow, max-snippet:-1, max-image-preview:large, max-video-preview:-1\" \/>\n<link rel=\"canonical\" href=\"https:\/\/www.dentistinwoodland.com\/es\/pacientes-nuevos\/finanzas-y-seguros\/\" \/>\n<meta property=\"og:locale\" content=\"es_ES\" \/>\n<meta property=\"og:type\" content=\"article\" \/>\n<meta property=\"og:title\" content=\"Finanzas y seguros | Woodland Family Dental\" \/>\n<meta property=\"og:description\" content=\"Woodland Family Dental ofrece opciones de financiaci\u00f3n y acepta seguros, incluyendo Dentical, en Woodland, CA, y West Sacramento. Atenci\u00f3n asequible y de alta calidad accesible para todos los pacientes\" \/>\n<meta property=\"og:url\" content=\"https:\/\/www.dentistinwoodland.com\/es\/pacientes-nuevos\/finanzas-y-seguros\/\" \/>\n<meta property=\"og:site_name\" content=\"Woodland Family Dental\" \/>\n<meta property=\"article:modified_time\" content=\"2025-05-13T07:30:11+00:00\" \/>\n<meta property=\"og:image\" content=\"https:\/\/www.dentistinwoodland.com\/wp-content\/uploads\/2025\/04\/header-5-license-confirmed.jpg\" \/>\n<meta name=\"twitter:card\" content=\"summary_large_image\" \/>\n<meta name=\"twitter:image\" content=\"https:\/\/www.dentistinwoodland.com\/wp-content\/uploads\/2025\/04\/header-5-license-confirmed.jpg\" \/>\n<meta name=\"twitter:label1\" content=\"Tiempo de lectura\" \/>\n\t<meta name=\"twitter:data1\" content=\"1 minuto\" \/>\n<!-- \/ Yoast SEO plugin. -->","yoast_head_json":{"title":"Finanzas y seguros | Woodland Family Dental","description":"Woodland Family Dental ofrece opciones de financiaci\u00f3n y acepta seguros, incluyendo Dentical, en Woodland, CA, y West Sacramento. Atenci\u00f3n asequible y de alta calidad accesible para todos los pacientes","robots":{"index":"index","follow":"follow","max-snippet":"max-snippet:-1","max-image-preview":"max-image-preview:large","max-video-preview":"max-video-preview:-1"},"canonical":"https:\/\/www.dentistinwoodland.com\/es\/pacientes-nuevos\/finanzas-y-seguros\/","og_locale":"es_ES","og_type":"article","og_title":"Finanzas y seguros | Woodland Family Dental","og_description":"Woodland Family Dental ofrece opciones de financiaci\u00f3n y acepta seguros, incluyendo Dentical, en Woodland, CA, y West Sacramento. Atenci\u00f3n asequible y de alta calidad accesible para todos los pacientes","og_url":"https:\/\/www.dentistinwoodland.com\/es\/pacientes-nuevos\/finanzas-y-seguros\/","og_site_name":"Woodland Family Dental","article_modified_time":"2025-05-13T07:30:11+00:00","og_image":[{"url":"https:\/\/www.dentistinwoodland.com\/wp-content\/uploads\/2025\/04\/header-5-license-confirmed.jpg","type":"","width":"","height":""}],"twitter_card":"summary_large_image","twitter_image":"https:\/\/www.dentistinwoodland.com\/wp-content\/uploads\/2025\/04\/header-5-license-confirmed.jpg","twitter_misc":{"Tiempo de lectura":"1 minuto"},"schema":{"@context":"https:\/\/schema.org","@graph":[{"@type":"WebPage","@id":"https:\/\/www.dentistinwoodland.com\/es\/pacientes-nuevos\/finanzas-y-seguros\/","url":"https:\/\/www.dentistinwoodland.com\/es\/pacientes-nuevos\/finanzas-y-seguros\/","name":"Finanzas y seguros | Woodland Family Dental","isPartOf":{"@id":"https:\/\/www.dentistinwoodland.com\/es\/#website"},"primaryImageOfPage":{"@id":"https:\/\/www.dentistinwoodland.com\/es\/pacientes-nuevos\/finanzas-y-seguros\/#primaryimage"},"image":{"@id":"https:\/\/www.dentistinwoodland.com\/es\/pacientes-nuevos\/finanzas-y-seguros\/#primaryimage"},"thumbnailUrl":"https:\/\/www.dentistinwoodland.com\/wp-content\/uploads\/2025\/04\/header-5-license-confirmed.jpg","datePublished":"2023-01-17T19:07:53+00:00","dateModified":"2025-05-13T07:30:11+00:00","description":"Woodland Family Dental ofrece opciones de financiaci\u00f3n y acepta seguros, incluyendo Dentical, en Woodland, CA, y West Sacramento. Atenci\u00f3n asequible y de alta calidad accesible para todos los pacientes","breadcrumb":{"@id":"https:\/\/www.dentistinwoodland.com\/es\/pacientes-nuevos\/finanzas-y-seguros\/#breadcrumb"},"inLanguage":"es","potentialAction":[{"@type":"ReadAction","target":["https:\/\/www.dentistinwoodland.com\/es\/pacientes-nuevos\/finanzas-y-seguros\/"]}]},{"@type":"ImageObject","inLanguage":"es","@id":"https:\/\/www.dentistinwoodland.com\/es\/pacientes-nuevos\/finanzas-y-seguros\/#primaryimage","url":"https:\/\/www.dentistinwoodland.com\/wp-content\/uploads\/2025\/04\/header-5-license-confirmed.jpg","contentUrl":"https:\/\/www.dentistinwoodland.com\/wp-content\/uploads\/2025\/04\/header-5-license-confirmed.jpg","width":1920,"height":768,"caption":"Una mujer con uniforme m\u00e9dico est\u00e1 sentada en un escritorio de oficina, trabajando en una computadora y sonriendo. Al fondo se ven otros escritorios con monitores y material de oficina."},{"@type":"BreadcrumbList","@id":"https:\/\/www.dentistinwoodland.com\/es\/pacientes-nuevos\/finanzas-y-seguros\/#breadcrumb","itemListElement":[{"@type":"ListItem","position":1,"name":"Home","item":"https:\/\/www.dentistinwoodland.com\/es\/inicio\/"},{"@type":"ListItem","position":2,"name":"Pacientes Nuevos","item":"https:\/\/www.dentistinwoodland.com\/es\/pacientes-nuevos\/"},{"@type":"ListItem","position":3,"name":"Finanzas y seguros"}]},{"@type":"WebSite","@id":"https:\/\/www.dentistinwoodland.com\/es\/#website","url":"https:\/\/www.dentistinwoodland.com\/es\/","name":"Woodland Family Dental","description":"","potentialAction":[{"@type":"SearchAction","target":{"@type":"EntryPoint","urlTemplate":"https:\/\/www.dentistinwoodland.com\/es\/?s={search_term_string}"},"query-input":{"@type":"PropertyValueSpecification","valueRequired":true,"valueName":"search_term_string"}}],"inLanguage":"es"}]}},"_links":{"self":[{"href":"https:\/\/www.dentistinwoodland.com\/es\/wp-json\/wp\/v2\/pages\/2171","targetHints":{"allow":["GET"]}}],"collection":[{"href":"https:\/\/www.dentistinwoodland.com\/es\/wp-json\/wp\/v2\/pages"}],"about":[{"href":"https:\/\/www.dentistinwoodland.com\/es\/wp-json\/wp\/v2\/types\/page"}],"author":[{"embeddable":true,"href":"https:\/\/www.dentistinwoodland.com\/es\/wp-json\/wp\/v2\/users\/2"}],"replies":[{"embeddable":true,"href":"https:\/\/www.dentistinwoodland.com\/es\/wp-json\/wp\/v2\/comments?post=2171"}],"version-history":[{"count":1,"href":"https:\/\/www.dentistinwoodland.com\/es\/wp-json\/wp\/v2\/pages\/2171\/revisions"}],"predecessor-version":[{"id":2172,"href":"https:\/\/www.dentistinwoodland.com\/es\/wp-json\/wp\/v2\/pages\/2171\/revisions\/2172"}],"up":[{"embeddable":true,"href":"https:\/\/www.dentistinwoodland.com\/es\/wp-json\/wp\/v2\/pages\/2169"}],"wp:featuredmedia":[{"embeddable":true,"href":"https:\/\/www.dentistinwoodland.com\/es\/wp-json\/wp\/v2\/media\/1973"}],"wp:attachment":[{"href":"https:\/\/www.dentistinwoodland.com\/es\/wp-json\/wp\/v2\/media?parent=2171"}],"curies":[{"name":"wp","href":"https:\/\/api.w.org\/{rel}","templated":true}]}}