{"id":2169,"date":"2023-01-17T14:07:53","date_gmt":"2023-01-17T19:07:53","guid":{"rendered":"https:\/\/www.dentistinwoodland.com\/pacientes-nuevos\/"},"modified":"2025-05-13T02:29:19","modified_gmt":"2025-05-13T07:29:19","slug":"pacientes-nuevos","status":"publish","type":"page","link":"https:\/\/www.dentistinwoodland.com\/es\/pacientes-nuevos\/","title":{"rendered":"Pacientes Nuevos"},"content":{"rendered":"\n<p>En Woodland Family Dental, deseamos que su primera visita sea lo m\u00e1s libre de estr\u00e9s y conveniente posible. Damos la bienvenida a pacientes de todas las edades en Woodland, CA, y West Sacramento, ofreciendo <a href=\"https:\/\/www.dentistinwoodland.com\/new-patients\/\">atenci\u00f3n integral<\/a> adaptada a sus necesidades de salud dental. Ya sea que nos visite para atenci\u00f3n preventiva, tratamientos restaurativos o una transformaci\u00f3n de su sonrisa, nuestro amable equipo est\u00e1 aqu\u00ed para guiarle en cada paso del camino.  <\/p>\n\n    <div class=\"featured-testimonial-block bg-primary py-5 text-body\" id=\"featured-testimonial-block_7c8ff886c2c03f9a39c780332e09fa9f\">\n        <div class=\"container\">\n            <div class=\"row justify-content-center\">\n                <div class=\"col-md-10 py-4\">\n                    <blockquote class=\"testimonials-blockquote mb-0 bg-light p-3 p-md-4 p-lg-5 position-relative\" style=\"border-radius: 2rem\">\n                        <svg class=\"testimonials-icon\" width=\"69\" height=\"69\" viewBox=\"0 0 69 69\" fill=\"none\" xmlns=\"http:\/\/www.w3.org\/2000\/svg\">\n                            <g filter=\"url(#filter0_d_1402_180)\">\n                            <circle cx=\"34.2612\" cy=\"33\" r=\"33\" fill=\"var(--primary)\"\/>\n                            <\/g>\n                            <path d=\"M22.757 19C17.1184 19 12.5473 23.6201 12.5473 29.3195C12.5473 35.0169 17.1184 39.6369 22.757 39.6369V46.3726C28.8237 43.1504 32.9668 36.7277 32.9668 29.3195C32.9668 23.6201 28.3957 19 22.757 19Z\" fill=\"white\"\/>\n                            <path d=\"M45.7892 19C40.1517 19 35.5803 23.6201 35.5803 29.3195C35.5803 35.0169 40.1517 39.6369 45.7892 39.6369V46.3726C51.8561 43.1504 56 36.7277 56 29.3195C56 23.6201 51.4285 19 45.7892 19Z\" fill=\"white\"\/>\n                        <\/svg>\n                        <div class=\"content\">Excelente servicio, recomendar\u00eda este lugar 100% llevo viniendo de Yuba City y realmente voy bien a gusto, las chicas son encantadoras y el dr es bien amable 100%<\/div>\n\n                        <div class=\"center-us d-flex align-items-center mt-4\">\n                            <cite class=\"d-block h5 m-0 pr-3 text-black\">Nelida Burgara<\/cite>\n                            <div class=\"testimonials-stars \">\n\t<svg class=\"svg-inline--fa fa-star  fa-w-18\" aria-hidden=\"true\" data-prefix=\"fab\" data-icon=\"star\" role=\"img\" xmlns=\"http:\/\/www.w3.org\/2000\/svg\" viewBox=\"0 0 576 512\" data-fa-i2svg=\"\"><path fill=\"currentColor\" d=\"M259.3 17.8L194 150.2 47.9 171.5c-26.2 3.8-36.7 36.1-17.7 54.6l105.7 103-25 145.5c-4.5 26.3 23.2 46 46.4 33.7L288 439.6l130.7 68.7c23.2 12.2 50.9-7.4 46.4-33.7l-25-145.5 105.7-103c19-18.5 8.5-50.8-17.7-54.6L382 150.2 316.7 17.8c-11.7-23.6-45.6-23.9-57.4 0z\"><\/path><\/svg>\t<svg class=\"svg-inline--fa fa-star  fa-w-18\" aria-hidden=\"true\" data-prefix=\"fab\" data-icon=\"star\" role=\"img\" xmlns=\"http:\/\/www.w3.org\/2000\/svg\" viewBox=\"0 0 576 512\" data-fa-i2svg=\"\"><path fill=\"currentColor\" d=\"M259.3 17.8L194 150.2 47.9 171.5c-26.2 3.8-36.7 36.1-17.7 54.6l105.7 103-25 145.5c-4.5 26.3 23.2 46 46.4 33.7L288 439.6l130.7 68.7c23.2 12.2 50.9-7.4 46.4-33.7l-25-145.5 105.7-103c19-18.5 8.5-50.8-17.7-54.6L382 150.2 316.7 17.8c-11.7-23.6-45.6-23.9-57.4 0z\"><\/path><\/svg>\t<svg class=\"svg-inline--fa fa-star  fa-w-18\" aria-hidden=\"true\" data-prefix=\"fab\" data-icon=\"star\" role=\"img\" xmlns=\"http:\/\/www.w3.org\/2000\/svg\" viewBox=\"0 0 576 512\" data-fa-i2svg=\"\"><path fill=\"currentColor\" d=\"M259.3 17.8L194 150.2 47.9 171.5c-26.2 3.8-36.7 36.1-17.7 54.6l105.7 103-25 145.5c-4.5 26.3 23.2 46 46.4 33.7L288 439.6l130.7 68.7c23.2 12.2 50.9-7.4 46.4-33.7l-25-145.5 105.7-103c19-18.5 8.5-50.8-17.7-54.6L382 150.2 316.7 17.8c-11.7-23.6-45.6-23.9-57.4 0z\"><\/path><\/svg>\t<svg class=\"svg-inline--fa fa-star  fa-w-18\" aria-hidden=\"true\" data-prefix=\"fab\" data-icon=\"star\" role=\"img\" xmlns=\"http:\/\/www.w3.org\/2000\/svg\" viewBox=\"0 0 576 512\" data-fa-i2svg=\"\"><path fill=\"currentColor\" d=\"M259.3 17.8L194 150.2 47.9 171.5c-26.2 3.8-36.7 36.1-17.7 54.6l105.7 103-25 145.5c-4.5 26.3 23.2 46 46.4 33.7L288 439.6l130.7 68.7c23.2 12.2 50.9-7.4 46.4-33.7l-25-145.5 105.7-103c19-18.5 8.5-50.8-17.7-54.6L382 150.2 316.7 17.8c-11.7-23.6-45.6-23.9-57.4 0z\"><\/path><\/svg>\t<svg class=\"svg-inline--fa fa-star  fa-w-18\" aria-hidden=\"true\" data-prefix=\"fab\" data-icon=\"star\" role=\"img\" xmlns=\"http:\/\/www.w3.org\/2000\/svg\" viewBox=\"0 0 576 512\" data-fa-i2svg=\"\"><path fill=\"currentColor\" d=\"M259.3 17.8L194 150.2 47.9 171.5c-26.2 3.8-36.7 36.1-17.7 54.6l105.7 103-25 145.5c-4.5 26.3 23.2 46 46.4 33.7L288 439.6l130.7 68.7c23.2 12.2 50.9-7.4 46.4-33.7l-25-145.5 105.7-103c19-18.5 8.5-50.8-17.7-54.6L382 150.2 316.7 17.8c-11.7-23.6-45.6-23.9-57.4 0z\"><\/path><\/svg><\/div>                        <\/div>\n                    <\/blockquote>\n                <\/div>\n            <\/div>\n        <\/div>\n    <\/div>\n\n<div class=\"wp-block-media-text is-stacked-on-mobile\"><figure class=\"wp-block-media-text__media\"><img loading=\"lazy\" decoding=\"async\" width=\"960\" height=\"960\" src=\"https:\/\/www.dentistinwoodland.com\/wp-content\/uploads\/2025\/04\/5.jpg\" alt=\"Un hombre con gafas de sol y una bata de laboratorio blanca est\u00e1 sentado y sonr\u00ede en un consultorio dental.\" class=\"wp-image-2007 size-full\" srcset=\"https:\/\/www.dentistinwoodland.com\/wp-content\/uploads\/2025\/04\/5.jpg 960w, https:\/\/www.dentistinwoodland.com\/wp-content\/uploads\/2025\/04\/5-300x300.jpg 300w, https:\/\/www.dentistinwoodland.com\/wp-content\/uploads\/2025\/04\/5-768x768.jpg 768w, https:\/\/www.dentistinwoodland.com\/wp-content\/uploads\/2025\/04\/5-192x192.jpg 192w, https:\/\/www.dentistinwoodland.com\/wp-content\/uploads\/2025\/04\/5-32x32.jpg 32w\" sizes=\"auto, (max-width: 960px) 100vw, 960px\" \/><\/figure><div class=\"wp-block-media-text__content\">\n<h2 class=\"wp-block-heading\">Obtenga M\u00e1s Informaci\u00f3n Sobre Su Primera Visita<\/h2>\n\n\n\n<nav class=\"flc-menu  columns-2\"><ul><li class=\"page_item page-item-2171\"><a href=\"https:\/\/www.dentistinwoodland.com\/es\/pacientes-nuevos\/finanzas-y-seguros\/\">Finanzas y seguros<\/a><\/li>\n<li class=\"page_item page-item-2175\"><a href=\"https:\/\/www.dentistinwoodland.com\/es\/pacientes-nuevos\/primera-visita\/\">Primera Visita<\/a><\/li>\n<li class=\"page_item page-item-2173\"><a href=\"https:\/\/www.dentistinwoodland.com\/es\/pacientes-nuevos\/se-acepta-dentical\/\">Se acepta Dentical<\/a><\/li>\n<\/ul><\/nav>\n\n\n\n<h2 class=\"wp-block-heading\">Una Experiencia C\u00f3moda y Personalizada<\/h2>\n\n\n\n<p>Comprendemos que elegir un nuevo dentista es una decisi\u00f3n importante, y nos esforzamos por hacer que cada paciente se sienta c\u00f3modo desde el momento en que cruza nuestras puertas. Nuestro consultorio moderno cuenta con tecnolog\u00eda dental avanzada, incluyendo tomograf\u00edas computarizadas y escaneo intraoral, para garantizar diagn\u00f3sticos precisos y tratamientos m\u00ednimamente invasivos. Tambi\u00e9n nos tomamos el tiempo para explicar todos los procedimientos minuciosamente, asegurando que se sienta confiado con su plan de atenci\u00f3n.  <\/p>\n\n\n\n<h2 class=\"wp-block-heading\">Opciones de Seguro y Pago Asequibles<\/h2>\n\n\n\n<p>Creemos que la atenci\u00f3n dental de alta calidad debe ser accesible para todos, por lo que aceptamos Dentical, el programa de seguro estatal de California, junto con una variedad de otros planes de seguro. Nuestro equipo le ayudar\u00e1 a navegar sus beneficios y le proporcionar\u00e1 opciones de pago flexibles que se ajusten a su presupuesto. <\/p>\n<\/div><\/div>\n\n<div class=\"bio bg-light flc-section-padding\">\n    <div class=\"container\">\n        <div class=\"row align-items-center\">\n                            <div class=\"col-md-6 mb-4 mb-md-0\">\n                    <img loading=\"lazy\" decoding=\"async\" width=\"960\" height=\"960\" src=\"https:\/\/www.dentistinwoodland.com\/wp-content\/uploads\/2025\/04\/2.jpg\" class=\"img-fluid\" alt=\"Dos mujeres sonrientes se sientan detr\u00e1s de un mostrador de recepci\u00f3n con revistas y carteles informativos, en una sala de espera de una oficina con un cartel en la pared que dice &quot;Nos reservamos el derecho de rechazar el servicio a cualquier persona&quot;.\" srcset=\"https:\/\/www.dentistinwoodland.com\/wp-content\/uploads\/2025\/04\/2.jpg 960w, https:\/\/www.dentistinwoodland.com\/wp-content\/uploads\/2025\/04\/2-300x300.jpg 300w, https:\/\/www.dentistinwoodland.com\/wp-content\/uploads\/2025\/04\/2-768x768.jpg 768w, https:\/\/www.dentistinwoodland.com\/wp-content\/uploads\/2025\/04\/2-192x192.jpg 192w, https:\/\/www.dentistinwoodland.com\/wp-content\/uploads\/2025\/04\/2-32x32.jpg 32w\" sizes=\"auto, (max-width: 960px) 100vw, 960px\" \/>                <\/div>\n                        <div class=\"col-md-6 pl-md-5\">\n                                    <h2>Atenci\u00f3n dental integral y familiar<\/h2>\n                \n                                    <p>En Woodland Family Dental, creemos que todo el mundo merece una experiencia dental positiva. Nuestro equipo se dedica a crear un ambiente acogedor para los pacientes de todas las edades, asegurando que cada visita es libre de estr\u00e9s y adaptado a sus necesidades \u00fanicas. Combinamos el estado de la t\u00e9cnica dental con un enfoque compasivo, por lo que la atenci\u00f3n dental de alta calidad accesible a las personas y familias a trav\u00e9s de Woodland y West Sacramento.<\/p>\n                \n                                    <a class=\"btn btn-outline-primary\" href=\"https:\/\/www.dentistinwoodland.com\/es\/acerca-de-nosotros\/\" target=\"_self\">\n                        Acerca de nosotros                    <\/a>\n                            <\/div>\n        <\/div>\n    <\/div>\n<\/div>\n<h2 class=\"wp-block-heading\">\u00danase a Nuestra Familia Dental en Woodland y West Sacramento<\/h2>\n\n<p>Esperamos darle la bienvenida a Woodland Family Dental y brindarle una atenci\u00f3n excepcional en un entorno confortable. <a href=\"https:\/\/app.nexhealth.com\/appts\/ora-dentistry?lid=334187\" class=\"contact_anchor \"><span>Programe su primera cita<\/span><\/a> hoy y experimente un nuevo est\u00e1ndar en odontolog\u00eda.<\/p>\n","protected":false},"excerpt":{"rendered":"<p>En Woodland Family Dental, deseamos que su primera visita sea lo m\u00e1s libre de estr\u00e9s y conveniente posible. Damos la bienvenida a pacientes de todas las edades en Woodland, CA, y West Sacramento, ofreciendo atenci\u00f3n integral adaptada a sus necesidades de salud dental. Ya sea que nos visite para atenci\u00f3n preventiva, tratamientos restaurativos o una&hellip; <a href=\"https:\/\/www.dentistinwoodland.com\/es\/pacientes-nuevos\/\" class=\"btn btn-outline-primary position-absolute more-link\"> Seguir leyendo <span class=\"sr-only\"> acerca de Pacientes Nuevos<\/span><\/a><\/p>\n","protected":false},"author":2,"featured_media":0,"parent":0,"menu_order":0,"comment_status":"closed","ping_status":"closed","template":"template-fullwidth.php","meta":{"_acf_changed":false,"footnotes":""},"class_list":["post-2169","page","type-page","status-publish"],"acf":[],"yoast_head":"<!-- This site is optimized with the Yoast SEO plugin v26.6 - https:\/\/yoast.com\/wordpress\/plugins\/seo\/ -->\n<title>Pacientes Nuevos | Woodland Family Dental<\/title>\n<meta name=\"description\" content=\"Woodland Family Dental da la bienvenida a pacientes nuevos en Woodland, CA, y West Sacramento. Ofrecemos visitas libres de estr\u00e9s, aceptaci\u00f3n de Dentical y atenci\u00f3n dental avanzada. \u00a1Programe su cita hoy!\" \/>\n<meta name=\"robots\" content=\"index, follow, max-snippet:-1, max-image-preview:large, max-video-preview:-1\" \/>\n<link rel=\"canonical\" href=\"https:\/\/www.dentistinwoodland.com\/es\/pacientes-nuevos\/\" \/>\n<meta property=\"og:locale\" content=\"es_ES\" \/>\n<meta property=\"og:type\" content=\"article\" \/>\n<meta property=\"og:title\" content=\"Pacientes Nuevos | Woodland Family Dental\" \/>\n<meta property=\"og:description\" content=\"Woodland Family Dental da la bienvenida a pacientes nuevos en Woodland, CA, y West Sacramento. Ofrecemos visitas libres de estr\u00e9s, aceptaci\u00f3n de Dentical y atenci\u00f3n dental avanzada. \u00a1Programe su cita hoy!\" \/>\n<meta property=\"og:url\" content=\"https:\/\/www.dentistinwoodland.com\/es\/pacientes-nuevos\/\" \/>\n<meta property=\"og:site_name\" content=\"Woodland Family Dental\" \/>\n<meta property=\"article:modified_time\" content=\"2025-05-13T07:29:19+00:00\" \/>\n<meta property=\"og:image\" content=\"https:\/\/www.dentistinwoodland.com\/wp-content\/uploads\/2025\/04\/header-license-confirmed.jpg\" \/><meta property=\"og:image\" content=\"https:\/\/www.dentistinwoodland.com\/wp-content\/uploads\/2025\/04\/5.jpg\" \/>\n\t<meta property=\"og:image:width\" content=\"960\" \/>\n\t<meta property=\"og:image:height\" content=\"960\" \/>\n\t<meta property=\"og:image:type\" content=\"image\/jpeg\" \/>\n<meta name=\"twitter:card\" content=\"summary_large_image\" \/>\n<meta name=\"twitter:image\" content=\"https:\/\/www.dentistinwoodland.com\/wp-content\/uploads\/2025\/04\/header-license-confirmed.jpg\" \/>\n<meta name=\"twitter:label1\" content=\"Tiempo de lectura\" \/>\n\t<meta name=\"twitter:data1\" content=\"1 minuto\" \/>\n<!-- \/ Yoast SEO plugin. -->","yoast_head_json":{"title":"Pacientes Nuevos | Woodland Family Dental","description":"Woodland Family Dental da la bienvenida a pacientes nuevos en Woodland, CA, y West Sacramento. Ofrecemos visitas libres de estr\u00e9s, aceptaci\u00f3n de Dentical y atenci\u00f3n dental avanzada. \u00a1Programe su cita hoy!","robots":{"index":"index","follow":"follow","max-snippet":"max-snippet:-1","max-image-preview":"max-image-preview:large","max-video-preview":"max-video-preview:-1"},"canonical":"https:\/\/www.dentistinwoodland.com\/es\/pacientes-nuevos\/","og_locale":"es_ES","og_type":"article","og_title":"Pacientes Nuevos | Woodland Family Dental","og_description":"Woodland Family Dental da la bienvenida a pacientes nuevos en Woodland, CA, y West Sacramento. Ofrecemos visitas libres de estr\u00e9s, aceptaci\u00f3n de Dentical y atenci\u00f3n dental avanzada. \u00a1Programe su cita hoy!","og_url":"https:\/\/www.dentistinwoodland.com\/es\/pacientes-nuevos\/","og_site_name":"Woodland Family Dental","article_modified_time":"2025-05-13T07:29:19+00:00","og_image":[{"url":"https:\/\/www.dentistinwoodland.com\/wp-content\/uploads\/2025\/04\/header-license-confirmed.jpg","type":"","width":"","height":""},{"width":960,"height":960,"url":"https:\/\/www.dentistinwoodland.com\/wp-content\/uploads\/2025\/04\/5.jpg","type":"image\/jpeg"}],"twitter_card":"summary_large_image","twitter_image":"https:\/\/www.dentistinwoodland.com\/wp-content\/uploads\/2025\/04\/header-license-confirmed.jpg","twitter_misc":{"Tiempo de lectura":"1 minuto"},"schema":{"@context":"https:\/\/schema.org","@graph":[{"@type":"WebPage","@id":"https:\/\/www.dentistinwoodland.com\/es\/pacientes-nuevos\/","url":"https:\/\/www.dentistinwoodland.com\/es\/pacientes-nuevos\/","name":"Pacientes Nuevos | Woodland Family Dental","isPartOf":{"@id":"https:\/\/www.dentistinwoodland.com\/es\/#website"},"primaryImageOfPage":{"@id":"https:\/\/www.dentistinwoodland.com\/es\/pacientes-nuevos\/#primaryimage"},"image":{"@id":"https:\/\/www.dentistinwoodland.com\/es\/pacientes-nuevos\/#primaryimage"},"thumbnailUrl":"https:\/\/www.dentistinwoodland.com\/wp-content\/uploads\/2025\/04\/5.jpg","datePublished":"2023-01-17T19:07:53+00:00","dateModified":"2025-05-13T07:29:19+00:00","description":"Woodland Family Dental da la bienvenida a pacientes nuevos en Woodland, CA, y West Sacramento. Ofrecemos visitas libres de estr\u00e9s, aceptaci\u00f3n de Dentical y atenci\u00f3n dental avanzada. \u00a1Programe su cita hoy!","breadcrumb":{"@id":"https:\/\/www.dentistinwoodland.com\/es\/pacientes-nuevos\/#breadcrumb"},"inLanguage":"es","potentialAction":[{"@type":"ReadAction","target":["https:\/\/www.dentistinwoodland.com\/es\/pacientes-nuevos\/"]}]},{"@type":"ImageObject","inLanguage":"es","@id":"https:\/\/www.dentistinwoodland.com\/es\/pacientes-nuevos\/#primaryimage","url":"https:\/\/www.dentistinwoodland.com\/wp-content\/uploads\/2025\/04\/5.jpg","contentUrl":"https:\/\/www.dentistinwoodland.com\/wp-content\/uploads\/2025\/04\/5.jpg"},{"@type":"BreadcrumbList","@id":"https:\/\/www.dentistinwoodland.com\/es\/pacientes-nuevos\/#breadcrumb","itemListElement":[{"@type":"ListItem","position":1,"name":"Home","item":"https:\/\/www.dentistinwoodland.com\/es\/inicio\/"},{"@type":"ListItem","position":2,"name":"Pacientes Nuevos"}]},{"@type":"WebSite","@id":"https:\/\/www.dentistinwoodland.com\/es\/#website","url":"https:\/\/www.dentistinwoodland.com\/es\/","name":"Woodland Family Dental","description":"","potentialAction":[{"@type":"SearchAction","target":{"@type":"EntryPoint","urlTemplate":"https:\/\/www.dentistinwoodland.com\/es\/?s={search_term_string}"},"query-input":{"@type":"PropertyValueSpecification","valueRequired":true,"valueName":"search_term_string"}}],"inLanguage":"es"}]}},"_links":{"self":[{"href":"https:\/\/www.dentistinwoodland.com\/es\/wp-json\/wp\/v2\/pages\/2169","targetHints":{"allow":["GET"]}}],"collection":[{"href":"https:\/\/www.dentistinwoodland.com\/es\/wp-json\/wp\/v2\/pages"}],"about":[{"href":"https:\/\/www.dentistinwoodland.com\/es\/wp-json\/wp\/v2\/types\/page"}],"author":[{"embeddable":true,"href":"https:\/\/www.dentistinwoodland.com\/es\/wp-json\/wp\/v2\/users\/2"}],"replies":[{"embeddable":true,"href":"https:\/\/www.dentistinwoodland.com\/es\/wp-json\/wp\/v2\/comments?post=2169"}],"version-history":[{"count":1,"href":"https:\/\/www.dentistinwoodland.com\/es\/wp-json\/wp\/v2\/pages\/2169\/revisions"}],"predecessor-version":[{"id":2170,"href":"https:\/\/www.dentistinwoodland.com\/es\/wp-json\/wp\/v2\/pages\/2169\/revisions\/2170"}],"wp:attachment":[{"href":"https:\/\/www.dentistinwoodland.com\/es\/wp-json\/wp\/v2\/media?parent=2169"}],"curies":[{"name":"wp","href":"https:\/\/api.w.org\/{rel}","templated":true}]}}