{"id":2163,"date":"2023-01-17T14:07:53","date_gmt":"2023-01-17T19:07:53","guid":{"rendered":"https:\/\/www.dentistinwoodland.com\/acerca-de-nosotros\/tecnologia\/"},"modified":"2025-05-13T02:26:25","modified_gmt":"2025-05-13T07:26:25","slug":"tecnologia","status":"publish","type":"page","link":"https:\/\/www.dentistinwoodland.com\/es\/acerca-de-nosotros\/tecnologia\/","title":{"rendered":"Tecnolog\u00eda"},"content":{"rendered":"\n<p>En Woodland Family Dental, creemos que la odontolog\u00eda moderna debe ser precisa, eficiente y c\u00f3moda. Es por eso que utilizamos tecnolog\u00eda dental de vanguardia para proporcionar atenci\u00f3n excepcional a nuestros pacientes en Woodland, CA, y West Sacramento. Nuestro compromiso con la tecnolog\u00eda avanzada <a href=\"https:\/\/www.dentistinwoodland.com\/about-us\/\">nos permite diagnosticar problemas m\u00e1s temprano<\/a>, mejorar la precisi\u00f3n del tratamiento y realzar la experiencia general del paciente.<\/p>\n\n    <div class=\"featured-testimonial-block bg-primary py-5 text-body\" id=\"featured-testimonial-block_87dea91c36659473da413d38739262f0\">\n        <div class=\"container\">\n            <div class=\"row justify-content-center\">\n                <div class=\"col-md-10 py-4\">\n                    <blockquote class=\"testimonials-blockquote mb-0 bg-light p-3 p-md-4 p-lg-5 position-relative\" style=\"border-radius: 2rem\">\n                        <svg class=\"testimonials-icon\" width=\"69\" height=\"69\" viewBox=\"0 0 69 69\" fill=\"none\" xmlns=\"http:\/\/www.w3.org\/2000\/svg\">\n                            <g filter=\"url(#filter0_d_1402_180)\">\n                            <circle cx=\"34.2612\" cy=\"33\" r=\"33\" fill=\"var(--primary)\"\/>\n                            <\/g>\n                            <path d=\"M22.757 19C17.1184 19 12.5473 23.6201 12.5473 29.3195C12.5473 35.0169 17.1184 39.6369 22.757 39.6369V46.3726C28.8237 43.1504 32.9668 36.7277 32.9668 29.3195C32.9668 23.6201 28.3957 19 22.757 19Z\" fill=\"white\"\/>\n                            <path d=\"M45.7892 19C40.1517 19 35.5803 23.6201 35.5803 29.3195C35.5803 35.0169 40.1517 39.6369 45.7892 39.6369V46.3726C51.8561 43.1504 56 36.7277 56 29.3195C56 23.6201 51.4285 19 45.7892 19Z\" fill=\"white\"\/>\n                        <\/svg>\n                        <div class=\"content\">Excelente servicio, recomendar\u00eda este lugar 100% llevo viniendo de Yuba City y realmente voy bien a gusto, las chicas son encantadoras y el dr es bien amable 100%<\/div>\n\n                        <div class=\"center-us d-flex align-items-center mt-4\">\n                            <cite class=\"d-block h5 m-0 pr-3 text-black\">Nelida Burgara<\/cite>\n                            <div class=\"testimonials-stars \">\n\t<svg class=\"svg-inline--fa fa-star  fa-w-18\" aria-hidden=\"true\" data-prefix=\"fab\" data-icon=\"star\" role=\"img\" xmlns=\"http:\/\/www.w3.org\/2000\/svg\" viewBox=\"0 0 576 512\" data-fa-i2svg=\"\"><path fill=\"currentColor\" d=\"M259.3 17.8L194 150.2 47.9 171.5c-26.2 3.8-36.7 36.1-17.7 54.6l105.7 103-25 145.5c-4.5 26.3 23.2 46 46.4 33.7L288 439.6l130.7 68.7c23.2 12.2 50.9-7.4 46.4-33.7l-25-145.5 105.7-103c19-18.5 8.5-50.8-17.7-54.6L382 150.2 316.7 17.8c-11.7-23.6-45.6-23.9-57.4 0z\"><\/path><\/svg>\t<svg class=\"svg-inline--fa fa-star  fa-w-18\" aria-hidden=\"true\" data-prefix=\"fab\" data-icon=\"star\" role=\"img\" xmlns=\"http:\/\/www.w3.org\/2000\/svg\" viewBox=\"0 0 576 512\" data-fa-i2svg=\"\"><path fill=\"currentColor\" d=\"M259.3 17.8L194 150.2 47.9 171.5c-26.2 3.8-36.7 36.1-17.7 54.6l105.7 103-25 145.5c-4.5 26.3 23.2 46 46.4 33.7L288 439.6l130.7 68.7c23.2 12.2 50.9-7.4 46.4-33.7l-25-145.5 105.7-103c19-18.5 8.5-50.8-17.7-54.6L382 150.2 316.7 17.8c-11.7-23.6-45.6-23.9-57.4 0z\"><\/path><\/svg>\t<svg class=\"svg-inline--fa fa-star  fa-w-18\" aria-hidden=\"true\" data-prefix=\"fab\" data-icon=\"star\" role=\"img\" xmlns=\"http:\/\/www.w3.org\/2000\/svg\" viewBox=\"0 0 576 512\" data-fa-i2svg=\"\"><path fill=\"currentColor\" d=\"M259.3 17.8L194 150.2 47.9 171.5c-26.2 3.8-36.7 36.1-17.7 54.6l105.7 103-25 145.5c-4.5 26.3 23.2 46 46.4 33.7L288 439.6l130.7 68.7c23.2 12.2 50.9-7.4 46.4-33.7l-25-145.5 105.7-103c19-18.5 8.5-50.8-17.7-54.6L382 150.2 316.7 17.8c-11.7-23.6-45.6-23.9-57.4 0z\"><\/path><\/svg>\t<svg class=\"svg-inline--fa fa-star  fa-w-18\" aria-hidden=\"true\" data-prefix=\"fab\" data-icon=\"star\" role=\"img\" xmlns=\"http:\/\/www.w3.org\/2000\/svg\" viewBox=\"0 0 576 512\" data-fa-i2svg=\"\"><path fill=\"currentColor\" d=\"M259.3 17.8L194 150.2 47.9 171.5c-26.2 3.8-36.7 36.1-17.7 54.6l105.7 103-25 145.5c-4.5 26.3 23.2 46 46.4 33.7L288 439.6l130.7 68.7c23.2 12.2 50.9-7.4 46.4-33.7l-25-145.5 105.7-103c19-18.5 8.5-50.8-17.7-54.6L382 150.2 316.7 17.8c-11.7-23.6-45.6-23.9-57.4 0z\"><\/path><\/svg>\t<svg class=\"svg-inline--fa fa-star  fa-w-18\" aria-hidden=\"true\" data-prefix=\"fab\" data-icon=\"star\" role=\"img\" xmlns=\"http:\/\/www.w3.org\/2000\/svg\" viewBox=\"0 0 576 512\" data-fa-i2svg=\"\"><path fill=\"currentColor\" d=\"M259.3 17.8L194 150.2 47.9 171.5c-26.2 3.8-36.7 36.1-17.7 54.6l105.7 103-25 145.5c-4.5 26.3 23.2 46 46.4 33.7L288 439.6l130.7 68.7c23.2 12.2 50.9-7.4 46.4-33.7l-25-145.5 105.7-103c19-18.5 8.5-50.8-17.7-54.6L382 150.2 316.7 17.8c-11.7-23.6-45.6-23.9-57.4 0z\"><\/path><\/svg><\/div>                        <\/div>\n                    <\/blockquote>\n                <\/div>\n            <\/div>\n        <\/div>\n    <\/div>\n\n<div class=\"wp-block-media-text is-stacked-on-mobile\"><figure class=\"wp-block-media-text__media\"><img loading=\"lazy\" decoding=\"async\" width=\"960\" height=\"960\" src=\"https:\/\/www.dentistinwoodland.com\/wp-content\/uploads\/2025\/04\/9.jpg\" alt=\"Un odont\u00f3logo con bata blanca observa un escaneo dental digital mostrado en un monitor que exhibe im\u00e1genes detalladas de los dientes.\" class=\"wp-image-2005 size-full\" srcset=\"https:\/\/www.dentistinwoodland.com\/wp-content\/uploads\/2025\/04\/9.jpg 960w, https:\/\/www.dentistinwoodland.com\/wp-content\/uploads\/2025\/04\/9-300x300.jpg 300w, https:\/\/www.dentistinwoodland.com\/wp-content\/uploads\/2025\/04\/9-768x768.jpg 768w, https:\/\/www.dentistinwoodland.com\/wp-content\/uploads\/2025\/04\/9-192x192.jpg 192w, https:\/\/www.dentistinwoodland.com\/wp-content\/uploads\/2025\/04\/9-32x32.jpg 32w\" sizes=\"auto, (max-width: 960px) 100vw, 960px\" \/><\/figure><div class=\"wp-block-media-text__content\">\n<h2 class=\"wp-block-heading\">Tomograf\u00eda Computarizada para un Diagn\u00f3stico Preciso<\/h2>\n\n\n\n<p>Una tomograf\u00eda computarizada (Tomograf\u00eda Computarizada de Haz C\u00f3nico) es una poderosa herramienta de imagen que proporciona im\u00e1genes tridimensionales de alta resoluci\u00f3n de sus dientes, mand\u00edbula y estructuras circundantes. A diferencia de las radiograf\u00edas tradicionales, las tomograf\u00edas computarizadas nos permiten visualizar su anatom\u00eda oral con mucho mayor detalle, asegurando diagn\u00f3sticos precisos y planificaci\u00f3n de tratamientos. Utilizamos la tomograf\u00eda computarizada para:<\/p>\n\n\n<div class=\"column-content-block\" id=\"column-content-block_1d3c02259f126e18013f06bf228c3176\">\n            <div class=\"row\">\n                            <div class=\"col-md-6\">\n                    <div class=\"column-content\" id=\"column-content-block_1d3c02259f126e18013f06bf228c3176-column-0\">\n                                                    <h3 class=\"h4\">Planificaci\u00f3n de Implantes Dentales<\/h3>\n                                                <div class=\"column-wysiwyg\">\n                            <p>Asegurar la colocaci\u00f3n adecuada de implantes, incluyendo soluciones de arco completo ORA4X.<\/p>\n                        <\/div>\n                    <\/div>\n                <\/div>\n                            <div class=\"col-md-6\">\n                    <div class=\"column-content\" id=\"column-content-block_1d3c02259f126e18013f06bf228c3176-column-1\">\n                                                    <h3 class=\"h4\">Evaluaciones de Muelas del Juicio<\/h3>\n                                                <div class=\"column-wysiwyg\">\n                            <p>Identificar dientes impactados y potenciales complicaciones antes de la extracci\u00f3n.<\/p>\n                        <\/div>\n                    <\/div>\n                <\/div>\n                            <div class=\"col-md-6\">\n                    <div class=\"column-content\" id=\"column-content-block_1d3c02259f126e18013f06bf228c3176-column-2\">\n                                                    <h3 class=\"h4\">Tratamiento de Conducto<\/h3>\n                                                <div class=\"column-wysiwyg\">\n                            <p>Evaluar la profundidad de la infecci\u00f3n y la estructura de la ra\u00edz para proporcionar el tratamiento m\u00e1s efectivo.<\/p>\n                        <\/div>\n                    <\/div>\n                <\/div>\n                            <div class=\"col-md-6\">\n                    <div class=\"column-content\" id=\"column-content-block_1d3c02259f126e18013f06bf228c3176-column-3\">\n                                                    <h3 class=\"h4\">An\u00e1lisis de la ATM y la Mordida<\/h3>\n                                                <div class=\"column-wysiwyg\">\n                            <p>Detectar problemas de alineaci\u00f3n de la mand\u00edbula, ayudando a prevenir molestias a largo plazo.<\/p>\n                        <\/div>\n                    <\/div>\n                <\/div>\n                    <\/div>\n    <\/div><\/div><\/div>\n\n<div class=\"wp-block-media-text has-media-on-the-right is-stacked-on-mobile\"><div class=\"wp-block-media-text__content\">\n<h2 class=\"wp-block-heading\">Escaneo Intraoral para Impresiones Digitales<\/h2>\n\n\n\n<p>Se acabaron los d\u00edas de los moldes dentales desordenados e inc\u00f3modos. Nuestro esc\u00e1ner intraoral crea impresiones digitales altamente precisas en minutos, mejorando la eficiencia de tratamientos como coronas, puentes, carillas e Invisalign. Con esta tecnolog\u00eda, podemos:<\/p>\n\n\n\n<ul class=\"wp-block-list c3 lst-kix_hnl2g8ocrhvq-0 start\">\n<li>Proporcionar una experiencia m\u00e1s r\u00e1pida y c\u00f3moda para nuestros pacientes.<\/li>\n\n\n\n<li>Asegurar un ajuste preciso para restauraciones y alineadores.<\/li>\n\n\n\n<li>Compartir visuales instant\u00e1neos y detallados de sus dientes, permiti\u00e9ndole ver las recomendaciones de tratamiento en tiempo real.<\/li>\n<\/ul>\n\n\n\n<h2 class=\"wp-block-heading\">Por Qu\u00e9 Importa la Tecnolog\u00eda Avanzada<\/h2>\n\n\n<div class=\"column-content-block\" id=\"column-content-block_d8db07882aa42992e701c17e41e06292\">\n            <div class=\"row\">\n                            <div class=\"col-md-6\">\n                    <div class=\"column-content\" id=\"column-content-block_d8db07882aa42992e701c17e41e06292-column-0\">\n                                                    <h3 class=\"h4\">Diagn\u00f3sticos M\u00e1s R\u00e1pidos y Precisos<\/h3>\n                                                <div class=\"column-wysiwyg\">\n                            <p>Identificar problemas antes de que empeoren, ahorr\u00e1ndole tiempo y dinero.<\/p>\n                        <\/div>\n                    <\/div>\n                <\/div>\n                            <div class=\"col-md-6\">\n                    <div class=\"column-content\" id=\"column-content-block_d8db07882aa42992e701c17e41e06292-column-1\">\n                                                    <h3 class=\"h4\">Tratamiento M\u00ednimamente Invasivo<\/h3>\n                                                <div class=\"column-wysiwyg\">\n                            <p>Las im\u00e1genes avanzadas y el escaneo permiten procedimientos precisos y menos invasivos.<\/p>\n                        <\/div>\n                    <\/div>\n                <\/div>\n                            <div class=\"col-md-6\">\n                    <div class=\"column-content\" id=\"column-content-block_d8db07882aa42992e701c17e41e06292-column-2\">\n                                                    <h3 class=\"h4\">Mejor Experiencia del Paciente<\/h3>\n                                                <div class=\"column-wysiwyg\">\n                            <p>Soluciones c\u00f3modas y modernas dise\u00f1adas para reducir la ansiedad y mejorar la eficiencia.<\/p>\n                        <\/div>\n                    <\/div>\n                <\/div>\n                    <\/div>\n    <\/div><\/div><figure class=\"wp-block-media-text__media\"><img loading=\"lazy\" decoding=\"async\" width=\"960\" height=\"960\" src=\"https:\/\/www.dentistinwoodland.com\/wp-content\/uploads\/2025\/04\/14.jpg\" alt=\"Un odont\u00f3logo con guantes explica radiograf\u00edas dentales en un monitor a un paciente mientras sostiene una tableta que muestra im\u00e1genes de dientes.\" class=\"wp-image-2019 size-full\" srcset=\"https:\/\/www.dentistinwoodland.com\/wp-content\/uploads\/2025\/04\/14.jpg 960w, https:\/\/www.dentistinwoodland.com\/wp-content\/uploads\/2025\/04\/14-300x300.jpg 300w, https:\/\/www.dentistinwoodland.com\/wp-content\/uploads\/2025\/04\/14-768x768.jpg 768w, https:\/\/www.dentistinwoodland.com\/wp-content\/uploads\/2025\/04\/14-192x192.jpg 192w, https:\/\/www.dentistinwoodland.com\/wp-content\/uploads\/2025\/04\/14-32x32.jpg 32w\" sizes=\"auto, (max-width: 960px) 100vw, 960px\" \/><\/figure><\/div>\n\n<div class=\"bio bg-light flc-section-padding\">\n    <div class=\"container\">\n        <div class=\"row align-items-center\">\n                            <div class=\"col-md-6 mb-4 mb-md-0\">\n                    <img loading=\"lazy\" decoding=\"async\" width=\"960\" height=\"960\" src=\"https:\/\/www.dentistinwoodland.com\/wp-content\/uploads\/2025\/04\/2.jpg\" class=\"img-fluid\" alt=\"Dos mujeres sonrientes se sientan detr\u00e1s de un mostrador de recepci\u00f3n con revistas y carteles informativos, en una sala de espera de una oficina con un cartel en la pared que dice &quot;Nos reservamos el derecho de rechazar el servicio a cualquier persona&quot;.\" srcset=\"https:\/\/www.dentistinwoodland.com\/wp-content\/uploads\/2025\/04\/2.jpg 960w, https:\/\/www.dentistinwoodland.com\/wp-content\/uploads\/2025\/04\/2-300x300.jpg 300w, https:\/\/www.dentistinwoodland.com\/wp-content\/uploads\/2025\/04\/2-768x768.jpg 768w, https:\/\/www.dentistinwoodland.com\/wp-content\/uploads\/2025\/04\/2-192x192.jpg 192w, https:\/\/www.dentistinwoodland.com\/wp-content\/uploads\/2025\/04\/2-32x32.jpg 32w\" sizes=\"auto, (max-width: 960px) 100vw, 960px\" \/>                <\/div>\n                        <div class=\"col-md-6 pl-md-5\">\n                                    <h2>Atenci\u00f3n dental integral y familiar<\/h2>\n                \n                                    <p>En Woodland Family Dental, creemos que todo el mundo merece una experiencia dental positiva. Nuestro equipo se dedica a crear un ambiente acogedor para los pacientes de todas las edades, asegurando que cada visita es libre de estr\u00e9s y adaptado a sus necesidades \u00fanicas. Combinamos el estado de la t\u00e9cnica dental con un enfoque compasivo, por lo que la atenci\u00f3n dental de alta calidad accesible a las personas y familias a trav\u00e9s de Woodland y West Sacramento.<\/p>\n                \n                                    <a class=\"btn btn-outline-primary\" href=\"https:\/\/www.dentistinwoodland.com\/es\/acerca-de-nosotros\/\" target=\"_self\">\n                        Acerca de nosotros                    <\/a>\n                            <\/div>\n        <\/div>\n    <\/div>\n<\/div>\n<h2 class=\"wp-block-heading\">Tecnolog\u00eda Dental Avanzada para una Mejor Atenci\u00f3n en Woodland y West Sacramento<\/h2>\n\n<p>En Woodland Family Dental, invertimos en la \u00faltima tecnolog\u00eda para asegurar que reciba el m\u00e1s alto est\u00e1ndar de atenci\u00f3n. Ya sea que necesite atenci\u00f3n preventiva de rutina o tratamiento restaurador avanzado, nuestras herramientas dentales de vanguardia nos ayudan a ofrecer resultados excepcionales con precisi\u00f3n y comodidad. <a href=\"https:\/\/app.nexhealth.com\/appts\/ora-dentistry?lid=334187\" class=\"contact_anchor \"><span>Programe una cita<\/span><\/a> hoy y experimente el futuro de la atenci\u00f3n dental.<\/p>\n","protected":false},"excerpt":{"rendered":"<p>En Woodland Family Dental, creemos que la odontolog\u00eda moderna debe ser precisa, eficiente y c\u00f3moda. Es por eso que utilizamos tecnolog\u00eda dental de vanguardia para proporcionar atenci\u00f3n excepcional a nuestros pacientes en Woodland, CA, y West Sacramento. Nuestro compromiso con la tecnolog\u00eda avanzada nos permite diagnosticar problemas m\u00e1s temprano, mejorar la precisi\u00f3n del tratamiento y&hellip; <a href=\"https:\/\/www.dentistinwoodland.com\/es\/acerca-de-nosotros\/tecnologia\/\" class=\"btn btn-outline-primary position-absolute more-link\"> Seguir leyendo <span class=\"sr-only\"> acerca de Tecnolog\u00eda<\/span><\/a><\/p>\n","protected":false},"author":2,"featured_media":1971,"parent":2157,"menu_order":0,"comment_status":"closed","ping_status":"closed","template":"template-fullwidth.php","meta":{"_acf_changed":false,"footnotes":""},"class_list":["post-2163","page","type-page","status-publish","has-post-thumbnail"],"acf":[],"yoast_head":"<!-- This site is optimized with the Yoast SEO plugin v26.6 - https:\/\/yoast.com\/wordpress\/plugins\/seo\/ -->\n<title>Tecnolog\u00eda | Woodland Family Dental<\/title>\n<meta name=\"description\" content=\"Woodland Family Dental utiliza tecnolog\u00eda avanzada, incluyendo tomograf\u00edas computarizadas y escaneo intraoral, para brindar atenci\u00f3n precisa y c\u00f3moda en Woodland, CA, y West Sacramento. Experimente la odontolog\u00eda moderna hoy.\" \/>\n<meta name=\"robots\" content=\"index, follow, max-snippet:-1, max-image-preview:large, max-video-preview:-1\" \/>\n<link rel=\"canonical\" href=\"https:\/\/www.dentistinwoodland.com\/es\/acerca-de-nosotros\/tecnologia\/\" \/>\n<meta property=\"og:locale\" content=\"es_ES\" \/>\n<meta property=\"og:type\" content=\"article\" \/>\n<meta property=\"og:title\" content=\"Tecnolog\u00eda | Woodland Family Dental\" \/>\n<meta property=\"og:description\" content=\"Woodland Family Dental utiliza tecnolog\u00eda avanzada, incluyendo tomograf\u00edas computarizadas y escaneo intraoral, para brindar atenci\u00f3n precisa y c\u00f3moda en Woodland, CA, y West Sacramento. Experimente la odontolog\u00eda moderna hoy.\" \/>\n<meta property=\"og:url\" content=\"https:\/\/www.dentistinwoodland.com\/es\/acerca-de-nosotros\/tecnologia\/\" \/>\n<meta property=\"og:site_name\" content=\"Woodland Family Dental\" \/>\n<meta property=\"article:modified_time\" content=\"2025-05-13T07:26:25+00:00\" \/>\n<meta property=\"og:image\" content=\"https:\/\/www.dentistinwoodland.com\/wp-content\/uploads\/2025\/04\/header-4-license-confirmed.jpg\" \/>\n<meta name=\"twitter:card\" content=\"summary_large_image\" \/>\n<meta name=\"twitter:image\" content=\"https:\/\/www.dentistinwoodland.com\/wp-content\/uploads\/2025\/04\/header-4-license-confirmed.jpg\" \/>\n<meta name=\"twitter:label1\" content=\"Tiempo de lectura\" \/>\n\t<meta name=\"twitter:data1\" content=\"2 minutos\" \/>\n<!-- \/ Yoast SEO plugin. -->","yoast_head_json":{"title":"Tecnolog\u00eda | Woodland Family Dental","description":"Woodland Family Dental utiliza tecnolog\u00eda avanzada, incluyendo tomograf\u00edas computarizadas y escaneo intraoral, para brindar atenci\u00f3n precisa y c\u00f3moda en Woodland, CA, y West Sacramento. Experimente la odontolog\u00eda moderna hoy.","robots":{"index":"index","follow":"follow","max-snippet":"max-snippet:-1","max-image-preview":"max-image-preview:large","max-video-preview":"max-video-preview:-1"},"canonical":"https:\/\/www.dentistinwoodland.com\/es\/acerca-de-nosotros\/tecnologia\/","og_locale":"es_ES","og_type":"article","og_title":"Tecnolog\u00eda | Woodland Family Dental","og_description":"Woodland Family Dental utiliza tecnolog\u00eda avanzada, incluyendo tomograf\u00edas computarizadas y escaneo intraoral, para brindar atenci\u00f3n precisa y c\u00f3moda en Woodland, CA, y West Sacramento. Experimente la odontolog\u00eda moderna hoy.","og_url":"https:\/\/www.dentistinwoodland.com\/es\/acerca-de-nosotros\/tecnologia\/","og_site_name":"Woodland Family Dental","article_modified_time":"2025-05-13T07:26:25+00:00","og_image":[{"url":"https:\/\/www.dentistinwoodland.com\/wp-content\/uploads\/2025\/04\/header-4-license-confirmed.jpg","type":"","width":"","height":""}],"twitter_card":"summary_large_image","twitter_image":"https:\/\/www.dentistinwoodland.com\/wp-content\/uploads\/2025\/04\/header-4-license-confirmed.jpg","twitter_misc":{"Tiempo de lectura":"2 minutos"},"schema":{"@context":"https:\/\/schema.org","@graph":[{"@type":"WebPage","@id":"https:\/\/www.dentistinwoodland.com\/es\/acerca-de-nosotros\/tecnologia\/","url":"https:\/\/www.dentistinwoodland.com\/es\/acerca-de-nosotros\/tecnologia\/","name":"Tecnolog\u00eda | Woodland Family Dental","isPartOf":{"@id":"https:\/\/www.dentistinwoodland.com\/es\/#website"},"primaryImageOfPage":{"@id":"https:\/\/www.dentistinwoodland.com\/es\/acerca-de-nosotros\/tecnologia\/#primaryimage"},"image":{"@id":"https:\/\/www.dentistinwoodland.com\/es\/acerca-de-nosotros\/tecnologia\/#primaryimage"},"thumbnailUrl":"https:\/\/www.dentistinwoodland.com\/wp-content\/uploads\/2025\/04\/header-4-license-confirmed.jpg","datePublished":"2023-01-17T19:07:53+00:00","dateModified":"2025-05-13T07:26:25+00:00","description":"Woodland Family Dental utiliza tecnolog\u00eda avanzada, incluyendo tomograf\u00edas computarizadas y escaneo intraoral, para brindar atenci\u00f3n precisa y c\u00f3moda en Woodland, CA, y West Sacramento. Experimente la odontolog\u00eda moderna hoy.","breadcrumb":{"@id":"https:\/\/www.dentistinwoodland.com\/es\/acerca-de-nosotros\/tecnologia\/#breadcrumb"},"inLanguage":"es","potentialAction":[{"@type":"ReadAction","target":["https:\/\/www.dentistinwoodland.com\/es\/acerca-de-nosotros\/tecnologia\/"]}]},{"@type":"ImageObject","inLanguage":"es","@id":"https:\/\/www.dentistinwoodland.com\/es\/acerca-de-nosotros\/tecnologia\/#primaryimage","url":"https:\/\/www.dentistinwoodland.com\/wp-content\/uploads\/2025\/04\/header-4-license-confirmed.jpg","contentUrl":"https:\/\/www.dentistinwoodland.com\/wp-content\/uploads\/2025\/04\/header-4-license-confirmed.jpg","width":1920,"height":768,"caption":"Un dentista con guantes y bata de laboratorio se\u00f1ala una radiograf\u00eda dental en un monitor mientras un paciente est\u00e1 acostado en la silla; otra radiograf\u00eda dental se ve en una pantalla en el fondo."},{"@type":"BreadcrumbList","@id":"https:\/\/www.dentistinwoodland.com\/es\/acerca-de-nosotros\/tecnologia\/#breadcrumb","itemListElement":[{"@type":"ListItem","position":1,"name":"Home","item":"https:\/\/www.dentistinwoodland.com\/es\/inicio\/"},{"@type":"ListItem","position":2,"name":"Acerca de nosotros","item":"https:\/\/www.dentistinwoodland.com\/es\/acerca-de-nosotros\/"},{"@type":"ListItem","position":3,"name":"Tecnolog\u00eda"}]},{"@type":"WebSite","@id":"https:\/\/www.dentistinwoodland.com\/es\/#website","url":"https:\/\/www.dentistinwoodland.com\/es\/","name":"Woodland Family Dental","description":"","potentialAction":[{"@type":"SearchAction","target":{"@type":"EntryPoint","urlTemplate":"https:\/\/www.dentistinwoodland.com\/es\/?s={search_term_string}"},"query-input":{"@type":"PropertyValueSpecification","valueRequired":true,"valueName":"search_term_string"}}],"inLanguage":"es"}]}},"_links":{"self":[{"href":"https:\/\/www.dentistinwoodland.com\/es\/wp-json\/wp\/v2\/pages\/2163","targetHints":{"allow":["GET"]}}],"collection":[{"href":"https:\/\/www.dentistinwoodland.com\/es\/wp-json\/wp\/v2\/pages"}],"about":[{"href":"https:\/\/www.dentistinwoodland.com\/es\/wp-json\/wp\/v2\/types\/page"}],"author":[{"embeddable":true,"href":"https:\/\/www.dentistinwoodland.com\/es\/wp-json\/wp\/v2\/users\/2"}],"replies":[{"embeddable":true,"href":"https:\/\/www.dentistinwoodland.com\/es\/wp-json\/wp\/v2\/comments?post=2163"}],"version-history":[{"count":1,"href":"https:\/\/www.dentistinwoodland.com\/es\/wp-json\/wp\/v2\/pages\/2163\/revisions"}],"predecessor-version":[{"id":2164,"href":"https:\/\/www.dentistinwoodland.com\/es\/wp-json\/wp\/v2\/pages\/2163\/revisions\/2164"}],"up":[{"embeddable":true,"href":"https:\/\/www.dentistinwoodland.com\/es\/wp-json\/wp\/v2\/pages\/2157"}],"wp:featuredmedia":[{"embeddable":true,"href":"https:\/\/www.dentistinwoodland.com\/es\/wp-json\/wp\/v2\/media\/1971"}],"wp:attachment":[{"href":"https:\/\/www.dentistinwoodland.com\/es\/wp-json\/wp\/v2\/media?parent=2163"}],"curies":[{"name":"wp","href":"https:\/\/api.w.org\/{rel}","templated":true}]}}