{"id":2157,"date":"2023-01-17T14:07:53","date_gmt":"2023-01-17T19:07:53","guid":{"rendered":"https:\/\/www.dentistinwoodland.com\/acerca-de-nosotros\/"},"modified":"2025-05-20T18:56:18","modified_gmt":"2025-05-20T23:56:18","slug":"acerca-de-nosotros","status":"publish","type":"page","link":"https:\/\/www.dentistinwoodland.com\/es\/acerca-de-nosotros\/","title":{"rendered":"Acerca de nosotros"},"content":{"rendered":"\n<p>Bienvenido a <a href=\"https:\/\/www.dentistinwoodland.com\/es\/\">Woodland Family Dental<\/a>, donde la atenci\u00f3n de alta calidad centrada en el paciente es nuestra m\u00e1xima prioridad. Atendiendo a pacientes en Woodland, CA, y West Sacramento, nuestra pr\u00e1ctica se fundamenta en la compasi\u00f3n, la innovaci\u00f3n y la excelencia en odontolog\u00eda. Ya sea que necesite atenci\u00f3n preventiva, tratamientos cosm\u00e9ticos o procedimientos restaurativos avanzados, estamos comprometidos a ayudarle a lograr una sonrisa saludable y confiada en un entorno confortable.<\/p>\n\n    <div class=\"featured-testimonial-block bg-primary py-5 text-body\" id=\"featured-testimonial-block_77e4f04352e4a52ff1ccd31c79f813a3\">\n        <div class=\"container\">\n            <div class=\"row justify-content-center\">\n                <div class=\"col-md-10 py-4\">\n                    <blockquote class=\"testimonials-blockquote mb-0 bg-light p-3 p-md-4 p-lg-5 position-relative\" style=\"border-radius: 2rem\">\n                        <svg class=\"testimonials-icon\" width=\"69\" height=\"69\" viewBox=\"0 0 69 69\" fill=\"none\" xmlns=\"http:\/\/www.w3.org\/2000\/svg\">\n                            <g filter=\"url(#filter0_d_1402_180)\">\n                            <circle cx=\"34.2612\" cy=\"33\" r=\"33\" fill=\"var(--primary)\"\/>\n                            <\/g>\n                            <path d=\"M22.757 19C17.1184 19 12.5473 23.6201 12.5473 29.3195C12.5473 35.0169 17.1184 39.6369 22.757 39.6369V46.3726C28.8237 43.1504 32.9668 36.7277 32.9668 29.3195C32.9668 23.6201 28.3957 19 22.757 19Z\" fill=\"white\"\/>\n                            <path d=\"M45.7892 19C40.1517 19 35.5803 23.6201 35.5803 29.3195C35.5803 35.0169 40.1517 39.6369 45.7892 39.6369V46.3726C51.8561 43.1504 56 36.7277 56 29.3195C56 23.6201 51.4285 19 45.7892 19Z\" fill=\"white\"\/>\n                        <\/svg>\n                        <div class=\"content\">Excelente servicio, recomendar\u00eda este lugar 100% llevo viniendo de Yuba City y realmente voy bien a gusto, las chicas son encantadoras y el dr es bien amable 100%<\/div>\n\n                        <div class=\"center-us d-flex align-items-center mt-4\">\n                            <cite class=\"d-block h5 m-0 pr-3 text-black\">Nelida Burgara<\/cite>\n                            <div class=\"testimonials-stars \">\n\t<svg class=\"svg-inline--fa fa-star  fa-w-18\" aria-hidden=\"true\" data-prefix=\"fab\" data-icon=\"star\" role=\"img\" xmlns=\"http:\/\/www.w3.org\/2000\/svg\" viewBox=\"0 0 576 512\" data-fa-i2svg=\"\"><path fill=\"currentColor\" d=\"M259.3 17.8L194 150.2 47.9 171.5c-26.2 3.8-36.7 36.1-17.7 54.6l105.7 103-25 145.5c-4.5 26.3 23.2 46 46.4 33.7L288 439.6l130.7 68.7c23.2 12.2 50.9-7.4 46.4-33.7l-25-145.5 105.7-103c19-18.5 8.5-50.8-17.7-54.6L382 150.2 316.7 17.8c-11.7-23.6-45.6-23.9-57.4 0z\"><\/path><\/svg>\t<svg class=\"svg-inline--fa fa-star  fa-w-18\" aria-hidden=\"true\" data-prefix=\"fab\" data-icon=\"star\" role=\"img\" xmlns=\"http:\/\/www.w3.org\/2000\/svg\" viewBox=\"0 0 576 512\" data-fa-i2svg=\"\"><path fill=\"currentColor\" d=\"M259.3 17.8L194 150.2 47.9 171.5c-26.2 3.8-36.7 36.1-17.7 54.6l105.7 103-25 145.5c-4.5 26.3 23.2 46 46.4 33.7L288 439.6l130.7 68.7c23.2 12.2 50.9-7.4 46.4-33.7l-25-145.5 105.7-103c19-18.5 8.5-50.8-17.7-54.6L382 150.2 316.7 17.8c-11.7-23.6-45.6-23.9-57.4 0z\"><\/path><\/svg>\t<svg class=\"svg-inline--fa fa-star  fa-w-18\" aria-hidden=\"true\" data-prefix=\"fab\" data-icon=\"star\" role=\"img\" xmlns=\"http:\/\/www.w3.org\/2000\/svg\" viewBox=\"0 0 576 512\" data-fa-i2svg=\"\"><path fill=\"currentColor\" d=\"M259.3 17.8L194 150.2 47.9 171.5c-26.2 3.8-36.7 36.1-17.7 54.6l105.7 103-25 145.5c-4.5 26.3 23.2 46 46.4 33.7L288 439.6l130.7 68.7c23.2 12.2 50.9-7.4 46.4-33.7l-25-145.5 105.7-103c19-18.5 8.5-50.8-17.7-54.6L382 150.2 316.7 17.8c-11.7-23.6-45.6-23.9-57.4 0z\"><\/path><\/svg>\t<svg class=\"svg-inline--fa fa-star  fa-w-18\" aria-hidden=\"true\" data-prefix=\"fab\" data-icon=\"star\" role=\"img\" xmlns=\"http:\/\/www.w3.org\/2000\/svg\" viewBox=\"0 0 576 512\" data-fa-i2svg=\"\"><path fill=\"currentColor\" d=\"M259.3 17.8L194 150.2 47.9 171.5c-26.2 3.8-36.7 36.1-17.7 54.6l105.7 103-25 145.5c-4.5 26.3 23.2 46 46.4 33.7L288 439.6l130.7 68.7c23.2 12.2 50.9-7.4 46.4-33.7l-25-145.5 105.7-103c19-18.5 8.5-50.8-17.7-54.6L382 150.2 316.7 17.8c-11.7-23.6-45.6-23.9-57.4 0z\"><\/path><\/svg>\t<svg class=\"svg-inline--fa fa-star  fa-w-18\" aria-hidden=\"true\" data-prefix=\"fab\" data-icon=\"star\" role=\"img\" xmlns=\"http:\/\/www.w3.org\/2000\/svg\" viewBox=\"0 0 576 512\" data-fa-i2svg=\"\"><path fill=\"currentColor\" d=\"M259.3 17.8L194 150.2 47.9 171.5c-26.2 3.8-36.7 36.1-17.7 54.6l105.7 103-25 145.5c-4.5 26.3 23.2 46 46.4 33.7L288 439.6l130.7 68.7c23.2 12.2 50.9-7.4 46.4-33.7l-25-145.5 105.7-103c19-18.5 8.5-50.8-17.7-54.6L382 150.2 316.7 17.8c-11.7-23.6-45.6-23.9-57.4 0z\"><\/path><\/svg><\/div>                        <\/div>\n                    <\/blockquote>\n                <\/div>\n            <\/div>\n        <\/div>\n    <\/div>\n\n<div class=\"wp-block-media-text alignwide is-stacked-on-mobile\"><figure class=\"wp-block-media-text__media\"><img loading=\"lazy\" decoding=\"async\" width=\"960\" height=\"960\" src=\"https:\/\/www.dentistinwoodland.com\/wp-content\/uploads\/2025\/04\/2.jpg\" alt=\"Dos mujeres se sientan detr\u00e1s de un mostrador de recepci\u00f3n en una oficina, sonriendo a la c\u00e1mara. El escritorio tiene folletos, revistas y un lector de tarjetas de cr\u00e9dito. Hay estanter\u00edas y un cartel de &quot;No hay servicio&quot; en la pared detr\u00e1s de ellas.\" class=\"wp-image-1995 size-full\" srcset=\"https:\/\/www.dentistinwoodland.com\/wp-content\/uploads\/2025\/04\/2.jpg 960w, https:\/\/www.dentistinwoodland.com\/wp-content\/uploads\/2025\/04\/2-300x300.jpg 300w, https:\/\/www.dentistinwoodland.com\/wp-content\/uploads\/2025\/04\/2-768x768.jpg 768w, https:\/\/www.dentistinwoodland.com\/wp-content\/uploads\/2025\/04\/2-192x192.jpg 192w, https:\/\/www.dentistinwoodland.com\/wp-content\/uploads\/2025\/04\/2-32x32.jpg 32w\" sizes=\"auto, (max-width: 960px) 100vw, 960px\" \/><\/figure><div class=\"wp-block-media-text__content\">\n<h2 class=\"wp-block-heading\">Atenci\u00f3n Dental Integral Orientada a la Familia<\/h2>\n\n\n\n<p>En Woodland Family Dental, creemos que todos merecen una experiencia dental positiva. Nuestro equipo est\u00e1 dedicado a crear un ambiente acogedor para pacientes de todas las edades, asegurando que cada visita sea libre de estr\u00e9s y adaptada a sus necesidades \u00fanicas. Combinamos tecnolog\u00eda dental de vanguardia con un enfoque compasivo, haciendo que la atenci\u00f3n dental de alta calidad sea accesible para individuos y familias en todo Woodland y West Sacramento.<\/p>\n\n\n\n<h2 class=\"wp-block-heading\">Conozca M\u00e1s Sobre Nuestra Pr\u00e1ctica<\/h2>\n\n\n\n<nav class=\"flc-menu  columns-2\"><ul><li class=\"page_item page-item-2159\"><a href=\"https:\/\/www.dentistinwoodland.com\/es\/acerca-de-nosotros\/dentista-que-habla-espanol\/\">Dentista que habla espa\u00f1ol<\/a><\/li>\n<li class=\"page_item page-item-2163\"><a href=\"https:\/\/www.dentistinwoodland.com\/es\/acerca-de-nosotros\/tecnologia\/\">Tecnolog\u00eda<\/a><\/li>\n<li class=\"page_item page-item-2165\"><a href=\"https:\/\/www.dentistinwoodland.com\/es\/acerca-de-nosotros\/testimonios\/\">Testimonios<\/a><\/li>\n<\/ul><\/nav>\n<\/div><\/div>\n\n<div class=\"wp-block-media-text alignwide has-media-on-the-right is-stacked-on-mobile\"><div class=\"wp-block-media-text__content\">\n<h2 class=\"wp-block-heading\">Una Pr\u00e1ctica que Prioriza a los Pacientes en West Sacramento<\/h2>\n\n\n\n<p>Comprendemos que cada paciente tiene diferentes objetivos y preocupaciones dentales. Nuestro equipo se toma el tiempo para escuchar, educar y proporcionar planes de tratamiento personalizados que se alinean con sus necesidades de salud oral. Ya sea una limpieza de rutina o una restauraci\u00f3n completa de la boca, puede esperar atenci\u00f3n experta brindada con honestidad, integridad y precisi\u00f3n.<\/p>\n\n\n\n<h2 class=\"wp-block-heading\">Tecnolog\u00eda Dental Moderna para Resultados Superiores<\/h2>\n\n\n\n<p>Nuestro consultorio est\u00e1 equipado con tecnolog\u00eda dental de vanguardia, incluyendo tomograf\u00edas computarizadas y esc\u00e1neres intraorales, permitiendo diagn\u00f3sticos precisos y planificaci\u00f3n de tratamientos. Enfatizamos t\u00e9cnicas m\u00ednimamente invasivas para garantizar procedimientos c\u00f3modos y tiempos de recuperaci\u00f3n m\u00e1s r\u00e1pidos. Desde odontolog\u00eda en el mismo d\u00eda hasta soluciones avanzadas de implantes como ORA4X, hacemos que sea m\u00e1s f\u00e1cil que nunca lograr una salud oral duradera.<\/p>\n\n\n\n<h2 class=\"wp-block-heading\">Aceptamos Dentical y Servimos a una Comunidad Biling\u00fce<\/h2>\n\n\n\n<p>En Woodland Family Dental, creemos que la atenci\u00f3n dental de calidad debe ser accesible para todos. Como proveedor aprobado por Dentical, damos la bienvenida a pacientes con seguro estatal de California y trabajamos con varios otros planes de seguro para ayudar a maximizar sus beneficios. Adem\u00e1s, nuestro equipo biling\u00fce habla espa\u00f1ol e ingl\u00e9s, asegurando que cada paciente reciba una comunicaci\u00f3n clara y atenci\u00f3n personalizada.<\/p>\n<\/div><figure class=\"wp-block-media-text__media\"><img loading=\"lazy\" decoding=\"async\" width=\"960\" height=\"960\" src=\"https:\/\/www.dentistinwoodland.com\/wp-content\/uploads\/2025\/04\/1.jpg\" alt=\"Una persona con bata de laboratorio y guantes sostiene una tableta en una sala m\u00e9dica con una imagen de rayos X en el monitor y una se\u00f1al de advertencia de radiaci\u00f3n en la pared.\" class=\"wp-image-1993 size-full\" srcset=\"https:\/\/www.dentistinwoodland.com\/wp-content\/uploads\/2025\/04\/1.jpg 960w, https:\/\/www.dentistinwoodland.com\/wp-content\/uploads\/2025\/04\/1-300x300.jpg 300w, https:\/\/www.dentistinwoodland.com\/wp-content\/uploads\/2025\/04\/1-768x768.jpg 768w, https:\/\/www.dentistinwoodland.com\/wp-content\/uploads\/2025\/04\/1-192x192.jpg 192w, https:\/\/www.dentistinwoodland.com\/wp-content\/uploads\/2025\/04\/1-32x32.jpg 32w\" sizes=\"auto, (max-width: 960px) 100vw, 960px\" \/><\/figure><\/div>\n\n<div class=\"bio bg-light flc-section-padding\">\n    <div class=\"container\">\n        <div class=\"row align-items-center\">\n                            <div class=\"col-md-6 mb-4 mb-md-0\">\n                    <img loading=\"lazy\" decoding=\"async\" width=\"960\" height=\"960\" src=\"https:\/\/www.dentistinwoodland.com\/wp-content\/uploads\/2025\/04\/2.jpg\" class=\"img-fluid\" alt=\"Dos mujeres sonrientes se sientan detr\u00e1s de un mostrador de recepci\u00f3n con revistas y carteles informativos, en una sala de espera de una oficina con un cartel en la pared que dice &quot;Nos reservamos el derecho de rechazar el servicio a cualquier persona&quot;.\" srcset=\"https:\/\/www.dentistinwoodland.com\/wp-content\/uploads\/2025\/04\/2.jpg 960w, https:\/\/www.dentistinwoodland.com\/wp-content\/uploads\/2025\/04\/2-300x300.jpg 300w, https:\/\/www.dentistinwoodland.com\/wp-content\/uploads\/2025\/04\/2-768x768.jpg 768w, https:\/\/www.dentistinwoodland.com\/wp-content\/uploads\/2025\/04\/2-192x192.jpg 192w, https:\/\/www.dentistinwoodland.com\/wp-content\/uploads\/2025\/04\/2-32x32.jpg 32w\" sizes=\"auto, (max-width: 960px) 100vw, 960px\" \/>                <\/div>\n                        <div class=\"col-md-6 pl-md-5\">\n                                    <h2>Atenci\u00f3n dental integral y familiar<\/h2>\n                \n                                    <p>En Woodland Family Dental, creemos que todo el mundo merece una experiencia dental positiva. Nuestro equipo se dedica a crear un ambiente acogedor para los pacientes de todas las edades, asegurando que cada visita es libre de estr\u00e9s y adaptado a sus necesidades \u00fanicas. Combinamos el estado de la t\u00e9cnica dental con un enfoque compasivo, por lo que la atenci\u00f3n dental de alta calidad accesible a las personas y familias a trav\u00e9s de Woodland y West Sacramento.<\/p>\n                \n                                    <a class=\"btn btn-outline-primary\" href=\"https:\/\/www.dentistinwoodland.com\/es\/acerca-de-nosotros\/\" target=\"_self\">\n                        Acerca de nosotros                    <\/a>\n                            <\/div>\n        <\/div>\n    <\/div>\n<\/div>\n<h2 class=\"wp-block-heading\">Cont\u00e1ctenos Hoy para Programar Su Primera Visita<\/h2>\n\n<p>En Woodland Family Dental, somos m\u00e1s que solo un consultorio dental; somos un socio de confianza en su viaje de salud oral. <a href=\"https:\/\/app.nexhealth.com\/appts\/ora-dentistry?lid=334187\" class=\"contact_anchor \"><span>Programe una cita<\/span><\/a> hoy y experimente una odontolog\u00eda moderna y compasiva dise\u00f1ada para satisfacer sus necesidades.<\/p>\n","protected":false},"excerpt":{"rendered":"<p>Bienvenido a Woodland Family Dental, donde la atenci\u00f3n de alta calidad centrada en el paciente es nuestra m\u00e1xima prioridad. Atendiendo a pacientes en Woodland, CA, y West Sacramento, nuestra pr\u00e1ctica se fundamenta en la compasi\u00f3n, la innovaci\u00f3n y la excelencia en odontolog\u00eda. Ya sea que necesite atenci\u00f3n preventiva, tratamientos cosm\u00e9ticos o procedimientos restaurativos avanzados, estamos&hellip; <a href=\"https:\/\/www.dentistinwoodland.com\/es\/acerca-de-nosotros\/\" class=\"btn btn-outline-primary position-absolute more-link\"> Seguir leyendo <span class=\"sr-only\"> acerca de Acerca de nosotros<\/span><\/a><\/p>\n","protected":false},"author":2,"featured_media":0,"parent":0,"menu_order":0,"comment_status":"closed","ping_status":"closed","template":"template-fullwidth.php","meta":{"_acf_changed":false,"footnotes":""},"class_list":["post-2157","page","type-page","status-publish"],"acf":[],"yoast_head":"<!-- This site is optimized with the Yoast SEO plugin v26.6 - https:\/\/yoast.com\/wordpress\/plugins\/seo\/ -->\n<title>Acerca de nosotros | Woodland Family Dental<\/title>\n<meta name=\"description\" content=\"Woodland Family Dental proporciona atenci\u00f3n moderna centrada en el paciente en Woodland, CA, y West Sacramento. Ofrecemos tecnolog\u00eda avanzada, servicios biling\u00fces y aceptamos Dentical para una odontolog\u00eda accesible.\" \/>\n<meta name=\"robots\" content=\"index, follow, max-snippet:-1, max-image-preview:large, max-video-preview:-1\" \/>\n<link rel=\"canonical\" href=\"https:\/\/www.dentistinwoodland.com\/es\/acerca-de-nosotros\/\" \/>\n<meta property=\"og:locale\" content=\"es_ES\" \/>\n<meta property=\"og:type\" content=\"article\" \/>\n<meta property=\"og:title\" content=\"Acerca de nosotros | Woodland Family Dental\" \/>\n<meta property=\"og:description\" content=\"Woodland Family Dental proporciona atenci\u00f3n moderna centrada en el paciente en Woodland, CA, y West Sacramento. Ofrecemos tecnolog\u00eda avanzada, servicios biling\u00fces y aceptamos Dentical para una odontolog\u00eda accesible.\" \/>\n<meta property=\"og:url\" content=\"https:\/\/www.dentistinwoodland.com\/es\/acerca-de-nosotros\/\" \/>\n<meta property=\"og:site_name\" content=\"Woodland Family Dental\" \/>\n<meta property=\"article:modified_time\" content=\"2025-05-20T23:56:18+00:00\" \/>\n<meta property=\"og:image\" content=\"https:\/\/www.dentistinwoodland.com\/wp-content\/uploads\/2025\/04\/header-license-confirmed.jpg\" \/><meta property=\"og:image\" content=\"https:\/\/www.dentistinwoodland.com\/wp-content\/uploads\/2025\/04\/2.jpg\" \/>\n<meta name=\"twitter:card\" content=\"summary_large_image\" \/>\n<meta name=\"twitter:image\" content=\"https:\/\/www.dentistinwoodland.com\/wp-content\/uploads\/2025\/04\/header-license-confirmed.jpg\" \/>\n<meta name=\"twitter:label1\" content=\"Tiempo de lectura\" \/>\n\t<meta name=\"twitter:data1\" content=\"2 minutos\" \/>\n<!-- \/ Yoast SEO plugin. -->","yoast_head_json":{"title":"Acerca de nosotros | Woodland Family Dental","description":"Woodland Family Dental proporciona atenci\u00f3n moderna centrada en el paciente en Woodland, CA, y West Sacramento. Ofrecemos tecnolog\u00eda avanzada, servicios biling\u00fces y aceptamos Dentical para una odontolog\u00eda accesible.","robots":{"index":"index","follow":"follow","max-snippet":"max-snippet:-1","max-image-preview":"max-image-preview:large","max-video-preview":"max-video-preview:-1"},"canonical":"https:\/\/www.dentistinwoodland.com\/es\/acerca-de-nosotros\/","og_locale":"es_ES","og_type":"article","og_title":"Acerca de nosotros | Woodland Family Dental","og_description":"Woodland Family Dental proporciona atenci\u00f3n moderna centrada en el paciente en Woodland, CA, y West Sacramento. Ofrecemos tecnolog\u00eda avanzada, servicios biling\u00fces y aceptamos Dentical para una odontolog\u00eda accesible.","og_url":"https:\/\/www.dentistinwoodland.com\/es\/acerca-de-nosotros\/","og_site_name":"Woodland Family Dental","article_modified_time":"2025-05-20T23:56:18+00:00","og_image":[{"url":"https:\/\/www.dentistinwoodland.com\/wp-content\/uploads\/2025\/04\/header-license-confirmed.jpg","type":"","width":"","height":""},{"url":"https:\/\/www.dentistinwoodland.com\/wp-content\/uploads\/2025\/04\/2.jpg","type":"","width":"","height":""}],"twitter_card":"summary_large_image","twitter_image":"https:\/\/www.dentistinwoodland.com\/wp-content\/uploads\/2025\/04\/header-license-confirmed.jpg","twitter_misc":{"Tiempo de lectura":"2 minutos"},"schema":{"@context":"https:\/\/schema.org","@graph":[{"@type":"WebPage","@id":"https:\/\/www.dentistinwoodland.com\/es\/acerca-de-nosotros\/","url":"https:\/\/www.dentistinwoodland.com\/es\/acerca-de-nosotros\/","name":"Acerca de nosotros | Woodland Family Dental","isPartOf":{"@id":"https:\/\/www.dentistinwoodland.com\/es\/#website"},"primaryImageOfPage":{"@id":"https:\/\/www.dentistinwoodland.com\/es\/acerca-de-nosotros\/#primaryimage"},"image":{"@id":"https:\/\/www.dentistinwoodland.com\/es\/acerca-de-nosotros\/#primaryimage"},"thumbnailUrl":"https:\/\/www.dentistinwoodland.com\/wp-content\/uploads\/2025\/04\/2.jpg","datePublished":"2023-01-17T19:07:53+00:00","dateModified":"2025-05-20T23:56:18+00:00","description":"Woodland Family Dental proporciona atenci\u00f3n moderna centrada en el paciente en Woodland, CA, y West Sacramento. Ofrecemos tecnolog\u00eda avanzada, servicios biling\u00fces y aceptamos Dentical para una odontolog\u00eda accesible.","breadcrumb":{"@id":"https:\/\/www.dentistinwoodland.com\/es\/acerca-de-nosotros\/#breadcrumb"},"inLanguage":"es","potentialAction":[{"@type":"ReadAction","target":["https:\/\/www.dentistinwoodland.com\/es\/acerca-de-nosotros\/"]}]},{"@type":"ImageObject","inLanguage":"es","@id":"https:\/\/www.dentistinwoodland.com\/es\/acerca-de-nosotros\/#primaryimage","url":"https:\/\/www.dentistinwoodland.com\/wp-content\/uploads\/2025\/04\/2.jpg","contentUrl":"https:\/\/www.dentistinwoodland.com\/wp-content\/uploads\/2025\/04\/2.jpg"},{"@type":"BreadcrumbList","@id":"https:\/\/www.dentistinwoodland.com\/es\/acerca-de-nosotros\/#breadcrumb","itemListElement":[{"@type":"ListItem","position":1,"name":"Home","item":"https:\/\/www.dentistinwoodland.com\/es\/inicio\/"},{"@type":"ListItem","position":2,"name":"Acerca de nosotros"}]},{"@type":"WebSite","@id":"https:\/\/www.dentistinwoodland.com\/es\/#website","url":"https:\/\/www.dentistinwoodland.com\/es\/","name":"Woodland Family Dental","description":"","potentialAction":[{"@type":"SearchAction","target":{"@type":"EntryPoint","urlTemplate":"https:\/\/www.dentistinwoodland.com\/es\/?s={search_term_string}"},"query-input":{"@type":"PropertyValueSpecification","valueRequired":true,"valueName":"search_term_string"}}],"inLanguage":"es"}]}},"_links":{"self":[{"href":"https:\/\/www.dentistinwoodland.com\/es\/wp-json\/wp\/v2\/pages\/2157","targetHints":{"allow":["GET"]}}],"collection":[{"href":"https:\/\/www.dentistinwoodland.com\/es\/wp-json\/wp\/v2\/pages"}],"about":[{"href":"https:\/\/www.dentistinwoodland.com\/es\/wp-json\/wp\/v2\/types\/page"}],"author":[{"embeddable":true,"href":"https:\/\/www.dentistinwoodland.com\/es\/wp-json\/wp\/v2\/users\/2"}],"replies":[{"embeddable":true,"href":"https:\/\/www.dentistinwoodland.com\/es\/wp-json\/wp\/v2\/comments?post=2157"}],"version-history":[{"count":7,"href":"https:\/\/www.dentistinwoodland.com\/es\/wp-json\/wp\/v2\/pages\/2157\/revisions"}],"predecessor-version":[{"id":2290,"href":"https:\/\/www.dentistinwoodland.com\/es\/wp-json\/wp\/v2\/pages\/2157\/revisions\/2290"}],"wp:attachment":[{"href":"https:\/\/www.dentistinwoodland.com\/es\/wp-json\/wp\/v2\/media?parent=2157"}],"curies":[{"name":"wp","href":"https:\/\/api.w.org\/{rel}","templated":true}]}}